{"id":4459,"date":"2025-07-31T11:15:03","date_gmt":"2025-07-31T09:15:03","guid":{"rendered":"https:\/\/www.euromat.be\/offshore-maritime\/"},"modified":"2025-09-02T15:28:52","modified_gmt":"2025-09-02T13:28:52","slug":"loffshore-et-le-maritime","status":"publish","type":"page","link":"https:\/\/www.euromat.be\/fr\/traitement-de-surface\/projets-sur-mesure\/loffshore-et-le-maritime\/","title":{"rendered":"L&rsquo;offshore et le maritime"},"content":{"rendered":"<section class=\"l-section wpb_row us_custom_fc0cc44e height_auto\"><div class=\"l-section-h i-cf\"><div class=\"g-cols vc_row via_flex valign_top type_default stacking_default\"><div class=\"vc_col-sm-12 wpb_column vc_column_container\"><div class=\"vc_column-inner\"><div class=\"wpb_wrapper\"><nav class=\"g-breadcrumbs us_custom_ec1a1564 has_text_color separator_icon align_none\" itemscope itemtype=\"http:\/\/schema.org\/BreadcrumbList\"><div class=\"g-breadcrumbs-item\" itemscope itemprop=\"itemListElement\" itemtype=\"http:\/\/schema.org\/ListItem\"><a itemprop=\"item\" href=\"https:\/\/www.euromat.be\/fr\/\"><span itemprop=\"name\">Accueil<\/span><\/a><meta itemprop=\"position\" content=\"1\"\/><\/div><div class=\"g-breadcrumbs-separator\"><i class=\"fal fa-angle-right\"><\/i><\/div><div class=\"g-breadcrumbs-item\">Pages<\/div><\/nav><\/div><\/div><\/div><\/div><\/div><\/section><section class=\"l-section wpb_row us_custom_e11ab399 height_medium\"><div class=\"l-section-h i-cf\"><div class=\"g-cols vc_row via_flex valign_top type_default stacking_default\"><div class=\"vc_col-sm-12 vc_col-lg-9 vc_col-md-9 wpb_column vc_column_container\"><div class=\"vc_column-inner us_custom_fd6d9553\"><div class=\"wpb_wrapper\"><div class=\"wpb_text_column us_custom_9b8a5a32 has_text_color\"><div class=\"wpb_wrapper\"><h2>Dans le secteur offshore et maritime, le traitement de surface est crucial en raison de l&rsquo;environnement corrosif.<\/h2>\n<\/div><\/div><div class=\"wpb_text_column\"><div class=\"wpb_wrapper\"><h1>Traitement de surface dans le secteur offshore et maritime<\/h1>\n<\/div><\/div><div class=\"w-separator size_small\"><\/div><div class=\"wpb_text_column\"><div class=\"wpb_wrapper\"><p>Les \u00e9quipements de sablage sont utilis\u00e9s pour nettoyer les coques des navires et les constructions offshore, en \u00e9liminant la rouille, les incrustations et les anciens rev\u00eatements.<\/p>\n<p>Les \u00e9quipements de pulv\u00e9risation de peinture permettent une application efficace de rev\u00eatements protecteurs sur les navires et les plateformes offshore. Les \u00e9quipements de m\u00e9tallisation offrent une protection suppl\u00e9mentaire contre la corrosion, ce qui est essentiel pour la durabilit\u00e9 des structures m\u00e9talliques. Les travaux de sablage industriels, qu&rsquo;ils soient mobiles ou fixes, sont utilis\u00e9s pour l&rsquo;entretien sur site, soutenus par des accessoires permettant de travailler en toute s\u00e9curit\u00e9 et efficacement dans ces environnements difficiles.<\/p>\n<\/div><\/div><div class=\"w-separator size_small\"><\/div><div class=\"w-btn-wrapper align_none\"><a class=\"w-btn us-btn-style_2\" href=\"https:\/\/www.euromat.be\/fr\/contact\/\"><span class=\"w-btn-label\">Contactez-nous<\/span><\/a><\/div><\/div><\/div><\/div><div class=\"vc_col-sm-12 vc_col-lg-3 vc_col-md-3 wpb_column vc_column_container iconboxhome\"><div class=\"vc_column-inner\"><div class=\"wpb_wrapper\"><\/div><\/div><\/div><\/div><\/div><\/section><section class=\"l-section wpb_row us_custom_32db810e height_medium\"><div class=\"l-section-h i-cf\"><div class=\"g-cols vc_row via_flex valign_top type_default stacking_default\"><div class=\"vc_col-sm-12 wpb_column vc_column_container\"><div class=\"vc_column-inner\"><div class=\"wpb_wrapper\"><div class=\"wpb_text_column lineunderh3\"><div class=\"wpb_wrapper\"><h3>Contactez nos sp\u00e9cialistes de traitement de surface!<\/h3>\n<\/div><\/div><div class=\"w-separator size_medium\"><\/div><div class=\"w-grid us_grid type_grid layout_728 cols_4 preload_style_spinner\" id=\"us_grid_1\" style=\"--columns:4;--gap:1rem;\" data-filterable=\"true\"><style>@media (max-width:1380px){#us_grid_1{--columns:3!important}}@media (max-width:1024px){#us_grid_1{--columns:2!important}}@media (max-width:768px){#us_grid_1{--columns:1!important}}.layout_728 .w-grid-item-h{}.layout_728 .usg_post_title_1{color:var(--color-darkblue)!important;font-weight:700!important;margin-bottom:10px!important}.layout_728 .usg_vwrapper_1{padding:20px!important;background:var(--color-white)!important}.layout_728 .usg_post_custom_field_1{color:var(--color-lightblue)!important}.layout_728 .usg_post_custom_field_2{color:var(--color-darkblue)!important;height:100px!important;padding-bottom:20px!important;border-bottom-width:1px!important;border-bottom-style:solid!important}.layout_728 .usg_post_custom_field_3{color:var(--color-lightblue)!important}.layout_728 .usg_post_custom_field_4{color:var(--color-lightblue)!important}<\/style><div class=\"w-grid-list\">\t<article class=\"w-grid-item size_1x1 post-5047 specialist type-specialist status-publish has-post-thumbnail hentry type-specialist-oppervlakte-fr type-specialist-verkoop-fr\" data-id=\"5047\">\r\n\t\t<div class=\"w-grid-item-h\">\r\n\t\t\t\t\t\t<div class=\"w-vwrapper usg_vwrapper_1 align_none valign_top\"><div class=\"w-post-elm post_image usg_post_image_1 has_ratio\"><a href=\"https:\/\/www.euromat.be\/fr\/specialist\/tom-van-de-velde\/\" aria-label=\"Tom Van de Velde\"><img loading=\"lazy\" decoding=\"async\" width=\"1000\" height=\"1000\" src=\"https:\/\/www.euromat.be\/wp-content\/uploads\/2025\/07\/Tom.jpg\" class=\"attachment-full size-full wp-post-image\" alt=\"\" title=\"\"><\/a><div style=\"padding-bottom:100%\"><\/div><\/div><h4 class=\"w-post-elm post_title usg_post_title_1 has_text_color entry-title\">Tom Van de Velde<\/h4><p class=\"w-post-elm post_custom_field usg_post_custom_field_1 has_text_color type_text regio\"><span class=\"w-post-elm-value\">R\u00e9gion de Flandre<\/span><\/p><p class=\"w-post-elm post_custom_field usg_post_custom_field_2 has_text_color type_text specialiteit has_height\"><span class=\"w-post-elm-value\">Traitement de surface<\/span><\/p><p class=\"w-post-elm post_custom_field usg_post_custom_field_3 has_text_color type_text telefoon\"><i class=\"fas fa-phone\"><\/i><a href=\"tel:+32475241333\"><span class=\"w-post-elm-value\">+32 475 24 13 33<\/span><\/a><\/p><p class=\"w-post-elm post_custom_field usg_post_custom_field_4 has_text_color type_text email\"><i class=\"fas fa-envelope\"><\/i><a href=\"mailto:tom@euromat.be\"><span class=\"w-post-elm-value\">tom@euromat.be<\/span><\/a><\/p><\/div>\t\t<\/div>\r\n\t\t\t<\/article>\r\n<\/div>\t<div class=\"w-grid-preloader\">\r\n\t\t<div class=\"g-preloader type_1\">\r\n\t\t\t<div><\/div>\r\n\t\t<\/div>\r\n\t<\/div>\r\n\t\t<div class=\"w-grid-json hidden\" onclick='return {&quot;action&quot;:&quot;us_ajax_grid&quot;,&quot;infinite_scroll&quot;:0,&quot;max_num_pages&quot;:1,&quot;pagination&quot;:&quot;none&quot;,&quot;template_vars&quot;:{&quot;columns&quot;:&quot;4&quot;,&quot;exclude_items&quot;:&quot;none&quot;,&quot;img_size&quot;:&quot;default&quot;,&quot;ignore_items_size&quot;:0,&quot;items_layout&quot;:&quot;728&quot;,&quot;items_offset&quot;:&quot;1&quot;,&quot;load_animation&quot;:&quot;none&quot;,&quot;overriding_link&quot;:&quot;%7B%22url%22%3A%22%22%7D&quot;,&quot;post_id&quot;:0,&quot;query_args&quot;:{&quot;post_type&quot;:[&quot;specialist&quot;],&quot;tax_query&quot;:[{&quot;taxonomy&quot;:&quot;type-specialist&quot;,&quot;field&quot;:&quot;slug&quot;,&quot;terms&quot;:[&quot;oppervlakte&quot;]}],&quot;post_status&quot;:[&quot;publish&quot;,&quot;acf-disabled&quot;,&quot;wc-ywraq-new&quot;,&quot;wc-ywraq-pending&quot;,&quot;wc-ywraq-expired&quot;,&quot;wc-ywraq-accepted&quot;,&quot;wc-ywraq-rejected&quot;],&quot;posts_per_page&quot;:999},&quot;orderby_query_args&quot;:{&quot;orderby&quot;:{&quot;date&quot;:&quot;DESC&quot;}},&quot;type&quot;:&quot;grid&quot;,&quot;us_grid_post_type&quot;:&quot;specialist&quot;,&quot;us_grid_ajax_index&quot;:1,&quot;us_grid_filter_query_string&quot;:null,&quot;us_grid_index&quot;:1,&quot;page_args&quot;:[],&quot;lang&quot;:&quot;fr&quot;}}'><\/div>\r\n\t<\/div><\/div><\/div><\/div><\/div><\/div><\/section><section class=\"l-section wpb_row height_auto width_full\"><div class=\"l-section-h i-cf\"><div class=\"g-cols vc_row via_flex valign_top type_default stacking_default\"><div class=\"vc_col-sm-12 wpb_column vc_column_container\"><div class=\"vc_column-inner\"><div class=\"wpb_wrapper\"><section class=\"l-section wpb_row us_custom_32db810e bottomusps height_small width_full\"><div class=\"l-section-h i-cf\"><div class=\"g-cols vc_row via_flex valign_top type_default stacking_default\"><div class=\"vc_col-sm-6 vc_col-lg-3 vc_col-md-6 wpb_column vc_column_container\"><div class=\"vc_column-inner\"><div class=\"wpb_wrapper\"><div class=\"w-iconbox iconpos_left style_circle color_custom align_none\"><div class=\"w-iconbox-icon\" style=\"font-size:2rem;--icon-color:#ffffff;--icon-bg-color:var(--color-blue);\"><i class=\"fas fa-chalkboard-teacher\"><\/i><\/div><div class=\"w-iconbox-meta\"><h4 class=\"w-iconbox-title\">Savoir-faire depuis 1973<\/h4><div class=\"w-iconbox-text\"><p>Connu depuis 1973 pour nos vastes connaissances et notre service familial<\/p>\n<\/div><\/div><\/div><\/div><\/div><\/div><div class=\"vc_col-sm-6 vc_col-lg-3 vc_col-md-6 wpb_column vc_column_container\"><div class=\"vc_column-inner\"><div class=\"wpb_wrapper\"><div class=\"w-iconbox iconpos_left style_circle color_custom align_none\"><div class=\"w-iconbox-icon\" style=\"font-size:2rem;--icon-color:#ffffff;--icon-bg-color:var(--color-blue);\"><i class=\"fas fa-boxes\"><\/i><\/div><div class=\"w-iconbox-meta\"><h4 class=\"w-iconbox-title\">Grande port\u00e9e<\/h4><div class=\"w-iconbox-text\"><p>Sp\u00e9cialiste de la location, de l&rsquo;air comprim\u00e9 et du traitement de surface<\/p>\n<\/div><\/div><\/div><\/div><\/div><\/div><div class=\"vc_col-sm-6 vc_col-lg-3 vc_col-md-6 wpb_column vc_column_container\"><div class=\"vc_column-inner\"><div class=\"wpb_wrapper\"><div class=\"w-iconbox iconpos_left style_circle color_custom align_none\"><div class=\"w-iconbox-icon\" style=\"font-size:2rem;--icon-color:#ffffff;--icon-bg-color:var(--color-blue);\"><i class=\"fas fa-phone-volume\"><\/i><\/div><div class=\"w-iconbox-meta\"><h4 class=\"w-iconbox-title\">Facile d&rsquo;acc\u00e8s<\/h4><div class=\"w-iconbox-text\"><p>Joignez-nous par t\u00e9l\u00e9phone \u00e0 toute heure de la journ\u00e9e ou passez dans l&rsquo;une de nos 5 succursales<\/p>\n<\/div><\/div><\/div><\/div><\/div><\/div><div class=\"vc_col-sm-6 vc_col-lg-3 vc_col-md-6 wpb_column vc_column_container\"><div class=\"vc_column-inner\"><div class=\"wpb_wrapper\"><div class=\"w-iconbox iconpos_left style_circle color_custom align_none\"><div class=\"w-iconbox-icon\" style=\"font-size:2rem;--icon-color:#ffffff;--icon-bg-color:var(--color-blue);\"><i class=\"fas fa-scroll\"><\/i><\/div><div class=\"w-iconbox-meta\"><h4 class=\"w-iconbox-title\">Certificat VCA<\/h4><div class=\"w-iconbox-text\"><p>Prouve que nous sommes une organisation s\u00fbre, fiable et comp\u00e9tente<\/p>\n<\/div><\/div><\/div><\/div><\/div><\/div><\/div><\/div><\/section>\n<\/div><\/div><\/div><\/div><\/div><\/section>\n","protected":false},"excerpt":{"rendered":"","protected":false},"author":1,"featured_media":4133,"parent":4478,"menu_order":1,"comment_status":"closed","ping_status":"closed","template":"","meta":{"_acf_changed":false,"footnotes":""},"class_list":["post-4459","page","type-page","status-publish","has-post-thumbnail","hentry"],"acf":[],"_links":{"self":[{"href":"https:\/\/www.euromat.be\/fr\/wp-json\/wp\/v2\/pages\/4459","targetHints":{"allow":["GET"]}}],"collection":[{"href":"https:\/\/www.euromat.be\/fr\/wp-json\/wp\/v2\/pages"}],"about":[{"href":"https:\/\/www.euromat.be\/fr\/wp-json\/wp\/v2\/types\/page"}],"author":[{"embeddable":true,"href":"https:\/\/www.euromat.be\/fr\/wp-json\/wp\/v2\/users\/1"}],"replies":[{"embeddable":true,"href":"https:\/\/www.euromat.be\/fr\/wp-json\/wp\/v2\/comments?post=4459"}],"version-history":[{"count":6,"href":"https:\/\/www.euromat.be\/fr\/wp-json\/wp\/v2\/pages\/4459\/revisions"}],"predecessor-version":[{"id":5014,"href":"https:\/\/www.euromat.be\/fr\/wp-json\/wp\/v2\/pages\/4459\/revisions\/5014"}],"up":[{"embeddable":true,"href":"https:\/\/www.euromat.be\/fr\/wp-json\/wp\/v2\/pages\/4478"}],"wp:featuredmedia":[{"embeddable":true,"href":"https:\/\/www.euromat.be\/fr\/wp-json\/wp\/v2\/media\/4133"}],"wp:attachment":[{"href":"https:\/\/www.euromat.be\/fr\/wp-json\/wp\/v2\/media?parent=4459"}],"curies":[{"name":"wp","href":"https:\/\/api.w.org\/{rel}","templated":true}]}}