{"id":4472,"date":"2025-07-17T10:28:20","date_gmt":"2025-07-17T08:28:20","guid":{"rendered":"https:\/\/www.euromat.be\/privacy-policy\/"},"modified":"2026-02-09T11:14:59","modified_gmt":"2026-02-09T10:14:59","slug":"privacy-policy","status":"publish","type":"page","link":"https:\/\/www.euromat.be\/fr\/privacy-policy\/","title":{"rendered":"Privacy Policy"},"content":{"rendered":"<section class=\"l-section wpb_row height_medium\"><div class=\"l-section-h i-cf\"><div class=\"g-cols vc_row via_flex valign_top type_default stacking_default\"><div class=\"vc_col-sm-12 wpb_column vc_column_container\"><div class=\"vc_column-inner\"><div class=\"wpb_wrapper\"><div class=\"w-separator size_medium\"><\/div><\/div><\/div><\/div><\/div><\/div><\/section><section class=\"l-section wpb_row height_medium\"><div class=\"l-section-h i-cf\"><div class=\"g-cols vc_row via_flex valign_top type_default stacking_default\"><div class=\"vc_col-sm-12 wpb_column vc_column_container\"><div class=\"vc_column-inner\"><div class=\"wpb_wrapper\"><div class=\"wpb_text_column\"><div class=\"wpb_wrapper\"><h1>Politique de cookies Euromat<\/h1>\n<\/div><\/div><div class=\"w-separator size_medium\"><\/div>[vc_raw_js]JTNDc2NyaXB0JTIwaWQlM0QlMjJDb29raWVEZWNsYXJhdGlvbiUyMiUyMHNyYyUzRCUyMmh0dHBzJTNBJTJGJTJGY29uc2VudC5jb29raWVib3QuY29tJTJGMjFhMmFjZDMtNzkxNy00MDJhLWJhMzAtNmQ3OTAyMDE2MTk3JTJGY2QuanMlMjIlMjB0eXBlJTNEJTIydGV4dCUyRmphdmFzY3JpcHQlMjIlMjBhc3luYyUzRSUzQyUyRnNjcmlwdCUzRQ==[\/vc_raw_js]<div class=\"w-separator size_medium\"><\/div><div class=\"wpb_text_column\"><div class=\"wpb_wrapper\"><h1>Politique de confidentialit\u00e9 Euromat<\/h1>\n<\/div><\/div><div class=\"w-separator size_medium\"><\/div><div class=\"wpb_text_column\"><div class=\"wpb_wrapper\"><p>Vous pouvez t\u00e9l\u00e9charger <a href=\"https:\/\/www.euromat.be\/wp-content\/uploads\/Privacyverklaring-Euromat-NL-BE-FR-1.docx\">ici<\/a> la d\u00e9claration de confidentialit\u00e9 compl\u00e8te d\u2019Euromat.<\/p>\n<h3>1. Vos informations personnelles<\/h3>\n<p>Vos donn\u00e9es personnelles ne seront trait\u00e9es par Euromat NV que pour la gestion des clients sur la base de la relation contractuelle r\u00e9sultant de votre commande \/ achat et du marketing direct bas\u00e9 sur notre int\u00e9r\u00eat l\u00e9gitime \u00e0 faire des affaires. Si vous ne souhaitez pas que nous\u00a0traitions\u00a0vos donn\u00e9es \u00e0 des fins de marketing direct, vous pouvez envoyer un e-mail \u00e0 l\u2019adresse e-mail\u00a0website@euromat.be\u00a0. \u00c0 cette adresse, vous pouvez \u00e9galement toujours demander quelles donn\u00e9es nous traitons \u00e0 votre sujet et les corriger ou les faire supprimer, ou demander \u00e0 les transf\u00e9rer.<\/p>\n<p>Vos donn\u00e9es seront \u00e9galement utilis\u00e9es pour envoyer des factures et des rappels de performances. Cela comprend \u00e9galement le support technique et les devis. Vous ne pouvez pas vous d\u00e9sabonner des e-mails li\u00e9s au service.<\/p>\n<h3>2. Informations analytiques<\/h3>\n<p>Le site Internet d\u2019Euromat NV utilise les donn\u00e9es de Google Analytics. Avec cela, Euromat mesure le trafic et le comportement des utilisateurs sur le site Web. Cet outil collecte les informations envoy\u00e9es par votre navigateur ou appareil mobile. Nous pouvons utiliser ces informations pour optimiser nos services. Ces informations ne peuvent pas \u00eatre remont\u00e9es aux utilisateurs individuels.<\/p>\n<h3>3. Partage de donn\u00e9es<\/h3>\n<p>Euromat NV ne partage pas vos donn\u00e9es avec un tiers, sauf autorisation explicite de votre part.<\/p>\n<\/div><\/div><\/div><\/div><\/div><\/div><\/div><\/section>\n","protected":false},"excerpt":{"rendered":"Politique de cookies Euromat [vc_raw_js]JTNDc2NyaXB0JTIwaWQlM0QlMjJDb29raWVEZWNsYXJhdGlvbiUyMiUyMHNyYyUzRCUyMmh0dHBzJTNBJTJGJTJGY29uc2VudC5jb29raWVib3QuY29tJTJGMjFhMmFjZDMtNzkxNy00MDJhLWJhMzAtNmQ3OTAyMDE2MTk3JTJGY2QuanMlMjIlMjB0eXBlJTNEJTIydGV4dCUyRmphdmFzY3JpcHQlMjIlMjBhc3luYyUzRSUzQyUyRnNjcmlwdCUzRQ==[\/vc_raw_js]Politique de confidentialit\u00e9 Euromat Vous pouvez t\u00e9l\u00e9charger ici la d\u00e9claration de confidentialit\u00e9 compl\u00e8te d\u2019Euromat. 1. Vos informations personnelles Vos donn\u00e9es personnelles ne seront trait\u00e9es par Euromat NV que pour la gestion des clients sur la base de la relation contractuelle r\u00e9sultant de votre commande \/ achat et du marketing direct bas\u00e9...","protected":false},"author":1,"featured_media":0,"parent":0,"menu_order":27,"comment_status":"closed","ping_status":"open","template":"","meta":{"_acf_changed":false,"footnotes":""},"class_list":["post-4472","page","type-page","status-publish","hentry"],"acf":[],"_links":{"self":[{"href":"https:\/\/www.euromat.be\/fr\/wp-json\/wp\/v2\/pages\/4472","targetHints":{"allow":["GET"]}}],"collection":[{"href":"https:\/\/www.euromat.be\/fr\/wp-json\/wp\/v2\/pages"}],"about":[{"href":"https:\/\/www.euromat.be\/fr\/wp-json\/wp\/v2\/types\/page"}],"author":[{"embeddable":true,"href":"https:\/\/www.euromat.be\/fr\/wp-json\/wp\/v2\/users\/1"}],"replies":[{"embeddable":true,"href":"https:\/\/www.euromat.be\/fr\/wp-json\/wp\/v2\/comments?post=4472"}],"version-history":[{"count":7,"href":"https:\/\/www.euromat.be\/fr\/wp-json\/wp\/v2\/pages\/4472\/revisions"}],"predecessor-version":[{"id":7845,"href":"https:\/\/www.euromat.be\/fr\/wp-json\/wp\/v2\/pages\/4472\/revisions\/7845"}],"wp:attachment":[{"href":"https:\/\/www.euromat.be\/fr\/wp-json\/wp\/v2\/media?parent=4472"}],"curies":[{"name":"wp","href":"https:\/\/api.w.org\/{rel}","templated":true}]}}