{"id":4479,"date":"2025-07-17T10:19:16","date_gmt":"2025-07-17T08:19:16","guid":{"rendered":"https:\/\/www.euromat.be\/projecten-op-maat\/bouw-renovatie\/"},"modified":"2025-09-02T14:02:31","modified_gmt":"2025-09-02T12:02:31","slug":"la-construction-et-la-renovation","status":"publish","type":"page","link":"https:\/\/www.euromat.be\/fr\/air-comprime\/projets-sur-mesure\/la-construction-et-la-renovation\/","title":{"rendered":"La construction et la r\u00e9novation"},"content":{"rendered":"<section class=\"l-section wpb_row us_custom_fc0cc44e height_auto\"><div class=\"l-section-h i-cf\"><div class=\"g-cols vc_row via_flex valign_top type_default stacking_default\"><div class=\"vc_col-sm-12 wpb_column vc_column_container\"><div class=\"vc_column-inner\"><div class=\"wpb_wrapper\"><nav class=\"g-breadcrumbs us_custom_ec1a1564 has_text_color separator_icon align_none\" itemscope itemtype=\"http:\/\/schema.org\/BreadcrumbList\"><div class=\"g-breadcrumbs-item\" itemscope itemprop=\"itemListElement\" itemtype=\"http:\/\/schema.org\/ListItem\"><a itemprop=\"item\" href=\"https:\/\/www.euromat.be\/fr\/\"><span itemprop=\"name\">Accueil<\/span><\/a><meta itemprop=\"position\" content=\"1\"\/><\/div><div class=\"g-breadcrumbs-separator\"><i class=\"fal fa-angle-right\"><\/i><\/div><div class=\"g-breadcrumbs-item\">Pages<\/div><\/nav><\/div><\/div><\/div><\/div><\/div><\/section><section class=\"l-section wpb_row us_custom_e11ab399 height_medium\"><div class=\"l-section-h i-cf\"><div class=\"g-cols vc_row via_flex valign_top type_default stacking_default\"><div class=\"vc_col-sm-12 vc_col-lg-9 vc_col-md-9 wpb_column vc_column_container\"><div class=\"vc_column-inner us_custom_fd6d9553\"><div class=\"wpb_wrapper\"><div class=\"wpb_text_column us_custom_9b8a5a32 has_text_color\"><div class=\"wpb_wrapper\"><h2>La construction et la r\u00e9novation<\/h2>\n<\/div><\/div><div class=\"wpb_text_column\"><div class=\"wpb_wrapper\"><h1>Air comprim\u00e9 dans la construction et la r\u00e9novation<\/h1>\n<\/div><\/div><div class=\"w-separator size_small\"><\/div><div class=\"wpb_text_column\"><div class=\"wpb_wrapper\"><p>Dans le secteur de la construction et de la r\u00e9novation, l&rsquo;air comprim\u00e9 offre une puissance et une flexibilit\u00e9 in\u00e9gal\u00e9es, ce qui en fait une source d&rsquo;\u00e9nergie indispensable pour une vari\u00e9t\u00e9 de t\u00e2ches. Nos compresseurs stationnaires et mobiles sont id\u00e9aux pour alimenter des outils pneumatiques. De plus, les compresseurs \u00e0 piston fournissent la pression fiable et constante n\u00e9cessaire pour les grands projets de construction, tandis que les compresseurs mobiles (\u00e9lectriques) offrent la flexibilit\u00e9 requise pour des travaux plus petits sur site. Pour l&rsquo;application de peinture ou le nettoyage des espaces de travail, les s\u00e9cheurs \u00e0 air et les syst\u00e8mes de filtration garantissent un air sec et propre, ce qui am\u00e9liore la qualit\u00e9 du travail.<\/p>\n<\/div><\/div><div class=\"w-separator size_small\"><\/div><div class=\"w-btn-wrapper align_none\"><a class=\"w-btn us-btn-style_2\" href=\"https:\/\/www.euromat.be\/fr\/contact\/\"><span class=\"w-btn-label\">Contactez-nous<\/span><\/a><\/div><\/div><\/div><\/div><div class=\"vc_col-sm-12 vc_col-lg-3 vc_col-md-3 wpb_column vc_column_container iconboxhome\"><div class=\"vc_column-inner\"><div class=\"wpb_wrapper\"><\/div><\/div><\/div><\/div><\/div><\/section><section class=\"l-section wpb_row height_medium\"><div class=\"l-section-h i-cf\"><div class=\"g-cols vc_row via_flex valign_top type_default stacking_default\"><div class=\"vc_col-sm-12 wpb_column vc_column_container\"><div class=\"vc_column-inner\"><div class=\"wpb_wrapper\"><div class=\"wpb_text_column lineunderh3\"><div class=\"wpb_wrapper\"><h3>Pourquoi l&rsquo;air comprim\u00e9 ?<\/h3>\n<\/div><\/div><div class=\"w-separator size_medium\"><\/div><div class=\"g-cols wpb_row via_flex valign_middle type_default stacking_default\"><div class=\"vc_col-sm-6 wpb_column vc_column_container\"><div class=\"vc_column-inner\"><div class=\"wpb_wrapper\"><div class=\"wpb_text_column\"><div class=\"wpb_wrapper\"><p>C&rsquo;est une source d&rsquo;\u00e9nergie s\u00fbre et fiable qui assure des performances constantes, m\u00eame dans les conditions les plus difficiles. Avec de l&rsquo;air comprim\u00e9 puissant, votre \u00e9quipe travaille plus rapidement, plus s\u00fbrement et de mani\u00e8re plus rentable. Investissez dans une installation d&rsquo;air comprim\u00e9 fiable et assurez-vous que vos projets de construction et de r\u00e9novation se d\u00e9roulent toujours sans accroc.<\/p>\n<\/div><\/div><\/div><\/div><\/div><div class=\"vc_col-sm-1 wpb_column vc_column_container\"><div class=\"vc_column-inner\"><div class=\"wpb_wrapper\"><\/div><\/div><\/div><div class=\"vc_col-sm-5 wpb_column vc_column_container has_bg_color\"><div class=\"vc_column-inner us_custom_b2e88001\"><div class=\"wpb_wrapper\"><\/div><\/div><\/div><\/div><\/div><\/div><\/div><\/div><\/div><\/section><section class=\"l-section wpb_row us_custom_32db810e height_medium\"><div class=\"l-section-h i-cf\"><div class=\"g-cols vc_row via_flex valign_top type_default stacking_default\"><div class=\"vc_col-sm-12 wpb_column vc_column_container\"><div class=\"vc_column-inner\"><div class=\"wpb_wrapper\"><div class=\"wpb_text_column lineunderh3\"><div class=\"wpb_wrapper\"><h3>Contactez un expert en air comprim\u00e9 pr\u00e8s de chez vous<\/h3>\n<\/div><\/div><div class=\"w-separator size_medium\"><\/div><div class=\"w-grid us_grid type_grid layout_728 cols_4 preload_style_spinner\" id=\"us_grid_1\" style=\"--columns:4;--gap:1rem;\" data-filterable=\"true\"><style>@media (max-width:1380px){#us_grid_1{--columns:3!important}}@media (max-width:1024px){#us_grid_1{--columns:2!important}}@media (max-width:768px){#us_grid_1{--columns:1!important}}.layout_728 .w-grid-item-h{}.layout_728 .usg_post_title_1{color:var(--color-darkblue)!important;font-weight:700!important;margin-bottom:10px!important}.layout_728 .usg_vwrapper_1{padding:20px!important;background:var(--color-white)!important}.layout_728 .usg_post_custom_field_1{color:var(--color-lightblue)!important}.layout_728 .usg_post_custom_field_2{color:var(--color-darkblue)!important;height:100px!important;padding-bottom:20px!important;border-bottom-width:1px!important;border-bottom-style:solid!important}.layout_728 .usg_post_custom_field_3{color:var(--color-lightblue)!important}.layout_728 .usg_post_custom_field_4{color:var(--color-lightblue)!important}<\/style><div class=\"w-grid-list\">\t<article class=\"w-grid-item size_1x1 post-7274 specialist type-specialist status-publish has-post-thumbnail hentry type-specialist-perslucht-fr\" data-id=\"7274\">\r\n\t\t<div class=\"w-grid-item-h\">\r\n\t\t\t\t\t\t<div class=\"w-vwrapper usg_vwrapper_1 align_none valign_top\"><div class=\"w-post-elm post_image usg_post_image_1 has_ratio\"><a href=\"https:\/\/www.euromat.be\/fr\/specialist\/jules-bureau\/\" aria-label=\"Jules Bureau\"><img loading=\"lazy\" decoding=\"async\" width=\"1500\" height=\"2000\" src=\"https:\/\/www.euromat.be\/wp-content\/uploads\/209-scaled.jpg\" class=\"attachment-full size-full wp-post-image\" alt=\"\" title=\"\"><\/a><div style=\"padding-bottom:100%\"><\/div><\/div><h4 class=\"w-post-elm post_title usg_post_title_1 has_text_color entry-title\">Jules Bureau<\/h4><p class=\"w-post-elm post_custom_field usg_post_custom_field_1 has_text_color type_text regio\"><span class=\"w-post-elm-value\">R\u00e9gion Bruxelles-Wallonie<\/span><\/p><p class=\"w-post-elm post_custom_field usg_post_custom_field_2 has_text_color type_text specialiteit has_height\"><span class=\"w-post-elm-value\">Compresseurs stationnaires<\/span><\/p><p class=\"w-post-elm post_custom_field usg_post_custom_field_3 has_text_color type_text telefoon\"><i class=\"fas fa-phone\"><\/i><a href=\"tel:+32486101005\"><span class=\"w-post-elm-value\">+32 486 10 10 05<\/span><\/a><\/p><p class=\"w-post-elm post_custom_field usg_post_custom_field_4 has_text_color type_text email\"><i class=\"fas fa-envelope\"><\/i><a href=\"mailto:jules.bureau@euromat.be\"><span class=\"w-post-elm-value\">jules.bureau@euromat.be<\/span><\/a><\/p><\/div>\t\t<\/div>\r\n\t\t\t<\/article>\r\n\t<article class=\"w-grid-item size_1x1 post-5044 specialist type-specialist status-publish has-post-thumbnail hentry type-specialist-perslucht-fr type-specialist-verkoop-fr\" data-id=\"5044\">\r\n\t\t<div class=\"w-grid-item-h\">\r\n\t\t\t\t\t\t<div class=\"w-vwrapper usg_vwrapper_1 align_none valign_top\"><div class=\"w-post-elm post_image usg_post_image_1 has_ratio\"><a href=\"https:\/\/www.euromat.be\/fr\/specialist\/hendrik-deforche\/\" aria-label=\"Hendrik Deforche\"><img loading=\"lazy\" decoding=\"async\" width=\"1000\" height=\"1000\" src=\"https:\/\/www.euromat.be\/wp-content\/uploads\/2025\/07\/Hendrik.jpg\" class=\"attachment-full size-full wp-post-image\" alt=\"\" title=\"\"><\/a><div style=\"padding-bottom:100%\"><\/div><\/div><h4 class=\"w-post-elm post_title usg_post_title_1 has_text_color entry-title\">Hendrik Deforche<\/h4><p class=\"w-post-elm post_custom_field usg_post_custom_field_1 has_text_color type_text regio\"><span class=\"w-post-elm-value\">R\u00e9gion Bruxelles-Wallonie<\/span><\/p><p class=\"w-post-elm post_custom_field usg_post_custom_field_2 has_text_color type_text specialiteit has_height\"><span class=\"w-post-elm-value\">Compresseurs stationnaires, tuyauterie et compresseurs mobiles<\/span><\/p><p class=\"w-post-elm post_custom_field usg_post_custom_field_3 has_text_color type_text telefoon\"><i class=\"fas fa-phone\"><\/i><a href=\"tel:+32470486055\"><span class=\"w-post-elm-value\">+32 470 48 60 55<\/span><\/a><\/p><p class=\"w-post-elm post_custom_field usg_post_custom_field_4 has_text_color type_text email\"><i class=\"fas fa-envelope\"><\/i><a href=\"mailto:hendrik@euromat.be\"><span class=\"w-post-elm-value\">hendrik@euromat.be<\/span><\/a><\/p><\/div>\t\t<\/div>\r\n\t\t\t<\/article>\r\n\t<article class=\"w-grid-item size_1x1 post-7134 specialist type-specialist status-publish has-post-thumbnail hentry type-specialist-perslucht-fr type-specialist-verkoop-fr\" data-id=\"7134\">\r\n\t\t<div class=\"w-grid-item-h\">\r\n\t\t\t\t\t\t<div class=\"w-vwrapper usg_vwrapper_1 align_none valign_top\"><div class=\"w-post-elm post_image usg_post_image_1 has_ratio\"><a href=\"https:\/\/www.euromat.be\/fr\/specialist\/philippe-vande-populiere\/\" aria-label=\"Philippe Vande Populiere\"><img loading=\"lazy\" decoding=\"async\" width=\"1000\" height=\"1000\" src=\"https:\/\/www.euromat.be\/wp-content\/uploads\/Philippe-Vande-Populiere.jpg\" class=\"attachment-full size-full wp-post-image\" alt=\"\" title=\"\"><\/a><div style=\"padding-bottom:100%\"><\/div><\/div><h4 class=\"w-post-elm post_title usg_post_title_1 has_text_color entry-title\">Philippe Vande Populiere<\/h4><p class=\"w-post-elm post_custom_field usg_post_custom_field_1 has_text_color type_text regio\"><span class=\"w-post-elm-value\">R\u00e9gion Bruxelles-Wallonie<\/span><\/p><p class=\"w-post-elm post_custom_field usg_post_custom_field_2 has_text_color type_text specialiteit has_height\"><span class=\"w-post-elm-value\">Service compresseurs stationnaires, tuyauterie et compresseurs mobiles<\/span><\/p><p class=\"w-post-elm post_custom_field usg_post_custom_field_3 has_text_color type_text telefoon\"><i class=\"fas fa-phone\"><\/i><a href=\"tel:+32492984086\"><span class=\"w-post-elm-value\">+32 492 98 40 86<\/span><\/a><\/p><p class=\"w-post-elm post_custom_field usg_post_custom_field_4 has_text_color type_text email\"><i class=\"fas fa-envelope\"><\/i><a href=\"mailto:philippe@euromat.be\"><span class=\"w-post-elm-value\">philippe@euromat.be<\/span><\/a><\/p><\/div>\t\t<\/div>\r\n\t\t\t<\/article>\r\n<\/div>\t<div class=\"w-grid-preloader\">\r\n\t\t<div class=\"g-preloader type_1\">\r\n\t\t\t<div><\/div>\r\n\t\t<\/div>\r\n\t<\/div>\r\n\t\t<div class=\"w-grid-json hidden\" onclick='return {&quot;action&quot;:&quot;us_ajax_grid&quot;,&quot;infinite_scroll&quot;:0,&quot;max_num_pages&quot;:1,&quot;pagination&quot;:&quot;none&quot;,&quot;template_vars&quot;:{&quot;columns&quot;:&quot;4&quot;,&quot;exclude_items&quot;:&quot;none&quot;,&quot;img_size&quot;:&quot;default&quot;,&quot;ignore_items_size&quot;:0,&quot;items_layout&quot;:&quot;728&quot;,&quot;items_offset&quot;:&quot;1&quot;,&quot;load_animation&quot;:&quot;none&quot;,&quot;overriding_link&quot;:&quot;%7B%22url%22%3A%22%22%7D&quot;,&quot;post_id&quot;:0,&quot;query_args&quot;:{&quot;post_type&quot;:[&quot;specialist&quot;],&quot;tax_query&quot;:[{&quot;taxonomy&quot;:&quot;type-specialist&quot;,&quot;field&quot;:&quot;slug&quot;,&quot;terms&quot;:[&quot;perslucht&quot;]}],&quot;post_status&quot;:[&quot;publish&quot;,&quot;acf-disabled&quot;,&quot;wc-ywraq-new&quot;,&quot;wc-ywraq-pending&quot;,&quot;wc-ywraq-expired&quot;,&quot;wc-ywraq-accepted&quot;,&quot;wc-ywraq-rejected&quot;],&quot;posts_per_page&quot;:999},&quot;orderby_query_args&quot;:{&quot;orderby&quot;:{&quot;date&quot;:&quot;DESC&quot;}},&quot;type&quot;:&quot;grid&quot;,&quot;us_grid_post_type&quot;:&quot;specialist&quot;,&quot;us_grid_ajax_index&quot;:1,&quot;us_grid_filter_query_string&quot;:null,&quot;us_grid_index&quot;:1,&quot;page_args&quot;:[],&quot;lang&quot;:&quot;fr&quot;}}'><\/div>\r\n\t<\/div><\/div><\/div><\/div><\/div><\/div><\/section><section class=\"l-section wpb_row height_auto width_full\"><div class=\"l-section-h i-cf\"><div class=\"g-cols vc_row via_flex valign_top type_default stacking_default\"><div class=\"vc_col-sm-12 wpb_column vc_column_container\"><div class=\"vc_column-inner\"><div class=\"wpb_wrapper\"><section class=\"l-section wpb_row us_custom_32db810e bottomusps height_small width_full\"><div class=\"l-section-h i-cf\"><div class=\"g-cols vc_row via_flex valign_top type_default stacking_default\"><div class=\"vc_col-sm-6 vc_col-lg-3 vc_col-md-6 wpb_column vc_column_container\"><div class=\"vc_column-inner\"><div class=\"wpb_wrapper\"><div class=\"w-iconbox iconpos_left style_circle color_custom align_none\"><div class=\"w-iconbox-icon\" style=\"font-size:2rem;--icon-color:#ffffff;--icon-bg-color:var(--color-blue);\"><i class=\"fas fa-chalkboard-teacher\"><\/i><\/div><div class=\"w-iconbox-meta\"><h4 class=\"w-iconbox-title\">Savoir-faire depuis 1973<\/h4><div class=\"w-iconbox-text\"><p>Connu depuis 1973 pour nos vastes connaissances et notre service familial<\/p>\n<\/div><\/div><\/div><\/div><\/div><\/div><div class=\"vc_col-sm-6 vc_col-lg-3 vc_col-md-6 wpb_column vc_column_container\"><div class=\"vc_column-inner\"><div class=\"wpb_wrapper\"><div class=\"w-iconbox iconpos_left style_circle color_custom align_none\"><div class=\"w-iconbox-icon\" style=\"font-size:2rem;--icon-color:#ffffff;--icon-bg-color:var(--color-blue);\"><i class=\"fas fa-boxes\"><\/i><\/div><div class=\"w-iconbox-meta\"><h4 class=\"w-iconbox-title\">Grande port\u00e9e<\/h4><div class=\"w-iconbox-text\"><p>Sp\u00e9cialiste de la location, de l&rsquo;air comprim\u00e9 et du traitement de surface<\/p>\n<\/div><\/div><\/div><\/div><\/div><\/div><div class=\"vc_col-sm-6 vc_col-lg-3 vc_col-md-6 wpb_column vc_column_container\"><div class=\"vc_column-inner\"><div class=\"wpb_wrapper\"><div class=\"w-iconbox iconpos_left style_circle color_custom align_none\"><div class=\"w-iconbox-icon\" style=\"font-size:2rem;--icon-color:#ffffff;--icon-bg-color:var(--color-blue);\"><i class=\"fas fa-phone-volume\"><\/i><\/div><div class=\"w-iconbox-meta\"><h4 class=\"w-iconbox-title\">Facile d&rsquo;acc\u00e8s<\/h4><div class=\"w-iconbox-text\"><p>Joignez-nous par t\u00e9l\u00e9phone \u00e0 toute heure de la journ\u00e9e ou passez dans l&rsquo;une de nos 5 succursales<\/p>\n<\/div><\/div><\/div><\/div><\/div><\/div><div class=\"vc_col-sm-6 vc_col-lg-3 vc_col-md-6 wpb_column vc_column_container\"><div class=\"vc_column-inner\"><div class=\"wpb_wrapper\"><div class=\"w-iconbox iconpos_left style_circle color_custom align_none\"><div class=\"w-iconbox-icon\" style=\"font-size:2rem;--icon-color:#ffffff;--icon-bg-color:var(--color-blue);\"><i class=\"fas fa-scroll\"><\/i><\/div><div class=\"w-iconbox-meta\"><h4 class=\"w-iconbox-title\">Certificat VCA<\/h4><div class=\"w-iconbox-text\"><p>Prouve que nous sommes une organisation s\u00fbre, fiable et comp\u00e9tente<\/p>\n<\/div><\/div><\/div><\/div><\/div><\/div><\/div><\/div><\/section>\n<\/div><\/div><\/div><\/div><\/div><\/section>\n","protected":false},"excerpt":{"rendered":"","protected":false},"author":1,"featured_media":4127,"parent":4471,"menu_order":0,"comment_status":"closed","ping_status":"closed","template":"","meta":{"_acf_changed":false,"footnotes":""},"class_list":["post-4479","page","type-page","status-publish","has-post-thumbnail","hentry"],"acf":[],"_links":{"self":[{"href":"https:\/\/www.euromat.be\/fr\/wp-json\/wp\/v2\/pages\/4479","targetHints":{"allow":["GET"]}}],"collection":[{"href":"https:\/\/www.euromat.be\/fr\/wp-json\/wp\/v2\/pages"}],"about":[{"href":"https:\/\/www.euromat.be\/fr\/wp-json\/wp\/v2\/types\/page"}],"author":[{"embeddable":true,"href":"https:\/\/www.euromat.be\/fr\/wp-json\/wp\/v2\/users\/1"}],"replies":[{"embeddable":true,"href":"https:\/\/www.euromat.be\/fr\/wp-json\/wp\/v2\/comments?post=4479"}],"version-history":[{"count":4,"href":"https:\/\/www.euromat.be\/fr\/wp-json\/wp\/v2\/pages\/4479\/revisions"}],"predecessor-version":[{"id":4969,"href":"https:\/\/www.euromat.be\/fr\/wp-json\/wp\/v2\/pages\/4479\/revisions\/4969"}],"up":[{"embeddable":true,"href":"https:\/\/www.euromat.be\/fr\/wp-json\/wp\/v2\/pages\/4471"}],"wp:featuredmedia":[{"embeddable":true,"href":"https:\/\/www.euromat.be\/fr\/wp-json\/wp\/v2\/media\/4127"}],"wp:attachment":[{"href":"https:\/\/www.euromat.be\/fr\/wp-json\/wp\/v2\/media?parent=4479"}],"curies":[{"name":"wp","href":"https:\/\/api.w.org\/{rel}","templated":true}]}}