{"id":4483,"date":"2025-07-17T10:19:16","date_gmt":"2025-07-17T08:19:16","guid":{"rendered":"https:\/\/www.euromat.be\/projecten-op-maat\/agricultuur\/"},"modified":"2025-09-02T14:23:45","modified_gmt":"2025-09-02T12:23:45","slug":"lagriculture","status":"publish","type":"page","link":"https:\/\/www.euromat.be\/fr\/air-comprime\/projets-sur-mesure\/lagriculture\/","title":{"rendered":"L&rsquo;agriculture"},"content":{"rendered":"<section class=\"l-section wpb_row us_custom_fc0cc44e height_auto\"><div class=\"l-section-h i-cf\"><div class=\"g-cols vc_row via_flex valign_top type_default stacking_default\"><div class=\"vc_col-sm-12 wpb_column vc_column_container\"><div class=\"vc_column-inner\"><div class=\"wpb_wrapper\"><nav class=\"g-breadcrumbs us_custom_ec1a1564 has_text_color separator_icon align_none\" itemscope itemtype=\"http:\/\/schema.org\/BreadcrumbList\"><div class=\"g-breadcrumbs-item\" itemscope itemprop=\"itemListElement\" itemtype=\"http:\/\/schema.org\/ListItem\"><a itemprop=\"item\" href=\"https:\/\/www.euromat.be\/fr\/\"><span itemprop=\"name\">Accueil<\/span><\/a><meta itemprop=\"position\" content=\"1\"\/><\/div><div class=\"g-breadcrumbs-separator\"><i class=\"fal fa-angle-right\"><\/i><\/div><div class=\"g-breadcrumbs-item\">Pages<\/div><\/nav><\/div><\/div><\/div><\/div><\/div><\/section><section class=\"l-section wpb_row us_custom_e11ab399 height_medium\"><div class=\"l-section-h i-cf\"><div class=\"g-cols vc_row via_flex valign_top type_default stacking_default\"><div class=\"vc_col-sm-12 vc_col-lg-9 vc_col-md-9 wpb_column vc_column_container\"><div class=\"vc_column-inner us_custom_fd6d9553\"><div class=\"wpb_wrapper\"><div class=\"wpb_text_column us_custom_9b8a5a32 has_text_color\"><div class=\"wpb_wrapper\"><h2>L&rsquo;air comprim\u00e9 joue un r\u00f4le crucial dans l&rsquo;agriculture moderne en contribuant \u00e0 des processus efficaces et fiables.<\/h2>\n<\/div><\/div><div class=\"wpb_text_column\"><div class=\"wpb_wrapper\"><h1>Air comprim\u00e9 dans l&rsquo;agriculture<\/h1>\n<\/div><\/div><div class=\"w-separator size_small\"><\/div><div class=\"wpb_text_column\"><div class=\"wpb_wrapper\"><p>Les compresseurs stationnaires et \u00e0 piston sont utilis\u00e9s pour alimenter des outils, automatiser des processus et nettoyer des machines. L&rsquo;air comprim\u00e9 augmente ainsi l&rsquo;efficacit\u00e9, r\u00e9duit les co\u00fbts et am\u00e9liore la s\u00e9curit\u00e9. En int\u00e9grant cette technologie, les agriculteurs peuvent optimiser leur exploitation et r\u00e9pondre \u00e0 la demande croissante de m\u00e9thodes agricoles durables et efficaces.<\/p>\n<p>Les compresseurs stationnaires assurent \u00e9galement un approvisionnement stable en air pour les installations fixes, tandis que les compresseurs mobiles offrent la flexibilit\u00e9 n\u00e9cessaire pour le travail sur le terrain et les r\u00e9parations \u00e0 distance. Les compresseurs \u00e0 piston sont id\u00e9aux pour les t\u00e2ches quotidiennes telles que le gonflage des pneus et le nettoyage des machines. Les r\u00e9servoirs d&rsquo;air comprim\u00e9 stockent l&rsquo;air pour les pics de demande, tandis que les s\u00e9cheurs \u00e0 air \u00e9liminent l&rsquo;humidit\u00e9 de l&rsquo;air pour \u00e9viter d&rsquo;endommager les machines. Les syst\u00e8mes de filtration garantissent un air propre, ce qui est essentiel pour la dur\u00e9e de vie des machines et l&rsquo;hygi\u00e8ne du processus de transformation.<\/p>\n<p>Avec les bons accessoires, le syst\u00e8me d&rsquo;air comprim\u00e9 peut \u00eatre ajust\u00e9 aux besoins sp\u00e9cifiques, augmentant ainsi l&rsquo;efficacit\u00e9 globale dans l&rsquo;agriculture.<\/p>\n<p>Ainsi, l&rsquo;air comprim\u00e9 assure des performances et une fiabilit\u00e9 optimales dans tous les aspects de l&rsquo;agriculture.<\/p>\n<\/div><\/div><div class=\"w-separator size_small\"><\/div><div class=\"w-btn-wrapper align_none\"><a class=\"w-btn us-btn-style_2\" href=\"https:\/\/www.euromat.be\/fr\/contact\/\"><span class=\"w-btn-label\">Contactez-nous<\/span><\/a><\/div><\/div><\/div><\/div><div class=\"vc_col-sm-12 vc_col-lg-3 vc_col-md-3 wpb_column vc_column_container iconboxhome\"><div class=\"vc_column-inner\"><div class=\"wpb_wrapper\"><\/div><\/div><\/div><\/div><\/div><\/section><section class=\"l-section wpb_row us_custom_32db810e height_medium\"><div class=\"l-section-h i-cf\"><div class=\"g-cols vc_row via_flex valign_top type_default stacking_default\"><div class=\"vc_col-sm-12 wpb_column vc_column_container\"><div class=\"vc_column-inner\"><div class=\"wpb_wrapper\"><div class=\"wpb_text_column lineunderh3\"><div class=\"wpb_wrapper\"><h3>Contactez un expert en air comprim\u00e9 pr\u00e8s de chez vous<\/h3>\n<\/div><\/div><div class=\"w-separator size_medium\"><\/div><div class=\"w-grid us_grid type_grid layout_728 cols_4 preload_style_spinner\" id=\"us_grid_1\" style=\"--columns:4;--gap:1rem;\" data-filterable=\"true\"><style>@media (max-width:1380px){#us_grid_1{--columns:3!important}}@media (max-width:1024px){#us_grid_1{--columns:2!important}}@media (max-width:768px){#us_grid_1{--columns:1!important}}.layout_728 .w-grid-item-h{}.layout_728 .usg_post_title_1{color:var(--color-darkblue)!important;font-weight:700!important;margin-bottom:10px!important}.layout_728 .usg_vwrapper_1{padding:20px!important;background:var(--color-white)!important}.layout_728 .usg_post_custom_field_1{color:var(--color-lightblue)!important}.layout_728 .usg_post_custom_field_2{color:var(--color-darkblue)!important;height:100px!important;padding-bottom:20px!important;border-bottom-width:1px!important;border-bottom-style:solid!important}.layout_728 .usg_post_custom_field_3{color:var(--color-lightblue)!important}.layout_728 .usg_post_custom_field_4{color:var(--color-lightblue)!important}<\/style><div class=\"w-grid-list\">\t<article class=\"w-grid-item size_1x1 post-7274 specialist type-specialist status-publish has-post-thumbnail hentry type-specialist-perslucht-fr\" data-id=\"7274\">\r\n\t\t<div class=\"w-grid-item-h\">\r\n\t\t\t\t\t\t<div class=\"w-vwrapper usg_vwrapper_1 align_none valign_top\"><div class=\"w-post-elm post_image usg_post_image_1 has_ratio\"><a href=\"https:\/\/www.euromat.be\/fr\/specialist\/jules-bureau\/\" aria-label=\"Jules Bureau\"><img loading=\"lazy\" decoding=\"async\" width=\"1500\" height=\"2000\" src=\"https:\/\/www.euromat.be\/wp-content\/uploads\/209-scaled.jpg\" class=\"attachment-full size-full wp-post-image\" alt=\"\" title=\"\"><\/a><div style=\"padding-bottom:100%\"><\/div><\/div><h4 class=\"w-post-elm post_title usg_post_title_1 has_text_color entry-title\">Jules Bureau<\/h4><p class=\"w-post-elm post_custom_field usg_post_custom_field_1 has_text_color type_text regio\"><span class=\"w-post-elm-value\">R\u00e9gion Bruxelles-Wallonie<\/span><\/p><p class=\"w-post-elm post_custom_field usg_post_custom_field_2 has_text_color type_text specialiteit has_height\"><span class=\"w-post-elm-value\">Compresseurs stationnaires<\/span><\/p><p class=\"w-post-elm post_custom_field usg_post_custom_field_3 has_text_color type_text telefoon\"><i class=\"fas fa-phone\"><\/i><a href=\"tel:+32486101005\"><span class=\"w-post-elm-value\">+32 486 10 10 05<\/span><\/a><\/p><p class=\"w-post-elm post_custom_field usg_post_custom_field_4 has_text_color type_text email\"><i class=\"fas fa-envelope\"><\/i><a href=\"mailto:jules.bureau@euromat.be\"><span class=\"w-post-elm-value\">jules.bureau@euromat.be<\/span><\/a><\/p><\/div>\t\t<\/div>\r\n\t\t\t<\/article>\r\n\t<article class=\"w-grid-item size_1x1 post-5044 specialist type-specialist status-publish has-post-thumbnail hentry type-specialist-perslucht-fr type-specialist-verkoop-fr\" data-id=\"5044\">\r\n\t\t<div class=\"w-grid-item-h\">\r\n\t\t\t\t\t\t<div class=\"w-vwrapper usg_vwrapper_1 align_none valign_top\"><div class=\"w-post-elm post_image usg_post_image_1 has_ratio\"><a href=\"https:\/\/www.euromat.be\/fr\/specialist\/hendrik-deforche\/\" aria-label=\"Hendrik Deforche\"><img loading=\"lazy\" decoding=\"async\" width=\"1000\" height=\"1000\" src=\"https:\/\/www.euromat.be\/wp-content\/uploads\/2025\/07\/Hendrik.jpg\" class=\"attachment-full size-full wp-post-image\" alt=\"\" title=\"\"><\/a><div style=\"padding-bottom:100%\"><\/div><\/div><h4 class=\"w-post-elm post_title usg_post_title_1 has_text_color entry-title\">Hendrik Deforche<\/h4><p class=\"w-post-elm post_custom_field usg_post_custom_field_1 has_text_color type_text regio\"><span class=\"w-post-elm-value\">R\u00e9gion Bruxelles-Wallonie<\/span><\/p><p class=\"w-post-elm post_custom_field usg_post_custom_field_2 has_text_color type_text specialiteit has_height\"><span class=\"w-post-elm-value\">Compresseurs stationnaires, tuyauterie et compresseurs mobiles<\/span><\/p><p class=\"w-post-elm post_custom_field usg_post_custom_field_3 has_text_color type_text telefoon\"><i class=\"fas fa-phone\"><\/i><a href=\"tel:+32470486055\"><span class=\"w-post-elm-value\">+32 470 48 60 55<\/span><\/a><\/p><p class=\"w-post-elm post_custom_field usg_post_custom_field_4 has_text_color type_text email\"><i class=\"fas fa-envelope\"><\/i><a href=\"mailto:hendrik@euromat.be\"><span class=\"w-post-elm-value\">hendrik@euromat.be<\/span><\/a><\/p><\/div>\t\t<\/div>\r\n\t\t\t<\/article>\r\n\t<article class=\"w-grid-item size_1x1 post-7134 specialist type-specialist status-publish has-post-thumbnail hentry type-specialist-perslucht-fr type-specialist-verkoop-fr\" data-id=\"7134\">\r\n\t\t<div class=\"w-grid-item-h\">\r\n\t\t\t\t\t\t<div class=\"w-vwrapper usg_vwrapper_1 align_none valign_top\"><div class=\"w-post-elm post_image usg_post_image_1 has_ratio\"><a href=\"https:\/\/www.euromat.be\/fr\/specialist\/philippe-vande-populiere\/\" aria-label=\"Philippe Vande Populiere\"><img loading=\"lazy\" decoding=\"async\" width=\"1000\" height=\"1000\" src=\"https:\/\/www.euromat.be\/wp-content\/uploads\/Philippe-Vande-Populiere.jpg\" class=\"attachment-full size-full wp-post-image\" alt=\"\" title=\"\"><\/a><div style=\"padding-bottom:100%\"><\/div><\/div><h4 class=\"w-post-elm post_title usg_post_title_1 has_text_color entry-title\">Philippe Vande Populiere<\/h4><p class=\"w-post-elm post_custom_field usg_post_custom_field_1 has_text_color type_text regio\"><span class=\"w-post-elm-value\">R\u00e9gion Bruxelles-Wallonie<\/span><\/p><p class=\"w-post-elm post_custom_field usg_post_custom_field_2 has_text_color type_text specialiteit has_height\"><span class=\"w-post-elm-value\">Service compresseurs stationnaires, tuyauterie et compresseurs mobiles<\/span><\/p><p class=\"w-post-elm post_custom_field usg_post_custom_field_3 has_text_color type_text telefoon\"><i class=\"fas fa-phone\"><\/i><a href=\"tel:+32492984086\"><span class=\"w-post-elm-value\">+32 492 98 40 86<\/span><\/a><\/p><p class=\"w-post-elm post_custom_field usg_post_custom_field_4 has_text_color type_text email\"><i class=\"fas fa-envelope\"><\/i><a href=\"mailto:philippe@euromat.be\"><span class=\"w-post-elm-value\">philippe@euromat.be<\/span><\/a><\/p><\/div>\t\t<\/div>\r\n\t\t\t<\/article>\r\n<\/div>\t<div class=\"w-grid-preloader\">\r\n\t\t<div class=\"g-preloader type_1\">\r\n\t\t\t<div><\/div>\r\n\t\t<\/div>\r\n\t<\/div>\r\n\t\t<div class=\"w-grid-json hidden\" onclick='return {&quot;action&quot;:&quot;us_ajax_grid&quot;,&quot;infinite_scroll&quot;:0,&quot;max_num_pages&quot;:1,&quot;pagination&quot;:&quot;none&quot;,&quot;template_vars&quot;:{&quot;columns&quot;:&quot;4&quot;,&quot;exclude_items&quot;:&quot;none&quot;,&quot;img_size&quot;:&quot;default&quot;,&quot;ignore_items_size&quot;:0,&quot;items_layout&quot;:&quot;728&quot;,&quot;items_offset&quot;:&quot;1&quot;,&quot;load_animation&quot;:&quot;none&quot;,&quot;overriding_link&quot;:&quot;%7B%22url%22%3A%22%22%7D&quot;,&quot;post_id&quot;:0,&quot;query_args&quot;:{&quot;post_type&quot;:[&quot;specialist&quot;],&quot;tax_query&quot;:[{&quot;taxonomy&quot;:&quot;type-specialist&quot;,&quot;field&quot;:&quot;slug&quot;,&quot;terms&quot;:[&quot;perslucht&quot;]}],&quot;post_status&quot;:[&quot;publish&quot;,&quot;acf-disabled&quot;,&quot;wc-ywraq-new&quot;,&quot;wc-ywraq-pending&quot;,&quot;wc-ywraq-expired&quot;,&quot;wc-ywraq-accepted&quot;,&quot;wc-ywraq-rejected&quot;],&quot;posts_per_page&quot;:999},&quot;orderby_query_args&quot;:{&quot;orderby&quot;:{&quot;date&quot;:&quot;DESC&quot;}},&quot;type&quot;:&quot;grid&quot;,&quot;us_grid_post_type&quot;:&quot;specialist&quot;,&quot;us_grid_ajax_index&quot;:1,&quot;us_grid_filter_query_string&quot;:null,&quot;us_grid_index&quot;:1,&quot;page_args&quot;:[],&quot;lang&quot;:&quot;fr&quot;}}'><\/div>\r\n\t<\/div><\/div><\/div><\/div><\/div><\/div><\/section><section class=\"l-section wpb_row height_auto width_full\"><div class=\"l-section-h i-cf\"><div class=\"g-cols vc_row via_flex valign_top type_default stacking_default\"><div class=\"vc_col-sm-12 wpb_column vc_column_container\"><div class=\"vc_column-inner\"><div class=\"wpb_wrapper\"><section class=\"l-section wpb_row us_custom_32db810e bottomusps height_small width_full\"><div class=\"l-section-h i-cf\"><div class=\"g-cols vc_row via_flex valign_top type_default stacking_default\"><div class=\"vc_col-sm-6 vc_col-lg-3 vc_col-md-6 wpb_column vc_column_container\"><div class=\"vc_column-inner\"><div class=\"wpb_wrapper\"><div class=\"w-iconbox iconpos_left style_circle color_custom align_none\"><div class=\"w-iconbox-icon\" style=\"font-size:2rem;--icon-color:#ffffff;--icon-bg-color:var(--color-blue);\"><i class=\"fas fa-chalkboard-teacher\"><\/i><\/div><div class=\"w-iconbox-meta\"><h4 class=\"w-iconbox-title\">Savoir-faire depuis 1973<\/h4><div class=\"w-iconbox-text\"><p>Connu depuis 1973 pour nos vastes connaissances et notre service familial<\/p>\n<\/div><\/div><\/div><\/div><\/div><\/div><div class=\"vc_col-sm-6 vc_col-lg-3 vc_col-md-6 wpb_column vc_column_container\"><div class=\"vc_column-inner\"><div class=\"wpb_wrapper\"><div class=\"w-iconbox iconpos_left style_circle color_custom align_none\"><div class=\"w-iconbox-icon\" style=\"font-size:2rem;--icon-color:#ffffff;--icon-bg-color:var(--color-blue);\"><i class=\"fas fa-boxes\"><\/i><\/div><div class=\"w-iconbox-meta\"><h4 class=\"w-iconbox-title\">Grande port\u00e9e<\/h4><div class=\"w-iconbox-text\"><p>Sp\u00e9cialiste de la location, de l&rsquo;air comprim\u00e9 et du traitement de surface<\/p>\n<\/div><\/div><\/div><\/div><\/div><\/div><div class=\"vc_col-sm-6 vc_col-lg-3 vc_col-md-6 wpb_column vc_column_container\"><div class=\"vc_column-inner\"><div class=\"wpb_wrapper\"><div class=\"w-iconbox iconpos_left style_circle color_custom align_none\"><div class=\"w-iconbox-icon\" style=\"font-size:2rem;--icon-color:#ffffff;--icon-bg-color:var(--color-blue);\"><i class=\"fas fa-phone-volume\"><\/i><\/div><div class=\"w-iconbox-meta\"><h4 class=\"w-iconbox-title\">Facile d&rsquo;acc\u00e8s<\/h4><div class=\"w-iconbox-text\"><p>Joignez-nous par t\u00e9l\u00e9phone \u00e0 toute heure de la journ\u00e9e ou passez dans l&rsquo;une de nos 5 succursales<\/p>\n<\/div><\/div><\/div><\/div><\/div><\/div><div class=\"vc_col-sm-6 vc_col-lg-3 vc_col-md-6 wpb_column vc_column_container\"><div class=\"vc_column-inner\"><div class=\"wpb_wrapper\"><div class=\"w-iconbox iconpos_left style_circle color_custom align_none\"><div class=\"w-iconbox-icon\" style=\"font-size:2rem;--icon-color:#ffffff;--icon-bg-color:var(--color-blue);\"><i class=\"fas fa-scroll\"><\/i><\/div><div class=\"w-iconbox-meta\"><h4 class=\"w-iconbox-title\">Certificat VCA<\/h4><div class=\"w-iconbox-text\"><p>Prouve que nous sommes une organisation s\u00fbre, fiable et comp\u00e9tente<\/p>\n<\/div><\/div><\/div><\/div><\/div><\/div><\/div><\/div><\/section>\n<\/div><\/div><\/div><\/div><\/div><\/section>\n","protected":false},"excerpt":{"rendered":"","protected":false},"author":1,"featured_media":4135,"parent":4471,"menu_order":4,"comment_status":"closed","ping_status":"closed","template":"","meta":{"_acf_changed":false,"footnotes":""},"class_list":["post-4483","page","type-page","status-publish","has-post-thumbnail","hentry"],"acf":[],"_links":{"self":[{"href":"https:\/\/www.euromat.be\/fr\/wp-json\/wp\/v2\/pages\/4483","targetHints":{"allow":["GET"]}}],"collection":[{"href":"https:\/\/www.euromat.be\/fr\/wp-json\/wp\/v2\/pages"}],"about":[{"href":"https:\/\/www.euromat.be\/fr\/wp-json\/wp\/v2\/types\/page"}],"author":[{"embeddable":true,"href":"https:\/\/www.euromat.be\/fr\/wp-json\/wp\/v2\/users\/1"}],"replies":[{"embeddable":true,"href":"https:\/\/www.euromat.be\/fr\/wp-json\/wp\/v2\/comments?post=4483"}],"version-history":[{"count":4,"href":"https:\/\/www.euromat.be\/fr\/wp-json\/wp\/v2\/pages\/4483\/revisions"}],"predecessor-version":[{"id":4984,"href":"https:\/\/www.euromat.be\/fr\/wp-json\/wp\/v2\/pages\/4483\/revisions\/4984"}],"up":[{"embeddable":true,"href":"https:\/\/www.euromat.be\/fr\/wp-json\/wp\/v2\/pages\/4471"}],"wp:featuredmedia":[{"embeddable":true,"href":"https:\/\/www.euromat.be\/fr\/wp-json\/wp\/v2\/media\/4135"}],"wp:attachment":[{"href":"https:\/\/www.euromat.be\/fr\/wp-json\/wp\/v2\/media?parent=4483"}],"curies":[{"name":"wp","href":"https:\/\/api.w.org\/{rel}","templated":true}]}}