{"id":4493,"date":"2025-07-17T10:02:27","date_gmt":"2025-07-17T08:02:27","guid":{"rendered":"https:\/\/www.euromat.be\/oppervlaktebehandeling\/"},"modified":"2025-10-27T09:35:33","modified_gmt":"2025-10-27T08:35:33","slug":"traitement-de-surface","status":"publish","type":"page","link":"https:\/\/www.euromat.be\/fr\/traitement-de-surface\/","title":{"rendered":"Traitement de surface"},"content":{"rendered":"<section class=\"l-section wpb_row us_custom_fc0cc44e height_auto\"><div class=\"l-section-h i-cf\"><div class=\"g-cols vc_row via_flex valign_top type_default stacking_default\"><div class=\"vc_col-sm-12 wpb_column vc_column_container\"><div class=\"vc_column-inner\"><div class=\"wpb_wrapper\"><nav class=\"g-breadcrumbs us_custom_ec1a1564 has_text_color separator_icon align_none\" itemscope itemtype=\"http:\/\/schema.org\/BreadcrumbList\"><div class=\"g-breadcrumbs-item\" itemscope itemprop=\"itemListElement\" itemtype=\"http:\/\/schema.org\/ListItem\"><a itemprop=\"item\" href=\"https:\/\/www.euromat.be\/fr\/\"><span itemprop=\"name\">Accueil<\/span><\/a><meta itemprop=\"position\" content=\"1\"\/><\/div><div class=\"g-breadcrumbs-separator\"><i class=\"fal fa-angle-right\"><\/i><\/div><div class=\"g-breadcrumbs-item\">Pages<\/div><\/nav><\/div><\/div><\/div><\/div><\/div><\/section><section class=\"l-section wpb_row us_custom_e11ab399 height_medium\"><div class=\"l-section-h i-cf\"><div class=\"g-cols vc_row via_flex valign_top type_default stacking_default\"><div class=\"vc_col-sm-12 vc_col-lg-9 vc_col-md-9 wpb_column vc_column_container\"><div class=\"vc_column-inner us_custom_fd6d9553\"><div class=\"wpb_wrapper\"><div class=\"wpb_text_column us_custom_9b8a5a32 has_text_color\"><div class=\"wpb_wrapper\"><h2>Machines et accessoires pour les rev\u00eatements, les pr\u00e9traitements ou les am\u00e9liorations de surface<\/h2>\n<\/div><\/div><div class=\"wpb_text_column\"><div class=\"wpb_wrapper\"><h1>L&rsquo;\u00e9quipement ad\u00e9quat pour les traitements de surface<\/h1>\n<\/div><\/div><div class=\"w-separator size_small\"><\/div><div class=\"wpb_text_column\"><div class=\"wpb_wrapper\"><p>Depuis 1982, Euromat est un leader dans le domaine des \u00e9quipements de pulv\u00e9risation et de sablage avec les normes de qualit\u00e9 les plus \u00e9lev\u00e9es pour une vari\u00e9t\u00e9 de sp\u00e9cifications des clients.<\/p>\n<p>Dans notre large gamme, vous trouverez des \u00e9quipements de pulv\u00e9risation de peinture, des \u00e9quipements de sablage, des \u00e9quipements de m\u00e9tallisation, des pompes \u00e0 piston, des machines \u00e0 cr\u00e9pir les fa\u00e7ades et tous les accessoires, entre autres. Nous proposons \u00e9galement des solutions compl\u00e8tes telles que les solutions de sablage fin, la peinture industrielle et le sablage industriel. Gr\u00e2ce \u00e0 nos nombreuses ann\u00e9es d\u2019expertise, nous offrons un accompagnement optimal dans le choix de l\u2019\u00e9quipement ad\u00e9quat.<\/p>\n<\/div><\/div><div class=\"w-separator size_small\"><\/div><div class=\"w-btn-wrapper align_none\"><a class=\"w-btn us-btn-style_2\" href=\"https:\/\/www.euromat.be\/fr\/catalogue\/\"><span class=\"w-btn-label\">T\u00e9l\u00e9chargez notre catalogue de location<\/span><\/a><\/div><\/div><\/div><\/div><div class=\"vc_col-sm-12 vc_col-lg-3 vc_col-md-3 wpb_column vc_column_container iconboxhome\"><div class=\"vc_column-inner\"><div class=\"wpb_wrapper\"><\/div><\/div><\/div><\/div><\/div><\/section><section class=\"l-section wpb_row height_medium\"><div class=\"l-section-h i-cf\"><div class=\"g-cols vc_row via_flex valign_top type_default stacking_default\"><div class=\"vc_col-sm-12 wpb_column vc_column_container\"><div class=\"vc_column-inner\"><div class=\"wpb_wrapper\"><div class=\"wpb_text_column lineunderh3\"><div class=\"wpb_wrapper\"><h3>Support technique et conseils en traitement de surface<\/h3>\n<\/div><\/div><div class=\"w-separator size_medium\"><\/div><div class=\"g-cols wpb_row via_flex valign_top type_default stacking_default\"><div class=\"vc_col-sm-6 wpb_column vc_column_container\"><div class=\"vc_column-inner\"><div class=\"wpb_wrapper\"><div class=\"wpb_text_column\"><div class=\"wpb_wrapper\"><p>Notre \u00e9quipe de techniciens exp\u00e9riment\u00e9s est \u00e0 votre service pour la maintenance et les interventions avec le support technique n\u00e9cessaire. Gr\u00e2ce \u00e0 notre stock important de pi\u00e8ces d\u00e9tach\u00e9es, nous garantissons un service et des r\u00e9parations rapides, \u00e9galement par le biais de <strong>notre service d\u2019intervention 24\/7<\/strong>.<\/p>\n<p>En bref, Euromat est le partenaire id\u00e9al pour vous guider de A \u00e0 Z !<\/p>\n<p><strong>N\u2019h\u00e9sitez pas \u00e0 nous contacter pour plus d\u2019informations<\/strong>, nous nous ferons un plaisir de vous aider !<\/p>\n<\/div><\/div><\/div><\/div><\/div><div class=\"vc_col-sm-1 wpb_column vc_column_container\"><div class=\"vc_column-inner\"><div class=\"wpb_wrapper\"><\/div><\/div><\/div><div class=\"vc_col-sm-5 wpb_column vc_column_container has_bg_color\"><div class=\"vc_column-inner us_custom_b2e88001\"><div class=\"wpb_wrapper\"><\/div><\/div><\/div><\/div><\/div><\/div><\/div><\/div><\/div><\/section><section class=\"l-section wpb_row height_medium\"><div class=\"l-section-h i-cf\"><div class=\"g-cols vc_row via_flex valign_top type_default stacking_default\"><div class=\"vc_col-sm-12 wpb_column vc_column_container\"><div class=\"vc_column-inner\"><div class=\"wpb_wrapper\"><div class=\"w-grid us_grid type_grid layout_664 cols_2 preload_style_spinner\" id=\"us_grid_1\" style=\"--columns:2;--gap:0.7rem;\"><style>@media (max-width:768px){#us_grid_1{--columns:1!important}}.layout_664 .w-grid-item-h{}.layout_664 .usg_hwrapper_1{transition-duration:0.3s;transform-origin:50% 50%;transform:scale(1) translate(0%,0%)}.layout_664 .w-grid-item-h:focus-within .usg_hwrapper_1,.layout_664 .w-grid-item-h:hover .usg_hwrapper_1{transform:scale(1) translate(0%,0%);opacity:1;background:var(--color-lightblue)!important}.layout_664 .usg_post_image_1{width:45%!important}.layout_664 .usg_hwrapper_1{background:var(--color-blue)!important}.layout_664 .usg_vwrapper_1{color:var(--color-white)!important;width:55%!important;padding-left:2rem!important}.layout_664 .usg_text_1{color:var(--color-content-text)!important;font-size:0.9rem!important;line-height:1!important;margin-bottom:13%!important}.layout_664 .usg_post_title_2{font-size:1.6rem!important;font-weight:700!important;margin-bottom:10%!important}@media (min-width:1025px) and (max-width:1380px){.layout_664 .usg_post_image_1{width:45%!important}.layout_664 .usg_vwrapper_1{width:55%!important;padding-left:2rem!important}.layout_664 .usg_post_title_2{font-size:1.6rem!important;font-weight:700!important}}@media (min-width:769px) and (max-width:1024px){.layout_664 .usg_post_image_1{width:100%!important}.layout_664 .usg_vwrapper_1{width:100%!important;padding-left:2rem!important;padding-top:2rem!important}.layout_664 .usg_post_title_2{font-size:1.6rem!important;font-weight:700!important}}@media (max-width:768px){.layout_664 .usg_post_image_1{width:100%!important}.layout_664 .usg_vwrapper_1{width:100%!important;padding-left:2rem!important;padding-top:2rem!important}.layout_664 .usg_text_1{font-size:1rem!important}.layout_664 .usg_post_title_2{font-size:1.3rem!important;font-weight:700!important}}<\/style><div class=\"w-grid-list\">\t<div class=\"w-grid-item type_term term-1355 term-compresseurs ratio_1x1\">\r\n\t\t<div class=\"w-grid-item-h\">\r\n\t\t\t\t\t\t\t<a href=\"https:\/\/www.euromat.be\/fr\/categorie-produit\/compresseurs\/\" class=\"w-grid-item-anchor\" aria-label=\"Compresseurs\"><\/a>\r\n\t\t\t\t\t\t<div class=\"w-hwrapper usg_hwrapper_1 align_none valign_stretch wrap\" style=\"--hwrapper-gap:0rem\"><div class=\"w-post-elm post_image usg_post_image_1 has_width has_ratio\"><img loading=\"lazy\" decoding=\"async\" width=\"371\" height=\"249\" src=\"https:\/\/www.euromat.be\/wp-content\/uploads\/imgi_38_compressoren.jpg\" class=\"attachment-large size-large\" alt=\"Compressoren\" title=\"\"><div style=\"padding-bottom:75%\"><\/div><\/div><div class=\"w-vwrapper usg_vwrapper_1 has_text_color align_none valign_bottom\"><h2 class=\"w-post-elm post_title usg_post_title_2 entry-title color_link_inherit\">Compresseurs<\/h2><span class=\"w-text usg_text_1 arrowtwister has_text_color icon_atleft\"><span class=\"w-text-h\"><i class=\"far fa-arrow-up\"><\/i><span class=\"w-text-value\">Plus d&rsquo;informations<\/span><\/span><\/span><\/div><\/div>\t\t<\/div>\r\n\t\t\t<\/div>\r\n\t<div class=\"w-grid-item type_term term-1370 term-groupes-electrogenes-et-eclairage ratio_1x1\">\r\n\t\t<div class=\"w-grid-item-h\">\r\n\t\t\t\t\t\t\t<a href=\"https:\/\/www.euromat.be\/fr\/categorie-produit\/groupes-electrogenes-et-eclairage\/\" class=\"w-grid-item-anchor\" aria-label=\"Groupes \u00e9lectrog\u00e8nes et \u00e9clairage\"><\/a>\r\n\t\t\t\t\t\t<div class=\"w-hwrapper usg_hwrapper_1 align_none valign_stretch wrap\" style=\"--hwrapper-gap:0rem\"><div class=\"w-post-elm post_image usg_post_image_1 has_width has_ratio\"><img loading=\"lazy\" decoding=\"async\" width=\"1024\" height=\"683\" src=\"https:\/\/www.euromat.be\/wp-content\/uploads\/imgi_40_Stroomgroepen-en-Verlichting-1024x683.jpg\" class=\"attachment-large size-large\" alt=\"Stoomgroepen en verlichting\" title=\"\"><div style=\"padding-bottom:75%\"><\/div><\/div><div class=\"w-vwrapper usg_vwrapper_1 has_text_color align_none valign_bottom\"><h2 class=\"w-post-elm post_title usg_post_title_2 entry-title color_link_inherit\">Groupes \u00e9lectrog\u00e8nes et \u00e9clairage<\/h2><span class=\"w-text usg_text_1 arrowtwister has_text_color icon_atleft\"><span class=\"w-text-h\"><i class=\"far fa-arrow-up\"><\/i><span class=\"w-text-value\">Plus d&rsquo;informations<\/span><\/span><\/span><\/div><\/div>\t\t<\/div>\r\n\t\t\t<\/div>\r\n\t<div class=\"w-grid-item type_term term-1374 term-machines-de-chantier ratio_1x1\">\r\n\t\t<div class=\"w-grid-item-h\">\r\n\t\t\t\t\t\t\t<a href=\"https:\/\/www.euromat.be\/fr\/categorie-produit\/machines-de-chantier\/\" class=\"w-grid-item-anchor\" aria-label=\"Machines de chantier\"><\/a>\r\n\t\t\t\t\t\t<div class=\"w-hwrapper usg_hwrapper_1 align_none valign_stretch wrap\" style=\"--hwrapper-gap:0rem\"><div class=\"w-post-elm post_image usg_post_image_1 has_width has_ratio\"><img loading=\"lazy\" decoding=\"async\" width=\"1024\" height=\"683\" src=\"https:\/\/www.euromat.be\/wp-content\/uploads\/imgi_39_werfmachines-1024x683.jpg\" class=\"attachment-large size-large\" alt=\"Werfmachines\" title=\"\"><div style=\"padding-bottom:75%\"><\/div><\/div><div class=\"w-vwrapper usg_vwrapper_1 has_text_color align_none valign_bottom\"><h2 class=\"w-post-elm post_title usg_post_title_2 entry-title color_link_inherit\">Machines de chantier<\/h2><span class=\"w-text usg_text_1 arrowtwister has_text_color icon_atleft\"><span class=\"w-text-h\"><i class=\"far fa-arrow-up\"><\/i><span class=\"w-text-value\">Plus d&rsquo;informations<\/span><\/span><\/span><\/div><\/div>\t\t<\/div>\r\n\t\t\t<\/div>\r\n\t<div class=\"w-grid-item type_term term-1360 term-outillages ratio_1x1\">\r\n\t\t<div class=\"w-grid-item-h\">\r\n\t\t\t\t\t\t\t<a href=\"https:\/\/www.euromat.be\/fr\/categorie-produit\/outillages\/\" class=\"w-grid-item-anchor\" aria-label=\"Outillages\"><\/a>\r\n\t\t\t\t\t\t<div class=\"w-hwrapper usg_hwrapper_1 align_none valign_stretch wrap\" style=\"--hwrapper-gap:0rem\"><div class=\"w-post-elm post_image usg_post_image_1 has_width has_ratio\"><img loading=\"lazy\" decoding=\"async\" width=\"1024\" height=\"682\" src=\"https:\/\/www.euromat.be\/wp-content\/uploads\/imgi_41_EUROMAT-BRUSSEL-\u00a9JORN-URBAIN-143-1024x682.jpg\" class=\"attachment-large size-large\" alt=\"Euromat Brussel\" title=\"\"><div style=\"padding-bottom:75%\"><\/div><\/div><div class=\"w-vwrapper usg_vwrapper_1 has_text_color align_none valign_bottom\"><h2 class=\"w-post-elm post_title usg_post_title_2 entry-title color_link_inherit\">Outillages<\/h2><span class=\"w-text usg_text_1 arrowtwister has_text_color icon_atleft\"><span class=\"w-text-h\"><i class=\"far fa-arrow-up\"><\/i><span class=\"w-text-value\">Plus d&rsquo;informations<\/span><\/span><\/span><\/div><\/div>\t\t<\/div>\r\n\t\t\t<\/div>\r\n\t<div class=\"w-grid-item type_term term-1365 term-traitement-de-surface ratio_1x1\">\r\n\t\t<div class=\"w-grid-item-h\">\r\n\t\t\t\t\t\t\t<a href=\"https:\/\/www.euromat.be\/fr\/categorie-produit\/traitement-de-surface\/\" class=\"w-grid-item-anchor\" aria-label=\"Traitement de surface\"><\/a>\r\n\t\t\t\t\t\t<div class=\"w-hwrapper usg_hwrapper_1 align_none valign_stretch wrap\" style=\"--hwrapper-gap:0rem\"><div class=\"w-post-elm post_image usg_post_image_1 has_width has_ratio\"><img loading=\"lazy\" decoding=\"async\" width=\"1024\" height=\"682\" src=\"https:\/\/www.euromat.be\/wp-content\/uploads\/imgi_42_Oppervlaktebehandelingen-en-renovaties-1024x682.jpg\" class=\"attachment-large size-large\" alt=\"Oppervlaktebehandelingen en renovaties\" title=\"\"><div style=\"padding-bottom:75%\"><\/div><\/div><div class=\"w-vwrapper usg_vwrapper_1 has_text_color align_none valign_bottom\"><h2 class=\"w-post-elm post_title usg_post_title_2 entry-title color_link_inherit\">Traitement de surface<\/h2><span class=\"w-text usg_text_1 arrowtwister has_text_color icon_atleft\"><span class=\"w-text-h\"><i class=\"far fa-arrow-up\"><\/i><span class=\"w-text-value\">Plus d&rsquo;informations<\/span><\/span><\/span><\/div><\/div>\t\t<\/div>\r\n\t\t\t<\/div>\r\n<\/div>\t<div class=\"w-grid-json hidden\" onclick='return {&quot;template_vars&quot;:{&quot;lang&quot;:&quot;fr&quot;}}'><\/div>\r\n\t<\/div><\/div><\/div><\/div><\/div><\/div><\/section><section class=\"l-section wpb_row us_custom_32db810e height_medium\"><div class=\"l-section-h i-cf\"><div class=\"g-cols vc_row via_flex valign_top type_default stacking_default\"><div class=\"vc_col-sm-12 wpb_column vc_column_container\"><div class=\"vc_column-inner\"><div class=\"wpb_wrapper\"><div class=\"wpb_text_column lineunderh3\"><div class=\"wpb_wrapper\"><h3>Contactez nos sp\u00e9cialistes de traitement de surface!<\/h3>\n<\/div><\/div><div class=\"w-separator size_medium\"><\/div><div class=\"w-grid us_grid type_grid layout_728 cols_4 preload_style_spinner\" id=\"us_grid_2\" style=\"--columns:4;--gap:1rem;\" data-filterable=\"true\"><style>@media (max-width:1380px){#us_grid_2{--columns:3!important}}@media (max-width:1024px){#us_grid_2{--columns:2!important}}@media (max-width:768px){#us_grid_2{--columns:1!important}}.layout_728 .w-grid-item-h{}.layout_728 .usg_post_title_1{color:var(--color-darkblue)!important;font-weight:700!important;margin-bottom:10px!important}.layout_728 .usg_vwrapper_1{padding:20px!important;background:var(--color-white)!important}.layout_728 .usg_post_custom_field_1{color:var(--color-lightblue)!important}.layout_728 .usg_post_custom_field_2{color:var(--color-darkblue)!important;height:100px!important;padding-bottom:20px!important;border-bottom-width:1px!important;border-bottom-style:solid!important}.layout_728 .usg_post_custom_field_3{color:var(--color-lightblue)!important}.layout_728 .usg_post_custom_field_4{color:var(--color-lightblue)!important}<\/style><div class=\"w-grid-list\">\t<article class=\"w-grid-item size_1x1 post-5047 specialist type-specialist status-publish has-post-thumbnail hentry type-specialist-oppervlakte-fr type-specialist-verkoop-fr\" data-id=\"5047\">\r\n\t\t<div class=\"w-grid-item-h\">\r\n\t\t\t\t\t\t<div class=\"w-vwrapper usg_vwrapper_1 align_none valign_top\"><div class=\"w-post-elm post_image usg_post_image_1 has_ratio\"><a href=\"https:\/\/www.euromat.be\/fr\/specialist\/tom-van-de-velde\/\" aria-label=\"Tom Van de Velde\"><img loading=\"lazy\" decoding=\"async\" width=\"1000\" height=\"1000\" src=\"https:\/\/www.euromat.be\/wp-content\/uploads\/2025\/07\/Tom.jpg\" class=\"attachment-full size-full wp-post-image\" alt=\"\" title=\"\"><\/a><div style=\"padding-bottom:100%\"><\/div><\/div><h4 class=\"w-post-elm post_title usg_post_title_1 has_text_color entry-title\">Tom Van de Velde<\/h4><p class=\"w-post-elm post_custom_field usg_post_custom_field_1 has_text_color type_text regio\"><span class=\"w-post-elm-value\">R\u00e9gion de Flandre<\/span><\/p><p class=\"w-post-elm post_custom_field usg_post_custom_field_2 has_text_color type_text specialiteit has_height\"><span class=\"w-post-elm-value\">Traitement de surface<\/span><\/p><p class=\"w-post-elm post_custom_field usg_post_custom_field_3 has_text_color type_text telefoon\"><i class=\"fas fa-phone\"><\/i><a href=\"tel:+32475241333\"><span class=\"w-post-elm-value\">+32 475 24 13 33<\/span><\/a><\/p><p class=\"w-post-elm post_custom_field usg_post_custom_field_4 has_text_color type_text email\"><i class=\"fas fa-envelope\"><\/i><a href=\"mailto:tom@euromat.be\"><span class=\"w-post-elm-value\">tom@euromat.be<\/span><\/a><\/p><\/div>\t\t<\/div>\r\n\t\t\t<\/article>\r\n<\/div>\t<div class=\"w-grid-preloader\">\r\n\t\t<div class=\"g-preloader type_1\">\r\n\t\t\t<div><\/div>\r\n\t\t<\/div>\r\n\t<\/div>\r\n\t\t<div class=\"w-grid-json hidden\" onclick='return {&quot;action&quot;:&quot;us_ajax_grid&quot;,&quot;infinite_scroll&quot;:0,&quot;max_num_pages&quot;:1,&quot;pagination&quot;:&quot;none&quot;,&quot;template_vars&quot;:{&quot;columns&quot;:&quot;4&quot;,&quot;exclude_items&quot;:&quot;none&quot;,&quot;img_size&quot;:&quot;default&quot;,&quot;ignore_items_size&quot;:0,&quot;items_layout&quot;:&quot;728&quot;,&quot;items_offset&quot;:&quot;1&quot;,&quot;load_animation&quot;:&quot;none&quot;,&quot;overriding_link&quot;:&quot;%7B%22url%22%3A%22%22%7D&quot;,&quot;post_id&quot;:0,&quot;query_args&quot;:{&quot;post_type&quot;:[&quot;specialist&quot;],&quot;tax_query&quot;:[{&quot;taxonomy&quot;:&quot;type-specialist&quot;,&quot;field&quot;:&quot;slug&quot;,&quot;terms&quot;:[&quot;oppervlakte-fr&quot;]}],&quot;post_status&quot;:[&quot;publish&quot;,&quot;acf-disabled&quot;,&quot;wc-ywraq-new&quot;,&quot;wc-ywraq-pending&quot;,&quot;wc-ywraq-expired&quot;,&quot;wc-ywraq-accepted&quot;,&quot;wc-ywraq-rejected&quot;],&quot;posts_per_page&quot;:&quot;2&quot;},&quot;orderby_query_args&quot;:{&quot;orderby&quot;:&quot;custom_field_num&quot;,&quot;meta_key&quot;:&quot;The_order&quot;,&quot;order&quot;:&quot;ASC&quot;},&quot;type&quot;:&quot;grid&quot;,&quot;us_grid_post_type&quot;:&quot;specialist&quot;,&quot;us_grid_ajax_index&quot;:2,&quot;us_grid_filter_query_string&quot;:null,&quot;us_grid_index&quot;:2,&quot;page_args&quot;:[],&quot;lang&quot;:&quot;fr&quot;}}'><\/div>\r\n\t<\/div><\/div><\/div><\/div><\/div><\/div><\/section><section class=\"l-section wpb_row klantenreviews height_auto\"><div class=\"l-section-h i-cf\"><div class=\"g-cols vc_row via_flex valign_top type_default stacking_default\"><div class=\"vc_col-sm-12 wpb_column vc_column_container\"><div class=\"vc_column-inner\"><div class=\"wpb_wrapper\"><section class=\"l-section wpb_row klantenreviews height_medium width_full\"><div class=\"l-section-h i-cf\"><div class=\"g-cols vc_row via_flex valign_top type_default stacking_default\"><div class=\"vc_col-sm-12 wpb_column vc_column_container\"><div class=\"vc_column-inner\"><div class=\"wpb_wrapper\"><div class=\"w-grid us_carousel type_carousel layout_598 no_results preload_style_spinner\" id=\"us_grid_3\"><style>.layout_598 .w-grid-item-h{}.layout_598 .usg_post_custom_field_1{font-size:14px!important;font-style:italic!important}.layout_598 .usg_vwrapper_1{width:450px!important}.layout_598 .usg_post_title_1{font-weight:700!important}.layout_598 .usg_post_image_2{width:200px!important;height:200px!important;margin-left:auto!important;margin-bottom:20px!important;margin-right:auto!important}.layout_598 .usg_btn_1{position:absolute!important;left:30px!important;bottom:30px!important}@media (min-width:1025px) and (max-width:1380px){.layout_598 .usg_vwrapper_1{width:450px!important}.layout_598 .usg_btn_1{position:absolute!important;left:30px!important;bottom:30px!important}}@media (min-width:769px) and (max-width:1024px){.layout_598 .usg_vwrapper_1{width:700px!important}.layout_598 .usg_btn_1{position:absolute!important;left:30px!important;bottom:30px!important}}@media (max-width:768px){.layout_598 .usg_vwrapper_1{width:initial!important;margin-bottom:20px!important}.layout_598 .usg_btn_1{position:absolute!important;left:50%!important;bottom:30px!important;transform:translateX(-50%)!important}}<\/style><div class=\"w-grid-list owl-carousel valign_stretch dotstyle_circle navstyle_circle arrows-ver-pos_middle arrows-hor-pos_on_sides_outside arrows-disabled_hide owl-responsive-2000 autoheight\" style=\"--transition-duration:350ms;\"><\/div><div class=\"w-grid-carousel-json hidden\" onclick='return {&quot;carousel_settings&quot;:{&quot;aria_labels&quot;:{&quot;prev&quot;:&quot;Pr\\u00e9c\\u00e9dent&quot;,&quot;next&quot;:&quot;Suivant&quot;},&quot;autoplayContinual&quot;:false,&quot;autoplayHoverPause&quot;:false,&quot;autoplayTimeout&quot;:5000,&quot;autoWidth&quot;:false,&quot;smartSpeed&quot;:350,&quot;margin&quot;:0,&quot;mouseDrag&quot;:true,&quot;rtl&quot;:false,&quot;slideBy&quot;:&quot;1&quot;,&quot;touchDrag&quot;:true,&quot;slideTransition&quot;:&quot;&quot;,&quot;animateIn&quot;:&quot;fadeIn&quot;,&quot;animateOut&quot;:&quot;fadeOut&quot;,&quot;responsive&quot;:{&quot;0&quot;:{&quot;autoHeight&quot;:true,&quot;autoplay&quot;:false,&quot;autoWidth&quot;:false,&quot;center&quot;:false,&quot;dots&quot;:false,&quot;items&quot;:1,&quot;loop&quot;:false,&quot;nav&quot;:false,&quot;stagePadding&quot;:0,&quot;slideBy&quot;:&quot;1&quot;},&quot;769&quot;:{&quot;autoHeight&quot;:true,&quot;autoplay&quot;:false,&quot;autoWidth&quot;:false,&quot;center&quot;:false,&quot;dots&quot;:false,&quot;items&quot;:1,&quot;loop&quot;:false,&quot;nav&quot;:false,&quot;stagePadding&quot;:0,&quot;slideBy&quot;:&quot;1&quot;},&quot;1025&quot;:{&quot;autoHeight&quot;:true,&quot;autoplay&quot;:false,&quot;autoWidth&quot;:false,&quot;center&quot;:false,&quot;dots&quot;:false,&quot;items&quot;:1,&quot;loop&quot;:false,&quot;nav&quot;:false,&quot;stagePadding&quot;:0,&quot;slideBy&quot;:&quot;1&quot;},&quot;1381&quot;:{&quot;items&quot;:1,&quot;autoplay&quot;:false,&quot;center&quot;:false,&quot;dots&quot;:false,&quot;nav&quot;:false,&quot;autoHeight&quot;:true,&quot;autoWidth&quot;:false,&quot;loop&quot;:false,&quot;stagePadding&quot;:0}}}}'><\/div><\/div><div class=\"w-grid-none type_message\">Aucun r\u00e9sultat.<\/div><\/div><\/div><\/div><\/div><\/div><\/section>\n<\/div><\/div><\/div><\/div><\/div><\/section>\n","protected":false},"excerpt":{"rendered":"","protected":false},"author":1,"featured_media":0,"parent":0,"menu_order":6,"comment_status":"closed","ping_status":"closed","template":"","meta":{"_acf_changed":false,"footnotes":""},"class_list":["post-4493","page","type-page","status-publish","hentry"],"acf":[],"_links":{"self":[{"href":"https:\/\/www.euromat.be\/fr\/wp-json\/wp\/v2\/pages\/4493","targetHints":{"allow":["GET"]}}],"collection":[{"href":"https:\/\/www.euromat.be\/fr\/wp-json\/wp\/v2\/pages"}],"about":[{"href":"https:\/\/www.euromat.be\/fr\/wp-json\/wp\/v2\/types\/page"}],"author":[{"embeddable":true,"href":"https:\/\/www.euromat.be\/fr\/wp-json\/wp\/v2\/users\/1"}],"replies":[{"embeddable":true,"href":"https:\/\/www.euromat.be\/fr\/wp-json\/wp\/v2\/comments?post=4493"}],"version-history":[{"count":9,"href":"https:\/\/www.euromat.be\/fr\/wp-json\/wp\/v2\/pages\/4493\/revisions"}],"predecessor-version":[{"id":7311,"href":"https:\/\/www.euromat.be\/fr\/wp-json\/wp\/v2\/pages\/4493\/revisions\/7311"}],"wp:attachment":[{"href":"https:\/\/www.euromat.be\/fr\/wp-json\/wp\/v2\/media?parent=4493"}],"curies":[{"name":"wp","href":"https:\/\/api.w.org\/{rel}","templated":true}]}}