{"id":4497,"date":"2025-07-17T10:02:27","date_gmt":"2025-07-17T08:02:27","guid":{"rendered":"https:\/\/www.euromat.be\/verkoop\/"},"modified":"2025-10-27T09:48:02","modified_gmt":"2025-10-27T08:48:02","slug":"vente","status":"publish","type":"page","link":"https:\/\/www.euromat.be\/fr\/vente\/","title":{"rendered":"Vente"},"content":{"rendered":"<section class=\"l-section wpb_row us_custom_fc0cc44e height_auto\"><div class=\"l-section-h i-cf\"><div class=\"g-cols vc_row via_flex valign_top type_default stacking_default\"><div class=\"vc_col-sm-12 wpb_column vc_column_container\"><div class=\"vc_column-inner\"><div class=\"wpb_wrapper\"><nav class=\"g-breadcrumbs us_custom_ec1a1564 has_text_color separator_icon align_none\" itemscope itemtype=\"http:\/\/schema.org\/BreadcrumbList\"><div class=\"g-breadcrumbs-item\" itemscope itemprop=\"itemListElement\" itemtype=\"http:\/\/schema.org\/ListItem\"><a itemprop=\"item\" href=\"https:\/\/www.euromat.be\/fr\/\"><span itemprop=\"name\">Accueil<\/span><\/a><meta itemprop=\"position\" content=\"1\"\/><\/div><div class=\"g-breadcrumbs-separator\"><i class=\"fal fa-angle-right\"><\/i><\/div><div class=\"g-breadcrumbs-item\">Pages<\/div><\/nav><\/div><\/div><\/div><\/div><\/div><\/section><section class=\"l-section wpb_row us_custom_e11ab399 height_medium\"><div class=\"l-section-h i-cf\"><div class=\"g-cols vc_row via_flex valign_top type_default stacking_default\"><div class=\"vc_col-sm-12 vc_col-lg-9 vc_col-md-9 wpb_column vc_column_container\"><div class=\"vc_column-inner us_custom_fd6d9553\"><div class=\"wpb_wrapper\"><div class=\"wpb_text_column us_custom_9b8a5a32 has_text_color\"><div class=\"wpb_wrapper\"><h2>Euromat, votre partenaire pour l&rsquo;achat d&rsquo;occasion !<\/h2>\n<\/div><\/div><div class=\"wpb_text_column\"><div class=\"wpb_wrapper\"><h1>Vente<\/h1>\n<\/div><\/div><div class=\"w-separator size_small\"><\/div><div class=\"wpb_text_column\"><div class=\"wpb_wrapper\"><p>Vous recherchez des machines de haute qualit\u00e9 pour le long terme, tout en b\u00e9n\u00e9ficiant du service fiable d\u2019Euromat ? Nous proposons un large \u00e9ventail de machines \u00e0 la vente. Nos experts produits et techniciens connaissent ces \u00e9quipements sur le bout des doigts et sont parfaitement \u00e0 m\u00eame de vous accompagner dans votre projet. En plus de la location et de la vente, Euromat vous propose \u00e9galement un large choix de machines d\u2019occasion fiables et bien entretenues.<\/p>\n<\/div><\/div><div class=\"w-separator size_small\"><\/div><div class=\"w-btn-wrapper align_none\"><a class=\"w-btn us-btn-style_2\" href=\"https:\/\/www.euromat.be\/fr\/contact\/\"><span class=\"w-btn-label\">Contactez-nous<\/span><\/a><\/div><\/div><\/div><\/div><div class=\"vc_col-sm-12 vc_col-lg-3 vc_col-md-3 wpb_column vc_column_container iconboxhome\"><div class=\"vc_column-inner\"><div class=\"wpb_wrapper\"><\/div><\/div><\/div><\/div><\/div><\/section><section class=\"l-section wpb_row height_medium\"><div class=\"l-section-h i-cf\"><div class=\"g-cols vc_row via_flex valign_top type_default stacking_default\"><div class=\"vc_col-sm-12 wpb_column vc_column_container\"><div class=\"vc_column-inner\"><div class=\"wpb_wrapper\"><div class=\"wpb_text_column lineunderh3\"><div class=\"wpb_wrapper\"><h3>L&rsquo;achat de machines d&rsquo;occasion chez Euromat pr\u00e9sente plusieurs avantages:<\/h3>\n<\/div><\/div><div class=\"w-separator size_medium\"><\/div><div class=\"g-cols wpb_row accinfo via_flex valign_top type_default stacking_default\"><div class=\"vc_col-sm-1 wpb_column vc_column_container\"><div class=\"vc_column-inner\"><div class=\"wpb_wrapper\"><\/div><\/div><\/div><div class=\"vc_col-sm-10 wpb_column vc_column_container\"><div class=\"vc_column-inner\"><div class=\"wpb_wrapper\"><div class=\"w-tabs style_default switch_click accordion\" style=\"--sections-title-size:inherit\"><div class=\"w-tabs-sections titles-align_none icon_chevron cpos_right\"><div class=\"w-tabs-section\" id=\"e7df\"><button class=\"w-tabs-section-header with_icon\" aria-controls=\"content-e7df\" aria-expanded=\"false\"><i class=\"fas fa-check\"><\/i><h4 class=\"w-tabs-section-title\">Prix comp\u00e9titifs<\/h4><div class=\"w-tabs-section-control\"><\/div><\/button><div  class=\"w-tabs-section-content\" id=\"content-e7df\"><div class=\"w-tabs-section-content-h i-cf\"><div class=\"wpb_text_column\"><div class=\"wpb_wrapper\"><p>Chez Euromat, vous pouvez obtenir d\u2019excellentes machines \u00e0 des prix comp\u00e9titifs.<\/p>\n<\/div><\/div><\/div><\/div><\/div><div class=\"w-tabs-section\" id=\"f88f\"><button class=\"w-tabs-section-header with_icon\" aria-controls=\"content-f88f\" aria-expanded=\"false\"><i class=\"fas fa-check\"><\/i><h4 class=\"w-tabs-section-title\">Large gamme de grandes marques<\/h4><div class=\"w-tabs-section-control\"><\/div><\/button><div  class=\"w-tabs-section-content\" id=\"content-f88f\"><div class=\"w-tabs-section-content-h i-cf\"><div class=\"wpb_text_column\"><div class=\"wpb_wrapper\"><p>Gr\u00e2ce \u00e0 nos partenariats, vous avez le choix parmi une large gamme de grandes marques telles que Ingersoll Rand, TriTech &amp; WIWA. M\u00eame parmi nos machines d\u2019occasion, vous avez le choix parmi des machines dot\u00e9es des derni\u00e8res technologies.<\/p>\n<\/div><\/div><\/div><\/div><\/div><div class=\"w-tabs-section\" id=\"v929\"><button class=\"w-tabs-section-header with_icon\" aria-controls=\"content-v929\" aria-expanded=\"false\"><i class=\"fas fa-check\"><\/i><h4 class=\"w-tabs-section-title\">Entretien et service exceptionnels<\/h4><div class=\"w-tabs-section-control\"><\/div><\/button><div  class=\"w-tabs-section-content\" id=\"content-v929\"><div class=\"w-tabs-section-content-h i-cf\"><div class=\"wpb_text_column\"><div class=\"wpb_wrapper\"><p>Avant que nos machines d\u2019occasion ne soient mises en vente, elles sont v\u00e9rifi\u00e9es et test\u00e9es par nos techniciens exp\u00e9riment\u00e9s. Vous pouvez donc avoir confiance que nos machines continueront \u00e0 bien fonctionner pendant de nombreuses ann\u00e9es. De plus, l\u2019\u00e9quipe de vente d\u2019Euromat est l\u00e0 pour vous conseiller et vous accompagner afin de trouver la solution id\u00e9ale pour votre projet. Comme nos experts connaissent parfaitement ces machines, nous pouvons vous aider \u00e0 les prendre en main d\u00e8s le d\u00e9part, et nous restons bien entendu \u00e0 votre disposition pour d\u2019\u00e9ventuelles r\u00e9parations gr\u00e2ce \u00e0 notre large stock de pi\u00e8ces de rechange.<\/p>\n<\/div><\/div><\/div><\/div><\/div><\/div><\/div><\/div><\/div><\/div><div class=\"vc_col-sm-1 wpb_column vc_column_container\"><div class=\"vc_column-inner\"><div class=\"wpb_wrapper\"><\/div><\/div><\/div><\/div><\/div><\/div><\/div><\/div><\/div><\/section><section class=\"l-section wpb_row us_custom_32db810e height_medium\"><div class=\"l-section-h i-cf\"><div class=\"g-cols vc_row via_flex valign_top type_default stacking_default\"><div class=\"vc_col-sm-12 wpb_column vc_column_container\"><div class=\"vc_column-inner\"><div class=\"wpb_wrapper\"><div class=\"wpb_text_column lineunderh3\"><div class=\"wpb_wrapper\"><h3>N&rsquo;h\u00e9sitez pas \u00e0 contacter nos sp\u00e9cialistes de la vente!<\/h3>\n<\/div><\/div><div class=\"w-separator size_medium\"><\/div><div class=\"w-grid us_grid type_grid layout_728 cols_4 preload_style_spinner\" id=\"us_grid_1\" style=\"--columns:4;--gap:1rem;\"><style>@media (max-width:1380px){#us_grid_1{--columns:3!important}}@media (max-width:1024px){#us_grid_1{--columns:2!important}}@media (max-width:768px){#us_grid_1{--columns:1!important}}.layout_728 .w-grid-item-h{}.layout_728 .usg_post_title_1{color:var(--color-darkblue)!important;font-weight:700!important;margin-bottom:10px!important}.layout_728 .usg_vwrapper_1{padding:20px!important;background:var(--color-white)!important}.layout_728 .usg_post_custom_field_1{color:var(--color-lightblue)!important}.layout_728 .usg_post_custom_field_2{color:var(--color-darkblue)!important;height:100px!important;padding-bottom:20px!important;border-bottom-width:1px!important;border-bottom-style:solid!important}.layout_728 .usg_post_custom_field_3{color:var(--color-lightblue)!important}.layout_728 .usg_post_custom_field_4{color:var(--color-lightblue)!important}<\/style><div class=\"w-grid-list\">\t<article class=\"w-grid-item size_1x1 post-5044 specialist type-specialist status-publish has-post-thumbnail hentry type-specialist-perslucht-fr type-specialist-verkoop-fr\" data-id=\"5044\">\r\n\t\t<div class=\"w-grid-item-h\">\r\n\t\t\t\t\t\t<div class=\"w-vwrapper usg_vwrapper_1 align_none valign_top\"><div class=\"w-post-elm post_image usg_post_image_1 has_ratio\"><a href=\"https:\/\/www.euromat.be\/fr\/specialist\/hendrik-deforche\/\" aria-label=\"Hendrik Deforche\"><img loading=\"lazy\" decoding=\"async\" width=\"1000\" height=\"1000\" src=\"https:\/\/www.euromat.be\/wp-content\/uploads\/2025\/07\/Hendrik.jpg\" class=\"attachment-full size-full wp-post-image\" alt=\"\" title=\"\"><\/a><div style=\"padding-bottom:100%\"><\/div><\/div><h4 class=\"w-post-elm post_title usg_post_title_1 has_text_color entry-title\">Hendrik Deforche<\/h4><p class=\"w-post-elm post_custom_field usg_post_custom_field_1 has_text_color type_text regio\"><span class=\"w-post-elm-value\">R\u00e9gion Bruxelles-Wallonie<\/span><\/p><p class=\"w-post-elm post_custom_field usg_post_custom_field_2 has_text_color type_text specialiteit has_height\"><span class=\"w-post-elm-value\">Compresseurs stationnaires, tuyauterie et compresseurs mobiles<\/span><\/p><p class=\"w-post-elm post_custom_field usg_post_custom_field_3 has_text_color type_text telefoon\"><i class=\"fas fa-phone\"><\/i><a href=\"tel:+32470486055\"><span class=\"w-post-elm-value\">+32 470 48 60 55<\/span><\/a><\/p><p class=\"w-post-elm post_custom_field usg_post_custom_field_4 has_text_color type_text email\"><i class=\"fas fa-envelope\"><\/i><a href=\"mailto:hendrik@euromat.be\"><span class=\"w-post-elm-value\">hendrik@euromat.be<\/span><\/a><\/p><\/div>\t\t<\/div>\r\n\t\t\t<\/article>\r\n\t<article class=\"w-grid-item size_1x1 post-7134 specialist type-specialist status-publish has-post-thumbnail hentry type-specialist-perslucht-fr type-specialist-verkoop-fr\" data-id=\"7134\">\r\n\t\t<div class=\"w-grid-item-h\">\r\n\t\t\t\t\t\t<div class=\"w-vwrapper usg_vwrapper_1 align_none valign_top\"><div class=\"w-post-elm post_image usg_post_image_1 has_ratio\"><a href=\"https:\/\/www.euromat.be\/fr\/specialist\/philippe-vande-populiere\/\" aria-label=\"Philippe Vande Populiere\"><img loading=\"lazy\" decoding=\"async\" width=\"1000\" height=\"1000\" src=\"https:\/\/www.euromat.be\/wp-content\/uploads\/Philippe-Vande-Populiere.jpg\" class=\"attachment-full size-full wp-post-image\" alt=\"\" title=\"\"><\/a><div style=\"padding-bottom:100%\"><\/div><\/div><h4 class=\"w-post-elm post_title usg_post_title_1 has_text_color entry-title\">Philippe Vande Populiere<\/h4><p class=\"w-post-elm post_custom_field usg_post_custom_field_1 has_text_color type_text regio\"><span class=\"w-post-elm-value\">R\u00e9gion Bruxelles-Wallonie<\/span><\/p><p class=\"w-post-elm post_custom_field usg_post_custom_field_2 has_text_color type_text specialiteit has_height\"><span class=\"w-post-elm-value\">Service compresseurs stationnaires, tuyauterie et compresseurs mobiles<\/span><\/p><p class=\"w-post-elm post_custom_field usg_post_custom_field_3 has_text_color type_text telefoon\"><i class=\"fas fa-phone\"><\/i><a href=\"tel:+32492984086\"><span class=\"w-post-elm-value\">+32 492 98 40 86<\/span><\/a><\/p><p class=\"w-post-elm post_custom_field usg_post_custom_field_4 has_text_color type_text email\"><i class=\"fas fa-envelope\"><\/i><a href=\"mailto:philippe@euromat.be\"><span class=\"w-post-elm-value\">philippe@euromat.be<\/span><\/a><\/p><\/div>\t\t<\/div>\r\n\t\t\t<\/article>\r\n\t<article class=\"w-grid-item size_1x1 post-7274 specialist type-specialist status-publish has-post-thumbnail hentry type-specialist-perslucht-fr\" data-id=\"7274\">\r\n\t\t<div class=\"w-grid-item-h\">\r\n\t\t\t\t\t\t<div class=\"w-vwrapper usg_vwrapper_1 align_none valign_top\"><div class=\"w-post-elm post_image usg_post_image_1 has_ratio\"><a href=\"https:\/\/www.euromat.be\/fr\/specialist\/jules-bureau\/\" aria-label=\"Jules Bureau\"><img loading=\"lazy\" decoding=\"async\" width=\"1500\" height=\"2000\" src=\"https:\/\/www.euromat.be\/wp-content\/uploads\/209-scaled.jpg\" class=\"attachment-full size-full wp-post-image\" alt=\"\" title=\"\"><\/a><div style=\"padding-bottom:100%\"><\/div><\/div><h4 class=\"w-post-elm post_title usg_post_title_1 has_text_color entry-title\">Jules Bureau<\/h4><p class=\"w-post-elm post_custom_field usg_post_custom_field_1 has_text_color type_text regio\"><span class=\"w-post-elm-value\">R\u00e9gion Bruxelles-Wallonie<\/span><\/p><p class=\"w-post-elm post_custom_field usg_post_custom_field_2 has_text_color type_text specialiteit has_height\"><span class=\"w-post-elm-value\">Compresseurs stationnaires<\/span><\/p><p class=\"w-post-elm post_custom_field usg_post_custom_field_3 has_text_color type_text telefoon\"><i class=\"fas fa-phone\"><\/i><a href=\"tel:+32486101005\"><span class=\"w-post-elm-value\">+32 486 10 10 05<\/span><\/a><\/p><p class=\"w-post-elm post_custom_field usg_post_custom_field_4 has_text_color type_text email\"><i class=\"fas fa-envelope\"><\/i><a href=\"mailto:jules.bureau@euromat.be\"><span class=\"w-post-elm-value\">jules.bureau@euromat.be<\/span><\/a><\/p><\/div>\t\t<\/div>\r\n\t\t\t<\/article>\r\n<\/div>\t<div class=\"w-grid-preloader\">\r\n\t\t<div class=\"g-preloader type_1\">\r\n\t\t\t<div><\/div>\r\n\t\t<\/div>\r\n\t<\/div>\r\n\t\t<div class=\"w-grid-json hidden\" onclick='return {&quot;action&quot;:&quot;us_ajax_grid&quot;,&quot;infinite_scroll&quot;:0,&quot;max_num_pages&quot;:1,&quot;pagination&quot;:&quot;none&quot;,&quot;template_vars&quot;:{&quot;columns&quot;:&quot;4&quot;,&quot;exclude_items&quot;:&quot;none&quot;,&quot;img_size&quot;:&quot;default&quot;,&quot;ignore_items_size&quot;:0,&quot;items_layout&quot;:&quot;728&quot;,&quot;items_offset&quot;:&quot;1&quot;,&quot;load_animation&quot;:&quot;none&quot;,&quot;overriding_link&quot;:&quot;%7B%22url%22%3A%22%22%7D&quot;,&quot;post_id&quot;:0,&quot;query_args&quot;:{&quot;ignore_sticky_posts&quot;:1,&quot;post_type&quot;:&quot;any&quot;,&quot;post__in&quot;:[&quot;5044&quot;,&quot;7130&quot;,&quot;5045&quot;,&quot;7267&quot;],&quot;tax_query&quot;:[{&quot;taxonomy&quot;:&quot;product_visibility&quot;,&quot;field&quot;:&quot;slug&quot;,&quot;terms&quot;:[&quot;exclude-from-catalog&quot;],&quot;operator&quot;:&quot;NOT IN&quot;}],&quot;posts_per_page&quot;:&quot;4&quot;},&quot;orderby_query_args&quot;:{&quot;orderby&quot;:{&quot;post__in&quot;:&quot;ASC&quot;},&quot;order&quot;:&quot;ASC&quot;},&quot;type&quot;:&quot;grid&quot;,&quot;us_grid_post_type&quot;:&quot;ids&quot;,&quot;us_grid_ajax_index&quot;:1,&quot;us_grid_filter_query_string&quot;:null,&quot;us_grid_index&quot;:1,&quot;page_args&quot;:[],&quot;lang&quot;:&quot;fr&quot;}}'><\/div>\r\n\t<\/div><\/div><\/div><\/div><\/div><\/div><\/section><section class=\"l-section wpb_row klantenreviews height_auto\"><div class=\"l-section-h i-cf\"><div class=\"g-cols vc_row via_flex valign_top type_default stacking_default\"><div class=\"vc_col-sm-12 wpb_column vc_column_container\"><div class=\"vc_column-inner\"><div class=\"wpb_wrapper\"><section class=\"l-section wpb_row klantenreviews height_medium width_full\"><div class=\"l-section-h i-cf\"><div class=\"g-cols vc_row via_flex valign_top type_default stacking_default\"><div class=\"vc_col-sm-12 wpb_column vc_column_container\"><div class=\"vc_column-inner\"><div class=\"wpb_wrapper\"><div class=\"w-grid us_carousel type_carousel layout_598 no_results preload_style_spinner\" id=\"us_grid_2\"><style>.layout_598 .w-grid-item-h{}.layout_598 .usg_post_custom_field_1{font-size:14px!important;font-style:italic!important}.layout_598 .usg_vwrapper_1{width:450px!important}.layout_598 .usg_post_title_1{font-weight:700!important}.layout_598 .usg_post_image_2{width:200px!important;height:200px!important;margin-left:auto!important;margin-bottom:20px!important;margin-right:auto!important}.layout_598 .usg_btn_1{position:absolute!important;left:30px!important;bottom:30px!important}@media (min-width:1025px) and (max-width:1380px){.layout_598 .usg_vwrapper_1{width:450px!important}.layout_598 .usg_btn_1{position:absolute!important;left:30px!important;bottom:30px!important}}@media (min-width:769px) and (max-width:1024px){.layout_598 .usg_vwrapper_1{width:700px!important}.layout_598 .usg_btn_1{position:absolute!important;left:30px!important;bottom:30px!important}}@media (max-width:768px){.layout_598 .usg_vwrapper_1{width:initial!important;margin-bottom:20px!important}.layout_598 .usg_btn_1{position:absolute!important;left:50%!important;bottom:30px!important;transform:translateX(-50%)!important}}<\/style><div class=\"w-grid-list owl-carousel valign_stretch dotstyle_circle navstyle_circle arrows-ver-pos_middle arrows-hor-pos_on_sides_outside arrows-disabled_hide owl-responsive-2000 autoheight\" style=\"--transition-duration:350ms;\"><\/div><div class=\"w-grid-carousel-json hidden\" onclick='return {&quot;carousel_settings&quot;:{&quot;aria_labels&quot;:{&quot;prev&quot;:&quot;Pr\\u00e9c\\u00e9dent&quot;,&quot;next&quot;:&quot;Suivant&quot;},&quot;autoplayContinual&quot;:false,&quot;autoplayHoverPause&quot;:false,&quot;autoplayTimeout&quot;:5000,&quot;autoWidth&quot;:false,&quot;smartSpeed&quot;:350,&quot;margin&quot;:0,&quot;mouseDrag&quot;:true,&quot;rtl&quot;:false,&quot;slideBy&quot;:&quot;1&quot;,&quot;touchDrag&quot;:true,&quot;slideTransition&quot;:&quot;&quot;,&quot;animateIn&quot;:&quot;fadeIn&quot;,&quot;animateOut&quot;:&quot;fadeOut&quot;,&quot;responsive&quot;:{&quot;0&quot;:{&quot;autoHeight&quot;:true,&quot;autoplay&quot;:false,&quot;autoWidth&quot;:false,&quot;center&quot;:false,&quot;dots&quot;:false,&quot;items&quot;:1,&quot;loop&quot;:false,&quot;nav&quot;:false,&quot;stagePadding&quot;:0,&quot;slideBy&quot;:&quot;1&quot;},&quot;769&quot;:{&quot;autoHeight&quot;:true,&quot;autoplay&quot;:false,&quot;autoWidth&quot;:false,&quot;center&quot;:false,&quot;dots&quot;:false,&quot;items&quot;:1,&quot;loop&quot;:false,&quot;nav&quot;:false,&quot;stagePadding&quot;:0,&quot;slideBy&quot;:&quot;1&quot;},&quot;1025&quot;:{&quot;autoHeight&quot;:true,&quot;autoplay&quot;:false,&quot;autoWidth&quot;:false,&quot;center&quot;:false,&quot;dots&quot;:false,&quot;items&quot;:1,&quot;loop&quot;:false,&quot;nav&quot;:false,&quot;stagePadding&quot;:0,&quot;slideBy&quot;:&quot;1&quot;},&quot;1381&quot;:{&quot;items&quot;:1,&quot;autoplay&quot;:false,&quot;center&quot;:false,&quot;dots&quot;:false,&quot;nav&quot;:false,&quot;autoHeight&quot;:true,&quot;autoWidth&quot;:false,&quot;loop&quot;:false,&quot;stagePadding&quot;:0}}}}'><\/div><\/div><div class=\"w-grid-none type_message\">Aucun r\u00e9sultat.<\/div><\/div><\/div><\/div><\/div><\/div><\/section>\n<\/div><\/div><\/div><\/div><\/div><\/section><section class=\"l-section wpb_row height_auto width_full\"><div class=\"l-section-h i-cf\"><div class=\"g-cols vc_row via_flex valign_top type_default stacking_default\"><div class=\"vc_col-sm-12 wpb_column vc_column_container\"><div class=\"vc_column-inner\"><div class=\"wpb_wrapper\"><section class=\"l-section wpb_row us_custom_32db810e bottomusps height_small width_full\"><div class=\"l-section-h i-cf\"><div class=\"g-cols vc_row via_flex valign_top type_default stacking_default\"><div class=\"vc_col-sm-6 vc_col-lg-3 vc_col-md-6 wpb_column vc_column_container\"><div class=\"vc_column-inner\"><div class=\"wpb_wrapper\"><div class=\"w-iconbox iconpos_left style_circle color_custom align_none\"><div class=\"w-iconbox-icon\" style=\"font-size:2rem;--icon-color:#ffffff;--icon-bg-color:var(--color-blue);\"><i class=\"fas fa-chalkboard-teacher\"><\/i><\/div><div class=\"w-iconbox-meta\"><h4 class=\"w-iconbox-title\">Savoir-faire depuis 1973<\/h4><div class=\"w-iconbox-text\"><p>Connu depuis 1973 pour nos vastes connaissances et notre service familial<\/p>\n<\/div><\/div><\/div><\/div><\/div><\/div><div class=\"vc_col-sm-6 vc_col-lg-3 vc_col-md-6 wpb_column vc_column_container\"><div class=\"vc_column-inner\"><div class=\"wpb_wrapper\"><div class=\"w-iconbox iconpos_left style_circle color_custom align_none\"><div class=\"w-iconbox-icon\" style=\"font-size:2rem;--icon-color:#ffffff;--icon-bg-color:var(--color-blue);\"><i class=\"fas fa-boxes\"><\/i><\/div><div class=\"w-iconbox-meta\"><h4 class=\"w-iconbox-title\">Grande port\u00e9e<\/h4><div class=\"w-iconbox-text\"><p>Sp\u00e9cialiste de la location, de l&rsquo;air comprim\u00e9 et du traitement de surface<\/p>\n<\/div><\/div><\/div><\/div><\/div><\/div><div class=\"vc_col-sm-6 vc_col-lg-3 vc_col-md-6 wpb_column vc_column_container\"><div class=\"vc_column-inner\"><div class=\"wpb_wrapper\"><div class=\"w-iconbox iconpos_left style_circle color_custom align_none\"><div class=\"w-iconbox-icon\" style=\"font-size:2rem;--icon-color:#ffffff;--icon-bg-color:var(--color-blue);\"><i class=\"fas fa-phone-volume\"><\/i><\/div><div class=\"w-iconbox-meta\"><h4 class=\"w-iconbox-title\">Facile d&rsquo;acc\u00e8s<\/h4><div class=\"w-iconbox-text\"><p>Joignez-nous par t\u00e9l\u00e9phone \u00e0 toute heure de la journ\u00e9e ou passez dans l&rsquo;une de nos 5 succursales<\/p>\n<\/div><\/div><\/div><\/div><\/div><\/div><div class=\"vc_col-sm-6 vc_col-lg-3 vc_col-md-6 wpb_column vc_column_container\"><div class=\"vc_column-inner\"><div class=\"wpb_wrapper\"><div class=\"w-iconbox iconpos_left style_circle color_custom align_none\"><div class=\"w-iconbox-icon\" style=\"font-size:2rem;--icon-color:#ffffff;--icon-bg-color:var(--color-blue);\"><i class=\"fas fa-scroll\"><\/i><\/div><div class=\"w-iconbox-meta\"><h4 class=\"w-iconbox-title\">Certificat VCA<\/h4><div class=\"w-iconbox-text\"><p>Prouve que nous sommes une organisation s\u00fbre, fiable et comp\u00e9tente<\/p>\n<\/div><\/div><\/div><\/div><\/div><\/div><\/div><\/div><\/section>\n<\/div><\/div><\/div><\/div><\/div><\/section>\n","protected":false},"excerpt":{"rendered":"","protected":false},"author":1,"featured_media":0,"parent":0,"menu_order":7,"comment_status":"closed","ping_status":"closed","template":"","meta":{"_acf_changed":false,"footnotes":""},"class_list":["post-4497","page","type-page","status-publish","hentry"],"acf":[],"_links":{"self":[{"href":"https:\/\/www.euromat.be\/fr\/wp-json\/wp\/v2\/pages\/4497","targetHints":{"allow":["GET"]}}],"collection":[{"href":"https:\/\/www.euromat.be\/fr\/wp-json\/wp\/v2\/pages"}],"about":[{"href":"https:\/\/www.euromat.be\/fr\/wp-json\/wp\/v2\/types\/page"}],"author":[{"embeddable":true,"href":"https:\/\/www.euromat.be\/fr\/wp-json\/wp\/v2\/users\/1"}],"replies":[{"embeddable":true,"href":"https:\/\/www.euromat.be\/fr\/wp-json\/wp\/v2\/comments?post=4497"}],"version-history":[{"count":14,"href":"https:\/\/www.euromat.be\/fr\/wp-json\/wp\/v2\/pages\/4497\/revisions"}],"predecessor-version":[{"id":7314,"href":"https:\/\/www.euromat.be\/fr\/wp-json\/wp\/v2\/pages\/4497\/revisions\/7314"}],"wp:attachment":[{"href":"https:\/\/www.euromat.be\/fr\/wp-json\/wp\/v2\/media?parent=4497"}],"curies":[{"name":"wp","href":"https:\/\/api.w.org\/{rel}","templated":true}]}}