{"id":4504,"date":"2025-07-17T10:02:27","date_gmt":"2025-07-17T08:02:27","guid":{"rendered":"https:\/\/www.euromat.be\/vacatures\/"},"modified":"2026-01-07T11:13:27","modified_gmt":"2026-01-07T10:13:27","slug":"postes-vacants","status":"publish","type":"page","link":"https:\/\/www.euromat.be\/fr\/postes-vacants\/","title":{"rendered":"Postes vacants"},"content":{"rendered":"<section class=\"l-section wpb_row us_custom_fc0cc44e height_auto\"><div class=\"l-section-h i-cf\"><div class=\"g-cols vc_row via_flex valign_top type_default stacking_default\"><div class=\"vc_col-sm-12 wpb_column vc_column_container\"><div class=\"vc_column-inner\"><div class=\"wpb_wrapper\"><nav class=\"g-breadcrumbs us_custom_ec1a1564 has_text_color separator_icon align_none\" itemscope itemtype=\"http:\/\/schema.org\/BreadcrumbList\"><div class=\"g-breadcrumbs-item\" itemscope itemprop=\"itemListElement\" itemtype=\"http:\/\/schema.org\/ListItem\"><a itemprop=\"item\" href=\"https:\/\/www.euromat.be\/fr\/\"><span itemprop=\"name\">Accueil<\/span><\/a><meta itemprop=\"position\" content=\"1\"\/><\/div><div class=\"g-breadcrumbs-separator\"><i class=\"fal fa-angle-right\"><\/i><\/div><div class=\"g-breadcrumbs-item\">Pages<\/div><\/nav><\/div><\/div><\/div><\/div><\/div><\/section><section class=\"l-section wpb_row height_medium\"><div class=\"l-section-h i-cf\"><div class=\"g-cols vc_row via_flex valign_top type_default stacking_default\"><div class=\"vc_col-sm-12 vc_col-lg-9 vc_col-md-9 wpb_column vc_column_container\"><div class=\"vc_column-inner us_custom_fd6d9553\"><div class=\"wpb_wrapper\"><div class=\"wpb_text_column us_custom_9b8a5a32 has_text_color\"><div class=\"wpb_wrapper\"><h2>Euromat est toujours \u00e0 la recherche de collaborateurs motiv\u00e9s<\/h2>\n<\/div><\/div><div class=\"wpb_text_column\"><div class=\"wpb_wrapper\"><h1>Postes vacants<\/h1>\n<\/div><\/div><div class=\"w-separator size_small\"><\/div><div class=\"wpb_text_column\"><div class=\"wpb_wrapper\"><p>Vous rejoindrez une entreprise familiale, de deuxi\u00e8me g\u00e9n\u00e9ration, o\u00f9 tout le monde se conna\u00eet et o\u00f9 chacun peut utiliser son propre talent. Une organisation qui se d\u00e9veloppe en permanence et dans laquelle nous nous effor\u00e7ons de nous am\u00e9liorer. La volont\u00e9 de faire mieux demain qu\u2019aujourd\u2019hui. Euromat, o\u00f9 les bonnes initiatives et une communication positive ouverte sont appr\u00e9ci\u00e9es.<\/p>\n<p>Pour continuer \u00e0 construire Euromat, nous avons besoin des bonnes personnes. Parce que notre conviction la plus profonde est que les gens, comme vous, font la diff\u00e9rence.<\/p>\n<p>N\u2019h\u00e9sitez pas \u00e0 poser votre candidature spontan\u00e9e, m\u00eame si aucun poste n\u2019est vacant sur notre site web. Si vous \u00eates passionn\u00e9 d\u2019ing\u00e9nierie et que vous vous r\u00e9jouissez de travailler ensemble, envoyez votre CV \u00e0 <a href=\"mailto:hr@euromat.be\">hr@euromat.be<\/a>.<\/p>\n<\/div><\/div><div class=\"w-separator size_small\"><\/div><div class=\"w-btn-wrapper align_none\"><a class=\"w-btn us-btn-style_2\" href=\"#postes-vacants\"><span class=\"w-btn-label\">Nos postes vacants<\/span><\/a><\/div><div class=\"w-btn-wrapper align_none\"><a class=\"w-btn us-btn-style_5\" href=\"mailto:hr@euromat.be\"><span class=\"w-btn-label\">Candidature spontan\u00e9e<\/span><\/a><\/div><\/div><\/div><\/div><div class=\"vc_col-sm-12 vc_col-lg-3 vc_col-md-3 wpb_column vc_column_container iconboxhome\"><div class=\"vc_column-inner\"><div class=\"wpb_wrapper\"><\/div><\/div><\/div><\/div><\/div><\/section><section class=\"l-section wpb_row us_custom_614691e0 bottomusps has_text_color height_small width_full\"><div class=\"l-section-h i-cf\"><div class=\"g-cols vc_row via_flex valign_top type_default stacking_default\"><div class=\"vc_col-sm-6 vc_col-lg-1\/5 vc_col-md-4 vc_col-xs-6 wpb_column vc_column_container\"><div class=\"vc_column-inner\"><div class=\"wpb_wrapper\"><div class=\"w-iconbox iconpos_top style_circle color_custom align_center no_text\"><div class=\"w-iconbox-icon\" style=\"font-size:2rem;--icon-color:#ffffff;--icon-bg-color:var(--color-blue);\"><i class=\"fas fa-house-user\"><\/i><\/div><div class=\"w-iconbox-meta\"><h4 class=\"w-iconbox-title\">Entreprise familiale avec un fort esprit d&rsquo;\u00e9quipe<\/h4><\/div><\/div><\/div><\/div><\/div><div class=\"vc_col-sm-6 vc_col-lg-1\/5 vc_col-md-4 vc_col-xs-6 wpb_column vc_column_container\"><div class=\"vc_column-inner\"><div class=\"wpb_wrapper\"><div class=\"w-iconbox iconpos_top style_circle color_custom align_center no_text\"><div class=\"w-iconbox-icon\" style=\"font-size:2rem;--icon-color:#ffffff;--icon-bg-color:var(--color-blue);\"><i class=\"fas fa-chart-line\"><\/i><\/div><div class=\"w-iconbox-meta\"><h4 class=\"w-iconbox-title\">Une organisation saine et en pleine croissance<\/h4><\/div><\/div><\/div><\/div><\/div><div class=\"vc_col-sm-6 vc_col-lg-1\/5 vc_col-md-4 vc_col-xs-6 wpb_column vc_column_container\"><div class=\"vc_column-inner\"><div class=\"wpb_wrapper\"><div class=\"w-iconbox iconpos_top style_circle color_custom align_center no_text\"><div class=\"w-iconbox-icon\" style=\"font-size:2rem;--icon-color:#ffffff;--icon-bg-color:var(--color-blue);\"><i class=\"fas fa-lightbulb\"><\/i><\/div><div class=\"w-iconbox-meta\"><h4 class=\"w-iconbox-title\">Place \u00e0 l&rsquo;initiative et \u00e0 la cr\u00e9ativit\u00e9<\/h4><\/div><\/div><\/div><\/div><\/div><div class=\"vc_col-sm-6 vc_col-lg-1\/5 vc_col-md-4 vc_col-xs-6 wpb_column vc_column_container\"><div class=\"vc_column-inner\"><div class=\"wpb_wrapper\"><div class=\"w-iconbox iconpos_top style_circle color_custom align_center no_text\"><div class=\"w-iconbox-icon\" style=\"font-size:2rem;--icon-color:#ffffff;--icon-bg-color:var(--color-blue);\"><i class=\"fas fa-check\"><\/i><\/div><div class=\"w-iconbox-meta\"><h4 class=\"w-iconbox-title\">Des conditions d&#8217;emploi ad\u00e9quates et conformes au march\u00e9<\/h4><\/div><\/div><\/div><\/div><\/div><div class=\"vc_col-sm-6 vc_col-lg-1\/5 vc_col-md-4 vc_col-xs-6 wpb_column vc_column_container\"><div class=\"vc_column-inner\"><div class=\"wpb_wrapper\"><div class=\"w-iconbox iconpos_top style_circle color_custom align_center no_text\"><div class=\"w-iconbox-icon\" style=\"font-size:2rem;--icon-color:#ffffff;--icon-bg-color:var(--color-blue);\"><i class=\"far fa-smile\"><\/i><\/div><div class=\"w-iconbox-meta\"><h4 class=\"w-iconbox-title\">Un travail vari\u00e9 et passionnant<\/h4><\/div><\/div><\/div><\/div><\/div><\/div><\/div><\/section><section class=\"l-section wpb_row height_medium\" id=\"postes-vacants\"><div class=\"l-section-h i-cf\"><div class=\"g-cols vc_row via_flex valign_top type_default stacking_default\"><div class=\"vc_col-sm-12 wpb_column vc_column_container\"><div class=\"vc_column-inner\"><div class=\"wpb_wrapper\"><div class=\"wpb_text_column lineunderh3\"><div class=\"wpb_wrapper\"><h3>Faites partie de l&rsquo;\u00e9quipe d&rsquo;Euromat<\/h3>\n<\/div><\/div><div class=\"w-separator size_medium\"><\/div><div class=\"w-grid us_grid with_filters type_grid layout_1171 vacaturegrid cols_2 preload_style_spinner\" id=\"us_grid_1\" style=\"--columns:2;--gap:1.5rem;\"><style>@media (max-width:768px){#us_grid_1{--columns:1!important}}.layout_1171 .w-grid-item-h{}.layout_1171 .usg_post_title_1{color:var(--color-darkblue)!important;margin-bottom:15px!important}.layout_1171 .usg_vwrapper_2{padding:40px 25px 90px 25px!important}.layout_1171 .usg_hwrapper_1{color:var(--color-lightblue)!important}.layout_1171 .usg_text_2{color:var(--color-lightblue)!important;padding-bottom:5px!important;border-bottom-width:1px!important;border-color:var(--color-lightblue)!important;position:absolute!important;left:25px!important;bottom:30px!important;border-bottom-style:solid!important}<\/style><div class=\"g-filters style_1 align_center\"><button class=\"g-filters-item active\" data-taxonomy=\"*\"><span>All<\/span><\/button><button class=\"g-filters-item\" data-taxonomy=\"gosselies\" data-amount=\"1\"><span>Gosselies<\/span><span class=\"g-filters-item-amount\">1<\/span><\/button><button class=\"g-filters-item\" data-taxonomy=\"machelen\" data-amount=\"0\"><span>Machelen<\/span><span class=\"g-filters-item-amount\">0<\/span><\/button><button class=\"g-filters-item\" data-taxonomy=\"oostakker\" data-amount=\"0\"><span>Oostakker<\/span><span class=\"g-filters-item-amount\">0<\/span><\/button><button class=\"g-filters-item\" data-taxonomy=\"tielt\" data-amount=\"0\"><span>Tielt<\/span><span class=\"g-filters-item-amount\">0<\/span><\/button><button class=\"g-filters-item\" data-taxonomy=\"wijnegem\" data-amount=\"1\"><span>Wijnegem<\/span><span class=\"g-filters-item-amount\">1<\/span><\/button><\/div><div class=\"w-grid-list\" data-filter_taxonomy_name=\"locatie-vacatures\">\t<article class=\"w-grid-item size_1x1 post-5110 vacature type-vacature status-publish has-post-thumbnail hentry locatie-vacatures-gosselies\" data-id=\"5110\">\r\n\t\t<div class=\"w-grid-item-h\">\r\n\t\t\t\t\t\t\t<a href=\"https:\/\/www.euromat.be\/fr\/postes-vacants\/responsable-technique\/\" class=\"w-grid-item-anchor\" aria-label=\"Responsable Technique\"><\/a>\r\n\t\t\t\t\t\t<div class=\"w-vwrapper usg_vwrapper_2 align_none valign_top\"><h4 class=\"w-post-elm post_title usg_post_title_1 has_text_color entry-title color_link_inherit\">Responsable Technique<\/h4><div class=\"w-hwrapper usg_hwrapper_1 has_text_color align_none valign_top\"><div class=\"w-post-elm post_custom_field usg_post_custom_field_1 type_text locatie color_link_inherit\"><i class=\"fal fa-map-marker-alt\"><\/i><span class=\"w-post-elm-value\">Gosselies<\/span><\/div><div class=\"w-post-elm post_custom_field usg_post_custom_field_2 type_text regime color_link_inherit\"><i class=\"fal fa-hard-hat\"><\/i><span class=\"w-post-elm-value\">\u00c0 temps plein<\/span><\/div><\/div><div class=\"w-post-elm post_custom_field usg_post_custom_field_3 type_text inleiding color_link_inherit\"><span class=\"w-post-elm-value\">En tant qu'assistant administratif technique commercial, vous serez coresponsable de l'organisation et de l'administration de la succursale.<\/span><\/div><span class=\"w-text usg_text_2 has_text_color icon_atleft\"><span class=\"w-text-h\"><i class=\"far fa-arrow-up\"><\/i><span class=\"w-text-value\">Plus d&rsquo;infos<\/span><\/span><\/span><\/div>\t\t<\/div>\r\n\t\t\t<\/article>\r\n\t<article class=\"w-grid-item size_1x1 post-5120 vacature type-vacature status-publish has-post-thumbnail hentry\" data-id=\"5120\">\r\n\t\t<div class=\"w-grid-item-h\">\r\n\t\t\t\t\t\t\t<a href=\"https:\/\/www.euromat.be\/fr\/postes-vacants\/technicien-mecanicien\/\" class=\"w-grid-item-anchor\" aria-label=\"Technicien &#8211; M\u00e9canicien\"><\/a>\r\n\t\t\t\t\t\t<div class=\"w-vwrapper usg_vwrapper_2 align_none valign_top\"><h4 class=\"w-post-elm post_title usg_post_title_1 has_text_color entry-title color_link_inherit\">Technicien &#8211; M\u00e9canicien<\/h4><div class=\"w-hwrapper usg_hwrapper_1 has_text_color align_none valign_top\"><div class=\"w-post-elm post_custom_field usg_post_custom_field_1 type_text locatie color_link_inherit\"><i class=\"fal fa-map-marker-alt\"><\/i><span class=\"w-post-elm-value\">Toutes les branches<\/span><\/div><div class=\"w-post-elm post_custom_field usg_post_custom_field_2 type_text regime color_link_inherit\"><i class=\"fal fa-hard-hat\"><\/i><span class=\"w-post-elm-value\">\u00c0 temps plein<\/span><\/div><\/div><div class=\"w-post-elm post_custom_field usg_post_custom_field_3 type_text inleiding color_link_inherit\"><span class=\"w-post-elm-value\">Vous avez une formation technique en m\u00e9canique automobile et des connaissances en \u00e9lectricit\u00e9, hydraulique et pneumatique.<\/span><\/div><span class=\"w-text usg_text_2 has_text_color icon_atleft\"><span class=\"w-text-h\"><i class=\"far fa-arrow-up\"><\/i><span class=\"w-text-value\">Plus d&rsquo;infos<\/span><\/span><\/span><\/div>\t\t<\/div>\r\n\t\t\t<\/article>\r\n\t<article class=\"w-grid-item size_1x1 post-5121 vacature type-vacature status-publish has-post-thumbnail hentry\" data-id=\"5121\">\r\n\t\t<div class=\"w-grid-item-h\">\r\n\t\t\t\t\t\t\t<a href=\"https:\/\/www.euromat.be\/fr\/postes-vacants\/consultant-en-location\/\" class=\"w-grid-item-anchor\" aria-label=\"Consultant en location\"><\/a>\r\n\t\t\t\t\t\t<div class=\"w-vwrapper usg_vwrapper_2 align_none valign_top\"><h4 class=\"w-post-elm post_title usg_post_title_1 has_text_color entry-title color_link_inherit\">Consultant en location<\/h4><div class=\"w-hwrapper usg_hwrapper_1 has_text_color align_none valign_top\"><div class=\"w-post-elm post_custom_field usg_post_custom_field_1 type_text locatie color_link_inherit\"><i class=\"fal fa-map-marker-alt\"><\/i><span class=\"w-post-elm-value\">Toutes les branches<\/span><\/div><div class=\"w-post-elm post_custom_field usg_post_custom_field_2 type_text regime color_link_inherit\"><i class=\"fal fa-hard-hat\"><\/i><span class=\"w-post-elm-value\">\u00c0 temps plein<\/span><\/div><\/div><div class=\"w-post-elm post_custom_field usg_post_custom_field_3 type_text inleiding color_link_inherit\"><span class=\"w-post-elm-value\">Un v\u00e9ritable engagement \u00e0 suivre de pr\u00e8s les clients et \u00e0 assurer leur satisfaction.<\/span><\/div><span class=\"w-text usg_text_2 has_text_color icon_atleft\"><span class=\"w-text-h\"><i class=\"far fa-arrow-up\"><\/i><span class=\"w-text-value\">Plus d&rsquo;infos<\/span><\/span><\/span><\/div>\t\t<\/div>\r\n\t\t\t<\/article>\r\n\t<article class=\"w-grid-item size_1x1 post-5122 vacature type-vacature status-publish hentry locatie-vacatures-wijnegem\" data-id=\"5122\">\r\n\t\t<div class=\"w-grid-item-h\">\r\n\t\t\t\t\t\t\t<a href=\"https:\/\/www.euromat.be\/fr\/postes-vacants\/senior-business-controleur\/\" class=\"w-grid-item-anchor\" aria-label=\"Senior Business Contr\u00f4leur\"><\/a>\r\n\t\t\t\t\t\t<div class=\"w-vwrapper usg_vwrapper_2 align_none valign_top\"><h4 class=\"w-post-elm post_title usg_post_title_1 has_text_color entry-title color_link_inherit\">Senior Business Contr\u00f4leur<\/h4><div class=\"w-hwrapper usg_hwrapper_1 has_text_color align_none valign_top\"><div class=\"w-post-elm post_custom_field usg_post_custom_field_1 type_text locatie color_link_inherit\"><i class=\"fal fa-map-marker-alt\"><\/i><span class=\"w-post-elm-value\">Wijnegem<\/span><\/div><div class=\"w-post-elm post_custom_field usg_post_custom_field_2 type_text regime color_link_inherit\"><i class=\"fal fa-hard-hat\"><\/i><span class=\"w-post-elm-value\">\u00c0 temps plein<\/span><\/div><\/div><div class=\"w-post-elm post_custom_field usg_post_custom_field_3 type_text inleiding color_link_inherit\"><span class=\"w-post-elm-value\">En tant que Senior Business Controller, vous faites le lien entre les chiffres et les op\u00e9rations commerciales en r\u00e9alisant des analyses pointues sur, entre autres, les marges et la performance commerciale. Vous soutenez \u00e0 la fois l\u2019\u00e9quipe de direction, les ventes et les op\u00e9rations en fournissant des insights solides et fond\u00e9s.<\/span><\/div><span class=\"w-text usg_text_2 has_text_color icon_atleft\"><span class=\"w-text-h\"><i class=\"far fa-arrow-up\"><\/i><span class=\"w-text-value\">Plus d&rsquo;infos<\/span><\/span><\/span><\/div>\t\t<\/div>\r\n\t\t\t<\/article>\r\n<\/div>\t<div class=\"w-grid-preloader\">\r\n\t\t<div class=\"g-preloader type_1\">\r\n\t\t\t<div><\/div>\r\n\t\t<\/div>\r\n\t<\/div>\r\n\t\t<div class=\"w-grid-json hidden\" onclick='return {&quot;action&quot;:&quot;us_ajax_grid&quot;,&quot;infinite_scroll&quot;:0,&quot;max_num_pages&quot;:1,&quot;pagination&quot;:&quot;none&quot;,&quot;template_vars&quot;:{&quot;columns&quot;:&quot;2&quot;,&quot;exclude_items&quot;:&quot;none&quot;,&quot;img_size&quot;:&quot;default&quot;,&quot;ignore_items_size&quot;:0,&quot;items_layout&quot;:&quot;1171&quot;,&quot;items_offset&quot;:&quot;1&quot;,&quot;load_animation&quot;:&quot;none&quot;,&quot;overriding_link&quot;:&quot;%7B%22type%22%3A%22post%22%7D&quot;,&quot;post_id&quot;:0,&quot;query_args&quot;:{&quot;post_type&quot;:[&quot;vacature&quot;],&quot;post_status&quot;:[&quot;publish&quot;,&quot;acf-disabled&quot;,&quot;wc-ywraq-new&quot;,&quot;wc-ywraq-pending&quot;,&quot;wc-ywraq-expired&quot;,&quot;wc-ywraq-accepted&quot;,&quot;wc-ywraq-rejected&quot;],&quot;posts_per_page&quot;:999},&quot;orderby_query_args&quot;:{&quot;orderby&quot;:{&quot;date&quot;:&quot;ASC&quot;}},&quot;type&quot;:&quot;grid&quot;,&quot;us_grid_post_type&quot;:&quot;vacature&quot;,&quot;us_grid_ajax_index&quot;:1,&quot;us_grid_filter_query_string&quot;:null,&quot;us_grid_index&quot;:1,&quot;page_args&quot;:[],&quot;lang&quot;:&quot;fr&quot;}}'><\/div>\r\n\t<\/div><\/div><\/div><\/div><\/div><\/div><\/section><section class=\"l-section wpb_row height_medium\"><div class=\"l-section-h i-cf\"><div class=\"g-cols vc_row via_flex valign_top type_default stacking_default\"><div class=\"vc_col-sm-12 wpb_column vc_column_container\"><div class=\"vc_column-inner\"><div class=\"wpb_wrapper\"><div class=\"wpb_text_column lineunderh3\"><div class=\"wpb_wrapper\"><h3>D\u00e9couvrez l&rsquo;\u00e9quipe Euromat<\/h3>\n<\/div><\/div><div class=\"w-separator size_medium\"><\/div><div class=\"w-grid us_carousel type_carousel layout_792 picturecarroussel preload_style_spinner items_5\" id=\"us_grid_2\" style=\"--items:5;--gap:1rem;\"><style>.layout_792 .w-grid-item-h{}<\/style><div class=\"w-grid-list owl-carousel valign_stretch dotstyle_circle navstyle_circle arrows-ver-pos_middle arrows-hor-pos_on_sides_outside arrows-disabled_hide owl-responsive-2000 with_dots\" style=\"--transition-duration:350ms;\">\t<article class=\"w-grid-item post-555 attachment type-attachment status-inherit hentry\" data-id=\"555\">\r\n\t\t<div class=\"w-grid-item-h\">\r\n\t\t\t\t\t\t<div class=\"w-post-elm post_image usg_post_image_1 has_ratio\"><a ref=\"magnificPopup\" href=\"https:\/\/www.euromat.be\/wp-content\/uploads\/2025\/07\/Wijnegem.jpg\" aria-label=\"Wijnegem\"><img loading=\"lazy\" decoding=\"async\" width=\"1536\" height=\"1024\" src=\"https:\/\/www.euromat.be\/wp-content\/uploads\/2025\/07\/Wijnegem.jpg\" class=\"attachment-full size-full\" alt=\"\" title=\"\"><\/a><div style=\"padding-bottom:100%\"><\/div><\/div>\t\t<\/div>\r\n\t\t\t<\/article>\r\n\t<article class=\"w-grid-item post-553 attachment type-attachment status-inherit hentry\" data-id=\"553\">\r\n\t\t<div class=\"w-grid-item-h\">\r\n\t\t\t\t\t\t<div class=\"w-post-elm post_image usg_post_image_1 has_ratio\"><a ref=\"magnificPopup\" href=\"https:\/\/www.euromat.be\/wp-content\/uploads\/2025\/07\/Tielt.jpg\" aria-label=\"Tielt\"><img loading=\"lazy\" decoding=\"async\" width=\"1536\" height=\"1024\" src=\"https:\/\/www.euromat.be\/wp-content\/uploads\/2025\/07\/Tielt.jpg\" class=\"attachment-full size-full\" alt=\"\" title=\"\"><\/a><div style=\"padding-bottom:100%\"><\/div><\/div>\t\t<\/div>\r\n\t\t\t<\/article>\r\n\t<article class=\"w-grid-item post-551 attachment type-attachment status-inherit hentry\" data-id=\"551\">\r\n\t\t<div class=\"w-grid-item-h\">\r\n\t\t\t\t\t\t<div class=\"w-post-elm post_image usg_post_image_1 has_ratio\"><a ref=\"magnificPopup\" href=\"https:\/\/www.euromat.be\/wp-content\/uploads\/2025\/07\/Machelen.jpg\" aria-label=\"Machelen\"><img loading=\"lazy\" decoding=\"async\" width=\"1536\" height=\"1024\" src=\"https:\/\/www.euromat.be\/wp-content\/uploads\/2025\/07\/Machelen.jpg\" class=\"attachment-full size-full\" alt=\"\" title=\"\"><\/a><div style=\"padding-bottom:100%\"><\/div><\/div>\t\t<\/div>\r\n\t\t\t<\/article>\r\n\t<article class=\"w-grid-item post-549 attachment type-attachment status-inherit hentry\" data-id=\"549\">\r\n\t\t<div class=\"w-grid-item-h\">\r\n\t\t\t\t\t\t<div class=\"w-post-elm post_image usg_post_image_1 has_ratio\"><a ref=\"magnificPopup\" href=\"https:\/\/www.euromat.be\/wp-content\/uploads\/2025\/07\/Gent.jpg\" aria-label=\"Gent\"><img loading=\"lazy\" decoding=\"async\" width=\"1536\" height=\"1024\" src=\"https:\/\/www.euromat.be\/wp-content\/uploads\/2025\/07\/Gent.jpg\" class=\"attachment-full size-full\" alt=\"\" title=\"\"><\/a><div style=\"padding-bottom:100%\"><\/div><\/div>\t\t<\/div>\r\n\t\t\t<\/article>\r\n\t<article class=\"w-grid-item post-547 attachment type-attachment status-inherit hentry\" data-id=\"547\">\r\n\t\t<div class=\"w-grid-item-h\">\r\n\t\t\t\t\t\t<div class=\"w-post-elm post_image usg_post_image_1 has_ratio\"><a ref=\"magnificPopup\" href=\"https:\/\/www.euromat.be\/wp-content\/uploads\/2025\/07\/Charleroi.jpg\" aria-label=\"Charleroi\"><img loading=\"lazy\" decoding=\"async\" width=\"1536\" height=\"1024\" src=\"https:\/\/www.euromat.be\/wp-content\/uploads\/2025\/07\/Charleroi.jpg\" class=\"attachment-full size-full\" alt=\"\" title=\"\"><\/a><div style=\"padding-bottom:100%\"><\/div><\/div>\t\t<\/div>\r\n\t\t\t<\/article>\r\n<\/div><div class=\"w-grid-carousel-json hidden\" onclick='return {&quot;carousel_settings&quot;:{&quot;aria_labels&quot;:{&quot;prev&quot;:&quot;Pr\\u00e9c\\u00e9dent&quot;,&quot;next&quot;:&quot;Suivant&quot;},&quot;autoplayContinual&quot;:false,&quot;autoplayHoverPause&quot;:false,&quot;autoplayTimeout&quot;:3000,&quot;autoWidth&quot;:false,&quot;smartSpeed&quot;:350,&quot;margin&quot;:0,&quot;mouseDrag&quot;:true,&quot;rtl&quot;:false,&quot;slideBy&quot;:&quot;1&quot;,&quot;touchDrag&quot;:true,&quot;slideTransition&quot;:&quot;&quot;,&quot;responsive&quot;:{&quot;0&quot;:{&quot;autoHeight&quot;:false,&quot;autoplay&quot;:true,&quot;autoWidth&quot;:false,&quot;center&quot;:false,&quot;dots&quot;:true,&quot;items&quot;:2,&quot;loop&quot;:false,&quot;nav&quot;:false,&quot;stagePadding&quot;:0,&quot;slideBy&quot;:&quot;1&quot;},&quot;769&quot;:{&quot;autoHeight&quot;:false,&quot;autoplay&quot;:true,&quot;autoWidth&quot;:false,&quot;center&quot;:false,&quot;dots&quot;:true,&quot;items&quot;:2,&quot;loop&quot;:false,&quot;nav&quot;:false,&quot;stagePadding&quot;:0,&quot;slideBy&quot;:&quot;1&quot;},&quot;1025&quot;:{&quot;autoHeight&quot;:false,&quot;autoplay&quot;:true,&quot;autoWidth&quot;:false,&quot;center&quot;:false,&quot;dots&quot;:true,&quot;items&quot;:3,&quot;loop&quot;:false,&quot;nav&quot;:false,&quot;stagePadding&quot;:0,&quot;slideBy&quot;:&quot;1&quot;},&quot;1381&quot;:{&quot;items&quot;:5,&quot;autoplay&quot;:true,&quot;center&quot;:false,&quot;dots&quot;:true,&quot;nav&quot;:false,&quot;autoHeight&quot;:false,&quot;autoWidth&quot;:false,&quot;loop&quot;:false,&quot;stagePadding&quot;:0}}}}'><\/div><\/div><\/div><\/div><\/div><\/div><\/div><\/section><section class=\"l-section wpb_row height_medium\"><div class=\"l-section-h i-cf\"><div class=\"g-cols vc_row via_flex valign_top type_default stacking_default\"><div class=\"vc_col-sm-12 wpb_column vc_column_container\"><div class=\"vc_column-inner\"><div class=\"wpb_wrapper\"><div class=\"wpb_text_column us_custom_9b8a5a32 has_text_color\"><div class=\"wpb_wrapper\"><h4>SODA+ PROJET SOCIAL<\/h4>\n<\/div><\/div><div class=\"w-separator size_medium\"><\/div><div class=\"g-cols wpb_row via_flex valign_top type_default stacking_default\"><div class=\"vc_col-sm-7 wpb_column vc_column_container\"><div class=\"vc_column-inner\"><div class=\"wpb_wrapper\"><div class=\"wpb_text_column\"><div class=\"wpb_wrapper\"><p>Euromat NV s\u2019engage aujourd\u2019hui dans la Responsabilit\u00e9 Soci\u00e9tale des Entreprises et sponsorise le projet Soda+. Cette ASBL Soda+ accompagne les \u00e9coles dans la promotion des attitudes professionnelles chez leurs \u00e9l\u00e8ves. Tous les \u00e9l\u00e8ves faisant preuve de discipline, d\u2019ordre, de ponctualit\u00e9 et d\u2019une attitude positive re\u00e7oivent un certificat Soda+ \u00e0 l\u2019\u00e9cole.Gr\u00e2ce \u00e0 leur engagement et \u00e0 leur motivation, ces \u00e9l\u00e8ves trouvent plus facilement un emploi. Bien entendu, ces \u00e9l\u00e8ves sont les bienvenus chez Euromat pour effectuer un stage ou un job de vacances dans l\u2019une de nos filiales Euromat, ou bien s\u00fbr apr\u00e8s leurs \u00e9tudes pour obtenir un emploi fixe ! N\u2019h\u00e9sitez pas \u00e0 envoyer un email \u00e0 <a href=\"mailto:hr@euromat.be\">hr@euromat.be<\/a> si vous souhaitez un stage, un job de vacances ou un contrat fixe.<\/p>\n<p>Vous trouverez plus d\u2019informations sur<br \/>\n<a href=\"https:\/\/sodaplus.be\/nl-be\/maatschappelijk-project\" target=\"_blank\" rel=\"noopener\">https:\/\/sodaplus.be\/nl-be\/maatschappelijk-project<\/a><\/p>\n<\/div><\/div><\/div><\/div><\/div><div class=\"vc_col-sm-1 wpb_column vc_column_container\"><div class=\"vc_column-inner\"><div class=\"wpb_wrapper\"><\/div><\/div><\/div><div class=\"vc_col-sm-4 wpb_column vc_column_container\"><div class=\"vc_column-inner\"><div class=\"wpb_wrapper\"><div class=\"w-image us_custom_d9b33d06 align_right\"><div class=\"w-image-h\"><img decoding=\"async\" width=\"1200\" height=\"621\" src=\"https:\/\/www.euromat.be\/wp-content\/uploads\/2025\/07\/Soda.png\" class=\"attachment-full size-full\" alt=\"\" loading=\"lazy\" srcset=\"https:\/\/www.euromat.be\/wp-content\/uploads\/2025\/07\/Soda.png 1200w, https:\/\/www.euromat.be\/wp-content\/uploads\/2025\/07\/Soda-600x311.png 600w, https:\/\/www.euromat.be\/wp-content\/uploads\/2025\/07\/Soda-64x33.png 64w, https:\/\/www.euromat.be\/wp-content\/uploads\/2025\/07\/Soda-300x155.png 300w, https:\/\/www.euromat.be\/wp-content\/uploads\/2025\/07\/Soda-1024x530.png 1024w\" sizes=\"auto, (max-width: 1200px) 100vw, 1200px\" title=\"\"><\/div><\/div><\/div><\/div><\/div><\/div><\/div><\/div><\/div><\/div><\/div><\/section>\n","protected":false},"excerpt":{"rendered":"","protected":false},"author":1,"featured_media":0,"parent":0,"menu_order":18,"comment_status":"closed","ping_status":"closed","template":"","meta":{"_acf_changed":false,"footnotes":""},"class_list":["post-4504","page","type-page","status-publish","hentry"],"acf":[],"_links":{"self":[{"href":"https:\/\/www.euromat.be\/fr\/wp-json\/wp\/v2\/pages\/4504","targetHints":{"allow":["GET"]}}],"collection":[{"href":"https:\/\/www.euromat.be\/fr\/wp-json\/wp\/v2\/pages"}],"about":[{"href":"https:\/\/www.euromat.be\/fr\/wp-json\/wp\/v2\/types\/page"}],"author":[{"embeddable":true,"href":"https:\/\/www.euromat.be\/fr\/wp-json\/wp\/v2\/users\/1"}],"replies":[{"embeddable":true,"href":"https:\/\/www.euromat.be\/fr\/wp-json\/wp\/v2\/comments?post=4504"}],"version-history":[{"count":6,"href":"https:\/\/www.euromat.be\/fr\/wp-json\/wp\/v2\/pages\/4504\/revisions"}],"predecessor-version":[{"id":7264,"href":"https:\/\/www.euromat.be\/fr\/wp-json\/wp\/v2\/pages\/4504\/revisions\/7264"}],"wp:attachment":[{"href":"https:\/\/www.euromat.be\/fr\/wp-json\/wp\/v2\/media?parent=4504"}],"curies":[{"name":"wp","href":"https:\/\/api.w.org\/{rel}","templated":true}]}}