{"id":5158,"date":"2025-08-28T13:32:48","date_gmt":"2025-08-28T11:32:48","guid":{"rendered":"https:\/\/www.euromat.be\/offerte-aanvraag\/"},"modified":"2025-11-04T09:37:45","modified_gmt":"2025-11-04T08:37:45","slug":"offerte-aanvraag","status":"publish","type":"page","link":"https:\/\/www.euromat.be\/fr\/offerte-aanvraag\/","title":{"rendered":"Offerteaanvraag"},"content":{"rendered":"\n<div class=\"woocommerce ywraq-wrapper ywraq-empty ywraq-with-form\">\n\t\t\t<div id=\"yith-ywraq-message\"><div class=\"ywraq-question-message\">\n\t<\/div>\n<\/div>\n\t\t\n\t\t\t\t<div class=\"ywraq-form-table-wrapper wide\">\n\t\t\t<div class=\"ywraq-before-form\">\n\t<p class=\"ywraq_list_empty_message\">Votre liste est vide, ajoutez des produits \u00e0 la liste pour envoyer une demande.<p><p class=\"return-to-shop\"><a class=\"button wc-backward\" href=\"https:\/\/www.euromat.be\/machine-huren\/\">Verder winkelen<\/a><\/p><\/div>\n\t\t\t\t\t\t\t\t\t\t\t\t<div class=\"yith-ywraq-mail-form-wrapper\">\n\t<h3>Demander un devis<\/h3>\n\t<form id=\"yith-ywraq-default-form\" name=\"yith-ywraq-default-form\"\n\t\taction=\"https:\/\/www.euromat.be\/fr\/offerte-aanvraag\/\" method=\"post\"\n\t\tenctype=\"multipart\/form-data\">\n\t\t<input type=\"hidden\" id=\"yith-ywraq-default-form-sent\" name=\"yith-ywraq-default-form-sent\" value=\"1\">\n\t\t\t\t<p class=\"form-row form-row-first validate-required\" id=\"first_name_field\" data-priority=\"\"><label for=\"first_name\" class=\"required_field\">Pr\u00e9nom&nbsp;<span class=\"required\" aria-hidden=\"true\">*<\/span><\/label><span class=\"woocommerce-input-wrapper\"><input type=\"text\" class=\"input-text \" name=\"first_name\" id=\"first_name\" placeholder=\"\"  value=\"\" aria-required=\"true\" \/><\/span><\/p><p class=\"form-row form-row-last validate-required\" id=\"last_name_field\" data-priority=\"\"><label for=\"last_name\" class=\"required_field\">Nom&nbsp;<span class=\"required\" aria-hidden=\"true\">*<\/span><\/label><span class=\"woocommerce-input-wrapper\"><input type=\"text\" class=\"input-text \" name=\"last_name\" id=\"last_name\" placeholder=\"\"  value=\"\" aria-required=\"true\" \/><\/span><\/p><p class=\"form-row form-row-first validate-required\" id=\"bedrijfsnaam_field\" data-priority=\"\"><label for=\"bedrijfsnaam\" class=\"required_field\">Nom de l'entreprise&nbsp;<span class=\"required\" aria-hidden=\"true\">*<\/span><\/label><span class=\"woocommerce-input-wrapper\"><input type=\"text\" class=\"input-text \" name=\"bedrijfsnaam\" id=\"bedrijfsnaam\" placeholder=\"\"  value=\"\" aria-required=\"true\" \/><\/span><\/p><p class=\"form-row form-row-last validate-required\" id=\"btwnummer_field\" data-priority=\"\"><label for=\"btwnummer\" class=\"required_field\">Num\u00e9ro de TVA&nbsp;<span class=\"required\" aria-hidden=\"true\">*<\/span><\/label><span class=\"woocommerce-input-wrapper\"><input type=\"text\" class=\"input-text \" name=\"btwnummer\" id=\"btwnummer\" placeholder=\"\"  value=\"\" aria-required=\"true\" \/><\/span><\/p><p class=\"form-row form-row-wide validate-required\" id=\"email_field\" data-priority=\"\"><label for=\"email\" class=\"required_field\">E-mail&nbsp;<span class=\"required\" aria-hidden=\"true\">*<\/span><\/label><span class=\"woocommerce-input-wrapper\"><input type=\"email\" class=\"input-text \" name=\"email\" id=\"email\" placeholder=\"\"  value=\"\" aria-required=\"true\" \/><\/span><\/p><p class=\"form-row form-row-wide validate-required\" id=\"bezorgen_of_ophalen_field\" data-priority=\"\"><span class=\"woocommerce-input-wrapper\"><input type=\"radio\" class=\"input-radio \" value=\"Bezorgen\" name=\"bezorgen_of_ophalen\" aria-required=\"true\" id=\"bezorgen_of_ophalen_Bezorgen\" \/><label for=\"bezorgen_of_ophalen_Bezorgen\" class=\"radio required_field\">Livrer&nbsp;<span class=\"required\" aria-hidden=\"true\">*<\/span><\/label><input type=\"radio\" class=\"input-radio \" value=\"Ophalen\" name=\"bezorgen_of_ophalen\" aria-required=\"true\" id=\"bezorgen_of_ophalen_Ophalen\" \/><label for=\"bezorgen_of_ophalen_Ophalen\" class=\"radio required_field\">R\u00e9cup\u00e9rer&nbsp;<span class=\"required\" aria-hidden=\"true\">*<\/span><\/label><\/span><\/p><p class=\"form-row form-row-wide validate-required\" id=\"adres_field\" data-priority=\"\"><label for=\"adres\" class=\"required_field\">Adresse&nbsp;<span class=\"required\" aria-hidden=\"true\">*<\/span><\/label><span class=\"woocommerce-input-wrapper\"><input type=\"text\" class=\"input-text \" name=\"adres\" id=\"adres\" placeholder=\"\"  value=\"\" aria-required=\"true\" \/><\/span><\/p><p class=\"form-row form-row-first validate-required\" id=\"postcode_field\" data-priority=\"\"><label for=\"postcode\" class=\"required_field\">Code postal&nbsp;<span class=\"required\" aria-hidden=\"true\">*<\/span><\/label><span class=\"woocommerce-input-wrapper\"><input type=\"text\" class=\"input-text \" name=\"postcode\" id=\"postcode\" placeholder=\"\"  value=\"\" aria-required=\"true\" \/><\/span><\/p><p class=\"form-row form-row-last validate-required\" id=\"stad_field\" data-priority=\"\"><label for=\"stad\" class=\"required_field\">Commune&nbsp;<span class=\"required\" aria-hidden=\"true\">*<\/span><\/label><span class=\"woocommerce-input-wrapper\"><input type=\"text\" class=\"input-text \" name=\"stad\" id=\"stad\" placeholder=\"\"  value=\"\" aria-required=\"true\" \/><\/span><\/p><p class=\"form-row form-row-wide\" id=\"message_field\" data-priority=\"\"><label for=\"message\" class=\"\">Souhaitez-vous commander des articles suppl\u00e9mentaires ? Avez-vous des questions ? (facultatif)  &nbsp;<span class=\"optional\">(facultatif)<\/span><\/label><span class=\"woocommerce-input-wrapper\"><textarea name=\"message\" class=\"input-text \" id=\"message\" placeholder=\"\"  rows=\"2\" cols=\"5\"><\/textarea><\/span><\/p>\n\t\t\n\t\t\n\t\t\n\t\t<p class=\"form-row form-row-wide raq-send-request-row\">\n\t\t\t<input type=\"hidden\" id=\"ywraq-mail-wpnonce\" name=\"ywraq_mail_wpnonce\"\n\t\t\t\tvalue=\"97d68e664e\">\n\t\t\t<input class=\"button raq-send-request last\" type=\"submit\"\n\t\t\t\tvalue=\"Envoyez votre demande\">\n\t\t<\/p>\n\n\t\t\t\t\t<input type=\"hidden\" class=\"lang_param\" name=\"lang\" value=\"fr\"\/>\n\t\t\n\t\t\t<\/form>\n<\/div>\n\t\t\t\t\t\t\t\t\t\t\t\t\t\t<\/div>\n\t<\/div>\n\n","protected":false},"excerpt":{"rendered":"Votre liste est vide, ajoutez des produits \u00e0 la liste pour envoyer une demande.Verder winkelen Demander un devis Pr\u00e9nom&nbsp;*Nom&nbsp;*Nom de l'entreprise&nbsp;*Num\u00e9ro de TVA&nbsp;*E-mail&nbsp;*Livrer&nbsp;*R\u00e9cup\u00e9rer&nbsp;*Adresse&nbsp;*Code postal&nbsp;*Commune&nbsp;*Souhaitez-vous commander des articles suppl\u00e9mentaires ? Avez-vous des questions ? (facultatif) &nbsp;(facultatif)","protected":false},"author":1,"featured_media":0,"parent":0,"menu_order":1,"comment_status":"closed","ping_status":"closed","template":"","meta":{"_acf_changed":false,"footnotes":""},"class_list":["post-5158","page","type-page","status-publish","hentry"],"acf":[],"_links":{"self":[{"href":"https:\/\/www.euromat.be\/fr\/wp-json\/wp\/v2\/pages\/5158","targetHints":{"allow":["GET"]}}],"collection":[{"href":"https:\/\/www.euromat.be\/fr\/wp-json\/wp\/v2\/pages"}],"about":[{"href":"https:\/\/www.euromat.be\/fr\/wp-json\/wp\/v2\/types\/page"}],"author":[{"embeddable":true,"href":"https:\/\/www.euromat.be\/fr\/wp-json\/wp\/v2\/users\/1"}],"replies":[{"embeddable":true,"href":"https:\/\/www.euromat.be\/fr\/wp-json\/wp\/v2\/comments?post=5158"}],"version-history":[{"count":1,"href":"https:\/\/www.euromat.be\/fr\/wp-json\/wp\/v2\/pages\/5158\/revisions"}],"predecessor-version":[{"id":5159,"href":"https:\/\/www.euromat.be\/fr\/wp-json\/wp\/v2\/pages\/5158\/revisions\/5159"}],"wp:attachment":[{"href":"https:\/\/www.euromat.be\/fr\/wp-json\/wp\/v2\/media?parent=5158"}],"curies":[{"name":"wp","href":"https:\/\/api.w.org\/{rel}","templated":true}]}}