{"id":6002,"date":"2025-09-10T14:07:18","date_gmt":"2025-09-10T12:07:18","guid":{"rendered":"https:\/\/www.euromat.be\/product\/handkernboormachine-op-statief-tot-200-mm-nbm300\/"},"modified":"2025-09-11T11:35:12","modified_gmt":"2025-09-11T09:35:12","slug":"carotteuse-sur-trepied-jusqua-200-mm-nbm300","status":"publish","type":"product","link":"https:\/\/www.euromat.be\/fr\/produit\/carotteuse-sur-trepied-jusqua-200-mm-nbm300\/","title":{"rendered":"Carotteuse sur tr\u00e9pied jusqu&rsquo;\u00e0 200 mm &#8211; NBM300"},"content":{"rendered":"<section class=\"l-section wpb_row height_auto\"><div class=\"l-section-h i-cf\"><div class=\"g-cols vc_row via_flex valign_top type_default stacking_default\"><div class=\"vc_col-sm-12 wpb_column vc_column_container\"><div class=\"vc_column-inner\"><div class=\"wpb_wrapper\"><div class=\"wpb_text_column\"><div class=\"wpb_wrapper\"><p><strong>Carotteuse sur pied jusqu&rsquo;\u00e0 200 mm &#8211; NBM300<\/strong><\/p>\n<p>Solution de carottage stable et puissante pour les grands diam\u00e8tres<\/p>\n<p>La NBM300 est une carotteuse sur socle avec une capacit\u00e9 de forage allant jusqu&rsquo;\u00e0 200 mm de diam\u00e8tre. La combinaison d&rsquo;une base robuste, d&rsquo;un moteur puissant de 2800 W et d&rsquo;une alimentation \u00e9lectrique de 230 V fait de cette unit\u00e9 un outil parfait pour le forage vertical ou horizontal dans le b\u00e9ton et la pierre naturelle.<\/p>\n<p><strong>Caract\u00e9ristiques principales :<\/strong><br \/>\n&#8211; Capacit\u00e9 de forage : jusqu&rsquo;\u00e0 200 mm &#8211; pour des forages moyens \u00e0 grands<br \/>\n&#8211; Alimentation \u00e9lectrique : 230 V &#8211; utilisation flexible sur tous les chantiers<br \/>\n&#8211; Puissance : 2800 W &#8211; pour une utilisation professionnelle continue<br \/>\n&#8211; Poids : 29 kg &#8211; robuste et stable<\/p>\n<p><strong>Applications :<\/strong><br \/>\nConvient pour la plomberie, le chauffage, la ventilation et la climatisation, les services publics et le forage de structures.<\/p>\n<p><strong>Pourquoi choisir Euromat ?<\/strong><br \/>\nAvec Euromat, vous disposez d&rsquo;un \u00e9quipement de pointe et d&rsquo;une assistance compl\u00e8te sur place.<\/p>\n<p>\u2714\ufe0f Technologie de forage au diamant fiable<br \/>\n\u2714\ufe0f Assistance technique et accessoires disponibles<br \/>\n\u2714\ufe0f Livraison rapide et instructions claires<br \/>\n\u2714\ufe0f Toujours entretenu par des professionnels<\/p>\n<\/div><\/div><\/div><\/div><\/div><\/div><\/div><\/section>\n","protected":false},"excerpt":{"rendered":"<p>Carotteuse NBM300 sur pied jusqu&rsquo;\u00e0 \u00d8 200 mm, 2800 W, 230 V et 29 kg. Id\u00e9ale pour le forage vertical et horizontal dans le b\u00e9ton et la pierre naturelle. Parfaite pour les applications de plomberie, HVAC, utilitaires et structurelles. Entretenue par des professionnels et pr\u00eate \u00e0 \u00eatre utilis\u00e9e imm\u00e9diatement via Euromat.<\/p>\n","protected":false},"featured_media":2679,"template":"","meta":{"_acf_changed":false},"product_brand":[],"product_cat":[2942,1360,1361],"product_tag":[],"class_list":{"0":"post-6002","1":"product","2":"type-product","3":"status-publish","4":"has-post-thumbnail","6":"product_cat-carotteuses","7":"product_cat-outillages","8":"product_cat-outillages-diamant","9":"pa_diameter-op-statief-30-200-mm-fr","10":"pa_gewicht-290-kg-fr","11":"pa_model-tot-200-mm-nbm00-fr","12":"pa_stroomvoorziening-2846","13":"pa_vermogen-kw-2800-w-fr","15":"first","16":"instock","17":"purchasable","18":"product-type-simple"},"acf":[],"_links":{"self":[{"href":"https:\/\/www.euromat.be\/fr\/wp-json\/wp\/v2\/product\/6002","targetHints":{"allow":["GET"]}}],"collection":[{"href":"https:\/\/www.euromat.be\/fr\/wp-json\/wp\/v2\/product"}],"about":[{"href":"https:\/\/www.euromat.be\/fr\/wp-json\/wp\/v2\/types\/product"}],"wp:featuredmedia":[{"embeddable":true,"href":"https:\/\/www.euromat.be\/fr\/wp-json\/wp\/v2\/media\/2679"}],"wp:attachment":[{"href":"https:\/\/www.euromat.be\/fr\/wp-json\/wp\/v2\/media?parent=6002"}],"wp:term":[{"taxonomy":"product_brand","embeddable":true,"href":"https:\/\/www.euromat.be\/fr\/wp-json\/wp\/v2\/product_brand?post=6002"},{"taxonomy":"product_cat","embeddable":true,"href":"https:\/\/www.euromat.be\/fr\/wp-json\/wp\/v2\/product_cat?post=6002"},{"taxonomy":"product_tag","embeddable":true,"href":"https:\/\/www.euromat.be\/fr\/wp-json\/wp\/v2\/product_tag?post=6002"}],"curies":[{"name":"wp","href":"https:\/\/api.w.org\/{rel}","templated":true}]}}