{"id":6005,"date":"2025-09-10T14:07:18","date_gmt":"2025-09-10T12:07:18","guid":{"rendered":"https:\/\/www.euromat.be\/product\/vacuumpomp-voor-kernboor-statief\/"},"modified":"2025-09-11T11:35:11","modified_gmt":"2025-09-11T09:35:11","slug":"pompe-a-vide-pour-support-de-carotteuses","status":"publish","type":"product","link":"https:\/\/www.euromat.be\/fr\/produit\/pompe-a-vide-pour-support-de-carotteuses\/","title":{"rendered":"Pompe \u00e0 vide pour support de carotteuses"},"content":{"rendered":"<section class=\"l-section wpb_row height_auto\"><div class=\"l-section-h i-cf\"><div class=\"g-cols vc_row via_flex valign_top type_default stacking_default\"><div class=\"vc_col-sm-12 wpb_column vc_column_container\"><div class=\"vc_column-inner\"><div class=\"wpb_wrapper\"><div class=\"wpb_text_column\"><div class=\"wpb_wrapper\"><p><strong>Pompe \u00e0 vide pour support de carottage<\/strong><\/p>\n<p>Installation stable sans ancrage dans le sol<\/p>\n<p>Cette pompe \u00e0 vide est la solution id\u00e9ale pour fixer solidement votre support de carottage sur des surfaces planes, sans avoir \u00e0 percer ou \u00e0 utiliser des ancrages. Elle est id\u00e9ale dans les situations o\u00f9 vous ne devez pas endommager le sol ou lorsque la rapidit\u00e9 et l&rsquo;efficacit\u00e9 sur le chantier sont cruciales.<\/p>\n<p><strong>Caract\u00e9ristiques principales :<\/strong><br \/>\n&#8211; Convient \u00e0 diff\u00e9rents types de supports de carottage<br \/>\n&#8211; Fixation rapide et sans dommage sur des surfaces lisses telles que le b\u00e9ton ou le carrelage<br \/>\n&#8211; Grande stabilit\u00e9 pendant le forage<br \/>\n&#8211; Compact et facile \u00e0 transporter<br \/>\n&#8211; Alternative aux m\u00e9thodes de fixation traditionnelles permettant de gagner du temps<\/p>\n<p><strong>Applications :<\/strong><br \/>\nId\u00e9al pour le per\u00e7age dans les maisons, les b\u00e2timents commerciaux et autres projets n\u00e9cessitant un travail sans poussi\u00e8re, rapide et sans d\u00e9g\u00e2ts.<\/p>\n<p><strong>Pourquoi choisir Euromat ?<\/strong><br \/>\nAvec Euromat, vous choisissez un \u00e9quipement professionnel en parfait \u00e9tat, avec une assistance technique et des conditions de location claires.<\/p>\n<p>\u2714\ufe0f Convivialit\u00e9 et efficacit\u00e9<br \/>\n\u2714\ufe0f Aucun dommage \u00e0 la surface<br \/>\n\u2714\ufe0f Compatible avec notre large gamme de machines de carottage<br \/>\n\u2714\ufe0f Techniquement entretenu et imm\u00e9diatement pr\u00eat \u00e0 l&#8217;emploi<\/p>\n<\/div><\/div><\/div><\/div><\/div><\/div><\/div><\/section>\n","protected":false},"excerpt":{"rendered":"<p>Pompe \u00e0 vide pour support de carottage, adapt\u00e9e \u00e0 une fixation stable et sans dommage sur des surfaces planes telles que le b\u00e9ton ou le carrelage. Compacte, conviviale et id\u00e9ale pour un forage rapide et sans poussi\u00e8re sans ancrage ou pour un forage au sol. Parfaitement adapt\u00e9e aux carotteuses Euromat.<\/p>\n","protected":false},"featured_media":2689,"template":"","meta":{"_acf_changed":false},"product_brand":[],"product_cat":[2942,1360,1361],"product_tag":[],"class_list":{"0":"post-6005","1":"product","2":"type-product","3":"status-publish","4":"has-post-thumbnail","6":"product_cat-carotteuses","7":"product_cat-outillages","8":"product_cat-outillages-diamant","10":"first","11":"instock","12":"purchasable","13":"product-type-simple"},"acf":[],"_links":{"self":[{"href":"https:\/\/www.euromat.be\/fr\/wp-json\/wp\/v2\/product\/6005","targetHints":{"allow":["GET"]}}],"collection":[{"href":"https:\/\/www.euromat.be\/fr\/wp-json\/wp\/v2\/product"}],"about":[{"href":"https:\/\/www.euromat.be\/fr\/wp-json\/wp\/v2\/types\/product"}],"wp:featuredmedia":[{"embeddable":true,"href":"https:\/\/www.euromat.be\/fr\/wp-json\/wp\/v2\/media\/2689"}],"wp:attachment":[{"href":"https:\/\/www.euromat.be\/fr\/wp-json\/wp\/v2\/media?parent=6005"}],"wp:term":[{"taxonomy":"product_brand","embeddable":true,"href":"https:\/\/www.euromat.be\/fr\/wp-json\/wp\/v2\/product_brand?post=6005"},{"taxonomy":"product_cat","embeddable":true,"href":"https:\/\/www.euromat.be\/fr\/wp-json\/wp\/v2\/product_cat?post=6005"},{"taxonomy":"product_tag","embeddable":true,"href":"https:\/\/www.euromat.be\/fr\/wp-json\/wp\/v2\/product_tag?post=6005"}],"curies":[{"name":"wp","href":"https:\/\/api.w.org\/{rel}","templated":true}]}}