{"id":6007,"date":"2025-09-10T14:07:18","date_gmt":"2025-09-10T12:07:18","guid":{"rendered":"https:\/\/www.euromat.be\/product\/no-dig-grondraketten-55-mm-tracto-technik\/"},"modified":"2025-09-11T11:35:11","modified_gmt":"2025-09-11T09:35:11","slug":"fusees-de-forage-55-mm-tracto-technik","status":"publish","type":"product","link":"https:\/\/www.euromat.be\/fr\/produit\/fusees-de-forage-55-mm-tracto-technik\/","title":{"rendered":"Fus\u00e9es de forage 55 mm &#8211; Tracto-technik"},"content":{"rendered":"<section class=\"l-section wpb_row height_auto\"><div class=\"l-section-h i-cf\"><div class=\"g-cols vc_row via_flex valign_top type_default stacking_default\"><div class=\"vc_col-sm-12 wpb_column vc_column_container\"><div class=\"vc_column-inner\"><div class=\"wpb_wrapper\"><div class=\"wpb_text_column\"><div class=\"wpb_wrapper\"><p><strong>Tracto-Technik &#8211; Fus\u00e9es terrestres No-dig 55 mm<\/strong><\/p>\n<p>Fus\u00e9e compacte pour un forage souterrain pr\u00e9cis<\/p>\n<p>La fus\u00e9e pneumatique Tracto-Technik de 55 mm est le choix id\u00e9al pour les petites p\u00e9n\u00e9trations souterraines sans excavation. Elle est id\u00e9ale pour les applications en milieu urbain ou avec un espace de travail limit\u00e9. Avec une consommation d&rsquo;air de seulement 0,5 m\u00b3\/min, cette fus\u00e9e offre des performances puissantes dans un format compact.<\/p>\n<p><strong>Caract\u00e9ristiques principales :<\/strong><br \/>\n&#8211; Diam\u00e8tre : 55 mm<br \/>\n&#8211; Longueur : 1108 mm<br \/>\n&#8211; Consommation d&rsquo;air : 0,5 m\u00b3\/min<br \/>\n&#8211; Forage de pr\u00e9cision sous les routes, les voies d&rsquo;acc\u00e8s ou les chemins pi\u00e9tonniers<br \/>\n&#8211; Alternative efficace et sans dommage aux excavations ouvertes<\/p>\n<p><strong>Applications :<\/strong><br \/>\nId\u00e9al pour le levage sous les c\u00e2bles, les tuyaux ou les tubes jusqu&rsquo;\u00e0 55 mm de diam\u00e8tre.<\/p>\n<p><strong>Pourquoi choisir Euromat ?<\/strong><\/p>\n<p>\u2714\ufe0f Stock important et livraison rapide<br \/>\n\u2714\ufe0f Mat\u00e9riel entretenu et test\u00e9<br \/>\n\u2714\ufe0f Conseils de sp\u00e9cialistes techniques<br \/>\n\u2714\ufe0f Formules de location flexibles<\/p>\n<\/div><\/div><\/div><\/div><\/div><\/div><\/div><\/section>\n","protected":false},"excerpt":{"rendered":"<p>Fus\u00e9e Tracto-Technik de 55 mm pour le forage de pr\u00e9cision sous les routes, les all\u00e9es et les trottoirs. Alternative compacte, efficace et sans dommage \u00e0 l&rsquo;excavation, id\u00e9ale pour la p\u00e9n\u00e9tration de c\u00e2bles et de tuyaux dans des espaces restreints.<\/p>\n","protected":false},"featured_media":2911,"template":"","meta":{"_acf_changed":false},"product_brand":[1428],"product_cat":[1363,1360],"product_tag":[],"class_list":{"0":"post-6007","1":"product","2":"type-product","3":"status-publish","4":"has-post-thumbnail","6":"product_brand-tracto-technik","7":"product_cat-fusees-de-forage","8":"product_cat-outillages","9":"pa_diameter-mm-45-55-mm-fr","10":"pa_gewicht-144-kg-fr","11":"pa_lengte-1108-mm-fr","12":"pa_luchtverbruik-m-min-05-m-min-fr","13":"pa_slagen-per-minuut-480-fr","15":"first","16":"instock","17":"purchasable","18":"product-type-simple"},"acf":[],"_links":{"self":[{"href":"https:\/\/www.euromat.be\/fr\/wp-json\/wp\/v2\/product\/6007","targetHints":{"allow":["GET"]}}],"collection":[{"href":"https:\/\/www.euromat.be\/fr\/wp-json\/wp\/v2\/product"}],"about":[{"href":"https:\/\/www.euromat.be\/fr\/wp-json\/wp\/v2\/types\/product"}],"wp:featuredmedia":[{"embeddable":true,"href":"https:\/\/www.euromat.be\/fr\/wp-json\/wp\/v2\/media\/2911"}],"wp:attachment":[{"href":"https:\/\/www.euromat.be\/fr\/wp-json\/wp\/v2\/media?parent=6007"}],"wp:term":[{"taxonomy":"product_brand","embeddable":true,"href":"https:\/\/www.euromat.be\/fr\/wp-json\/wp\/v2\/product_brand?post=6007"},{"taxonomy":"product_cat","embeddable":true,"href":"https:\/\/www.euromat.be\/fr\/wp-json\/wp\/v2\/product_cat?post=6007"},{"taxonomy":"product_tag","embeddable":true,"href":"https:\/\/www.euromat.be\/fr\/wp-json\/wp\/v2\/product_tag?post=6007"}],"curies":[{"name":"wp","href":"https:\/\/api.w.org\/{rel}","templated":true}]}}