{"id":6008,"date":"2025-09-10T14:07:18","date_gmt":"2025-09-10T12:07:18","guid":{"rendered":"https:\/\/www.euromat.be\/product\/no-dig-grondraketten-75-mm-tracto-technik\/"},"modified":"2025-09-11T11:35:11","modified_gmt":"2025-09-11T09:35:11","slug":"fusees-de-forage-75-mm-tracto-technik","status":"publish","type":"product","link":"https:\/\/www.euromat.be\/fr\/produit\/fusees-de-forage-75-mm-tracto-technik\/","title":{"rendered":"Fus\u00e9es de forage 75 mm &#8211; Tracto-technik"},"content":{"rendered":"<section class=\"l-section wpb_row height_auto\"><div class=\"l-section-h i-cf\"><div class=\"g-cols vc_row via_flex valign_top type_default stacking_default\"><div class=\"vc_col-sm-12 wpb_column vc_column_container\"><div class=\"vc_column-inner\"><div class=\"wpb_wrapper\"><div class=\"wpb_text_column\"><div class=\"wpb_wrapper\"><p><strong>Tracto-Technik &#8211; Fus\u00e9es terrestres No-dig 75 mm<\/strong><\/p>\n<p>Fus\u00e9e polyvalente de moyen calibre<\/p>\n<p>La fus\u00e9e Tracto-Technik de 75 mm est une solution polyvalente pour les installations souterraines professionnelles. Sa consommation d&rsquo;air de 0,9 m\u00b3\/min et sa construction robuste la rendent adapt\u00e9e aux applications urbaines et rurales.<\/p>\n<p><strong>Caract\u00e9ristiques principales :<\/strong><br \/>\n&#8211; Diam\u00e8tre : 75 mm<br \/>\n&#8211; Longueur : 1443 mm<br \/>\n&#8211; Consommation d&rsquo;air : 0,9 m\u00b3\/min<br \/>\n&#8211; Travail rapide et pr\u00e9cis sans endommager les tranch\u00e9es ou les fouilles<br \/>\n&#8211; Facile \u00e0 utiliser sur diff\u00e9rents types de sol<\/p>\n<p><strong>Applications :<\/strong><br \/>\nParfait pour les forages utilitaires et horizontaux dans les substrats durs ou mixtes.<\/p>\n<p><strong>Pourquoi choisir Euromat ?<\/strong><\/p>\n<p>\u2714\ufe0f Location incluant la maintenance et l&rsquo;assistance<br \/>\n\u2714\ufe0f Machines de qualit\u00e9 de Tracto-Technik<br \/>\n\u2714\ufe0f Des ann\u00e9es d&rsquo;expertise dans les techniques sans tranch\u00e9e<br \/>\n\u2714\ufe0f Des solutions efficaces pour chaque chantier<\/p>\n<\/div><\/div><\/div><\/div><\/div><\/div><\/div><\/section>\n","protected":false},"excerpt":{"rendered":"<p>Fus\u00e9e de 75 mm Tracto-Technik pour un forage souterrain rapide et pr\u00e9cis sans endommager l&rsquo;excavation. Convient \u00e0 diff\u00e9rents types de sols et est id\u00e9ale pour les travaux utilitaires et le fon\u00e7age horizontal.<\/p>\n","protected":false},"featured_media":2913,"template":"","meta":{"_acf_changed":false},"product_brand":[1428],"product_cat":[1363,1360],"product_tag":[],"class_list":{"0":"post-6008","1":"product","2":"type-product","3":"status-publish","4":"has-post-thumbnail","6":"product_brand-tracto-technik","7":"product_cat-fusees-de-forage","8":"product_cat-outillages","9":"pa_diameter-mm-65-75-mm-fr","10":"pa_gewicht-340-kg-fr","11":"pa_lengte-1443-mm-fr","12":"pa_luchtverbruik-m-min-09-m-min-fr","13":"pa_slagen-per-minuut-400-fr","15":"first","16":"instock","17":"purchasable","18":"product-type-simple"},"acf":[],"_links":{"self":[{"href":"https:\/\/www.euromat.be\/fr\/wp-json\/wp\/v2\/product\/6008","targetHints":{"allow":["GET"]}}],"collection":[{"href":"https:\/\/www.euromat.be\/fr\/wp-json\/wp\/v2\/product"}],"about":[{"href":"https:\/\/www.euromat.be\/fr\/wp-json\/wp\/v2\/types\/product"}],"wp:featuredmedia":[{"embeddable":true,"href":"https:\/\/www.euromat.be\/fr\/wp-json\/wp\/v2\/media\/2913"}],"wp:attachment":[{"href":"https:\/\/www.euromat.be\/fr\/wp-json\/wp\/v2\/media?parent=6008"}],"wp:term":[{"taxonomy":"product_brand","embeddable":true,"href":"https:\/\/www.euromat.be\/fr\/wp-json\/wp\/v2\/product_brand?post=6008"},{"taxonomy":"product_cat","embeddable":true,"href":"https:\/\/www.euromat.be\/fr\/wp-json\/wp\/v2\/product_cat?post=6008"},{"taxonomy":"product_tag","embeddable":true,"href":"https:\/\/www.euromat.be\/fr\/wp-json\/wp\/v2\/product_tag?post=6008"}],"curies":[{"name":"wp","href":"https:\/\/api.w.org\/{rel}","templated":true}]}}