{"id":6010,"date":"2025-09-10T14:07:18","date_gmt":"2025-09-10T12:07:18","guid":{"rendered":"https:\/\/www.euromat.be\/product\/no-dig-grondraketten-130-mm-tracto-technik\/"},"modified":"2025-09-11T11:35:12","modified_gmt":"2025-09-11T09:35:12","slug":"fusees-de-forage-130-mm-tracto-technik","status":"publish","type":"product","link":"https:\/\/www.euromat.be\/fr\/produit\/fusees-de-forage-130-mm-tracto-technik\/","title":{"rendered":"Fus\u00e9es de forage 130 mm &#8211; Tracto-technik"},"content":{"rendered":"<section class=\"l-section wpb_row height_auto\"><div class=\"l-section-h i-cf\"><div class=\"g-cols vc_row via_flex valign_top type_default stacking_default\"><div class=\"vc_col-sm-12 wpb_column vc_column_container\"><div class=\"vc_column-inner\"><div class=\"wpb_wrapper\"><div class=\"wpb_text_column\"><div class=\"wpb_wrapper\"><p><strong>Tracto-technik &#8211; Fus\u00e9es terrestres sans creusage 130 mm<\/strong><\/p>\n<p>Fus\u00e9e lourde pour le forage souterrain industriel<\/p>\n<p>Avec un diam\u00e8tre de 130 mm et une consommation d&rsquo;air de 2,6 m\u00b3\/min, la fus\u00e9e Tracto-Technik de 130 mm est la plus puissante de notre gamme. Pour les applications souterraines lourdes o\u00f9 la pr\u00e9cision et la puissance sont essentielles.<\/p>\n<p><strong>Caract\u00e9ristiques principales :<\/strong><br \/>\n&#8211; Diam\u00e8tre : 130 mm<br \/>\n&#8211; Longueur : 1750 mm<br \/>\n&#8211; Consommation d&rsquo;air : 2,6 m\u00b3\/min<br \/>\n&#8211; Appareil robuste pour une utilisation professionnelle \u00e0 long terme<br \/>\n&#8211; P\u00e9n\u00e9tration rapide et efficace des sols difficiles<\/p>\n<p><strong>Applications :<\/strong><br \/>\nId\u00e9al pour les services publics, les terrassiers et les grands projets d&rsquo;infrastructure.<\/p>\n<p><strong>Pourquoi choisir Euromat ?<\/strong><\/p>\n<p>\u2714\ufe0f Les \u00e9quipements de haute qualit\u00e9 de Tracto-Technik<br \/>\n\u2714\ufe0f Solutions personnalis\u00e9es pour les grands chantiers<br \/>\n\u2714\ufe0f Livraison rapide et assistance technique<br \/>\n\u2714\ufe0f Toujours bien entretenu et pr\u00eat \u00e0 l&#8217;emploi<\/p>\n<\/div><\/div><\/div><\/div><\/div><\/div><\/div><\/section>\n","protected":false},"excerpt":{"rendered":"<p>Fus\u00e9e Tracto-Technik de 130 mm sans excavation pour les forages industriels lourds. Puissante, robuste et id\u00e9ale pour les grandes p\u00e9n\u00e9trations de c\u00e2bles et de tuyaux dans des conditions de sol difficiles.<\/p>\n","protected":false},"featured_media":2909,"template":"","meta":{"_acf_changed":false},"product_brand":[1428],"product_cat":[1363,1360],"product_tag":[],"class_list":{"0":"post-6010","1":"product","2":"type-product","3":"status-publish","4":"has-post-thumbnail","6":"product_brand-tracto-technik","7":"product_cat-fusees-de-forage","8":"product_cat-outillages","9":"pa_diameter-mm-130-mm-fr","10":"pa_gewicht-117-kg-fr","11":"pa_lengte-1750-mm-fr","12":"pa_luchtverbruik-m-min-2-6-m3-min-fr","13":"pa_slagen-per-minuut-340-fr","15":"first","16":"instock","17":"purchasable","18":"product-type-simple"},"acf":[],"_links":{"self":[{"href":"https:\/\/www.euromat.be\/fr\/wp-json\/wp\/v2\/product\/6010","targetHints":{"allow":["GET"]}}],"collection":[{"href":"https:\/\/www.euromat.be\/fr\/wp-json\/wp\/v2\/product"}],"about":[{"href":"https:\/\/www.euromat.be\/fr\/wp-json\/wp\/v2\/types\/product"}],"wp:featuredmedia":[{"embeddable":true,"href":"https:\/\/www.euromat.be\/fr\/wp-json\/wp\/v2\/media\/2909"}],"wp:attachment":[{"href":"https:\/\/www.euromat.be\/fr\/wp-json\/wp\/v2\/media?parent=6010"}],"wp:term":[{"taxonomy":"product_brand","embeddable":true,"href":"https:\/\/www.euromat.be\/fr\/wp-json\/wp\/v2\/product_brand?post=6010"},{"taxonomy":"product_cat","embeddable":true,"href":"https:\/\/www.euromat.be\/fr\/wp-json\/wp\/v2\/product_cat?post=6010"},{"taxonomy":"product_tag","embeddable":true,"href":"https:\/\/www.euromat.be\/fr\/wp-json\/wp\/v2\/product_tag?post=6010"}],"curies":[{"name":"wp","href":"https:\/\/api.w.org\/{rel}","templated":true}]}}