{"id":6012,"date":"2025-09-10T14:06:47","date_gmt":"2025-09-10T12:06:47","guid":{"rendered":"https:\/\/www.euromat.be\/product\/luchtabsorptiedroger-munkebo-zam-5000-63a\/"},"modified":"2025-09-29T16:14:48","modified_gmt":"2025-09-29T14:14:48","slug":"luchtabsorptiedroger-munkebo-zam-5000-63a","status":"publish","type":"product","link":"https:\/\/www.euromat.be\/fr\/produit\/luchtabsorptiedroger-munkebo-zam-5000-63a\/","title":{"rendered":"S\u00e9cheur d&rsquo;air &#8211; Munkebo Zam 5000- 63A"},"content":{"rendered":"<section class=\"l-section wpb_row height_auto\"><div class=\"l-section-h i-cf\"><div class=\"g-cols vc_row via_flex valign_top type_default stacking_default\"><div class=\"vc_col-sm-12 wpb_column vc_column_container\"><div class=\"vc_column-inner\"><div class=\"wpb_wrapper\"><div class=\"wpb_text_column\"><div class=\"wpb_wrapper\"><p><strong>S\u00e9cheur d&rsquo;air Munkebo ZAM 5000-63A<\/strong><\/p>\n<p>D\u00e9shumidificateur industriel de grande capacit\u00e9<\/p>\n<p>Le Munkebo ZAM 5000-63A est un puissant d\u00e9shydrateur d&rsquo;air industriel avec un d\u00e9bit d&rsquo;air allant jusqu&rsquo;\u00e0 5000 m\u00b3\/h. Ce d\u00e9shydrateur robuste est con\u00e7u pour d\u00e9shumidifier de grandes surfaces, des entrep\u00f4ts, des sites de production ou des chantiers. Ce d\u00e9shydrateur robuste est con\u00e7u pour d\u00e9shumidifier de grandes surfaces, des entrep\u00f4ts, des sites de production ou des projets de construction. Gr\u00e2ce \u00e0 sa grande capacit\u00e9 et \u00e0 sa conception compacte, le ZAM 5000-63A de Munkebo convient parfaitement \u00e0 une utilisation professionnelle intensive. Ce s\u00e9cheur d&rsquo;air est dot\u00e9 d&rsquo;une technologie de flux d&rsquo;air efficace avec 2 sorties d&rsquo;air sec de 300 mm et une capacit\u00e9 de connexion de 41 kW. Le raccordement \u00e9lectrique s&rsquo;effectue via une prise CEE 5 p\u00f4les 63A (3 x 400V), adapt\u00e9e aux applications haute tension.<\/p>\n<p><strong>Caract\u00e9ristiques principales :<\/strong><br \/>\n&#8211; D\u00e9bit d&rsquo;air : 5000 m\u00b3\/heure &#8211; puissant et fiable<br \/>\n&#8211; Dimensions (lxlxh) : 2375 x 1700 x 1900 mm &#8211; format industriel<br \/>\n&#8211; Poids : 1310 kg &#8211; usage intensif<br \/>\n&#8211; Puissance : 41 kW &#8211; adapt\u00e9 \u00e0 une utilisation intensive<br \/>\n&#8211; Alimentation : 3 x 400 V | CEE 5P 63A<br \/>\n&#8211; Sortie d&rsquo;air : 2 x 300 mm sortie d&rsquo;air sec<br \/>\n&#8211; Type : S\u00e9cheur \u00e0 sorption &#8211; performance optimale dans toutes les conditions<br \/>\n&#8211; Marque : Munkebo &#8211; sp\u00e9cialiste du traitement de l&rsquo;air industriel<\/p>\n<p><strong>Applications :<\/strong><br \/>\nCe s\u00e9cheur d&rsquo;air est parfait pour les applications o\u00f9 de grands volumes d&rsquo;air doivent \u00eatre d\u00e9shumidifi\u00e9s rapidement et efficacement. Pensez au s\u00e9chage des b\u00e2timents, au stockage de mat\u00e9riaux sensibles, aux processus industriels et \u00e0 la r\u00e9cup\u00e9ration apr\u00e8s un d\u00e9g\u00e2t des eaux.<\/p>\n<p><strong>Pourquoi choisir Euromat ?<\/strong><br \/>\nChez Euromat, vous louez toujours du mat\u00e9riel professionnel comme le Munkebo ZAM 5000-63A en parfait \u00e9tat. Des conditions de location flexibles et une assistance technique garantissent le bon d\u00e9roulement de votre projet.<\/p>\n<p>\u2714\ufe0f Tr\u00e8s grande capacit\u00e9 de s\u00e9chage<br \/>\n\u2714\ufe0f Conception industrielle durable<br \/>\n\u2714\ufe0f Technologie fiable pour les projets intensifs<\/p>\n<\/div><\/div><\/div><\/div><\/div><\/div><\/div><\/section>\n","protected":false},"excerpt":{"rendered":"<p>D\u00e9shydrateur Munkebo ZAM 5000-63A avec un d\u00e9bit d&rsquo;air de 5000 m\u00b3\/h et une puissance de 41 kW. D\u00e9shumidificateur industriel avec 2 sorties d&rsquo;air sec de 300 mm, id\u00e9al pour les applications de s\u00e9chage \u00e0 grande \u00e9chelle dans les secteurs de la construction, du stockage et de l&rsquo;industrie.<\/p>\n","protected":false},"featured_media":2272,"template":"","meta":{"_acf_changed":false},"product_brand":[],"product_cat":[1380,1374,3049],"product_tag":[],"class_list":{"0":"post-6012","1":"product","2":"type-product","3":"status-publish","4":"has-post-thumbnail","6":"product_cat-chauffage-ventilation-et-secheurs","7":"product_cat-machines-de-chantier","8":"product_cat-secheurs-dair-2","9":"pa_afmetingen-lxbxh-2375-mm-x-1700mm-x-1900-mm-fr","10":"pa_gewicht-1310-kg-fr","12":"first","13":"instock","14":"purchasable","15":"product-type-simple"},"acf":[],"_links":{"self":[{"href":"https:\/\/www.euromat.be\/fr\/wp-json\/wp\/v2\/product\/6012","targetHints":{"allow":["GET"]}}],"collection":[{"href":"https:\/\/www.euromat.be\/fr\/wp-json\/wp\/v2\/product"}],"about":[{"href":"https:\/\/www.euromat.be\/fr\/wp-json\/wp\/v2\/types\/product"}],"wp:featuredmedia":[{"embeddable":true,"href":"https:\/\/www.euromat.be\/fr\/wp-json\/wp\/v2\/media\/2272"}],"wp:attachment":[{"href":"https:\/\/www.euromat.be\/fr\/wp-json\/wp\/v2\/media?parent=6012"}],"wp:term":[{"taxonomy":"product_brand","embeddable":true,"href":"https:\/\/www.euromat.be\/fr\/wp-json\/wp\/v2\/product_brand?post=6012"},{"taxonomy":"product_cat","embeddable":true,"href":"https:\/\/www.euromat.be\/fr\/wp-json\/wp\/v2\/product_cat?post=6012"},{"taxonomy":"product_tag","embeddable":true,"href":"https:\/\/www.euromat.be\/fr\/wp-json\/wp\/v2\/product_tag?post=6012"}],"curies":[{"name":"wp","href":"https:\/\/api.w.org\/{rel}","templated":true}]}}