{"id":6013,"date":"2025-09-10T14:06:47","date_gmt":"2025-09-10T12:06:47","guid":{"rendered":"https:\/\/www.euromat.be\/product\/ongeremde-aanhangwagen-750-kg\/"},"modified":"2025-09-29T16:14:48","modified_gmt":"2025-09-29T14:14:48","slug":"remorque-non-freinee-750-kg","status":"publish","type":"product","link":"https:\/\/www.euromat.be\/fr\/produit\/remorque-non-freinee-750-kg\/","title":{"rendered":"Remorque non frein\u00e9e < 750 kg"},"content":{"rendered":"<section class=\"l-section wpb_row height_auto\"><div class=\"l-section-h i-cf\"><div class=\"g-cols vc_row via_flex valign_top type_default stacking_default\"><div class=\"vc_col-sm-12 wpb_column vc_column_container\"><div class=\"vc_column-inner\"><div class=\"wpb_wrapper\"><div class=\"wpb_text_column\"><div class=\"wpb_wrapper\"><p>La remorque non frein\u00e9e &lt;750 kg est une solution polyvalente et conviviale pour le transport de charges l\u00e9g\u00e8res. Gr\u00e2ce \u00e0 son faible poids net de 232 kg et \u00e0 son poids maximal autoris\u00e9 de 750 kg, cette remorque est facile \u00e0 manipuler et convient \u00e0 un usage quotidien. Les dimensions de la plate-forme (1320 mm de large, 2570 mm de long et 400 mm de hauteur de chargement) offrent un espace suffisant pour divers mat\u00e9riaux. \u00c9quip\u00e9 de 2 essieux et de solides planches de 400 mm de haut, ce mod\u00e8le est id\u00e9al pour les particuliers et les professionnels qui ont besoin d&rsquo;une solution de transport fiable et efficace sans exigences suppl\u00e9mentaires en mati\u00e8re de permis de conduire.<\/p>\n<\/div><\/div><\/div><\/div><\/div><\/div><\/div><\/section>\n","protected":false},"excerpt":{"rendered":"<p>Remorque compacte et l\u00e9g\u00e8re adapt\u00e9e au permis de conduire B, id\u00e9ale pour les petits travaux de transport.<\/p>\n","protected":false},"featured_media":2114,"template":"","meta":{"_acf_changed":false},"product_brand":[1399],"product_cat":[1374,1375],"product_tag":[],"class_list":{"0":"post-6013","1":"product","2":"type-product","3":"status-publish","4":"has-post-thumbnail","6":"product_brand-delje","7":"product_cat-machines-de-chantier","8":"product_cat-remorques","9":"pa_assen-2-fr","10":"pa_gewicht-leeg-232-kg-fr","11":"pa_hoogte-borden-mm-400-mm-fr","12":"pa_laadhoogte-mm-400-mm-fr","13":"pa_mtm-kg-750-kg-fr","14":"pa_platformbreedte-mm-1320-mm-fr","15":"pa_platformlengte-mm-2570-mm-fr","16":"pa_transport-750-kg-fr","17":"pa_verplicht-rijbewijs-be-fr","19":"first","20":"instock","21":"purchasable","22":"product-type-simple"},"acf":[],"_links":{"self":[{"href":"https:\/\/www.euromat.be\/fr\/wp-json\/wp\/v2\/product\/6013","targetHints":{"allow":["GET"]}}],"collection":[{"href":"https:\/\/www.euromat.be\/fr\/wp-json\/wp\/v2\/product"}],"about":[{"href":"https:\/\/www.euromat.be\/fr\/wp-json\/wp\/v2\/types\/product"}],"wp:featuredmedia":[{"embeddable":true,"href":"https:\/\/www.euromat.be\/fr\/wp-json\/wp\/v2\/media\/2114"}],"wp:attachment":[{"href":"https:\/\/www.euromat.be\/fr\/wp-json\/wp\/v2\/media?parent=6013"}],"wp:term":[{"taxonomy":"product_brand","embeddable":true,"href":"https:\/\/www.euromat.be\/fr\/wp-json\/wp\/v2\/product_brand?post=6013"},{"taxonomy":"product_cat","embeddable":true,"href":"https:\/\/www.euromat.be\/fr\/wp-json\/wp\/v2\/product_cat?post=6013"},{"taxonomy":"product_tag","embeddable":true,"href":"https:\/\/www.euromat.be\/fr\/wp-json\/wp\/v2\/product_tag?post=6013"}],"curies":[{"name":"wp","href":"https:\/\/api.w.org\/{rel}","templated":true}]}}