{"id":6014,"date":"2025-09-10T14:06:47","date_gmt":"2025-09-10T12:06:47","guid":{"rendered":"https:\/\/www.euromat.be\/product\/geremde-aanhangwagen\/"},"modified":"2025-09-29T16:14:48","modified_gmt":"2025-09-29T14:14:48","slug":"remorque-freinee","status":"publish","type":"product","link":"https:\/\/www.euromat.be\/fr\/produit\/remorque-freinee\/","title":{"rendered":"Remorque frein\u00e9e <\/= 2 tonnes"},"content":{"rendered":"<section class=\"l-section wpb_row height_auto\"><div class=\"l-section-h i-cf\"><div class=\"g-cols vc_row via_flex valign_top type_default stacking_default\"><div class=\"vc_col-sm-12 wpb_column vc_column_container\"><div class=\"vc_column-inner\"><div class=\"wpb_wrapper\"><div class=\"wpb_text_column\"><div class=\"wpb_wrapper\"><p>La remorque frein\u00e9e \u2264 2000 kg allie robustesse et facilit\u00e9 d&rsquo;utilisation. Avec un plateau de 1500 mm de large et 2700 mm de long et une hauteur de chargement de 700 mm, ce mod\u00e8le est id\u00e9al pour le transport de diverses marchandises. Gr\u00e2ce \u00e0 la MTM de 2000 kg et \u00e0 un poids \u00e0 vide de 420 kg, cette remorque offre une solution solide pour les travaux de transport. Les planches de 300 mm de haut offrent une s\u00e9curit\u00e9 suppl\u00e9mentaire lors du chargement et du transport. Convient \u00e0 ceux qui recherchent une solution de transport fiable pour des applications moyennement lourdes.<\/p>\n<\/div><\/div><\/div><\/div><\/div><\/div><\/div><\/section>\n","protected":false},"excerpt":{"rendered":"<p>Remorque frein\u00e9e fiable pour charges moyennes, adapt\u00e9e avec permis de conduire BE.<\/p>\n","protected":false},"featured_media":2118,"template":"","meta":{"_acf_changed":false},"product_brand":[1425],"product_cat":[1374,1375],"product_tag":[],"class_list":{"0":"post-6014","1":"product","2":"type-product","3":"status-publish","4":"has-post-thumbnail","6":"product_brand-saris","7":"product_cat-machines-de-chantier","8":"product_cat-remorques","9":"pa_assen-2-fr","10":"pa_gewicht-leeg-420-kg-fr","11":"pa_hoogte-borden-mm-300-mm-fr","12":"pa_laadhoogte-mm-700-mm-fr","13":"pa_mtm-kg-2000-kg-fr","14":"pa_platformbreedte-mm-1500-mm-fr","15":"pa_platformlengte-mm-2700-mm-fr","16":"pa_transport-750-kg-fr","17":"pa_verplicht-rijbewijs-be-fr","19":"first","20":"instock","21":"purchasable","22":"product-type-simple"},"acf":[],"_links":{"self":[{"href":"https:\/\/www.euromat.be\/fr\/wp-json\/wp\/v2\/product\/6014","targetHints":{"allow":["GET"]}}],"collection":[{"href":"https:\/\/www.euromat.be\/fr\/wp-json\/wp\/v2\/product"}],"about":[{"href":"https:\/\/www.euromat.be\/fr\/wp-json\/wp\/v2\/types\/product"}],"wp:featuredmedia":[{"embeddable":true,"href":"https:\/\/www.euromat.be\/fr\/wp-json\/wp\/v2\/media\/2118"}],"wp:attachment":[{"href":"https:\/\/www.euromat.be\/fr\/wp-json\/wp\/v2\/media?parent=6014"}],"wp:term":[{"taxonomy":"product_brand","embeddable":true,"href":"https:\/\/www.euromat.be\/fr\/wp-json\/wp\/v2\/product_brand?post=6014"},{"taxonomy":"product_cat","embeddable":true,"href":"https:\/\/www.euromat.be\/fr\/wp-json\/wp\/v2\/product_cat?post=6014"},{"taxonomy":"product_tag","embeddable":true,"href":"https:\/\/www.euromat.be\/fr\/wp-json\/wp\/v2\/product_tag?post=6014"}],"curies":[{"name":"wp","href":"https:\/\/api.w.org\/{rel}","templated":true}]}}