{"id":6015,"date":"2025-09-10T14:06:47","date_gmt":"2025-09-10T12:06:47","guid":{"rendered":"https:\/\/www.euromat.be\/product\/geremde-aanhangwagen-2-ton\/"},"modified":"2025-09-29T16:14:49","modified_gmt":"2025-09-29T14:14:49","slug":"remorque-freinee-2-tonnes","status":"publish","type":"product","link":"https:\/\/www.euromat.be\/fr\/produit\/remorque-freinee-2-tonnes\/","title":{"rendered":"Remorque frein\u00e9e > 2 tonnes"},"content":{"rendered":"<section class=\"l-section wpb_row height_auto\"><div class=\"l-section-h i-cf\"><div class=\"g-cols vc_row via_flex valign_top type_default stacking_default\"><div class=\"vc_col-sm-12 wpb_column vc_column_container\"><div class=\"vc_column-inner\"><div class=\"wpb_wrapper\"><div class=\"wpb_text_column\"><div class=\"wpb_wrapper\"><p>La remorque frein\u00e9e &gt; 2000 kg offre une solution robuste pour une utilisation intensive. Avec une plate-forme large de 1800 mm et une longueur de 4000 mm, elle offre suffisamment d&rsquo;espace pour les charges importantes. Son MTM de 2700 kg et son poids propre de 420 kg en font un mod\u00e8le particuli\u00e8rement adapt\u00e9 aux transports plus lourds. Equip\u00e9e de ridelles de 300 mm de haut et d&rsquo;une hauteur de chargement de 700 mm, cette remorque garantit stabilit\u00e9 et s\u00e9curit\u00e9. N\u00e9cessite le permis de conduire BE.<\/p>\n<\/div><\/div><\/div><\/div><\/div><\/div><\/div><\/section>\n","protected":false},"excerpt":{"rendered":"<p>Remorque frein\u00e9e puissante et de grande capacit\u00e9, id\u00e9ale pour les t\u00e2ches de transport plus lourdes.<\/p>\n","protected":false},"featured_media":2116,"template":"","meta":{"_acf_changed":false},"product_brand":[1410],"product_cat":[1374,1375],"product_tag":[],"class_list":{"0":"post-6015","1":"product","2":"type-product","3":"status-publish","4":"has-post-thumbnail","6":"product_brand-hapert","7":"product_cat-machines-de-chantier","8":"product_cat-remorques","9":"pa_assen-2-fr","10":"pa_gewicht-leeg-420-kg-fr","11":"pa_hoogte-borden-mm-300-mm-fr","12":"pa_laadhoogte-mm-700-mm-fr","13":"pa_mtm-kg-2700-kg-fr","14":"pa_platformbreedte-mm-1800-mm-fr","15":"pa_platformlengte-mm-4000-mm-fr","16":"pa_transport-750-kg-fr","17":"pa_verplicht-rijbewijs-be-fr","19":"first","20":"instock","21":"purchasable","22":"product-type-simple"},"acf":[],"_links":{"self":[{"href":"https:\/\/www.euromat.be\/fr\/wp-json\/wp\/v2\/product\/6015","targetHints":{"allow":["GET"]}}],"collection":[{"href":"https:\/\/www.euromat.be\/fr\/wp-json\/wp\/v2\/product"}],"about":[{"href":"https:\/\/www.euromat.be\/fr\/wp-json\/wp\/v2\/types\/product"}],"wp:featuredmedia":[{"embeddable":true,"href":"https:\/\/www.euromat.be\/fr\/wp-json\/wp\/v2\/media\/2116"}],"wp:attachment":[{"href":"https:\/\/www.euromat.be\/fr\/wp-json\/wp\/v2\/media?parent=6015"}],"wp:term":[{"taxonomy":"product_brand","embeddable":true,"href":"https:\/\/www.euromat.be\/fr\/wp-json\/wp\/v2\/product_brand?post=6015"},{"taxonomy":"product_cat","embeddable":true,"href":"https:\/\/www.euromat.be\/fr\/wp-json\/wp\/v2\/product_cat?post=6015"},{"taxonomy":"product_tag","embeddable":true,"href":"https:\/\/www.euromat.be\/fr\/wp-json\/wp\/v2\/product_tag?post=6015"}],"curies":[{"name":"wp","href":"https:\/\/api.w.org\/{rel}","templated":true}]}}