{"id":6016,"date":"2025-09-10T14:06:47","date_gmt":"2025-09-10T12:06:47","guid":{"rendered":"https:\/\/www.euromat.be\/product\/geremde-aanhangwagen-2-ton-type-machinetransporter\/"},"modified":"2025-09-29T16:14:49","modified_gmt":"2025-09-29T14:14:49","slug":"remorque-freinee-2-tonnes-type-transport-machines","status":"publish","type":"product","link":"https:\/\/www.euromat.be\/fr\/produit\/remorque-freinee-2-tonnes-type-transport-machines\/","title":{"rendered":"Remorque frein\u00e9e > 2 tonnes type transport machines"},"content":{"rendered":"<section class=\"l-section wpb_row height_auto\"><div class=\"l-section-h i-cf\"><div class=\"g-cols vc_row via_flex valign_top type_default stacking_default\"><div class=\"vc_col-sm-12 wpb_column vc_column_container\"><div class=\"vc_column-inner\"><div class=\"wpb_wrapper\"><div class=\"wpb_text_column\"><div class=\"wpb_wrapper\"><p>Le transporteur de machines \u00e0 remorque frein\u00e9e est sp\u00e9cialement con\u00e7u pour le transport de machines et de charges lourdes. Avec une MTM de 3500 kg et un poids \u00e0 vide de 850 kg, il s&rsquo;agit d&rsquo;un choix extr\u00eamement robuste et fiable. La plate-forme mesure 1740 mm de large et 3600 mm de long, avec une hauteur de chargement de seulement 430 mm, ce qui facilite consid\u00e9rablement le chargement et le d\u00e9chargement des machines. Les planches ont une hauteur de 230 mm, ce qui leur conf\u00e8re une stabilit\u00e9 accrue. Id\u00e9al pour les professionnels qui transportent r\u00e9guli\u00e8rement des machines et des \u00e9quipements lourds.<\/p>\n<\/div><\/div><\/div><\/div><\/div><\/div><\/div><\/section>\n","protected":false},"excerpt":{"rendered":"<p>Transporteur de machines sp\u00e9cialis\u00e9 avec une capacit\u00e9 de charge \u00e9lev\u00e9e et une faible hauteur de chargement.<\/p>\n","protected":false},"featured_media":2112,"template":"","meta":{"_acf_changed":false},"product_brand":[1414],"product_cat":[1374,1375],"product_tag":[],"class_list":{"0":"post-6016","1":"product","2":"type-product","3":"status-publish","4":"has-post-thumbnail","6":"product_brand-indigo","7":"product_cat-machines-de-chantier","8":"product_cat-remorques","9":"pa_assen-2-fr","10":"pa_gewicht-leeg-850-kg-fr","11":"pa_hoogte-borden-mm-230-mm-fr","12":"pa_laadhoogte-mm-430-mm-fr","13":"pa_mtm-kg-3500-kg-fr","14":"pa_platformbreedte-mm-1740-mm-fr","15":"pa_platformlengte-mm-3600-mm-fr","16":"pa_transport-750-kg-fr","17":"pa_verplicht-rijbewijs-be-fr","19":"first","20":"instock","21":"purchasable","22":"product-type-simple"},"acf":[],"_links":{"self":[{"href":"https:\/\/www.euromat.be\/fr\/wp-json\/wp\/v2\/product\/6016","targetHints":{"allow":["GET"]}}],"collection":[{"href":"https:\/\/www.euromat.be\/fr\/wp-json\/wp\/v2\/product"}],"about":[{"href":"https:\/\/www.euromat.be\/fr\/wp-json\/wp\/v2\/types\/product"}],"wp:featuredmedia":[{"embeddable":true,"href":"https:\/\/www.euromat.be\/fr\/wp-json\/wp\/v2\/media\/2112"}],"wp:attachment":[{"href":"https:\/\/www.euromat.be\/fr\/wp-json\/wp\/v2\/media?parent=6016"}],"wp:term":[{"taxonomy":"product_brand","embeddable":true,"href":"https:\/\/www.euromat.be\/fr\/wp-json\/wp\/v2\/product_brand?post=6016"},{"taxonomy":"product_cat","embeddable":true,"href":"https:\/\/www.euromat.be\/fr\/wp-json\/wp\/v2\/product_cat?post=6016"},{"taxonomy":"product_tag","embeddable":true,"href":"https:\/\/www.euromat.be\/fr\/wp-json\/wp\/v2\/product_tag?post=6016"}],"curies":[{"name":"wp","href":"https:\/\/api.w.org\/{rel}","templated":true}]}}