{"id":6017,"date":"2025-09-10T14:06:47","date_gmt":"2025-09-10T12:06:47","guid":{"rendered":"https:\/\/www.euromat.be\/product\/led-scherm-van-6m%c2%b2\/"},"modified":"2025-09-29T16:14:49","modified_gmt":"2025-09-29T14:14:49","slug":"ecran-led-de-6m%c2%b2-sur-remorque","status":"publish","type":"product","link":"https:\/\/www.euromat.be\/fr\/produit\/ecran-led-de-6m%c2%b2-sur-remorque\/","title":{"rendered":"\u00c9cran LED de 6m\u00b2 sur remorque"},"content":{"rendered":"<section class=\"l-section wpb_row height_auto\"><div class=\"l-section-h i-cf\"><div class=\"g-cols vc_row via_flex valign_top type_default stacking_default\"><div class=\"vc_col-sm-12 wpb_column vc_column_container\"><div class=\"vc_column-inner\"><div class=\"wpb_wrapper\"><div class=\"wpb_text_column\"><div class=\"wpb_wrapper\"><p><strong>\u00c9CRAN LED 6M\u00b2<\/strong><\/p>\n<p>\u00c9cran LED multifonctionnel pour les chantiers et les \u00e9v\u00e9nements<\/p>\n<p>L&rsquo;\u00e9cran LED Munkebo 6M\u00b2 est la solution id\u00e9ale pour placer une communication visuelle accrocheuse dans votre cour ou lors d&rsquo;un \u00e9v\u00e9nement. Cet \u00e9cran LED lumineux et puissant de 6 m\u00e8tres carr\u00e9s est parfait pour la publicit\u00e9, l&rsquo;affichage d&rsquo;offres d&#8217;emploi, la signalisation routi\u00e8re et l&rsquo;affichage de messages de service public. La polyvalence de l&rsquo;\u00e9cran LED Munkebo 6M\u00b2 permet d&rsquo;attirer facilement l&rsquo;attention des passants et des employ\u00e9s. L&rsquo;\u00e9cran est facile \u00e0 positionner et \u00e0 utiliser, ce qui vous permet de communiquer rapidement et efficacement votre message o\u00f9 et quand vous le souhaitez.<\/p>\n<p><strong>Caract\u00e9ristiques principales :<\/strong><br \/>\n&#8211; Surface : 6 m\u00b2 &#8211; grande et tr\u00e8s visible<br \/>\n&#8211; Applications : publicit\u00e9, offres d&#8217;emploi, signalisation routi\u00e8re, messages g\u00e9n\u00e9raux<br \/>\n&#8211; Utilisation : convient pour les cours, les \u00e9v\u00e9nements et les espaces publics<br \/>\n&#8211; Marque : Munkebo &#8211; partenaire fiable en mati\u00e8re d&rsquo;\u00e9quipement professionnel<\/p>\n<p><strong>Pourquoi choisir Euromat ?<\/strong><br \/>\nAvec Euromat, vous louez le Munkebo LED SCREEN 6M\u00b2 avec une garantie de qualit\u00e9 et de fonctionnalit\u00e9. Notre service de location flexible vous permet de disposer rapidement de l&rsquo;\u00e9cran ad\u00e9quat pour votre projet ou votre \u00e9v\u00e9nement.<\/p>\n<p>\u2714\ufe0f Communication visuelle accrocheuse<br \/>\n\u2714\ufe0f Facile \u00e0 installer et \u00e0 utiliser<br \/>\n\u2714\ufe0f Polyvalent pour diff\u00e9rents usages<\/p>\n<\/div><\/div><\/div><\/div><\/div><\/div><\/div><\/section>\n","protected":false},"excerpt":{"rendered":"<p>\u00c9CRAN LED 6M\u00b2, \u00e9cran lumineux et accrocheur pour les applications dans les cours et les \u00e9v\u00e9nements. Id\u00e9al pour la publicit\u00e9, les offres d&#8217;emploi, la signalisation routi\u00e8re et les messages g\u00e9n\u00e9raux. Facile \u00e0 positionner et \u00e0 utiliser, il offre une visibilit\u00e9 maximale et une utilisation polyvalente.<\/p>\n","protected":false},"featured_media":2120,"template":"","meta":{"_acf_changed":false},"product_brand":[],"product_cat":[1374,1375],"product_tag":[],"class_list":{"0":"post-6017","1":"product","2":"type-product","3":"status-publish","4":"has-post-thumbnail","6":"product_cat-machines-de-chantier","7":"product_cat-remorques","9":"first","10":"instock","11":"purchasable","12":"product-type-simple"},"acf":[],"_links":{"self":[{"href":"https:\/\/www.euromat.be\/fr\/wp-json\/wp\/v2\/product\/6017","targetHints":{"allow":["GET"]}}],"collection":[{"href":"https:\/\/www.euromat.be\/fr\/wp-json\/wp\/v2\/product"}],"about":[{"href":"https:\/\/www.euromat.be\/fr\/wp-json\/wp\/v2\/types\/product"}],"wp:featuredmedia":[{"embeddable":true,"href":"https:\/\/www.euromat.be\/fr\/wp-json\/wp\/v2\/media\/2120"}],"wp:attachment":[{"href":"https:\/\/www.euromat.be\/fr\/wp-json\/wp\/v2\/media?parent=6017"}],"wp:term":[{"taxonomy":"product_brand","embeddable":true,"href":"https:\/\/www.euromat.be\/fr\/wp-json\/wp\/v2\/product_brand?post=6017"},{"taxonomy":"product_cat","embeddable":true,"href":"https:\/\/www.euromat.be\/fr\/wp-json\/wp\/v2\/product_cat?post=6017"},{"taxonomy":"product_tag","embeddable":true,"href":"https:\/\/www.euromat.be\/fr\/wp-json\/wp\/v2\/product_tag?post=6017"}],"curies":[{"name":"wp","href":"https:\/\/api.w.org\/{rel}","templated":true}]}}