{"id":6018,"date":"2025-09-10T14:06:47","date_gmt":"2025-09-10T12:06:47","guid":{"rendered":"https:\/\/www.euromat.be\/product\/hydraulische-krachtgroep-hycon-hpp09\/"},"modified":"2025-09-29T16:14:49","modified_gmt":"2025-09-29T14:14:49","slug":"groupe-hydraulique-hycon-hpp09","status":"publish","type":"product","link":"https:\/\/www.euromat.be\/fr\/produit\/groupe-hydraulique-hycon-hpp09\/","title":{"rendered":"Groupe hydraulique &#8211; Hycon HPP09"},"content":{"rendered":"<section class=\"l-section wpb_row height_auto\"><div class=\"l-section-h i-cf\"><div class=\"g-cols vc_row via_flex valign_top type_default stacking_default\"><div class=\"vc_col-sm-12 wpb_column vc_column_container\"><div class=\"vc_column-inner\"><div class=\"wpb_wrapper\"><div class=\"wpb_text_column\"><div class=\"wpb_wrapper\"><p><strong>Groupe hydraulique Hycon HPP09<\/strong><\/p>\n<p>Une puissance hydraulique efficace avec une conception compacte et une technologie Hycon fiable<\/p>\n<p>Vous recherchez un groupe hydraulique puissant et compact pour des applications professionnelles ? Le HYCON HPP09 offre d&rsquo;excellentes performances avec un d\u00e9bit d&rsquo;huile de 20 l\/min et une pression maximale de 150 bars. Gr\u00e2ce \u00e0 la technologie Hycon powerpack de haute qualit\u00e9, vous travaillez avec une source d&rsquo;\u00e9nergie fiable qui alimente sans effort vos outils hydrauliques de d\u00e9molition et de coupe. Euromat a d\u00e9lib\u00e9r\u00e9ment choisi Hycon, une marque de premier plan avec laquelle nous avons une grande expertise et pouvons toujours vous garantir le meilleur prix et le meilleur service.<\/p>\n<p><strong>Caract\u00e9ristiques principales :<\/strong><br \/>\n&#8211; D\u00e9bit d&rsquo;huile : 20 l\/min \u00e0 150 bar &#8211; puissance optimale pour les applications hydrauliques<br \/>\n&#8211; Compact et l\u00e9ger : seulement 68 kg, facilement transportable et utilisable sur n&rsquo;importe quel chantier<br \/>\n&#8211; Carburant : essence &#8211; assure une utilisation flexible et mobile<br \/>\n&#8211; Bloc d&rsquo;alimentation Hycon : une seule source d&rsquo;alimentation pour divers outils hydrauliques tels que les marteaux-piqueurs, les marteaux-piqueurs et les carotteuses<br \/>\n&#8211; Faibles co\u00fbts d&rsquo;entretien : le compartiment ferm\u00e9 emp\u00eache la salet\u00e9, prolonge la dur\u00e9e de vie et facilite le nettoyage.<br \/>\n&#8211; Syst\u00e8me de refroidissement avanc\u00e9 : \u00e9vite la surchauffe, m\u00eame en cas d&rsquo;utilisation intensive<br \/>\n&#8211; Syst\u00e8me anti-vibration : augmente le confort d&rsquo;utilisation et la s\u00e9curit\u00e9<br \/>\n&#8211; R\u00e9partiteur de d\u00e9bit d&rsquo;huile HFD : avec vanne de contr\u00f4le, soupape de surpression et clapet anti-retour pour un raccordement facile aux excavateurs, par exemple.<br \/>\n&#8211; Peut \u00eatre utilis\u00e9 sous l&rsquo;eau<br \/>\n&#8211; Le groupe hydraulique PowerPack peut \u00eatre transport\u00e9 dans une camionnette<\/p>\n<p><strong>Applications :<\/strong><br \/>\nLe HYCON HPP09 est id\u00e9al pour la d\u00e9molition, le d\u00e9coupage, le concassage et d&rsquo;autres applications hydrauliques dans la construction, l&rsquo;infrastructure et l&rsquo;industrie. Gr\u00e2ce \u00e0 sa conception robuste et compacte, elle peut \u00eatre utilis\u00e9e dans des conditions m\u00e9t\u00e9orologiques extr\u00eames et m\u00eame sous l&rsquo;eau.<\/p>\n<p><strong>USP :<\/strong><br \/>\nAvec le syst\u00e8me Hycon, vous travaillez de mani\u00e8re plus efficace et plus rentable. L&rsquo;investissement n&rsquo;est que la moiti\u00e9 de celui d&rsquo;un groupe hydraulique traditionnel, tandis que vous \u00e9conomisez jusqu&rsquo;\u00e0 85 % sur les co\u00fbts de carburant. De plus, les \u00e9quipements compacts rendent le travail plus l\u00e9ger et le transport plus facile, sans compromettre les performances.<\/p>\n<p><strong>Pourquoi choisir Euromat ?<\/strong><br \/>\nEuromat s&rsquo;appuie sur un fournisseur de premier plan : Hycon. Nous disposons ainsi d&rsquo;une connaissance approfondie des produits et pouvons toujours vous offrir un prix comp\u00e9titif et un service optimal. Vous pouvez compter sur une source d&rsquo;\u00e9nergie puissante pour tous vos outils hydrauliques, soutenue par nos conseils professionnels et nos conditions de location flexibles.<\/p>\n<p>\u2714\ufe0f Partenaire exclusif d&rsquo;Hycon avec un service de premier ordre<br \/>\n\u2714\ufe0f Livraison rapide et assistance technique<br \/>\n\u2714\ufe0f Conditions de location flexibles et prix comp\u00e9titifs<\/p>\n<\/div><\/div><\/div><\/div><\/div><\/div><\/div><\/section>\n","protected":false},"excerpt":{"rendered":"<p>Centrale hydraulique Hycon HPP09, centrale \u00e0 essence compacte et puissante avec 20 l\/min \u00e0 150 bars pour alimenter les marteaux, les scies \u00e0 tron\u00e7onner et les carotteuses. Avec seulement 68 kg, elle est facile \u00e0 transporter, n\u00e9cessite peu d&rsquo;entretien et peut \u00eatre d\u00e9ploy\u00e9e sur n&rsquo;importe quel chantier, m\u00eame sous l&rsquo;eau. Permet d&rsquo;\u00e9conomiser jusqu&rsquo;\u00e0 85 % de carburant par rapport aux groupes hydrauliques traditionnels.<\/p>\n","protected":false},"featured_media":2655,"template":"","meta":{"_acf_changed":false},"product_brand":[1413],"product_cat":[2934,1360,1362],"product_tag":[],"class_list":{"0":"post-6018","1":"product","2":"type-product","3":"status-publish","4":"has-post-thumbnail","6":"product_brand-hycon-fr","7":"product_cat-groupes-hydrauliques","8":"product_cat-outillages","9":"product_cat-outillages-hydrauliques","10":"pa_gewicht-68-kg-fr","11":"pa_max-druk-150-bar-fr","12":"pa_oliedebiet-20-l-min-fr","14":"first","15":"instock","16":"purchasable","17":"product-type-simple"},"acf":[],"_links":{"self":[{"href":"https:\/\/www.euromat.be\/fr\/wp-json\/wp\/v2\/product\/6018","targetHints":{"allow":["GET"]}}],"collection":[{"href":"https:\/\/www.euromat.be\/fr\/wp-json\/wp\/v2\/product"}],"about":[{"href":"https:\/\/www.euromat.be\/fr\/wp-json\/wp\/v2\/types\/product"}],"wp:featuredmedia":[{"embeddable":true,"href":"https:\/\/www.euromat.be\/fr\/wp-json\/wp\/v2\/media\/2655"}],"wp:attachment":[{"href":"https:\/\/www.euromat.be\/fr\/wp-json\/wp\/v2\/media?parent=6018"}],"wp:term":[{"taxonomy":"product_brand","embeddable":true,"href":"https:\/\/www.euromat.be\/fr\/wp-json\/wp\/v2\/product_brand?post=6018"},{"taxonomy":"product_cat","embeddable":true,"href":"https:\/\/www.euromat.be\/fr\/wp-json\/wp\/v2\/product_cat?post=6018"},{"taxonomy":"product_tag","embeddable":true,"href":"https:\/\/www.euromat.be\/fr\/wp-json\/wp\/v2\/product_tag?post=6018"}],"curies":[{"name":"wp","href":"https:\/\/api.w.org\/{rel}","templated":true}]}}