{"id":6019,"date":"2025-09-10T14:06:47","date_gmt":"2025-09-10T12:06:47","guid":{"rendered":"https:\/\/www.euromat.be\/product\/hydraulische-krachtgroep-hycon-hpp13-flex\/"},"modified":"2025-09-29T16:14:49","modified_gmt":"2025-09-29T14:14:49","slug":"groupe-hydraulique-hycon-hpp13-flex","status":"publish","type":"product","link":"https:\/\/www.euromat.be\/fr\/produit\/groupe-hydraulique-hycon-hpp13-flex\/","title":{"rendered":"Groupe hydraulique &#8211; Hycon HPP13 Flex"},"content":{"rendered":"<section class=\"l-section wpb_row height_auto\"><div class=\"l-section-h i-cf\"><div class=\"g-cols vc_row via_flex valign_top type_default stacking_default\"><div class=\"vc_col-sm-12 wpb_column vc_column_container\"><div class=\"vc_column-inner\"><div class=\"wpb_wrapper\"><div class=\"wpb_text_column\"><div class=\"wpb_wrapper\"><p><strong>Groupe hydraulique Hycon HPP13 FLEX<\/strong><\/p>\n<p>Puissance hydraulique flexible gr\u00e2ce \u00e0 la technologie avanc\u00e9e Hycon<\/p>\n<p>Le HYCON HPP13 FLEX est un groupe hydraulique polyvalent qui r\u00e9pond parfaitement \u00e0 diverses applications professionnelles gr\u00e2ce \u00e0 son d\u00e9bit d&rsquo;huile r\u00e9glable de 20 \u00e0 30 l\/min et \u00e0 sa pression maximale de 150 bars. Euromat travaille exclusivement avec Hycon, une marque de premier plan que nous connaissons bien. Nous pouvons donc toujours vous offrir un prix comp\u00e9titif et la certitude d&rsquo;une source d&rsquo;\u00e9nergie fiable : le powerpack Hycon. Compact, puissant et efficace, il est id\u00e9al pour les outils hydrauliques portables de d\u00e9molition et de coupe.<\/p>\n<p><strong>Caract\u00e9ristiques principales :<\/strong><br \/>\n&#8211; D\u00e9bit d&rsquo;huile : r\u00e9glable entre 20-30 l\/min \u00e0 150 bar, adapt\u00e9 \u00e0 vos besoins<br \/>\n&#8211; Compact et mobile : avec ses 81 kg, il est l\u00e9ger et facile \u00e0 transporter<br \/>\n&#8211; Carburant : essence &#8211; flexible et ind\u00e9pendant dans l&rsquo;utilisation<br \/>\n&#8211; Bloc d&rsquo;alimentation Hycon : une source d&rsquo;\u00e9nergie puissante pour les marteaux-piqueurs, les marteaux piqueurs, les carotteuses, les pompes \u00e0 eau sale, etc.<br \/>\n&#8211; Faibles co\u00fbts d&rsquo;entretien : le compartiment ferm\u00e9 prot\u00e8ge de la salet\u00e9, prolonge la dur\u00e9e de vie et facilite le nettoyage.<br \/>\n&#8211; Syst\u00e8me de refroidissement unique : \u00e9vite la surchauffe en cas d&rsquo;utilisation intensive<br \/>\n&#8211; Syst\u00e8me anti-vibration : augmente le confort d&rsquo;utilisation et la s\u00e9curit\u00e9<br \/>\n&#8211; R\u00e9partiteur de d\u00e9bit d&rsquo;huile HFD : avec vanne de r\u00e9gulation, soupape de surpression et clapet anti-retour pour faciliter le raccordement aux excavateurs et autres outils hydrauliques.<br \/>\n&#8211; Peut \u00eatre utilis\u00e9 sous l&rsquo;eau<br \/>\n&#8211; Le groupe hydraulique PowerPack peut \u00eatre transport\u00e9 dans une camionnette<\/p>\n<p><strong>Applications :<\/strong><br \/>\nLe HYCON HPP13 FLEX est parfait pour la d\u00e9molition hydraulique, le d\u00e9coupage, le concassage et de nombreuses autres applications hydrauliques dans la construction, l&rsquo;infrastructure et l&rsquo;industrie. Le syst\u00e8me fonctionne parfaitement dans toutes les conditions m\u00e9t\u00e9orologiques, ne g\u00e8le pas en hiver et peut m\u00eame \u00eatre utilis\u00e9 sous l&rsquo;eau.<\/p>\n<p><strong>USP :<\/strong><br \/>\nLe syst\u00e8me Hycon vous permet d&rsquo;effectuer le m\u00eame travail avec un \u00e9quipement plus compact, ce qui rend le travail plus l\u00e9ger et le transport plus facile. L&rsquo;investissement n&rsquo;est que la moiti\u00e9 de celui d&rsquo;un groupe hydraulique traditionnel, tandis que vous \u00e9conomisez jusqu&rsquo;\u00e0 85 % sur les co\u00fbts de carburant. Il en r\u00e9sulte des performances de travail et des revenus identiques, mais \u00e0 un co\u00fbt nettement inf\u00e9rieur.<\/p>\n<p><strong>Pourquoi choisir Euromat ?<\/strong><br \/>\nEuromat choisit d\u00e9lib\u00e9r\u00e9ment un fournisseur de premier plan : Hycon. Nous disposons ainsi d&rsquo;une connaissance approfondie des produits, ce qui nous permet de vous garantir non seulement le meilleur prix, mais aussi un service optimal. Comptez sur un puissant groupe Hycon comme source d&rsquo;\u00e9nergie pour tous vos outils hydrauliques, soutenu par notre service professionnel et nos conditions de location flexibles.<\/p>\n<p>\u2714\ufe0f Partenaire exclusif de Hycon avec expertise technique<br \/>\n\u2714\ufe0f Livraison rapide et support expert<br \/>\n\u2714\ufe0f Location flexible et prix comp\u00e9titifs<\/p>\n<\/div><\/div><\/div><\/div><\/div><\/div><\/div><\/section>\n","protected":false},"excerpt":{"rendered":"<p>Groupe hydraulique Hycon HPP13 FLEX avec d\u00e9bit d&rsquo;huile r\u00e9glable de 20-30 l\/min \u00e0 150 bar. Centrale \u00e0 essence compacte de 81 kg pour l&rsquo;alimentation des marteaux, des scies \u00e0 tron\u00e7onner, des carotteuses, etc. Peu d&rsquo;entretien, utilisable dans toutes les conditions et m\u00eame sous l&rsquo;eau, avec jusqu&rsquo;\u00e0 85 % d&rsquo;\u00e9conomies de carburant par rapport aux syst\u00e8mes traditionnels.<\/p>\n","protected":false},"featured_media":2653,"template":"","meta":{"_acf_changed":false},"product_brand":[1413],"product_cat":[2934,1360,1362],"product_tag":[],"class_list":{"0":"post-6019","1":"product","2":"type-product","3":"status-publish","4":"has-post-thumbnail","6":"product_brand-hycon-fr","7":"product_cat-groupes-hydrauliques","8":"product_cat-outillages","9":"product_cat-outillages-hydrauliques","10":"pa_gewicht-81-kg-fr","11":"pa_max-druk-150-bar-fr","12":"pa_oliedebiet-20-30-l-min-fr","14":"first","15":"instock","16":"purchasable","17":"product-type-simple"},"acf":[],"_links":{"self":[{"href":"https:\/\/www.euromat.be\/fr\/wp-json\/wp\/v2\/product\/6019","targetHints":{"allow":["GET"]}}],"collection":[{"href":"https:\/\/www.euromat.be\/fr\/wp-json\/wp\/v2\/product"}],"about":[{"href":"https:\/\/www.euromat.be\/fr\/wp-json\/wp\/v2\/types\/product"}],"wp:featuredmedia":[{"embeddable":true,"href":"https:\/\/www.euromat.be\/fr\/wp-json\/wp\/v2\/media\/2653"}],"wp:attachment":[{"href":"https:\/\/www.euromat.be\/fr\/wp-json\/wp\/v2\/media?parent=6019"}],"wp:term":[{"taxonomy":"product_brand","embeddable":true,"href":"https:\/\/www.euromat.be\/fr\/wp-json\/wp\/v2\/product_brand?post=6019"},{"taxonomy":"product_cat","embeddable":true,"href":"https:\/\/www.euromat.be\/fr\/wp-json\/wp\/v2\/product_cat?post=6019"},{"taxonomy":"product_tag","embeddable":true,"href":"https:\/\/www.euromat.be\/fr\/wp-json\/wp\/v2\/product_tag?post=6019"}],"curies":[{"name":"wp","href":"https:\/\/api.w.org\/{rel}","templated":true}]}}