{"id":6020,"date":"2025-09-10T14:06:47","date_gmt":"2025-09-10T12:06:47","guid":{"rendered":"https:\/\/www.euromat.be\/product\/hydraulische-krachtgroep-hycon-hpp18-flex\/"},"modified":"2025-09-29T16:14:48","modified_gmt":"2025-09-29T14:14:48","slug":"groupe-hydraulique-hycon-hpp18-flex","status":"publish","type":"product","link":"https:\/\/www.euromat.be\/fr\/produit\/groupe-hydraulique-hycon-hpp18-flex\/","title":{"rendered":"Groupe hydraulique &#8211; Hycon HPP18 Flex"},"content":{"rendered":"<section class=\"l-section wpb_row height_auto\"><div class=\"l-section-h i-cf\"><div class=\"g-cols vc_row via_flex valign_top type_default stacking_default\"><div class=\"vc_col-sm-12 wpb_column vc_column_container\"><div class=\"vc_column-inner\"><div class=\"wpb_wrapper\"><div class=\"wpb_text_column\"><div class=\"wpb_wrapper\"><p><strong>Groupe hydraulique Hycon HPP18 FLEX<\/strong><\/p>\n<p>Une puissance hydraulique puissante et flexible gr\u00e2ce \u00e0 la technologie Hycon top<\/p>\n<p>Le HYCON HPP18 FLEX est un groupe hydraulique polyvalent qui, avec un d\u00e9bit d&rsquo;huile r\u00e9glable de 20-30-40 l\/min et une pression maximale de 160 bars, convient parfaitement aux applications professionnelles les plus diverses. Euromat a d\u00e9lib\u00e9r\u00e9ment choisi un fournisseur de premier plan : Hycon. Gr\u00e2ce \u00e0 notre connaissance approfondie de cette marque de premier plan, nous pouvons vous proposer un prix comp\u00e9titif et vous garantir que vous travaillez avec une source d&rsquo;\u00e9nergie fiable : le powerpack Hycon. Compact et puissant, il est parfait pour les outils hydrauliques portables de d\u00e9molition et de coupe.<\/p>\n<p><strong>Caract\u00e9ristiques principales :<\/strong><br \/>\n&#8211; D\u00e9bit d&rsquo;huile : r\u00e9glable entre 20-30-40 l\/min \u00e0 160 bar &#8211; adapt\u00e9 de mani\u00e8re optimale \u00e0 vos op\u00e9rations<br \/>\n&#8211; Robuste et mobile : 112 kg, facile \u00e0 transporter et \u00e0 d\u00e9ployer sur diff\u00e9rents chantiers<br \/>\n&#8211; Carburant : essence &#8211; pour un maximum de flexibilit\u00e9 et d&rsquo;ind\u00e9pendance<br \/>\n&#8211; Bloc d&rsquo;alimentation Hycon : une source d&rsquo;\u00e9nergie puissante pour les marteaux-piqueurs, les marteaux piqueurs, les carotteuses, les pompes \u00e0 eau sale, etc.<br \/>\n&#8211; Faibles co\u00fbts d&rsquo;entretien : tous les composants se trouvent dans un compartiment ferm\u00e9, ce qui emp\u00eache la salet\u00e9 de p\u00e9n\u00e9trer et prolonge la dur\u00e9e de vie de l&rsquo;engin.<br \/>\n&#8211; Syst\u00e8me de refroidissement avanc\u00e9 : \u00e9vite la surchauffe, m\u00eame en cas d&rsquo;utilisation intensive et prolong\u00e9e<br \/>\n&#8211; Syst\u00e8me anti-vibration : pour un travail confortable et s\u00fbr<br \/>\n&#8211; R\u00e9partiteur de d\u00e9bit d&rsquo;huile HFD : avec vanne de r\u00e9gulation, soupape de surpression et clapet anti-retour, id\u00e9al pour le raccordement \u00e0 des excavateurs, par exemple.<br \/>\n&#8211; Peut \u00eatre utilis\u00e9 sous l&rsquo;eau<br \/>\n&#8211; Le groupe hydraulique PowerPack peut \u00eatre transport\u00e9 dans une camionnette<\/p>\n<p><strong>Applications :<\/strong><br \/>\nL&rsquo;HYCON HPP18 FLEX convient parfaitement \u00e0 la d\u00e9molition et au d\u00e9coupage hydrauliques, au concassage, au carottage et \u00e0 diverses applications hydrauliques dans la construction, l&rsquo;industrie et l&rsquo;infrastructure. Ce syst\u00e8me Hycon fonctionne de mani\u00e8re fiable dans toutes les conditions m\u00e9t\u00e9orologiques et peut m\u00eame \u00eatre utilis\u00e9 sous l&rsquo;eau.<\/p>\n<p><strong>USP :<\/strong><br \/>\nAvec le syst\u00e8me Hycon, vous effectuez le m\u00eame travail avec un \u00e9quipement plus compact, ce qui rend le travail plus l\u00e9ger et le transport plus facile. L&rsquo;investissement n&rsquo;est que la moiti\u00e9 de celui d&rsquo;un groupe hydraulique traditionnel et vous \u00e9conomisez jusqu&rsquo;\u00e0 85 % sur les co\u00fbts de carburant. Les performances et les revenus restent donc les m\u00eames, mais avec des co\u00fbts nettement inf\u00e9rieurs.<\/p>\n<p><strong>Pourquoi choisir Euromat ?<\/strong><br \/>\nEuromat s&rsquo;est engag\u00e9 dans une coop\u00e9ration exclusive avec Hycon, ce qui nous permet de vous garantir une connaissance approfondie des produits et les meilleurs prix. Comptez sur un seul powerpack Hycon fiable comme source d&rsquo;\u00e9nergie pour tous vos outils hydrauliques, avec une assistance compl\u00e8te et des conditions de location flexibles de la part de nos sp\u00e9cialistes.<\/p>\n<p>\u2714\ufe0f Partenaire officiel de Hycon avec une grande expertise<br \/>\n\u2714\ufe0f Livraison rapide et support technique professionnel<br \/>\n\u2714\ufe0f Location flexible et tarifs comp\u00e9titifs<\/p>\n<\/div><\/div><\/div><\/div><\/div><\/div><\/div><\/section>\n","protected":false},"excerpt":{"rendered":"<p>Centrale hydraulique Hycon HPP18 FLEX avec d\u00e9bit d&rsquo;huile r\u00e9glable de 20-30-40 l\/min \u00e0 160 bar. Centrale \u00e0 essence robuste de 112 kg pour l&rsquo;entra\u00eenement d&rsquo;outils hydrauliques lourds tels que les marteaux de d\u00e9molition, les scies \u00e0 tron\u00e7onner et les carotteuses. Peu d&rsquo;entretien, utilisable dans toutes les conditions et m\u00eame sous l&rsquo;eau, avec jusqu&rsquo;\u00e0 85 % d&rsquo;\u00e9conomies de carburant par rapport aux syst\u00e8mes traditionnels.<\/p>\n","protected":false},"featured_media":2659,"template":"","meta":{"_acf_changed":false},"product_brand":[1413],"product_cat":[2934,1360,1362],"product_tag":[],"class_list":{"0":"post-6020","1":"product","2":"type-product","3":"status-publish","4":"has-post-thumbnail","6":"product_brand-hycon-fr","7":"product_cat-groupes-hydrauliques","8":"product_cat-outillages","9":"product_cat-outillages-hydrauliques","10":"pa_gewicht-112-kg-fr","11":"pa_max-druk-160-bar-fr","12":"pa_oliedebiet-20-30-40-l-min-fr","14":"first","15":"instock","16":"purchasable","17":"product-type-simple"},"acf":[],"_links":{"self":[{"href":"https:\/\/www.euromat.be\/fr\/wp-json\/wp\/v2\/product\/6020","targetHints":{"allow":["GET"]}}],"collection":[{"href":"https:\/\/www.euromat.be\/fr\/wp-json\/wp\/v2\/product"}],"about":[{"href":"https:\/\/www.euromat.be\/fr\/wp-json\/wp\/v2\/types\/product"}],"wp:featuredmedia":[{"embeddable":true,"href":"https:\/\/www.euromat.be\/fr\/wp-json\/wp\/v2\/media\/2659"}],"wp:attachment":[{"href":"https:\/\/www.euromat.be\/fr\/wp-json\/wp\/v2\/media?parent=6020"}],"wp:term":[{"taxonomy":"product_brand","embeddable":true,"href":"https:\/\/www.euromat.be\/fr\/wp-json\/wp\/v2\/product_brand?post=6020"},{"taxonomy":"product_cat","embeddable":true,"href":"https:\/\/www.euromat.be\/fr\/wp-json\/wp\/v2\/product_cat?post=6020"},{"taxonomy":"product_tag","embeddable":true,"href":"https:\/\/www.euromat.be\/fr\/wp-json\/wp\/v2\/product_tag?post=6020"}],"curies":[{"name":"wp","href":"https:\/\/api.w.org\/{rel}","templated":true}]}}