{"id":6021,"date":"2025-09-10T14:06:47","date_gmt":"2025-09-10T12:06:47","guid":{"rendered":"https:\/\/www.euromat.be\/product\/hydraulische-krachtgroep-hycon-hpp18e\/"},"modified":"2025-09-29T16:14:48","modified_gmt":"2025-09-29T14:14:48","slug":"groupe-hydraulique-hycon-hpp18e","status":"publish","type":"product","link":"https:\/\/www.euromat.be\/fr\/produit\/groupe-hydraulique-hycon-hpp18e\/","title":{"rendered":"Groupe hydraulique &#8211; Hycon HPP18e"},"content":{"rendered":"<section class=\"l-section wpb_row height_auto\"><div class=\"l-section-h i-cf\"><div class=\"g-cols vc_row via_flex valign_top type_default stacking_default\"><div class=\"vc_col-sm-12 wpb_column vc_column_container\"><div class=\"vc_column-inner\"><div class=\"wpb_wrapper\"><div class=\"wpb_text_column\"><div class=\"wpb_wrapper\"><p><strong>Groupe hydraulique Hycon HPP18E<\/strong><\/p>\n<p>Puissance hydraulique \u00e9lectrique efficace et puissante avec la qualit\u00e9 Hycon<\/p>\n<p>Le HYCON HPP18E est un groupe hydraulique \u00e9lectrique avec un d\u00e9bit d&rsquo;huile r\u00e9glable de 20-30-40 l\/min et une pression maximale de 160 bars, id\u00e9al pour les applications hydrauliques polyvalentes. Euromat travaille exclusivement avec la grande marque Hycon, ce qui nous permet de vous offrir une connaissance approfondie des produits et un prix comp\u00e9titif. Avec le powerpack fiable de Hycon comme source d&rsquo;\u00e9nergie unique, vous travaillez efficacement et confortablement, tandis que la conception compacte facilite le transport.<\/p>\n<p><strong>Caract\u00e9ristiques principales :<\/strong><br \/>\n&#8211; D\u00e9bit d&rsquo;huile : r\u00e9glable entre 20-30-40 l\/min \u00e0 160 bar &#8211; parfaitement adaptable \u00e0 divers outils hydrauliques<br \/>\n&#8211; Alimentation \u00e9lectrique : CEE 5P 32A 400V &#8211; respectueuse de l&rsquo;environnement et puissante, sans \u00e9missions polluantes<br \/>\n&#8211; Conception robuste : 128 kg, solide et facilement d\u00e9pla\u00e7able<br \/>\n&#8211; Bloc d&rsquo;alimentation Hycon : source d&rsquo;\u00e9nergie pour les marteaux-piqueurs, les marteaux piqueurs, les carotteuses, les pompes \u00e0 eau sale, etc.<br \/>\n&#8211; Faibles co\u00fbts d&rsquo;entretien : le compartiment ferm\u00e9 emp\u00eache la p\u00e9n\u00e9tration de la salet\u00e9 et prolonge la dur\u00e9e de vie du syst\u00e8me.<br \/>\n&#8211; Syst\u00e8me de refroidissement unique : \u00e9vite la surchauffe pour une utilisation \u00e0 long terme<br \/>\n&#8211; Syst\u00e8me anti-vibration : assure un travail s\u00fbr et confortable<br \/>\n&#8211; Diviseur de d\u00e9bit d&rsquo;huile HFD : comprend une vanne de contr\u00f4le, une soupape de surpression et un clapet anti-retour, facile \u00e0 raccorder aux excavateurs, par exemple.<br \/>\n&#8211; Peut \u00eatre utilis\u00e9 sous l&rsquo;eau<br \/>\n&#8211; Le groupe hydraulique PowerPack peut \u00eatre transport\u00e9 dans une camionnette<\/p>\n<p><strong>Applications :<\/strong><br \/>\nL&rsquo;HYCON HPP18E convient parfaitement aux outils hydrauliques portables de d\u00e9molition et de coupe, au concassage, au carottage et \u00e0 d&rsquo;autres travaux hydrauliques dans la construction, l&rsquo;industrie et l&rsquo;infrastructure. Gr\u00e2ce au syst\u00e8me Hycon, ce bloc d&rsquo;alimentation peut \u00eatre utilis\u00e9 de mani\u00e8re fiable dans toutes les conditions m\u00e9t\u00e9orologiques, y compris sous l&rsquo;eau et en hiver.<\/p>\n<p><strong>USP :<\/strong><br \/>\nAvec le syst\u00e8me hydraulique Hycon, vous effectuez le m\u00eame travail avec un \u00e9quipement plus compact et plus l\u00e9ger, ce qui simplifie le transport et r\u00e9duit la charge de travail. L&rsquo;investissement n&rsquo;est que la moiti\u00e9 de celui d&rsquo;un groupe hydraulique traditionnel et vous \u00e9conomisez jusqu&rsquo;\u00e0 85 % sur les co\u00fbts de carburant, sans compromettre les performances et les revenus.<\/p>\n<p><strong>Pourquoi choisir Euromat ?<\/strong><br \/>\nEuromat choisit r\u00e9solument Hycon comme fournisseur unique, ce qui nous permet de garantir une expertise approfondie et des prix comp\u00e9titifs. Comptez sur un seul powerpack Hycon fiable comme source d&rsquo;\u00e9nergie centrale pour tous vos outils hydrauliques, soutenu par notre service professionnel et nos conditions de location flexibles.<\/p>\n<p>\u2714\ufe0f Partenaire exclusif d&rsquo;Hycon avec une connaissance approfondie des produits<br \/>\n\u2714\ufe0f Livraison rapide et assistance technique personnalis\u00e9e<br \/>\n\u2714\ufe0f Conditions de location flexibles et tarifs comp\u00e9titifs<\/p>\n<\/div><\/div><\/div><\/div><\/div><\/div><\/div><\/section>\n","protected":false},"excerpt":{"rendered":"<p>Groupe hydraulique \u00e9lectrique Hycon HPP18E avec d\u00e9bit d&rsquo;huile r\u00e9glable de 20-30-40 l\/min \u00e0 160 bar. Groupe robuste de 128 kg, n\u00e9cessitant peu d&rsquo;entretien et raccord\u00e9 \u00e0 400 V CEE 32 A, id\u00e9al pour alimenter les outils hydrauliques tels que les marteaux, les scies \u00e0 tron\u00e7onner et les carotteuses. Respectueux de l&rsquo;environnement, silencieux, d\u00e9ployable dans toutes les conditions et m\u00eame sous l&rsquo;eau.<\/p>\n","protected":false},"featured_media":1360,"template":"","meta":{"_acf_changed":false},"product_brand":[1413],"product_cat":[1360,1362],"product_tag":[],"class_list":{"0":"post-6021","1":"product","2":"type-product","3":"status-publish","4":"has-post-thumbnail","6":"product_brand-hycon-fr","7":"product_cat-outillages","8":"product_cat-outillages-hydrauliques","9":"pa_gewicht-128-kg-fr","10":"pa_max-druk-160-bar-fr","11":"pa_oliedebiet-20-30-40-l-min-fr","13":"first","14":"instock","15":"purchasable","16":"product-type-simple"},"acf":[],"_links":{"self":[{"href":"https:\/\/www.euromat.be\/fr\/wp-json\/wp\/v2\/product\/6021","targetHints":{"allow":["GET"]}}],"collection":[{"href":"https:\/\/www.euromat.be\/fr\/wp-json\/wp\/v2\/product"}],"about":[{"href":"https:\/\/www.euromat.be\/fr\/wp-json\/wp\/v2\/types\/product"}],"wp:featuredmedia":[{"embeddable":true,"href":"https:\/\/www.euromat.be\/fr\/wp-json\/wp\/v2\/media\/1360"}],"wp:attachment":[{"href":"https:\/\/www.euromat.be\/fr\/wp-json\/wp\/v2\/media?parent=6021"}],"wp:term":[{"taxonomy":"product_brand","embeddable":true,"href":"https:\/\/www.euromat.be\/fr\/wp-json\/wp\/v2\/product_brand?post=6021"},{"taxonomy":"product_cat","embeddable":true,"href":"https:\/\/www.euromat.be\/fr\/wp-json\/wp\/v2\/product_cat?post=6021"},{"taxonomy":"product_tag","embeddable":true,"href":"https:\/\/www.euromat.be\/fr\/wp-json\/wp\/v2\/product_tag?post=6021"}],"curies":[{"name":"wp","href":"https:\/\/api.w.org\/{rel}","templated":true}]}}