{"id":6023,"date":"2025-09-10T14:06:47","date_gmt":"2025-09-10T12:06:47","guid":{"rendered":"https:\/\/www.euromat.be\/product\/hydraulische-hamer-20-kg-hycon-hh20\/"},"modified":"2025-09-11T11:35:14","modified_gmt":"2025-09-11T09:35:14","slug":"marteau-hydraulique-20-kg-hycon-hh20","status":"publish","type":"product","link":"https:\/\/www.euromat.be\/fr\/produit\/marteau-hydraulique-20-kg-hycon-hh20\/","title":{"rendered":"Marteau hydraulique 20 kg &#8211; Hycon HH20"},"content":{"rendered":"<section class=\"l-section wpb_row height_auto\"><div class=\"l-section-h i-cf\"><div class=\"g-cols vc_row via_flex valign_top type_default stacking_default\"><div class=\"vc_col-sm-12 wpb_column vc_column_container\"><div class=\"vc_column-inner\"><div class=\"wpb_wrapper\"><div class=\"wpb_text_column\"><div class=\"wpb_wrapper\"><p><strong>Marteau hydraulique Hycon 20 kg &#8211; HH20<\/strong><\/p>\n<p>Marteau hydraulique puissant pour les travaux de d\u00e9molition de moyenne envergure<\/p>\n<p>Le marteau hydraulique Hycon de 20 kg HH20 est la solution id\u00e9ale pour les travaux de d\u00e9molition moyennement lourds. Avec un d\u00e9bit d&rsquo;huile de 20 l\/min et une pression maximale de 160 bars, ce marteau offre des performances puissantes avec une fr\u00e9quence de 1560 coups par minute. Gr\u00e2ce \u00e0 sa conception robuste et \u00e0 son poids l\u00e9ger de 20 kg, il convient \u00e0 diverses pelles et applications dans le secteur de la construction et de l&rsquo;industrie.<\/p>\n<p><strong>Caract\u00e9ristiques principales :<\/strong><br \/>\n&#8211; Poids : 20 kg &#8211; poids id\u00e9al pour une utilisation polyvalente<br \/>\n&#8211; D\u00e9bit d&rsquo;huile : 20 l\/min &#8211; puissance hydraulique fiable<br \/>\n&#8211; Pression de travail : 110 bar &#8211; action de rupture puissante et contr\u00f4l\u00e9e<br \/>\n&#8211; Pression maximale : 160 bar &#8211; convient \u00e0 une utilisation intensive<br \/>\n&#8211; Fr\u00e9quence : 1560 coups par minute &#8211; action de rupture efficace et rapide<br \/>\n&#8211; Compatible avec les groupes \u00e9lectrog\u00e8nes et les syst\u00e8mes hydrauliques Hycon<br \/>\n&#8211; Peut \u00eatre utilis\u00e9 sous l&rsquo;eau<br \/>\n&#8211; Le groupe hydraulique PowerPack peut \u00eatre transport\u00e9 dans une camionnette<\/p>\n<p><strong>Applications :<\/strong><br \/>\nExcellent pour la d\u00e9molition, la construction de routes, l&rsquo;excavation et le cassage de l&rsquo;asphalte et du b\u00e9ton.<\/p>\n<p><strong>Pourquoi choisir Euromat et Hycon ?<\/strong><br \/>\nEuromat travaille exclusivement avec Hycon, le principal fournisseur de centrales hydrauliques. Cela garantit une connaissance optimale des produits et le meilleur rapport qualit\u00e9-prix. Comptez sur la fiabilit\u00e9 du groupe hydraulique Hycon comme seule source d&rsquo;\u00e9nergie pour vos outils hydrauliques. Hycon rend le travail plus l\u00e9ger et plus compact, \u00e9conomise jusqu&rsquo;\u00e0 85 % de carburant et r\u00e9duit la maintenance gr\u00e2ce \u00e0 son syst\u00e8me ferm\u00e9 et \u00e0 son refroidissement avanc\u00e9.<\/p>\n<p>\u2714\ufe0f L&rsquo;expertise et le service d&rsquo;Euromat<br \/>\n\u2714\ufe0f Syst\u00e8mes anti-vibration et de refroidissement Hycon<br \/>\n\u2714\ufe0f Durable dans toutes les conditions<br \/>\n\u2714\ufe0f Un d\u00e9ploiement flexible pour vos projets<\/p>\n<\/div><\/div><\/div><\/div><\/div><\/div><\/div><\/section>\n","protected":false},"excerpt":{"rendered":"<p>Marteau hydraulique Hycon HH20 de 20 kg avec un d\u00e9bit d&rsquo;huile de 20 l\/min et une pression maximale de 160 bars. Robuste et puissant, avec 1560 coups par minute pour les travaux de d\u00e9molition de moyenne envergure tels que le cassage de l&rsquo;asphalte et du b\u00e9ton, la construction de routes et l&rsquo;excavation. Il peut \u00eatre utilis\u00e9 sous l&rsquo;eau et est compatible avec les blocs d&rsquo;alimentation Hycon pour une efficacit\u00e9 maximale et des co\u00fbts d&rsquo;exploitation r\u00e9duits.<\/p>\n","protected":false},"featured_media":2645,"template":"","meta":{"_acf_changed":false},"product_brand":[1413],"product_cat":[2935,1360,1362],"product_tag":[],"class_list":{"0":"post-6023","1":"product","2":"type-product","3":"status-publish","4":"has-post-thumbnail","6":"product_brand-hycon-fr","7":"product_cat-marteaux-hydrauliques","8":"product_cat-outillages","9":"product_cat-outillages-hydrauliques","10":"pa_frequentie-spm-1560-spm-fr","11":"pa_gewicht-20-kg-fr","12":"pa_max-druk-160-bar-fr","13":"pa_model-hh20-fr","14":"pa_oliedebiet-20-l-min-fr","15":"pa_werkdruk-110-bar-fr","17":"first","18":"instock","19":"purchasable","20":"product-type-simple"},"acf":[],"_links":{"self":[{"href":"https:\/\/www.euromat.be\/fr\/wp-json\/wp\/v2\/product\/6023","targetHints":{"allow":["GET"]}}],"collection":[{"href":"https:\/\/www.euromat.be\/fr\/wp-json\/wp\/v2\/product"}],"about":[{"href":"https:\/\/www.euromat.be\/fr\/wp-json\/wp\/v2\/types\/product"}],"wp:featuredmedia":[{"embeddable":true,"href":"https:\/\/www.euromat.be\/fr\/wp-json\/wp\/v2\/media\/2645"}],"wp:attachment":[{"href":"https:\/\/www.euromat.be\/fr\/wp-json\/wp\/v2\/media?parent=6023"}],"wp:term":[{"taxonomy":"product_brand","embeddable":true,"href":"https:\/\/www.euromat.be\/fr\/wp-json\/wp\/v2\/product_brand?post=6023"},{"taxonomy":"product_cat","embeddable":true,"href":"https:\/\/www.euromat.be\/fr\/wp-json\/wp\/v2\/product_cat?post=6023"},{"taxonomy":"product_tag","embeddable":true,"href":"https:\/\/www.euromat.be\/fr\/wp-json\/wp\/v2\/product_tag?post=6023"}],"curies":[{"name":"wp","href":"https:\/\/api.w.org\/{rel}","templated":true}]}}