{"id":6024,"date":"2025-09-10T14:06:47","date_gmt":"2025-09-10T12:06:47","guid":{"rendered":"https:\/\/www.euromat.be\/product\/hydraulische-hamer-25kg-hycon-hh25\/"},"modified":"2025-09-11T11:35:14","modified_gmt":"2025-09-11T09:35:14","slug":"marteau-hydraulique-25kg-hycon-hh25","status":"publish","type":"product","link":"https:\/\/www.euromat.be\/fr\/produit\/marteau-hydraulique-25kg-hycon-hh25\/","title":{"rendered":"Marteau hydraulique 25kg &#8211; Hycon HH25"},"content":{"rendered":"<section class=\"l-section wpb_row height_auto\"><div class=\"l-section-h i-cf\"><div class=\"g-cols vc_row via_flex valign_top type_default stacking_default\"><div class=\"vc_col-sm-12 wpb_column vc_column_container\"><div class=\"vc_column-inner\"><div class=\"wpb_wrapper\"><div class=\"wpb_text_column\"><div class=\"wpb_wrapper\"><p><strong>Marteau hydraulique Hycon 25 kg &#8211; HH25<\/strong><\/p>\n<p>Marteau hydraulique robuste pour les travaux lourds de d\u00e9molition et de cassage<\/p>\n<p>Le marteau hydraulique Hycon de 25 kg HH25 est parfait pour les travaux de d\u00e9molition et de cassage lourds qui exigent force et pr\u00e9cision. Avec un d\u00e9bit d&rsquo;huile de 20 l\/min et une pression maximale de 160 bars, ce marteau offre une puissante puissance de frappe avec une fr\u00e9quence de 1380 coups par minute. Malgr\u00e9 son poids \u00e9lev\u00e9 de 25 kg, il reste facile \u00e0 utiliser et allie efficacit\u00e9 et durabilit\u00e9.<\/p>\n<p><strong>Caract\u00e9ristiques principales :<\/strong><br \/>\n&#8211; Poids : 25 kg &#8211; puissant et robuste pour les travaux lourds<br \/>\n&#8211; D\u00e9bit d&rsquo;huile : 20 l\/min &#8211; performance hydraulique constante<br \/>\n&#8211; Pression de travail : 110 bar &#8211; capacit\u00e9 de rupture puissante<br \/>\n&#8211; Pression maximale : 160 bar &#8211; convient aux applications intensives<br \/>\n&#8211; Fr\u00e9quence : 1380 coups par minute &#8211; action de rupture forte et profonde<br \/>\n&#8211; Compatible avec le powerpack Hycon et d&rsquo;autres syst\u00e8mes hydrauliques<br \/>\n&#8211; Peut \u00eatre utilis\u00e9 sous l&rsquo;eau<br \/>\n&#8211; Le groupe hydraulique PowerPack peut \u00eatre transport\u00e9 dans une camionnette<\/p>\n<p><strong>Applications :<\/strong><br \/>\nConvient \u00e0 la d\u00e9molition lourde, \u00e0 la construction de routes, au cassage de b\u00e9ton et \u00e0 d&rsquo;autres projets exigeants.<\/p>\n<p><strong>Pourquoi choisir Euromat et Hycon ?<\/strong><br \/>\nEuromat ne s\u00e9lectionne que la meilleure qualit\u00e9 de Hycon, vous pouvez donc compter sur une expertise et des prix comp\u00e9titifs. Le bloc d&rsquo;alimentation Hycon fournit une \u00e9nergie fiable \u00e0 tous vos outils hydrauliques. Avec Hycon, vous travaillez de mani\u00e8re plus compacte, plus \u00e9conomique (jusqu&rsquo;\u00e0 85 % d&rsquo;\u00e9conomies de carburant) et plus facile \u00e0 entretenir gr\u00e2ce au compartiment ferm\u00e9 et au syst\u00e8me de refroidissement unique.<\/p>\n<p>\u2714\ufe0f L&rsquo;assistance experte d&rsquo;Euromat<br \/>\n\u2714\ufe0f Syst\u00e8mes anti-vibration et de refroidissement innovants Hycon<br \/>\n\u2714\ufe0f Des performances durables dans toutes les situations<br \/>\n\u2714\ufe0f D\u00e9ploiement flexible et efficace<\/p>\n<\/div><\/div><\/div><\/div><\/div><\/div><\/div><\/section>\n","protected":false},"excerpt":{"rendered":"<p>Marteau hydraulique Hycon HH25 de 25 kg avec un d\u00e9bit d&rsquo;huile de 20 l\/min et une pression maximale de 160 bars. Con\u00e7u pour les travaux lourds de d\u00e9molition et de broyage avec 1380 coups par minute, il est id\u00e9al pour briser le b\u00e9ton, construire des routes et r\u00e9aliser des applications industrielles intensives. Convient \u00e0 une utilisation sous l&rsquo;eau et est enti\u00e8rement compatible avec les blocs d&rsquo;alimentation Hycon pour une puissance maximale, une efficacit\u00e9 et des co\u00fbts d&rsquo;exploitation r\u00e9duits.<\/p>\n","protected":false},"featured_media":2647,"template":"","meta":{"_acf_changed":false},"product_brand":[1413],"product_cat":[2935,1360,1362],"product_tag":[],"class_list":{"0":"post-6024","1":"product","2":"type-product","3":"status-publish","4":"has-post-thumbnail","6":"product_brand-hycon-fr","7":"product_cat-marteaux-hydrauliques","8":"product_cat-outillages","9":"product_cat-outillages-hydrauliques","10":"pa_frequentie-spm-1380-spm-fr","11":"pa_gewicht-25-kg-fr","12":"pa_max-druk-160-bar-fr","13":"pa_model-hh25-fr","14":"pa_oliedebiet-20-l-min-fr","15":"pa_werkdruk-110-bar-fr","17":"first","18":"instock","19":"purchasable","20":"product-type-simple"},"acf":[],"_links":{"self":[{"href":"https:\/\/www.euromat.be\/fr\/wp-json\/wp\/v2\/product\/6024","targetHints":{"allow":["GET"]}}],"collection":[{"href":"https:\/\/www.euromat.be\/fr\/wp-json\/wp\/v2\/product"}],"about":[{"href":"https:\/\/www.euromat.be\/fr\/wp-json\/wp\/v2\/types\/product"}],"wp:featuredmedia":[{"embeddable":true,"href":"https:\/\/www.euromat.be\/fr\/wp-json\/wp\/v2\/media\/2647"}],"wp:attachment":[{"href":"https:\/\/www.euromat.be\/fr\/wp-json\/wp\/v2\/media?parent=6024"}],"wp:term":[{"taxonomy":"product_brand","embeddable":true,"href":"https:\/\/www.euromat.be\/fr\/wp-json\/wp\/v2\/product_brand?post=6024"},{"taxonomy":"product_cat","embeddable":true,"href":"https:\/\/www.euromat.be\/fr\/wp-json\/wp\/v2\/product_cat?post=6024"},{"taxonomy":"product_tag","embeddable":true,"href":"https:\/\/www.euromat.be\/fr\/wp-json\/wp\/v2\/product_tag?post=6024"}],"curies":[{"name":"wp","href":"https:\/\/api.w.org\/{rel}","templated":true}]}}