{"id":6025,"date":"2025-09-10T14:06:47","date_gmt":"2025-09-10T12:06:47","guid":{"rendered":"https:\/\/www.euromat.be\/product\/hydraulische-grondboor-hycon-hed-zn\/"},"modified":"2025-09-11T11:35:15","modified_gmt":"2025-09-11T09:35:15","slug":"tariere-hydraulique-hycon-hed-zn","status":"publish","type":"product","link":"https:\/\/www.euromat.be\/fr\/produit\/tariere-hydraulique-hycon-hed-zn\/","title":{"rendered":"Tari\u00e8re hydraulique &#8211; Hycon HED ZN"},"content":{"rendered":"<section class=\"l-section wpb_row height_auto\"><div class=\"l-section-h i-cf\"><div class=\"g-cols vc_row via_flex valign_top type_default stacking_default\"><div class=\"vc_col-sm-12 wpb_column vc_column_container\"><div class=\"vc_column-inner\"><div class=\"wpb_wrapper\"><div class=\"wpb_text_column\"><div class=\"wpb_wrapper\"><p><strong>Hycon Vis hydraulique HED ZN 19.6<\/strong><\/p>\n<p>Tari\u00e8re hydraulique puissante pour divers travaux de forage<\/p>\n<p>La tari\u00e8re hydraulique HYCON HED ZN 19.6 est un choix fiable pour un forage efficace et pr\u00e9cis dans divers types de sol. Avec un d\u00e9bit d&rsquo;huile de 20 \u00e0 40 l\/min et une pression de fonctionnement de 80 bars, cette tari\u00e8re fournit la puissance dont vous avez besoin pour les op\u00e9rations de forage de 90 \u00e0 250 mm de diam\u00e8tre. Compacte et de conception robuste, cette tari\u00e8re est id\u00e9ale pour une utilisation sur les excavateurs et autres syst\u00e8mes hydrauliques.<\/p>\n<p><strong>Caract\u00e9ristiques principales :<\/strong><br \/>\n&#8211; Diam\u00e8tre de forage : 90 &#8211; 120 &#8211; 200 &#8211; 250 mm &#8211; polyvalent<br \/>\n&#8211; D\u00e9bit d&rsquo;huile : 20-40 l\/min &#8211; puissance hydraulique r\u00e9glable<br \/>\n&#8211; Pression de travail : 80 bar &#8211; performance de forage fiable et constante<br \/>\n&#8211; Conception compacte et robuste &#8211; convient \u00e0 une utilisation professionnelle<br \/>\n&#8211; Compatible avec le syst\u00e8me hydraulique et le bloc d&rsquo;alimentation Hycon<br \/>\n&#8211; Peut \u00eatre utilis\u00e9 sous l&rsquo;eau<br \/>\n&#8211; Le groupe hydraulique PowerPack peut \u00eatre transport\u00e9 dans une camionnette<\/p>\n<p><strong>Applications :<\/strong><br \/>\nExcellent pour le forage du sol dans l&rsquo;horticulture, les chantiers de construction, l&rsquo;\u00e9rection de cl\u00f4tures, la pose de poteaux et d&rsquo;autres projets d&rsquo;infrastructure.<\/p>\n<p><strong>Pourquoi choisir Euromat et Hycon ?<\/strong><br \/>\nEuromat travaille exclusivement avec Hycon, un fournisseur de premier plan qui garantit la qualit\u00e9 et l&rsquo;expertise. Gr\u00e2ce \u00e0 nos ann\u00e9es d&rsquo;exp\u00e9rience avec Hycon, nous pouvons vous offrir le meilleur prix et le meilleur service. Avec le bloc d&rsquo;alimentation Hycon comme source d&rsquo;\u00e9nergie unique et fiable, vous travaillez plus efficacement, avec un \u00e9quipement plus compact qui simplifie le transport et l&rsquo;utilisation. Vous \u00e9conomiserez \u00e9galement jusqu&rsquo;\u00e0 85 % sur les co\u00fbts de carburant et b\u00e9n\u00e9ficierez de co\u00fbts de maintenance r\u00e9duits gr\u00e2ce au syst\u00e8me ferm\u00e9 et au syst\u00e8me de refroidissement unique de Hycon.<\/p>\n<p>\u2714\ufe0f Assistance d&rsquo;experts et livraison rapide par Euromat<br \/>\n\u2714\ufe0f Technologie Hycon durable et n\u00e9cessitant peu d&rsquo;entretien<br \/>\n\u2714\ufe0f Adapt\u00e9 \u00e0 diverses conditions m\u00e9t\u00e9orologiques et applications<br \/>\n\u2714\ufe0f Efficace et flexible pour toutes vos op\u00e9rations de forage<\/p>\n<\/div><\/div><\/div><\/div><\/div><\/div><\/div><\/section>\n","protected":false},"excerpt":{"rendered":"<p>Tari\u00e8re hydraulique Hycon HED ZN 19.6 pour des diam\u00e8tres de forage de 90 \u00e0 250 mm, avec un d\u00e9bit d&rsquo;huile r\u00e9glable de 20 \u00e0 40 l\/min et une pression de travail de 80 bars. Robuste et compacte, elle peut \u00eatre utilis\u00e9e sur des excavateurs ou avec des groupes hydrauliques Hycon. Id\u00e9ale pour le forage des sols dans la construction, l&rsquo;horticulture et les infrastructures, \u00e9galement d\u00e9ployable sous l&rsquo;eau, avec une grande efficacit\u00e9 et de faibles co\u00fbts d&rsquo;exploitation.<\/p>\n","protected":false},"featured_media":2667,"template":"","meta":{"_acf_changed":false},"product_brand":[1413],"product_cat":[1360,1362,2937],"product_tag":[],"class_list":{"0":"post-6025","1":"product","2":"type-product","3":"status-publish","4":"has-post-thumbnail","6":"product_brand-hycon-fr","7":"product_cat-outillages","8":"product_cat-outillages-hydrauliques","9":"product_cat-tarieres-hydrauliques","10":"pa_diameter-mm-90-120-200-250-mm-fr","11":"pa_gewicht-196-kg-fr","12":"pa_max-druk-210-bar-fr","13":"pa_model-hed-zn-fr","14":"pa_oliedebiet-20-40-l-min-fr","15":"pa_werkdruk-80-bar-fr","17":"first","18":"instock","19":"purchasable","20":"product-type-simple"},"acf":[],"_links":{"self":[{"href":"https:\/\/www.euromat.be\/fr\/wp-json\/wp\/v2\/product\/6025","targetHints":{"allow":["GET"]}}],"collection":[{"href":"https:\/\/www.euromat.be\/fr\/wp-json\/wp\/v2\/product"}],"about":[{"href":"https:\/\/www.euromat.be\/fr\/wp-json\/wp\/v2\/types\/product"}],"wp:featuredmedia":[{"embeddable":true,"href":"https:\/\/www.euromat.be\/fr\/wp-json\/wp\/v2\/media\/2667"}],"wp:attachment":[{"href":"https:\/\/www.euromat.be\/fr\/wp-json\/wp\/v2\/media?parent=6025"}],"wp:term":[{"taxonomy":"product_brand","embeddable":true,"href":"https:\/\/www.euromat.be\/fr\/wp-json\/wp\/v2\/product_brand?post=6025"},{"taxonomy":"product_cat","embeddable":true,"href":"https:\/\/www.euromat.be\/fr\/wp-json\/wp\/v2\/product_cat?post=6025"},{"taxonomy":"product_tag","embeddable":true,"href":"https:\/\/www.euromat.be\/fr\/wp-json\/wp\/v2\/product_tag?post=6025"}],"curies":[{"name":"wp","href":"https:\/\/api.w.org\/{rel}","templated":true}]}}