{"id":6027,"date":"2025-09-10T14:06:47","date_gmt":"2025-09-10T12:06:47","guid":{"rendered":"https:\/\/www.euromat.be\/product\/hydraulische-palenrammer-hycon-hpd-post-driver\/"},"modified":"2025-09-11T11:35:15","modified_gmt":"2025-09-11T09:35:15","slug":"enfonce-pieux-hydraulique-hycon-hpd-post-driver","status":"publish","type":"product","link":"https:\/\/www.euromat.be\/fr\/produit\/enfonce-pieux-hydraulique-hycon-hpd-post-driver\/","title":{"rendered":"Enfonce-pieux hydraulique &#8211; Hycon HPD Post Driver"},"content":{"rendered":"<section class=\"l-section wpb_row height_auto\"><div class=\"l-section-h i-cf\"><div class=\"g-cols vc_row via_flex valign_top type_default stacking_default\"><div class=\"vc_col-sm-12 wpb_column vc_column_container\"><div class=\"vc_column-inner\"><div class=\"wpb_wrapper\"><div class=\"wpb_text_column\"><div class=\"wpb_wrapper\"><p><strong>Hycon HPD &#8211; pilonneuse hydraulique<\/strong><\/p>\n<p>Solution efficace et performante pour l&rsquo;enfoncement de pieux<\/p>\n<p>L&rsquo;HYCON HPD est une robuste pilonneuse hydraulique con\u00e7ue pour enfoncer rapidement et en toute s\u00e9curit\u00e9 des pieux, des tuyaux et des profil\u00e9s dans le sol. Avec un d\u00e9bit d&rsquo;huile de 30 l\/min et une pression de travail de 120 bars, cette machine offre des performances puissantes, m\u00eame dans les conditions de sol les plus difficiles. Ne pesant que 29 kg, l&rsquo;HYCON HPD est \u00e9galement \u00e9tonnamment mobile et facile \u00e0 manipuler, ce qui est id\u00e9al pour les applications dans des endroits \u00e9loign\u00e9s ou difficiles d&rsquo;acc\u00e8s.<\/p>\n<p><strong>Caract\u00e9ristiques principales :<\/strong><br \/>\n&#8211; D\u00e9bit d&rsquo;huile : 30 l\/min &#8211; pour des courses constantes et puissantes<br \/>\n&#8211; Pression de travail : 120 bar, pression maximale 160 bar &#8211; des performances optimales dans toutes les conditions<br \/>\n&#8211; L\u00e9ger et maniable : seulement 29 kg &#8211; facile \u00e0 transporter et \u00e0 utiliser<br \/>\n&#8211; Fait partie du syst\u00e8me Hycon &#8211; une alimentation \u00e9lectrique, des applications vari\u00e9es<br \/>\n&#8211; R\u00e9siste \u00e0 une utilisation intensive &#8211; con\u00e7u pour un travail professionnel sur le terrain<br \/>\n&#8211; Peut \u00eatre utilis\u00e9 sous l&rsquo;eau<br \/>\n&#8211; Le groupe hydraulique PowerPack peut \u00eatre transport\u00e9 dans une camionnette<\/p>\n<p><strong>Applications :<\/strong><br \/>\nParfait pour installer des poteaux de cl\u00f4ture, des poteaux de signalisation, des poteaux de fondation, des tuyaux et bien d&rsquo;autres choses encore &#8211; dans les environnements urbains et ruraux.<\/p>\n<p><strong>Pourquoi choisir Euromat et Hycon ?<\/strong><br \/>\nChez Euromat, nous travaillons exclusivement avec la grande marque Hycon. Cela nous permet de vous offrir des prix comp\u00e9titifs, des conseils professionnels et un excellent service. En travaillant avec le syst\u00e8me hydraulique Hycon et le powerpack Hycon comme seule source d&rsquo;\u00e9nergie, vous r\u00e9duisez votre investissement et votre consommation : jusqu&rsquo;\u00e0 85% d&rsquo;\u00e9conomies de carburant et peu d&rsquo;entretien gr\u00e2ce au syst\u00e8me ferm\u00e9. Le syst\u00e8me de refroidissement unique et la technologie anti-vibration garantissent un confort et une s\u00e9curit\u00e9 accrus pendant le travail.<\/p>\n<p>\u2714\ufe0f Puissant et mobile<br \/>\n\u2714\ufe0f Jusqu&rsquo;\u00e0 85% d&rsquo;\u00e9conomie de carburant<br \/>\n\u2714\ufe0f Moins d&rsquo;entretien gr\u00e2ce \u00e0 des composants ferm\u00e9s<br \/>\n\u2714\ufe0f Conseils et assistance personnalis\u00e9s d&rsquo;Euromat<\/p>\n<\/div><\/div><\/div><\/div><\/div><\/div><\/div><\/section>\n","protected":false},"excerpt":{"rendered":"<p>Pilonneuse hydraulique Hycon HPD avec un d\u00e9bit d&rsquo;huile de 30 l\/min et une pression de travail jusqu&rsquo;\u00e0 160 bars. L\u00e9g\u00e8re (29 kg), mobile et d\u00e9ployable pour les pieux, les tuyaux et les profil\u00e9s, y compris sous l&rsquo;eau. Compatible avec les blocs d&rsquo;alimentation Hycon, qui permettent de r\u00e9aliser jusqu&rsquo;\u00e0 85 % d&rsquo;\u00e9conomies de carburant et de r\u00e9duire les co\u00fbts d&rsquo;entretien.<\/p>\n","protected":false},"featured_media":2669,"template":"","meta":{"_acf_changed":false},"product_brand":[1413],"product_cat":[2938,1360,1362],"product_tag":[],"class_list":{"0":"post-6027","1":"product","2":"type-product","3":"status-publish","4":"has-post-thumbnail","6":"product_brand-hycon-fr","7":"product_cat-enfonce-pieux-hydrauliques","8":"product_cat-outillages","9":"product_cat-outillages-hydrauliques","10":"pa_gewicht-29-kg-fr","11":"pa_max-druk-160-bar-fr","12":"pa_oliedebiet-30-l-min-fr","13":"pa_werkdruk-120-bar-fr","15":"first","16":"instock","17":"purchasable","18":"product-type-simple"},"acf":[],"_links":{"self":[{"href":"https:\/\/www.euromat.be\/fr\/wp-json\/wp\/v2\/product\/6027","targetHints":{"allow":["GET"]}}],"collection":[{"href":"https:\/\/www.euromat.be\/fr\/wp-json\/wp\/v2\/product"}],"about":[{"href":"https:\/\/www.euromat.be\/fr\/wp-json\/wp\/v2\/types\/product"}],"wp:featuredmedia":[{"embeddable":true,"href":"https:\/\/www.euromat.be\/fr\/wp-json\/wp\/v2\/media\/2669"}],"wp:attachment":[{"href":"https:\/\/www.euromat.be\/fr\/wp-json\/wp\/v2\/media?parent=6027"}],"wp:term":[{"taxonomy":"product_brand","embeddable":true,"href":"https:\/\/www.euromat.be\/fr\/wp-json\/wp\/v2\/product_brand?post=6027"},{"taxonomy":"product_cat","embeddable":true,"href":"https:\/\/www.euromat.be\/fr\/wp-json\/wp\/v2\/product_cat?post=6027"},{"taxonomy":"product_tag","embeddable":true,"href":"https:\/\/www.euromat.be\/fr\/wp-json\/wp\/v2\/product_tag?post=6027"}],"curies":[{"name":"wp","href":"https:\/\/api.w.org\/{rel}","templated":true}]}}