{"id":6028,"date":"2025-09-10T14:06:47","date_gmt":"2025-09-10T12:06:47","guid":{"rendered":"https:\/\/www.euromat.be\/product\/hydraulische-vuilwaterpomp-hpw2\/"},"modified":"2025-09-11T11:35:15","modified_gmt":"2025-09-11T09:35:15","slug":"pompe-a-eau-hydraulique-hpw2","status":"publish","type":"product","link":"https:\/\/www.euromat.be\/fr\/produit\/pompe-a-eau-hydraulique-hpw2\/","title":{"rendered":"Pompe \u00e0 eau hydraulique &#8211; HPW2"},"content":{"rendered":"<section class=\"l-section wpb_row height_auto\"><div class=\"l-section-h i-cf\"><div class=\"g-cols vc_row via_flex valign_top type_default stacking_default\"><div class=\"vc_col-sm-12 wpb_column vc_column_container\"><div class=\"vc_column-inner\"><div class=\"wpb_wrapper\"><div class=\"wpb_text_column\"><div class=\"wpb_wrapper\"><p><strong>Hycon HWP2 &#8211; Pompe hydraulique pour eaux us\u00e9es<\/strong><\/p>\n<p>Pompe \u00e0 eau sale compacte et puissante pour les conditions les plus difficiles<\/p>\n<p>La HYCON HWP2 est une pompe hydraulique \u00e0 eaux us\u00e9es l\u00e9g\u00e8re mais tr\u00e8s efficace, con\u00e7ue pour le pompage rapide d&rsquo;eaux contenant des solides sur les chantiers de construction, dans les sous-sols inond\u00e9s ou dans les environnements industriels. Gr\u00e2ce \u00e0 sa conception compacte et \u00e0 son poids de seulement 7,7 kg, cette pompe peut facilement \u00eatre utilis\u00e9e dans des zones \u00e9troites ou difficiles d&rsquo;acc\u00e8s. L&rsquo;HYCON HWP2 fonctionne avec un d\u00e9bit d&rsquo;huile de 20 \u00e0 30 l\/min et a une capacit\u00e9 impressionnante de 35 m\u00b3\/h.<\/p>\n<p><strong>Caract\u00e9ristiques principales :<\/strong><br \/>\n&#8211; Capacit\u00e9 : 35 m\u00b3\/h &#8211; drainage puissant des eaux sales<br \/>\n&#8211; Hauteur maximale de la pompe : 30 m &#8211; pour les endroits profonds<br \/>\n&#8211; Raccordement : 2<br \/>\n&#8211; L\u00e9ger : seulement 7,7 kg &#8211; id\u00e9al pour une utilisation mobile<br \/>\n&#8211; Haute performance \u00e0 une pression maximale de 172 bars<\/p>\n<p><strong>Applications :<\/strong><br \/>\nId\u00e9al pour le pompage des fosses de construction, des zones inond\u00e9es, du drainage des eaux industrielles et d&rsquo;autres applications lourdes.<\/p>\n<p><strong>Pourquoi choisir Euromat et Hycon ?<\/strong><br \/>\nEuromat travaille d\u00e9lib\u00e9r\u00e9ment avec la marque de pointe Hycon, ce qui nous permet d&rsquo;offrir \u00e0 nos clients des prix comp\u00e9titifs et des conseils sp\u00e9cialis\u00e9s. Gr\u00e2ce \u00e0 l&rsquo;utilisation du powerpack Hycon comme seule source d&rsquo;\u00e9nergie, vous travaillez avec des machines compactes et efficaces qui vous permettent d&rsquo;\u00e9conomiser jusqu&rsquo;\u00e0 85 % de carburant. La construction ferm\u00e9e emp\u00eache l&rsquo;accumulation de salet\u00e9s et r\u00e9duit consid\u00e9rablement les co\u00fbts d&rsquo;entretien. Les pompes \u00e0 eau sale HYCON fonctionnent parfaitement dans toutes les conditions m\u00e9t\u00e9orologiques, m\u00eame sous l&rsquo;eau et \u00e0 des temp\u00e9ratures glaciales.<\/p>\n<p>\u2714\ufe0f Excellentes performances pour un faible investissement<br \/>\n\u2714\ufe0f Conception n\u00e9cessitant peu d&rsquo;entretien<br \/>\n\u2714\ufe0f Compactes et faciles \u00e0 transporter<br \/>\n\u2714\ufe0f Toujours des conseils professionnels de la part d&rsquo;Euromat<\/p>\n<\/div><\/div><\/div><\/div><\/div><\/div><\/div><\/section>\n","protected":false},"excerpt":{"rendered":"<p>Pompe hydraulique \u00e0 eaux us\u00e9es Hycon HWP2 d&rsquo;une capacit\u00e9 de 35 m\u00b3\/heure et d&rsquo;une hauteur de pompage maximale de 30 m\u00e8tres. L\u00e9g\u00e8re (7,7 kg), elle convient \u00e0 une utilisation intensive dans les puits de construction, les zones inond\u00e9es et le drainage industriel. Compatible avec les blocs d&rsquo;alimentation Hycon, elle n\u00e9cessite peu d&rsquo;entretien et peut \u00eatre utilis\u00e9e dans toutes les conditions m\u00e9t\u00e9orologiques, y compris sous l&rsquo;eau.<\/p>\n","protected":false},"featured_media":2649,"template":"","meta":{"_acf_changed":false},"product_brand":[],"product_cat":[1360,1362,2939],"product_tag":[],"class_list":{"0":"post-6028","1":"product","2":"type-product","3":"status-publish","4":"has-post-thumbnail","6":"product_cat-outillages","7":"product_cat-outillages-hydrauliques","8":"product_cat-pompes-a-eau-hydrauliques","9":"pa_capaciteit-46-m-h-fr","10":"pa_gewicht-77-kg-fr","11":"pa_max-druk-172-bar-fr","12":"pa_max-pomphoogte-m-28-2-fr","13":"pa_model-hwp2-fr","14":"pa_oliedebiet-20-30-l-min-fr","16":"first","17":"instock","18":"purchasable","19":"product-type-simple"},"acf":[],"_links":{"self":[{"href":"https:\/\/www.euromat.be\/fr\/wp-json\/wp\/v2\/product\/6028","targetHints":{"allow":["GET"]}}],"collection":[{"href":"https:\/\/www.euromat.be\/fr\/wp-json\/wp\/v2\/product"}],"about":[{"href":"https:\/\/www.euromat.be\/fr\/wp-json\/wp\/v2\/types\/product"}],"wp:featuredmedia":[{"embeddable":true,"href":"https:\/\/www.euromat.be\/fr\/wp-json\/wp\/v2\/media\/2649"}],"wp:attachment":[{"href":"https:\/\/www.euromat.be\/fr\/wp-json\/wp\/v2\/media?parent=6028"}],"wp:term":[{"taxonomy":"product_brand","embeddable":true,"href":"https:\/\/www.euromat.be\/fr\/wp-json\/wp\/v2\/product_brand?post=6028"},{"taxonomy":"product_cat","embeddable":true,"href":"https:\/\/www.euromat.be\/fr\/wp-json\/wp\/v2\/product_cat?post=6028"},{"taxonomy":"product_tag","embeddable":true,"href":"https:\/\/www.euromat.be\/fr\/wp-json\/wp\/v2\/product_tag?post=6028"}],"curies":[{"name":"wp","href":"https:\/\/api.w.org\/{rel}","templated":true}]}}