{"id":6029,"date":"2025-09-10T14:06:47","date_gmt":"2025-09-10T12:06:47","guid":{"rendered":"https:\/\/www.euromat.be\/product\/hydraulische-vuilwaterpomp-hwp3\/"},"modified":"2025-09-11T11:35:16","modified_gmt":"2025-09-11T09:35:16","slug":"pompe-a-eau-hydraulique-hwp3","status":"publish","type":"product","link":"https:\/\/www.euromat.be\/fr\/produit\/pompe-a-eau-hydraulique-hwp3\/","title":{"rendered":"Pompe \u00e0 eau hydraulique &#8211; HWP3"},"content":{"rendered":"<section class=\"l-section wpb_row height_auto\"><div class=\"l-section-h i-cf\"><div class=\"g-cols vc_row via_flex valign_top type_default stacking_default\"><div class=\"vc_col-sm-12 wpb_column vc_column_container\"><div class=\"vc_column-inner\"><div class=\"wpb_wrapper\"><div class=\"wpb_text_column\"><div class=\"wpb_wrapper\"><p><strong>Hycon HWP3 &#8211; Pompe hydraulique pour eaux us\u00e9es<\/strong><\/p>\n<p>Pompe pour eaux us\u00e9es \u00e0 usage intensif pour les d\u00e9bits importants et les applications difficiles<\/p>\n<p>La HYCON HWP3 est une puissante pompe hydraulique pour eaux us\u00e9es d&rsquo;une capacit\u00e9 exceptionnelle de 85 m\u00b3\/h. Cette pompe est con\u00e7ue pour traiter de grands volumes d&rsquo;eau sale sur les chantiers de construction, dans l&rsquo;industrie ou lors d&rsquo;inondations. Gr\u00e2ce \u00e0 sa construction robuste et \u00e0 son raccord de 3&Prime;\u00a0\u00bb, cette pompe peut traiter des particules plus grosses et continue \u00e0 fonctionner de mani\u00e8re fiable dans des conditions difficiles. Malgr\u00e9 sa puissance, la HYCON HWP3 est relativement l\u00e9g\u00e8re et facile \u00e0 manipuler, avec un poids de 11 kg.<\/p>\n<p><strong>Caract\u00e9ristiques principales :<\/strong><br \/>\n&#8211; D\u00e9bit : 85 m\u00b3\/h &#8211; pour l&rsquo;\u00e9limination rapide de grands volumes<br \/>\n&#8211; Hauteur maximale de la pompe : 20 m &#8211; pour les applications de hauteur moyenne<br \/>\n&#8211; Raccord : 3&Prime;\u00a0\u00bb &#8211; convient pour les particules de salet\u00e9 plus importantes<br \/>\n&#8211; D\u00e9bit d&rsquo;huile : 20-30 l\/min &#8211; fonctionnement optimal dans le syst\u00e8me Hycon<br \/>\n&#8211; Pression maximale : 172 bar &#8211; performance constante<\/p>\n<p><strong>Applications :<\/strong><br \/>\nParfait pour les grands chantiers de construction, les zones inond\u00e9es, les interventions d&rsquo;urgence et les installations industrielles o\u00f9 la vitesse et la capacit\u00e9 sont cruciales.<\/p>\n<p><strong>Pourquoi choisir Euromat et Hycon ?<\/strong><br \/>\nAvec Euromat, vous choisissez la solidit\u00e9, l&rsquo;efficacit\u00e9 et le soutien. En investissant dans des machines Hycon, vous travaillez avec une seule source d&rsquo;\u00e9nergie (le powerpack Hycon), vous \u00e9conomisez jusqu&rsquo;\u00e0 85 % de carburant et vous r\u00e9duisez consid\u00e9rablement vos co\u00fbts de maintenance. Tous les composants sont prot\u00e9g\u00e9s dans un syst\u00e8me ferm\u00e9, ce qui garantit une dur\u00e9e de vie plus longue et des performances fiables dans des conditions extr\u00eames, y compris en hiver ou sous l&rsquo;eau.<\/p>\n<p>\u2714\ufe0f Jusqu&rsquo;\u00e0 85% d&rsquo;\u00e9conomies de carburant<br \/>\n\u2714\ufe0f Rapide \u00e0 d\u00e9ployer et facile \u00e0 utiliser<br \/>\n\u2714\ufe0f Grande capacit\u00e9 dans un format compact<br \/>\n\u2714\ufe0f Expertise et assistance d&rsquo;Euromat incluses<\/p>\n<\/div><\/div><\/div><\/div><\/div><\/div><\/div><\/section>\n","protected":false},"excerpt":{"rendered":"<p>Pompe hydraulique pour eaux us\u00e9es Hycon HWP3 d&rsquo;une capacit\u00e9 de 85 m\u00b3\/heure et d&rsquo;une hauteur de pompage maximale de 20 m\u00e8tres. \u00c9quip\u00e9e d&rsquo;un raccord de 3&Prime;, elle traite sans effort les grosses particules de salet\u00e9 et convient aux applications lourdes telles que les fosses de construction, les inondations et l&rsquo;\u00e9vacuation des eaux industrielles. L\u00e9g\u00e8re (11 kg), compatible avec les blocs d&rsquo;alimentation Hycon, elle n\u00e9cessite peu d&rsquo;entretien et peut \u00eatre utilis\u00e9e dans toutes les conditions m\u00e9t\u00e9orologiques, y compris sous l&rsquo;eau.<\/p>\n","protected":false},"featured_media":2651,"template":"","meta":{"_acf_changed":false},"product_brand":[],"product_cat":[1360,1362,2939],"product_tag":[],"class_list":{"0":"post-6029","1":"product","2":"type-product","3":"status-publish","4":"has-post-thumbnail","6":"product_cat-outillages","7":"product_cat-outillages-hydrauliques","8":"product_cat-pompes-a-eau-hydrauliques","9":"pa_capaciteit-80-m-h-fr","10":"pa_gewicht-110-kg-fr","11":"pa_max-druk-172-bar-fr","12":"pa_max-pomphoogte-m-22-3-fr","13":"pa_model-hwp3-fr","14":"pa_oliedebiet-20-30-l-min-fr","16":"first","17":"instock","18":"purchasable","19":"product-type-simple"},"acf":[],"_links":{"self":[{"href":"https:\/\/www.euromat.be\/fr\/wp-json\/wp\/v2\/product\/6029","targetHints":{"allow":["GET"]}}],"collection":[{"href":"https:\/\/www.euromat.be\/fr\/wp-json\/wp\/v2\/product"}],"about":[{"href":"https:\/\/www.euromat.be\/fr\/wp-json\/wp\/v2\/types\/product"}],"wp:featuredmedia":[{"embeddable":true,"href":"https:\/\/www.euromat.be\/fr\/wp-json\/wp\/v2\/media\/2651"}],"wp:attachment":[{"href":"https:\/\/www.euromat.be\/fr\/wp-json\/wp\/v2\/media?parent=6029"}],"wp:term":[{"taxonomy":"product_brand","embeddable":true,"href":"https:\/\/www.euromat.be\/fr\/wp-json\/wp\/v2\/product_brand?post=6029"},{"taxonomy":"product_cat","embeddable":true,"href":"https:\/\/www.euromat.be\/fr\/wp-json\/wp\/v2\/product_cat?post=6029"},{"taxonomy":"product_tag","embeddable":true,"href":"https:\/\/www.euromat.be\/fr\/wp-json\/wp\/v2\/product_tag?post=6029"}],"curies":[{"name":"wp","href":"https:\/\/api.w.org\/{rel}","templated":true}]}}