{"id":6031,"date":"2025-09-10T14:06:15","date_gmt":"2025-09-10T12:06:15","guid":{"rendered":"https:\/\/www.euromat.be\/product\/verreiker-12-ton-45m-kramer-1245\/"},"modified":"2025-09-29T16:14:49","modified_gmt":"2025-09-29T14:14:49","slug":"chariot-telescopique-12-tonnes-45m-kramer-1245","status":"publish","type":"product","link":"https:\/\/www.euromat.be\/fr\/produit\/chariot-telescopique-12-tonnes-45m-kramer-1245\/","title":{"rendered":"Chariot t\u00e9lescopique 1,2 tonnes 4,5m &#8211; Kramer 1245"},"content":{"rendered":"<section class=\"l-section wpb_row height_auto\"><div class=\"l-section-h i-cf\"><div class=\"g-cols vc_row via_flex valign_top type_default stacking_default\"><div class=\"vc_col-sm-12 wpb_column vc_column_container\"><div class=\"vc_column-inner\"><div class=\"wpb_wrapper\"><div class=\"wpb_text_column\"><div class=\"wpb_wrapper\"><p><strong>T\u00e9lescopique de 1,2 tonne &#8211; Kramer 1245 (4,5 m)<\/strong><\/p>\n<p>T\u00e9lescopique compact et puissant pour un travail efficace sur tous les chantiers<\/p>\n<p>Le chariot t\u00e9lescopique Kramer 1245 allie compacit\u00e9 et performances impressionnantes. Avec une capacit\u00e9 de levage de 1,2 tonne et une hauteur de levage maximale de 4,5 m\u00e8tres, ce chariot t\u00e9lescopique est id\u00e9al pour les chantiers \u00e0 espace r\u00e9duit ou les travaux dans le secteur agricole. Le faible rayon de braquage de seulement 3489 mm et la faible hauteur jusqu&rsquo;\u00e0ale de 1940 mm font de cet appareil de manutention t\u00e9lescopique Kramer un outil id\u00e9al pour les endroits o\u00f9 la maniabilit\u00e9 est cruciale.<\/p>\n<p><strong>Caract\u00e9ristiques principales :<\/strong><br \/>\n&#8211; Capacit\u00e9 de levage : 1 200 kg &#8211; suffisamment puissante pour diverses applications<br \/>\n&#8211; Hauteur de levage maximale : 4,5 m\u00e8tres &#8211; id\u00e9al pour le chargement et l&#8217;empilage<br \/>\n&#8211; Dimensions (lxlxh) : 2916x1560x1940 mm &#8211; compact et adapt\u00e9 au terrain<br \/>\n&#8211; Rayon de braquage : 3489 mm &#8211; man\u0153uvrabilit\u00e9 exceptionnelle dans les espaces restreints<br \/>\n&#8211; Poids net : 2700 kg &#8211; performance stable, facile \u00e0 transporter<br \/>\n&#8211; Carburant : diesel &#8211; puissant et efficace pour un fonctionnement continu<br \/>\n&#8211; Toutes les machines incluent 8 heures de fonctionnement dans le prix de location, les heures de fonctionnement suppl\u00e9mentaires sont factur\u00e9es en fonction de votre consommation.<br \/>\n&#8211; Les manipulateurs sont livr\u00e9s avec un godet et une fourche \u00e0 palettes.<\/p>\n<p><strong>Applications :<\/strong><br \/>\nId\u00e9al pour les chantiers de construction, l&rsquo;agriculture, la gestion d&rsquo;entrep\u00f4ts, les projets de r\u00e9novation et les applications urbaines o\u00f9 l&rsquo;espace de man\u0153uvre est limit\u00e9.<\/p>\n<p><strong>Pourquoi choisir Euromat ?<\/strong><br \/>\nEuromat garantit des machines de qualit\u00e9 de grandes marques telles que Kramer, associ\u00e9es \u00e0 des conseils d&rsquo;experts et \u00e0 des solutions de location flexibles.<\/p>\n<p>\u2714\ufe0f Disponibilit\u00e9 rapide<br \/>\n\u2714\ufe0f Formules de location flexibles<br \/>\n\u2714\ufe0f Service et assistance complets<\/p>\n<\/div><\/div><\/div><\/div><\/div><\/div><\/div><\/section>\n","protected":false},"excerpt":{"rendered":"<p>Location d&rsquo;un t\u00e9lescopique Kramer 1245 ? Capacit\u00e9 de levage de 1,2 tonne, hauteur de levage de 4,5 m et dimensions compactes (2916&#215;1560 mm) avec un faible rayon de braquage de 3489 mm. Id\u00e9al pour la construction, l&rsquo;agriculture et les chantiers urbains. Fourni avec une pelle et une fourche \u00e0 palettes.<\/p>\n","protected":false},"featured_media":3421,"template":"","meta":{"_acf_changed":false},"product_brand":[1418],"product_cat":[1374,1379],"product_tag":[],"class_list":{"0":"post-6031","1":"product","2":"type-product","3":"status-publish","4":"has-post-thumbnail","6":"product_brand-kramer","7":"product_cat-machines-de-chantier","8":"product_cat-telescopiques","9":"pa_brandstof-diesel-fr","10":"pa_draaicirkel-3489-mm-fr","11":"pa_gewicht-leeg-2700-kg-fr","12":"pa_lengte-excl-vorken-2916-mm-fr","13":"pa_model-kramer-1245-fr","14":"pa_totale-breedte-1560-mm-fr","15":"pa_totale-hoogte-1940-mm-fr","17":"first","18":"instock","19":"purchasable","20":"product-type-simple"},"acf":[],"_links":{"self":[{"href":"https:\/\/www.euromat.be\/fr\/wp-json\/wp\/v2\/product\/6031","targetHints":{"allow":["GET"]}}],"collection":[{"href":"https:\/\/www.euromat.be\/fr\/wp-json\/wp\/v2\/product"}],"about":[{"href":"https:\/\/www.euromat.be\/fr\/wp-json\/wp\/v2\/types\/product"}],"wp:featuredmedia":[{"embeddable":true,"href":"https:\/\/www.euromat.be\/fr\/wp-json\/wp\/v2\/media\/3421"}],"wp:attachment":[{"href":"https:\/\/www.euromat.be\/fr\/wp-json\/wp\/v2\/media?parent=6031"}],"wp:term":[{"taxonomy":"product_brand","embeddable":true,"href":"https:\/\/www.euromat.be\/fr\/wp-json\/wp\/v2\/product_brand?post=6031"},{"taxonomy":"product_cat","embeddable":true,"href":"https:\/\/www.euromat.be\/fr\/wp-json\/wp\/v2\/product_cat?post=6031"},{"taxonomy":"product_tag","embeddable":true,"href":"https:\/\/www.euromat.be\/fr\/wp-json\/wp\/v2\/product_tag?post=6031"}],"curies":[{"name":"wp","href":"https:\/\/api.w.org\/{rel}","templated":true}]}}