{"id":6032,"date":"2025-09-10T14:06:15","date_gmt":"2025-09-10T12:06:15","guid":{"rendered":"https:\/\/www.euromat.be\/product\/verreiker-25-ton-6m-dieci-apollo-25-6\/"},"modified":"2025-09-29T16:14:50","modified_gmt":"2025-09-29T14:14:50","slug":"chariot-telescopique-25-tonnes-6m-dieci-apollo-25-6","status":"publish","type":"product","link":"https:\/\/www.euromat.be\/fr\/produit\/chariot-telescopique-25-tonnes-6m-dieci-apollo-25-6\/","title":{"rendered":"Chariot t\u00e9lescopique 2,5 tonnes 6m &#8211; Dieci Apollo 25.6"},"content":{"rendered":"<section class=\"l-section wpb_row height_auto\"><div class=\"l-section-h i-cf\"><div class=\"g-cols vc_row via_flex valign_top type_default stacking_default\"><div class=\"vc_col-sm-12 wpb_column vc_column_container\"><div class=\"vc_column-inner\"><div class=\"wpb_wrapper\"><div class=\"wpb_text_column\"><div class=\"wpb_wrapper\"><p><strong>Appareil de manutention t\u00e9lescopique 2,5 tonnes &#8211; Dieci Apollo 25.6 (6 m)<\/strong><\/p>\n<p>Centrale compacte \u00e0 longue port\u00e9e pour une utilisation professionnelle<\/p>\n<p>Le chariot t\u00e9lescopique Dieci Apollo 25.6 est le choix id\u00e9al pour ceux qui recherchent une machine compacte mais robuste avec une capacit\u00e9 de levage de 2,5 tonnes et une hauteur de levage maximale de 6 m\u00e8tres. Cet appareil de manutention t\u00e9lescopique Dieci excelle en termes de maniabilit\u00e9, gr\u00e2ce \u00e0 un rayon de braquage de seulement 3400 mm et \u00e0 une faible hauteur de construction de 1980 mm. Il est parfait pour une utilisation en milieu urbain, sur les chantiers de construction ou dans l&rsquo;agriculture. Veuillez noter qu&rsquo;un permis de conduire C est n\u00e9cessaire pour cette machine.<\/p>\n<p><strong>Caract\u00e9ristiques principales :<\/strong><br \/>\n&#8211; Capacit\u00e9 de levage : 2 500 kg &#8211; suffisamment puissant pour les charges lourdes<br \/>\n&#8211; Hauteur de levage : jusqu&rsquo;\u00e0 6 m\u00e8tres &#8211; polyvalent pour l&#8217;empilage, le chargement et le levage<br \/>\n&#8211; Dimensions (lxlxh) : 3850x1800x1980 mm &#8211; taille compacte avec beaucoup de puissance<br \/>\n&#8211; Rayon de braquage : 3400 mm &#8211; id\u00e9al pour les espaces restreints<br \/>\n&#8211; Poids \u00e0 vide : 4800 kg &#8211; stabilit\u00e9 et s\u00e9curit\u00e9 garanties<br \/>\n&#8211; Carburant : diesel &#8211; des performances puissantes en fonctionnement continu<br \/>\n&#8211; Permis de conduire C requis pour la conformit\u00e9 \u00e0 la l\u00e9gislation routi\u00e8re<br \/>\n&#8211; Toutes les machines incluent 8 heures de fonctionnement dans le prix de location, les heures de fonctionnement suppl\u00e9mentaires seront factur\u00e9es en fonction de votre consommation.<br \/>\n&#8211; Les chariots \u00e9l\u00e9vateurs sont livr\u00e9s avec un godet et une fourche \u00e0 palettes.<\/p>\n<p><strong>Applications :<\/strong><br \/>\nParfait pour les chantiers de construction, les zones industrielles, les exploitations agricoles et les entrep\u00f4ts o\u00f9 la hauteur et la capacit\u00e9 de levage sont importantes.<\/p>\n<p><strong>Pourquoi choisir Euromat ?<\/strong><br \/>\nEuromat propose des machines de qualit\u00e9 de grandes marques telles que Dieci, avec le soutien ad\u00e9quat et une flexibilit\u00e9 maximale pour chaque projet.<\/p>\n<p>\u2714\ufe0f Disponible imm\u00e9diatement<br \/>\n\u2714\ufe0f Conditions de location flexibles<br \/>\n\u2714\ufe0f Conseils et assistance de sp\u00e9cialistes exp\u00e9riment\u00e9s<\/p>\n<\/div><\/div><\/div><\/div><\/div><\/div><\/div><\/section>\n","protected":false},"excerpt":{"rendered":"<p>Location d&rsquo;un chariot t\u00e9lescopique Dieci Apollo 25.6 ? Capacit\u00e9 de levage de 2,5 tonnes, hauteur de levage de 6 m et dimensions compactes (3850&#215;1800 mm) avec un rayon de braquage de 3400 mm. Id\u00e9al pour la construction, l&rsquo;industrie et l&rsquo;agriculture. Fourni avec une pelleteuse et une fourche \u00e0 palettes. Permis de conduire C requis.<\/p>\n","protected":false},"featured_media":3289,"template":"","meta":{"_acf_changed":false},"product_brand":[1401],"product_cat":[1374,1379],"product_tag":[],"class_list":{"0":"post-6032","1":"product","2":"type-product","3":"status-publish","4":"has-post-thumbnail","6":"product_brand-dieci","7":"product_cat-machines-de-chantier","8":"product_cat-telescopiques","9":"pa_brandstof-diesel-fr","10":"pa_draaicirkel-3400-mm-fr","11":"pa_gewicht-leeg-4800-kg-fr","12":"pa_lengte-excl-vorken-3850-mm-fr","13":"pa_model-dieci-apollo-256-fr","14":"pa_totale-breedte-1800-mm-fr","15":"pa_totale-hoogte-1980-mm-fr","16":"pa_verplicht-rijbewijs-c-fr","18":"first","19":"instock","20":"purchasable","21":"product-type-simple"},"acf":[],"_links":{"self":[{"href":"https:\/\/www.euromat.be\/fr\/wp-json\/wp\/v2\/product\/6032","targetHints":{"allow":["GET"]}}],"collection":[{"href":"https:\/\/www.euromat.be\/fr\/wp-json\/wp\/v2\/product"}],"about":[{"href":"https:\/\/www.euromat.be\/fr\/wp-json\/wp\/v2\/types\/product"}],"wp:featuredmedia":[{"embeddable":true,"href":"https:\/\/www.euromat.be\/fr\/wp-json\/wp\/v2\/media\/3289"}],"wp:attachment":[{"href":"https:\/\/www.euromat.be\/fr\/wp-json\/wp\/v2\/media?parent=6032"}],"wp:term":[{"taxonomy":"product_brand","embeddable":true,"href":"https:\/\/www.euromat.be\/fr\/wp-json\/wp\/v2\/product_brand?post=6032"},{"taxonomy":"product_cat","embeddable":true,"href":"https:\/\/www.euromat.be\/fr\/wp-json\/wp\/v2\/product_cat?post=6032"},{"taxonomy":"product_tag","embeddable":true,"href":"https:\/\/www.euromat.be\/fr\/wp-json\/wp\/v2\/product_tag?post=6032"}],"curies":[{"name":"wp","href":"https:\/\/api.w.org\/{rel}","templated":true}]}}