{"id":6033,"date":"2025-09-10T14:06:15","date_gmt":"2025-09-10T12:06:15","guid":{"rendered":"https:\/\/www.euromat.be\/product\/verreiker-3-ton-7m-dieci-agri-farmer-28-7-30-7\/"},"modified":"2025-09-29T16:14:50","modified_gmt":"2025-09-29T14:14:50","slug":"chariot-telescopique-3-tonnes-7m-dieci-agri-farmer-28-7-30-7","status":"publish","type":"product","link":"https:\/\/www.euromat.be\/fr\/produit\/chariot-telescopique-3-tonnes-7m-dieci-agri-farmer-28-7-30-7\/","title":{"rendered":"Chariot t\u00e9lescopique 3 tonnes 7m &#8211; Dieci Agri Farmer 28.7 &#038; 30.7"},"content":{"rendered":"<section class=\"l-section wpb_row height_auto\"><div class=\"l-section-h i-cf\"><div class=\"g-cols vc_row via_flex valign_top type_default stacking_default\"><div class=\"vc_col-sm-12 wpb_column vc_column_container\"><div class=\"vc_column-inner\"><div class=\"wpb_wrapper\"><div class=\"wpb_text_column\"><div class=\"wpb_wrapper\"><p><strong>Telehandler 3.0 tonnes &#8211; Dieci Agri Farmer 28.7 \/ 30.7 (7 m)<\/strong><\/p>\n<p>T\u00e9lescopique puissant pour l&rsquo;agriculture intensive et l&rsquo;industrie<\/p>\n<p>Les Dieci Agri Farmer 28.7 et 30.7 sont des chariots t\u00e9lescopiques robustes avec une capacit\u00e9 de levage allant jusqu&rsquo;\u00e0 3 tonnes et une port\u00e9e de 7 m\u00e8tres. Alliant puissance, confort et pr\u00e9cision, ces chariots t\u00e9lescopiques Dieci sont sp\u00e9cialement con\u00e7us pour les applications exigeantes dans l&rsquo;agriculture, la construction et l&rsquo;industrie. Avec un rayon de braquage court de 4 m\u00e8tres et une largeur de seulement 2 m\u00e8tres, vous man\u0153uvrez en douceur dans les lieux de travail \u00e9troits ou encombr\u00e9s.<\/p>\n<p><strong>Caract\u00e9ristiques principales :<\/strong><br \/>\n&#8211; Capacit\u00e9 de levage : jusqu&rsquo;\u00e0 3 000 kg &#8211; convient aux charges lourdes<br \/>\n&#8211; Hauteur de levage : jusqu&rsquo;\u00e0 7 m\u00e8tres &#8211; optimale pour l&#8217;empilage et le chargement en hauteur<br \/>\n&#8211; Dimensions (lxlxh) : 4765x2000x2260 mm &#8211; stable et compact<br \/>\n&#8211; Rayon de braquage : 4000 mm &#8211; braquage en douceur dans les espaces restreints<br \/>\n&#8211; Poids \u00e0 vide : 6100 kg &#8211; stabilit\u00e9 maximale dans les op\u00e9rations lourdes<br \/>\n&#8211; Carburant : diesel &#8211; des performances puissantes pour une utilisation \u00e0 long terme<br \/>\n&#8211; Toutes les machines incluent 8 heures de fonctionnement dans le prix de location, les heures de fonctionnement suppl\u00e9mentaires sont factur\u00e9es en fonction de votre consommation.<br \/>\n&#8211; Les manipulateurs sont livr\u00e9s avec un godet et une fourche \u00e0 palettes.<\/p>\n<p><strong>Applications :<\/strong><br \/>\nId\u00e9al pour les fermes, les entrepreneurs, les entrep\u00f4ts et les applications industrielles o\u00f9 la hauteur, la r\u00e9sistance et la fiabilit\u00e9 sont essentielles.<\/p>\n<p><strong>Pourquoi choisir Euromat ?<\/strong><br \/>\nChez Euromat, vous louez non seulement un appareil de manutention t\u00e9lescopique Dieci de qualit\u00e9, mais vous b\u00e9n\u00e9ficiez \u00e9galement d&rsquo;une assistance experte et de conditions de location flexibles.<\/p>\n<p>\u2714\ufe0f Disponibilit\u00e9 rapide<br \/>\n\u2714\ufe0f Location \u00e0 court et \u00e0 long terme<br \/>\n\u2714\ufe0f Conseils techniques de sp\u00e9cialistes exp\u00e9riment\u00e9s<\/p>\n<\/div><\/div><\/div><\/div><\/div><\/div><\/div><\/section>\n","protected":false},"excerpt":{"rendered":"<p>Location d&rsquo;un chariot t\u00e9lescopique Dieci Agri Farmer 28.7 \/ 30.7 ? Capacit\u00e9 de levage jusqu&rsquo;\u00e0 3 tonnes, hauteur de levage de 7 m et dimensions compactes (4765&#215;2000 mm) avec un rayon de braquage de 4 m. Id\u00e9al pour l&rsquo;agriculture, la construction et l&rsquo;industrie. Fourni avec un godet et une fourche \u00e0 palettes.<\/p>\n","protected":false},"featured_media":3303,"template":"","meta":{"_acf_changed":false},"product_brand":[1401],"product_cat":[1374,1379],"product_tag":[],"class_list":{"0":"post-6033","1":"product","2":"type-product","3":"status-publish","4":"has-post-thumbnail","6":"product_brand-dieci","7":"product_cat-machines-de-chantier","8":"product_cat-telescopiques","9":"pa_brandstof-diesel-fr","10":"pa_draaicirkel-4000-mm-fr","11":"pa_gewicht-leeg-6100-kg-fr","12":"pa_lengte-excl-vorken-4765-mm-fr","13":"pa_model-dieci-agri-farmer-287-dieci-agri-farmer-307-fr","14":"pa_totale-breedte-2000-mm-fr","15":"pa_totale-hoogte-2260-mm-fr","17":"first","18":"instock","19":"purchasable","20":"product-type-simple"},"acf":[],"_links":{"self":[{"href":"https:\/\/www.euromat.be\/fr\/wp-json\/wp\/v2\/product\/6033","targetHints":{"allow":["GET"]}}],"collection":[{"href":"https:\/\/www.euromat.be\/fr\/wp-json\/wp\/v2\/product"}],"about":[{"href":"https:\/\/www.euromat.be\/fr\/wp-json\/wp\/v2\/types\/product"}],"wp:featuredmedia":[{"embeddable":true,"href":"https:\/\/www.euromat.be\/fr\/wp-json\/wp\/v2\/media\/3303"}],"wp:attachment":[{"href":"https:\/\/www.euromat.be\/fr\/wp-json\/wp\/v2\/media?parent=6033"}],"wp:term":[{"taxonomy":"product_brand","embeddable":true,"href":"https:\/\/www.euromat.be\/fr\/wp-json\/wp\/v2\/product_brand?post=6033"},{"taxonomy":"product_cat","embeddable":true,"href":"https:\/\/www.euromat.be\/fr\/wp-json\/wp\/v2\/product_cat?post=6033"},{"taxonomy":"product_tag","embeddable":true,"href":"https:\/\/www.euromat.be\/fr\/wp-json\/wp\/v2\/product_tag?post=6033"}],"curies":[{"name":"wp","href":"https:\/\/api.w.org\/{rel}","templated":true}]}}