{"id":6035,"date":"2025-09-10T14:06:15","date_gmt":"2025-09-10T12:06:15","guid":{"rendered":"https:\/\/www.euromat.be\/product\/verreiker-4-ton-14m-dieci-icarus-40-14\/"},"modified":"2025-09-29T16:14:51","modified_gmt":"2025-09-29T14:14:51","slug":"chariot-telescopique-4-tonnes-14m-dieci-icarus-40-14","status":"publish","type":"product","link":"https:\/\/www.euromat.be\/fr\/produit\/chariot-telescopique-4-tonnes-14m-dieci-icarus-40-14\/","title":{"rendered":"Chariot t\u00e9lescopique 4 tonnes 14m &#8211; Dieci Icarus 40.14"},"content":{"rendered":"<section class=\"l-section wpb_row height_auto\"><div class=\"l-section-h i-cf\"><div class=\"g-cols vc_row via_flex valign_top type_default stacking_default\"><div class=\"vc_col-sm-12 wpb_column vc_column_container\"><div class=\"vc_column-inner\"><div class=\"wpb_wrapper\"><div class=\"wpb_text_column\"><div class=\"wpb_wrapper\"><p><strong>Compacteur 4 tonnes &#8211; Dieci Icarus 40.14 (14 m)<\/strong><\/p>\n<p>Hauteur de levage et puissance maximales pour les applications intensives<\/p>\n<p>Le Dieci Icarus 40.14 est l&rsquo;appareil de manutention t\u00e9lescopique id\u00e9al pour ceux qui ont besoin d&rsquo;une machine robuste avec une grande port\u00e9e. Avec une capacit\u00e9 de levage de 4 tonnes et une hauteur de levage impressionnante allant jusqu&rsquo;\u00e0 14 m\u00e8tres, ce chariot t\u00e9lescopique est parfait pour les grands chantiers, les exploitations agricoles et les sites industriels. Gr\u00e2ce \u00e0 son puissant moteur diesel et \u00e0 sa construction stable, l&rsquo;Icarus convient \u00e0 un usage quotidien intensif.<\/p>\n<p><strong>Caract\u00e9ristiques principales :<\/strong><br \/>\n&#8211; Capacit\u00e9 de levage : 4 000 kg &#8211; convient aux charges lourdes<br \/>\n&#8211; Hauteur de levage maximale : 14 m\u00e8tres &#8211; id\u00e9al pour les t\u00e2ches d&#8217;empilage et de levage en hauteur<br \/>\n&#8211; Dimensions (lxlxh) : 5560x2310x2460 mm &#8211; ch\u00e2ssis solide et stable<br \/>\n&#8211; Rayon de braquage : 3920 mm &#8211; \u00e9tonnamment maniable pour sa taille<br \/>\n&#8211; Poids \u00e0 vide : 10 200 kg &#8211; excellente stabilit\u00e9 sous charge<br \/>\n&#8211; Carburant : diesel &#8211; des performances durables, jour apr\u00e8s jour<br \/>\n&#8211; Toutes les machines incluent 8 heures de fonctionnement dans le prix de location, les heures de fonctionnement suppl\u00e9mentaires sont factur\u00e9es en fonction de votre consommation.<br \/>\n&#8211; Les manipulateurs sont livr\u00e9s avec une pelle et une fourche \u00e0 palettes.<\/p>\n<p><strong>Applications :<\/strong><br \/>\nParfait pour les travaux de construction, agricoles et industriels o\u00f9 la hauteur et le poids se conjuguent.<\/p>\n<p><strong>Pourquoi choisir Euromat ?<\/strong><br \/>\nAvec Euromat, vous choisissez des machines professionnelles comme le Dieci Icarus 40.14, avec le service, la flexibilit\u00e9 et l&rsquo;expertise inclus.<\/p>\n<p>\u2714\ufe0f Livraison rapide<br \/>\n\u2714\ufe0f Formules de location flexibles<br \/>\n\u2714\ufe0f Soutien par des experts<\/p>\n<\/div><\/div><\/div><\/div><\/div><\/div><\/div><\/section>\n","protected":false},"excerpt":{"rendered":"<p>Location d&rsquo;un chariot t\u00e9lescopique Dieci Icarus 40.14 ? Capacit\u00e9 de levage de 4 tonnes et hauteur de levage de 14 m pour les travaux de levage et d&#8217;empilage lourds. Machine maniable avec un rayon de braquage de 3,92 m. Fournie avec une benne et une fourche \u00e0 palettes, id\u00e9ale pour la construction, l&rsquo;agriculture et l&rsquo;industrie.<\/p>\n","protected":false},"featured_media":3317,"template":"","meta":{"_acf_changed":false},"product_brand":[1401],"product_cat":[1374,1379],"product_tag":[],"class_list":{"0":"post-6035","1":"product","2":"type-product","3":"status-publish","4":"has-post-thumbnail","6":"product_brand-dieci","7":"product_cat-machines-de-chantier","8":"product_cat-telescopiques","9":"pa_brandstof-diesel-fr","10":"pa_draaicirkel-3920-mm-fr","11":"pa_gewicht-leeg-10200-kg-fr","12":"pa_lengte-excl-vorken-5560-mm-fr","13":"pa_model-dieci-icarus-4014-fr","14":"pa_totale-breedte-2310-mm-fr","15":"pa_totale-hoogte-2460-mm-fr","17":"first","18":"instock","19":"purchasable","20":"product-type-simple"},"acf":[],"_links":{"self":[{"href":"https:\/\/www.euromat.be\/fr\/wp-json\/wp\/v2\/product\/6035","targetHints":{"allow":["GET"]}}],"collection":[{"href":"https:\/\/www.euromat.be\/fr\/wp-json\/wp\/v2\/product"}],"about":[{"href":"https:\/\/www.euromat.be\/fr\/wp-json\/wp\/v2\/types\/product"}],"wp:featuredmedia":[{"embeddable":true,"href":"https:\/\/www.euromat.be\/fr\/wp-json\/wp\/v2\/media\/3317"}],"wp:attachment":[{"href":"https:\/\/www.euromat.be\/fr\/wp-json\/wp\/v2\/media?parent=6035"}],"wp:term":[{"taxonomy":"product_brand","embeddable":true,"href":"https:\/\/www.euromat.be\/fr\/wp-json\/wp\/v2\/product_brand?post=6035"},{"taxonomy":"product_cat","embeddable":true,"href":"https:\/\/www.euromat.be\/fr\/wp-json\/wp\/v2\/product_cat?post=6035"},{"taxonomy":"product_tag","embeddable":true,"href":"https:\/\/www.euromat.be\/fr\/wp-json\/wp\/v2\/product_tag?post=6035"}],"curies":[{"name":"wp","href":"https:\/\/api.w.org\/{rel}","templated":true}]}}