{"id":6039,"date":"2025-09-10T14:06:15","date_gmt":"2025-09-10T12:06:15","guid":{"rendered":"https:\/\/www.euromat.be\/product\/dryfast-filterbox-fb300\/"},"modified":"2025-09-29T16:14:51","modified_gmt":"2025-09-29T14:14:51","slug":"dryfast-filterbox-fb300","status":"publish","type":"product","link":"https:\/\/www.euromat.be\/fr\/produit\/dryfast-filterbox-fb300\/","title":{"rendered":"Dryfast filterbox FB300"},"content":{"rendered":"<section class=\"l-section wpb_row height_auto\"><div class=\"l-section-h i-cf\"><div class=\"g-cols vc_row via_flex valign_top type_default stacking_default\"><div class=\"vc_col-sm-12 wpb_column vc_column_container\"><div class=\"vc_column-inner\"><div class=\"wpb_wrapper\"><div class=\"wpb_text_column\"><div class=\"wpb_wrapper\"><p><strong>Bo\u00eete \u00e0 filtres Dryfast FB300<\/strong><\/p>\n<p>Solution de filtration puissante et efficace pour le contr\u00f4le des poussi\u00e8res et la qualit\u00e9 de l&rsquo;air<\/p>\n<p>Le caisson filtrant Dryfast FB300 est con\u00e7u pour une utilisation professionnelle en combinaison avec des ventilateurs ou des \u00e9purateurs d&rsquo;air. Cette unit\u00e9 compacte mais puissante comporte deux raccords de 300 mm et peut \u00eatre utilis\u00e9e avec 1, 2 ou 3 filtres (en option sur commande). Il est id\u00e9al pour les applications dans la construction, la r\u00e9novation, le d\u00e9samiantage ou d&rsquo;autres environnements o\u00f9 le contr\u00f4le des poussi\u00e8res et la purification de l&rsquo;air sont essentiels.<\/p>\n<p><strong>Caract\u00e9ristiques principales :<\/strong><br \/>\n&#8211; Raccords : 2 x 300 mm &#8211; flux d&rsquo;air optimal en cas d&rsquo;utilisation avec une gaine de ventilation<br \/>\n&#8211; Utilisation flexible des filtres : convient pour 1, 2 ou 3 filtres (en option)<br \/>\n&#8211; Facilit\u00e9 de transport : livr\u00e9 avec 2 filtres en standard &#8211; facile \u00e0 d\u00e9placer<br \/>\n&#8211; Conception robuste : r\u00e9siste \u00e0 des conditions de travail intensives<br \/>\n&#8211; Compatibilit\u00e9 : parfaitement compatible avec les ventilateurs et \u00e9purateurs d&rsquo;air Dryfast<\/p>\n<p><strong>Applications :<\/strong><br \/>\nId\u00e9al pour les projets de construction et de r\u00e9novation, les environnements industriels, les travaux d&rsquo;assainissement et toute situation o\u00f9 la qualit\u00e9 de l&rsquo;air et le contr\u00f4le des poussi\u00e8res sont des priorit\u00e9s.<\/p>\n<p><strong>Pourquoi choisir Euromat ?<\/strong><br \/>\nAvec Euromat, vous ne vous contentez pas de louer une machine, vous optez pour des performances fiables, des conseils d&rsquo;experts et une disponibilit\u00e9 imm\u00e9diate.<\/p>\n<p>\u2714\ufe0f Disponibilit\u00e9 rapide<br \/>\n\u2714\ufe0f Conditions de location flexibles<br \/>\n\u2714\ufe0f Assistance technique par des professionnels<\/p>\n<\/div><\/div><\/div><\/div><\/div><\/div><\/div><\/section>\n","protected":false},"excerpt":{"rendered":"<p>Location d&rsquo;une unit\u00e9 de filtration Dryfast FB300 ? Unit\u00e9 de filtration compacte et robuste avec des connexions de 2\u00d7300 mm, convenant \u00e0 1-3 filtres. Parfait pour le contr\u00f4le des poussi\u00e8res et la purification de l&rsquo;air dans les secteurs de la construction, de la r\u00e9novation et de l&rsquo;assainissement.<\/p>\n","protected":false},"featured_media":2901,"template":"","meta":{"_acf_changed":false},"product_brand":[],"product_cat":[1380,3048,1374],"product_tag":[],"class_list":{"0":"post-6039","1":"product","2":"type-product","3":"status-publish","4":"has-post-thumbnail","6":"product_cat-chauffage-ventilation-et-secheurs","7":"product_cat-filterbox","8":"product_cat-machines-de-chantier","10":"first","11":"instock","12":"purchasable","13":"product-type-simple"},"acf":[],"_links":{"self":[{"href":"https:\/\/www.euromat.be\/fr\/wp-json\/wp\/v2\/product\/6039","targetHints":{"allow":["GET"]}}],"collection":[{"href":"https:\/\/www.euromat.be\/fr\/wp-json\/wp\/v2\/product"}],"about":[{"href":"https:\/\/www.euromat.be\/fr\/wp-json\/wp\/v2\/types\/product"}],"wp:featuredmedia":[{"embeddable":true,"href":"https:\/\/www.euromat.be\/fr\/wp-json\/wp\/v2\/media\/2901"}],"wp:attachment":[{"href":"https:\/\/www.euromat.be\/fr\/wp-json\/wp\/v2\/media?parent=6039"}],"wp:term":[{"taxonomy":"product_brand","embeddable":true,"href":"https:\/\/www.euromat.be\/fr\/wp-json\/wp\/v2\/product_brand?post=6039"},{"taxonomy":"product_cat","embeddable":true,"href":"https:\/\/www.euromat.be\/fr\/wp-json\/wp\/v2\/product_cat?post=6039"},{"taxonomy":"product_tag","embeddable":true,"href":"https:\/\/www.euromat.be\/fr\/wp-json\/wp\/v2\/product_tag?post=6039"}],"curies":[{"name":"wp","href":"https:\/\/api.w.org\/{rel}","templated":true}]}}