{"id":6040,"date":"2025-09-10T14:06:15","date_gmt":"2025-09-10T12:06:15","guid":{"rendered":"https:\/\/www.euromat.be\/product\/axiaal-ventilator-daf3000\/"},"modified":"2025-09-29T16:14:50","modified_gmt":"2025-09-29T14:14:50","slug":"axiaal-ventilateur-daf3000","status":"publish","type":"product","link":"https:\/\/www.euromat.be\/fr\/produit\/axiaal-ventilateur-daf3000\/","title":{"rendered":"Axiaal ventilateur DAF3000"},"content":{"rendered":"<section class=\"l-section wpb_row height_auto\"><div class=\"l-section-h i-cf\"><div class=\"g-cols vc_row via_flex valign_top type_default stacking_default\"><div class=\"vc_col-sm-12 wpb_column vc_column_container\"><div class=\"vc_column-inner\"><div class=\"wpb_wrapper\"><div class=\"wpb_text_column\"><div class=\"wpb_wrapper\"><p><strong>Ventilateur axial Dryfast DAF3000<\/strong><\/p>\n<p>Ventilateur puissant pour la ventilation, l&rsquo;extraction d&rsquo;air et le contr\u00f4le de la poussi\u00e8re<\/p>\n<p>Le ventilateur axial Dryfast DAF3000 est un ventilateur robuste et portable con\u00e7u pour d\u00e9placer de grands volumes d&rsquo;air, jusqu&rsquo;\u00e0 3000 m\u00b3 par heure. Il est id\u00e9al pour ventiler les chantiers de construction, les sous-sols, les zones industrielles ou pour soutenir les syst\u00e8mes de filtration d&rsquo;air. Gr\u00e2ce \u00e0 sa conception compacte et \u00e0 son bo\u00eetier robuste, ce ventilateur est facile \u00e0 d\u00e9placer et rapide \u00e0 d\u00e9ployer.<\/p>\n<p><strong>Caract\u00e9ristiques principales :<\/strong><br \/>\n&#8211; D\u00e9bit d&rsquo;air : 3000 m\u00b3\/heure &#8211; capacit\u00e9 \u00e9lev\u00e9e pour une ventilation efficace<br \/>\n&#8211; Mont\u00e9e en pression : 275 Pa &#8211; convient \u00e0 l&rsquo;utilisation de tuyaux d&rsquo;air plus longs<br \/>\n&#8211; Tension : 230 V \/ 50 Hz &#8211; connexion standard pour une utilisation universelle<br \/>\n&#8211; Conception portable : compact, l\u00e9ger et \u00e9quip\u00e9 d&rsquo;une poign\u00e9e de transport robuste<br \/>\n&#8211; Qualit\u00e9 de la marque : Dryfast &#8211; connue pour sa durabilit\u00e9 et ses performances fiables<br \/>\n&#8211; Raccordement du tuyau d&rsquo;\u00e9vacuation pour le 107.08 (ATK25) diam\u00e8tre 300 mm<\/p>\n<p><strong>Applications :<\/strong><br \/>\nParfait pour la ventilation dans les projets de construction et de r\u00e9novation, l&rsquo;extraction de la poussi\u00e8re ou des fum\u00e9es, la filtration de l&rsquo;air et la circulation g\u00e9n\u00e9rale de l&rsquo;air.<\/p>\n<p><strong>Pourquoi choisir Euromat ?<\/strong><br \/>\nChez Euromat, vous b\u00e9n\u00e9ficiez non seulement d&rsquo;un \u00e9quipement de premier ordre, mais aussi d&rsquo;une assistance experte et d&rsquo;options de location flexibles pour tout projet.<\/p>\n<p>\u2714\ufe0f Disponibilit\u00e9 rapide<br \/>\n\u2714\ufe0f Conditions de location flexibles<br \/>\n\u2714\ufe0f Assistance des professionnels d&rsquo;Euromat<\/p>\n<\/div><\/div><\/div><\/div><\/div><\/div><\/div><\/section>\n","protected":false},"excerpt":{"rendered":"<p>Location d&rsquo;un ventilateur axial Dryfast DAF3000 ? D\u00e9place jusqu&rsquo;\u00e0 3000 m\u00b3\/heure d&rsquo;air avec une pression de 275 Pa. Compact, portable et id\u00e9al pour la ventilation, l&rsquo;extraction d&rsquo;air et le contr\u00f4le des poussi\u00e8res dans la construction, la r\u00e9novation et l&rsquo;industrie.<\/p>\n","protected":false},"featured_media":2198,"template":"","meta":{"_acf_changed":false},"product_brand":[1430],"product_cat":[1380,1374,3050],"product_tag":[],"class_list":{"0":"post-6040","1":"product","2":"type-product","3":"status-publish","4":"has-post-thumbnail","6":"product_brand-trotec","7":"product_cat-chauffage-ventilation-et-secheurs","8":"product_cat-machines-de-chantier","9":"product_cat-ventilateurs","10":"pa_afmetingen-lxbxh-520x400x500-mm-fr","11":"pa_luchtopbrengst-3000-m-h-fr","12":"pa_max-luchtdruk-275-pa-fr","13":"pa_mobiliteit-draagbaar-fr","14":"pa_slangaansluiting-o-300-fr","15":"pa_stroomvoorziening-230-v-50-hz","17":"first","18":"instock","19":"purchasable","20":"product-type-simple"},"acf":[],"_links":{"self":[{"href":"https:\/\/www.euromat.be\/fr\/wp-json\/wp\/v2\/product\/6040","targetHints":{"allow":["GET"]}}],"collection":[{"href":"https:\/\/www.euromat.be\/fr\/wp-json\/wp\/v2\/product"}],"about":[{"href":"https:\/\/www.euromat.be\/fr\/wp-json\/wp\/v2\/types\/product"}],"wp:featuredmedia":[{"embeddable":true,"href":"https:\/\/www.euromat.be\/fr\/wp-json\/wp\/v2\/media\/2198"}],"wp:attachment":[{"href":"https:\/\/www.euromat.be\/fr\/wp-json\/wp\/v2\/media?parent=6040"}],"wp:term":[{"taxonomy":"product_brand","embeddable":true,"href":"https:\/\/www.euromat.be\/fr\/wp-json\/wp\/v2\/product_brand?post=6040"},{"taxonomy":"product_cat","embeddable":true,"href":"https:\/\/www.euromat.be\/fr\/wp-json\/wp\/v2\/product_cat?post=6040"},{"taxonomy":"product_tag","embeddable":true,"href":"https:\/\/www.euromat.be\/fr\/wp-json\/wp\/v2\/product_tag?post=6040"}],"curies":[{"name":"wp","href":"https:\/\/api.w.org\/{rel}","templated":true}]}}