{"id":6041,"date":"2025-09-10T14:06:15","date_gmt":"2025-09-10T12:06:15","guid":{"rendered":"https:\/\/www.euromat.be\/product\/axiaal-ventilator-ttf-4500\/"},"modified":"2025-09-29T16:14:50","modified_gmt":"2025-09-29T14:14:50","slug":"axiaal-ventilateur-ttf-4500","status":"publish","type":"product","link":"https:\/\/www.euromat.be\/fr\/produit\/axiaal-ventilateur-ttf-4500\/","title":{"rendered":"Axiaal ventilateur TTF 4500"},"content":{"rendered":"<section class=\"l-section wpb_row height_auto\"><div class=\"l-section-h i-cf\"><div class=\"g-cols vc_row via_flex valign_top type_default stacking_default\"><div class=\"vc_col-sm-12 wpb_column vc_column_container\"><div class=\"vc_column-inner\"><div class=\"wpb_wrapper\"><div class=\"wpb_text_column\"><div class=\"wpb_wrapper\"><p><strong>Ventilateur axial Dryfast TTV 4500<\/strong><\/p>\n<p>Ventilateur professionnel avec d\u00e9bit d&rsquo;air r\u00e9glable pour une utilisation polyvalente<\/p>\n<p>Le ventilateur axial Dryfast TTV 4500 est un ventilateur puissant et portable dot\u00e9 de trois modes de ventilation r\u00e9glables (2000 \/ 3000 \/ 4500 m\u00b3\/h), ce qui le rend parfait pour une vari\u00e9t\u00e9 d&rsquo;applications de ventilation et d&rsquo;extraction d&rsquo;air. Gr\u00e2ce \u00e0 sa construction robuste, sa facilit\u00e9 d&rsquo;utilisation et son d\u00e9bit d&rsquo;air \u00e9lev\u00e9, ce mod\u00e8le est id\u00e9al pour une utilisation sur les chantiers de construction, dans les zones industrielles ou dans les applications de s\u00e9chage.<\/p>\n<p><strong>Caract\u00e9ristiques principales :<\/strong><br \/>\n&#8211; D\u00e9bit d&rsquo;air r\u00e9glable : 2000 \/ 3000 \/ 4500 m\u00b3\/h &#8211; adaptable \u00e0 chaque situation<br \/>\n&#8211; Pression d&rsquo;air : 80 Pa &#8211; convient aux gaines de longueur moyenne et aux syst\u00e8mes de filtrage<br \/>\n&#8211; Tension : 230 V \/ 50 Hz &#8211; compatible avec les alimentations \u00e9lectriques standard<br \/>\n&#8211; Portable et robuste : conception compacte avec poign\u00e9e et bo\u00eetier robuste<br \/>\n&#8211; Qualit\u00e9 de la marque : Dryfast &#8211; r\u00e9put\u00e9e pour sa fiabilit\u00e9 et sa longue dur\u00e9e de vie<\/p>\n<p><strong>Applications :<\/strong><br \/>\nId\u00e9al pour la ventilation des locaux, le d\u00e9poussi\u00e9rage, l&rsquo;aspiration des vapeurs ou l&rsquo;optimisation des flux d&rsquo;air dans les processus de s\u00e9chage.<\/p>\n<p><strong>Pourquoi choisir Euromat ?<\/strong><br \/>\nChez Euromat, vous louez non seulement des machines fiables de grandes marques, mais vous b\u00e9n\u00e9ficiez \u00e9galement de conseils, d&rsquo;un service et d&rsquo;une flexibilit\u00e9.<\/p>\n<p>\u2714\ufe0f Disponibilit\u00e9 rapide<br \/>\n\u2714\ufe0f Conditions de location flexibles<br \/>\n\u2714\ufe0f Assistance par les professionnels d&rsquo;Euromat<\/p>\n<\/div><\/div><\/div><\/div><\/div><\/div><\/div><\/section>\n","protected":false},"excerpt":{"rendered":"<p>Louez le ventilateur axial Dryfast TTV 4500 ? D\u00e9bit d&rsquo;air r\u00e9glable de 2000, 3000 ou 4500 m\u00b3\/heure. Robuste, portable et id\u00e9al pour la ventilation, l&rsquo;extraction d&rsquo;air et les applications de s\u00e9chage dans la construction et l&rsquo;industrie.<\/p>\n","protected":false},"featured_media":2204,"template":"","meta":{"_acf_changed":false},"product_brand":[1403],"product_cat":[1380,1374,3050],"product_tag":[],"class_list":{"0":"post-6041","1":"product","2":"type-product","3":"status-publish","4":"has-post-thumbnail","6":"product_brand-dryfast","7":"product_cat-chauffage-ventilation-et-secheurs","8":"product_cat-machines-de-chantier","9":"product_cat-ventilateurs","10":"pa_afmetingen-lxbxh-210x510x510-mm-fr","11":"pa_luchtopbrengst-2000-3000-4500-m-h-afhankelijk-van-stand-fr","12":"pa_max-luchtdruk-80-pa-fr","13":"pa_mobiliteit-draagbaar-fr","14":"pa_slangaansluiting-o-450-fr","15":"pa_stroomvoorziening-230-v-50-hz","17":"first","18":"instock","19":"purchasable","20":"product-type-simple"},"acf":[],"_links":{"self":[{"href":"https:\/\/www.euromat.be\/fr\/wp-json\/wp\/v2\/product\/6041","targetHints":{"allow":["GET"]}}],"collection":[{"href":"https:\/\/www.euromat.be\/fr\/wp-json\/wp\/v2\/product"}],"about":[{"href":"https:\/\/www.euromat.be\/fr\/wp-json\/wp\/v2\/types\/product"}],"wp:featuredmedia":[{"embeddable":true,"href":"https:\/\/www.euromat.be\/fr\/wp-json\/wp\/v2\/media\/2204"}],"wp:attachment":[{"href":"https:\/\/www.euromat.be\/fr\/wp-json\/wp\/v2\/media?parent=6041"}],"wp:term":[{"taxonomy":"product_brand","embeddable":true,"href":"https:\/\/www.euromat.be\/fr\/wp-json\/wp\/v2\/product_brand?post=6041"},{"taxonomy":"product_cat","embeddable":true,"href":"https:\/\/www.euromat.be\/fr\/wp-json\/wp\/v2\/product_cat?post=6041"},{"taxonomy":"product_tag","embeddable":true,"href":"https:\/\/www.euromat.be\/fr\/wp-json\/wp\/v2\/product_tag?post=6041"}],"curies":[{"name":"wp","href":"https:\/\/api.w.org\/{rel}","templated":true}]}}