{"id":6042,"date":"2025-09-10T14:06:15","date_gmt":"2025-09-10T12:06:15","guid":{"rendered":"https:\/\/www.euromat.be\/product\/warme-luchtblazer-3-kw-dfe25\/"},"modified":"2025-09-29T16:14:50","modified_gmt":"2025-09-29T14:14:50","slug":"generateur-dair-chaud-3-kw-dfe25","status":"publish","type":"product","link":"https:\/\/www.euromat.be\/fr\/produit\/generateur-dair-chaud-3-kw-dfe25\/","title":{"rendered":"G\u00e9n\u00e9rateur d&rsquo;air chaud 3 kW &#8211; DFE25"},"content":{"rendered":"<section class=\"l-section wpb_row height_auto\"><div class=\"l-section-h i-cf\"><div class=\"g-cols vc_row via_flex valign_top type_default stacking_default\"><div class=\"vc_col-sm-12 wpb_column vc_column_container\"><div class=\"vc_column-inner\"><div class=\"wpb_wrapper\"><div class=\"wpb_text_column\"><div class=\"wpb_wrapper\"><p><strong>Dryfast Soufflerie d&rsquo;air chaud 3 kW DFE25<\/strong><\/p>\n<p>Chauffage \u00e9lectrique puissant pour les petites pi\u00e8ces et les applications cibl\u00e9es<\/p>\n<p>Vous recherchez une solution compacte, efficace et robuste pour le chauffage temporaire ? La soufflerie d&rsquo;air chaud Dryfast DFE25 d\u00e9livre une puissance de chauffage de 3 kW, id\u00e9ale pour les petites zones de travail, les ateliers, les garages ou les unit\u00e9s temporaires. Gr\u00e2ce \u00e0 sa conception l\u00e9g\u00e8re, \u00e0 son raccord de tuyau de 160 mm et \u00e0 sa taille portable, cet appareil de chauffage est particuli\u00e8rement souple d&rsquo;utilisation.<\/p>\n<p><strong>Caract\u00e9ristiques principales :<\/strong><br \/>\n&#8211; Puissance de chauffage : 3 kW &#8211; convient aux pi\u00e8ces de petite et moyenne taille<br \/>\n&#8211; D\u00e9bit d&rsquo;air : 250 m\u00b3\/h &#8211; circulation efficace de l&rsquo;air<br \/>\n&#8211; Raccordement : 230 V \/ 16 A &#8211; tension secteur standard<br \/>\n&#8211; Raccord de tuyau : \u00d8160 mm &#8211; facile \u00e0 raccorder aux tuyaux d&rsquo;air<br \/>\n&#8211; Compact et portable : Id\u00e9al pour un d\u00e9ploiement temporaire sur site<br \/>\n&#8211; Les tuyaux de refoulement pour les ventilateurs et les appareils de chauffage peuvent \u00e9galement \u00eatre lou\u00e9s.<\/p>\n<p><strong>Applications :<\/strong><br \/>\nParfait pour r\u00e9chauffer les cours, les conteneurs, les zones de stockage ou comme support pour le s\u00e9chage des constructions.<\/p>\n<p><strong>Pourquoi choisir Euromat ?<\/strong><br \/>\nAvec Euromat, vous louez plus qu&rsquo;un simple appareil. Vous b\u00e9n\u00e9ficiez d&rsquo;une assistance professionnelle, d&rsquo;un service rapide et de conseils flexibles en mati\u00e8re de location.<\/p>\n<p>\u2714\ufe0f Disponibilit\u00e9 rapide<br \/>\n\u2714\ufe0f Conditions de location flexibles<br \/>\n\u2714\ufe0f Assistance par des professionnels Euromat<\/p>\n<\/div><\/div><\/div><\/div><\/div><\/div><\/div><\/section>\n","protected":false},"excerpt":{"rendered":"<p>Soufflerie d&rsquo;air chaud Dryfast DFE25, puissance de chauffage \u00e9lectrique de 3 kW. Compact, portable et id\u00e9al pour les pi\u00e8ces de petite et moyenne taille. Equip\u00e9 d&rsquo;un raccord de tuyau de \u00d8160 mm pour une distribution cibl\u00e9e de la chaleur. Parfait pour le chauffage temporaire sur site, dans un atelier ou un conteneur.<\/p>\n","protected":false},"featured_media":2234,"template":"","meta":{"_acf_changed":false},"product_brand":[1403],"product_cat":[1380,3052,1374],"product_tag":[],"class_list":{"0":"post-6042","1":"product","2":"type-product","3":"status-publish","4":"has-post-thumbnail","6":"product_brand-dryfast","7":"product_cat-chauffage-ventilation-et-secheurs","8":"product_cat-generateur-dair-chaud","9":"product_cat-machines-de-chantier","10":"pa_afmetingen-lxbxh-279x254x305-mm-fr","11":"pa_gewicht-92-kg-fr","12":"pa_luchtverplaatsing-m-h-250-m-h-fr","13":"pa_slangaansluiting-160-mm-fr","14":"pa_verwarmingscapaciteit-kw-3-kw-fr","15":"pa_voeding-spanning-v-230v-16a","17":"first","18":"instock","19":"purchasable","20":"product-type-simple"},"acf":[],"_links":{"self":[{"href":"https:\/\/www.euromat.be\/fr\/wp-json\/wp\/v2\/product\/6042","targetHints":{"allow":["GET"]}}],"collection":[{"href":"https:\/\/www.euromat.be\/fr\/wp-json\/wp\/v2\/product"}],"about":[{"href":"https:\/\/www.euromat.be\/fr\/wp-json\/wp\/v2\/types\/product"}],"wp:featuredmedia":[{"embeddable":true,"href":"https:\/\/www.euromat.be\/fr\/wp-json\/wp\/v2\/media\/2234"}],"wp:attachment":[{"href":"https:\/\/www.euromat.be\/fr\/wp-json\/wp\/v2\/media?parent=6042"}],"wp:term":[{"taxonomy":"product_brand","embeddable":true,"href":"https:\/\/www.euromat.be\/fr\/wp-json\/wp\/v2\/product_brand?post=6042"},{"taxonomy":"product_cat","embeddable":true,"href":"https:\/\/www.euromat.be\/fr\/wp-json\/wp\/v2\/product_cat?post=6042"},{"taxonomy":"product_tag","embeddable":true,"href":"https:\/\/www.euromat.be\/fr\/wp-json\/wp\/v2\/product_tag?post=6042"}],"curies":[{"name":"wp","href":"https:\/\/api.w.org\/{rel}","templated":true}]}}