{"id":6044,"date":"2025-09-10T14:06:15","date_gmt":"2025-09-10T12:06:15","guid":{"rendered":"https:\/\/www.euromat.be\/product\/warme-luchtblazer-infrarood\/"},"modified":"2025-09-29T16:14:49","modified_gmt":"2025-09-29T14:14:49","slug":"generateur-dair-chaud-infrarouge","status":"publish","type":"product","link":"https:\/\/www.euromat.be\/fr\/produit\/generateur-dair-chaud-infrarouge\/","title":{"rendered":"G\u00e9n\u00e9rateur d&rsquo;air chaud infrarouge"},"content":{"rendered":"<section class=\"l-section wpb_row height_auto\"><div class=\"l-section-h i-cf\"><div class=\"g-cols vc_row via_flex valign_top type_default stacking_default\"><div class=\"vc_col-sm-12 wpb_column vc_column_container\"><div class=\"vc_column-inner\"><div class=\"wpb_wrapper\"><div class=\"wpb_text_column\"><div class=\"wpb_wrapper\"><p>\u00ab\u00a0<strong>Munters Soufflerie d&rsquo;air chaud \u00e0 infrarouge<\/strong><\/p>\n<p>Puissante soufflerie d&rsquo;air chaud \u00e0 infrarouge avec une capacit\u00e9 de chauffage de 38 kW<\/p>\n<p>La soufflerie d&rsquo;air chaud infrarouge Munters est une solution de chauffage fiable et efficace, id\u00e9ale pour chauffer rapidement les chantiers, les ateliers et autres zones industrielles. Avec une capacit\u00e9 de chauffage de 38 kW, cette soufflerie d&rsquo;air chaud offre de solides performances et une consommation \u00e9conomique de seulement 3,6 litres par heure. Gr\u00e2ce \u00e0 son grand r\u00e9servoir de 51 litres, elle fonctionne pendant de longues p\u00e9riodes sans interruption.<\/p>\n<p><strong>Caract\u00e9ristiques principales :<\/strong><br \/>\n&#8211; Capacit\u00e9 de chauffage : 38 kW &#8211; puissance et efficacit\u00e9 de la production de chaleur<br \/>\n&#8211; Consommation de carburant : 3,6 litres par heure &#8211; \u00e9conomique et \u00e9conomique \u00e0 l&rsquo;usage<br \/>\n&#8211; Capacit\u00e9 du r\u00e9servoir : 51 litres &#8211; longue dur\u00e9e de fonctionnement sans ravitaillement en carburant<br \/>\n&#8211; Diam\u00e8tre du radiateur : 560 mm &#8211; r\u00e9partition large et homog\u00e8ne de la chaleur<br \/>\n&#8211; Poids : 60 kg &#8211; facile \u00e0 d\u00e9placer et \u00e0 positionner<br \/>\n&#8211; Dimensions (LxLxH) : 950 x 645 x 980 mm<\/p>\n<p><strong>Applications :<\/strong><br \/>\nCette soufflerie d&rsquo;air chaud infrarouge Munters est parfaite pour chauffer les chantiers de construction, les zones de travail temporaires, les projets de r\u00e9novation et les halls industriels o\u00f9 une chaleur rapide, efficace et cibl\u00e9e est n\u00e9cessaire.<\/p>\n<p><strong>Pourquoi choisir Euromat ?<\/strong><\/p>\n<p>\u2714\ufe0f Livraison fiable des \u00e9quipements de chauffage Munters<br \/>\n\u2714\ufe0f Conseils d&rsquo;experts et service rapide sur site<br \/>\n\u2714\ufe0f Des contrats de location et d&rsquo;entretien flexibles adapt\u00e9s \u00e0 votre projet\u00a0\u00bb<\/p>\n<\/div><\/div><\/div><\/div><\/div><\/div><\/div><\/section>\n","protected":false},"excerpt":{"rendered":"<p>Soufflerie d&rsquo;air chaud \u00e0 infrarouge Munters avec une puissance de 38 kW, une consommation de seulement 3,6 l\/h et un r\u00e9servoir de 51 litres pour une utilisation \u00e0 long terme. Radiateur de 560 mm de diam\u00e8tre pour une large r\u00e9partition de la chaleur. Id\u00e9al pour chauffer rapidement et de mani\u00e8re cibl\u00e9e les chantiers, les ateliers et les halls industriels.<\/p>\n","protected":false},"featured_media":3565,"template":"","meta":{"_acf_changed":false},"product_brand":[1421],"product_cat":[1380,3052,1374],"product_tag":[],"class_list":{"0":"post-6044","1":"product","2":"type-product","3":"status-publish","4":"has-post-thumbnail","6":"product_brand-munters","7":"product_cat-chauffage-ventilation-et-secheurs","8":"product_cat-generateur-dair-chaud","9":"product_cat-machines-de-chantier","10":"pa_afmetingen-lxbxh-950x645x980-mm-fr","11":"pa_diameter-straker-560-mm-fr","12":"pa_gewicht-60-kg-fr","13":"pa_inhoud-brandstoftank-51-l-fr","14":"pa_tankinhoud-l-51-l-fr","15":"pa_verbruik-l-h-36-l-h-fr","16":"pa_verwarmingscapaciteit-kw-38-kw-fr","18":"first","19":"instock","20":"purchasable","21":"product-type-simple"},"acf":[],"_links":{"self":[{"href":"https:\/\/www.euromat.be\/fr\/wp-json\/wp\/v2\/product\/6044","targetHints":{"allow":["GET"]}}],"collection":[{"href":"https:\/\/www.euromat.be\/fr\/wp-json\/wp\/v2\/product"}],"about":[{"href":"https:\/\/www.euromat.be\/fr\/wp-json\/wp\/v2\/types\/product"}],"wp:featuredmedia":[{"embeddable":true,"href":"https:\/\/www.euromat.be\/fr\/wp-json\/wp\/v2\/media\/3565"}],"wp:attachment":[{"href":"https:\/\/www.euromat.be\/fr\/wp-json\/wp\/v2\/media?parent=6044"}],"wp:term":[{"taxonomy":"product_brand","embeddable":true,"href":"https:\/\/www.euromat.be\/fr\/wp-json\/wp\/v2\/product_brand?post=6044"},{"taxonomy":"product_cat","embeddable":true,"href":"https:\/\/www.euromat.be\/fr\/wp-json\/wp\/v2\/product_cat?post=6044"},{"taxonomy":"product_tag","embeddable":true,"href":"https:\/\/www.euromat.be\/fr\/wp-json\/wp\/v2\/product_tag?post=6044"}],"curies":[{"name":"wp","href":"https:\/\/api.w.org\/{rel}","templated":true}]}}