{"id":6048,"date":"2025-09-10T14:06:15","date_gmt":"2025-09-10T12:06:15","guid":{"rendered":"https:\/\/www.euromat.be\/product\/verwarmingsautomaat-diesel-clk170-zonder-interne-tank\/"},"modified":"2025-09-29T16:14:50","modified_gmt":"2025-09-29T14:14:50","slug":"chauffage-automat-diesel-clk170-sans-reservoir-interne","status":"publish","type":"product","link":"https:\/\/www.euromat.be\/fr\/produit\/chauffage-automat-diesel-clk170-sans-reservoir-interne\/","title":{"rendered":"Chauffage automat diesel CLk170 sans r\u00e9servoir interne"},"content":{"rendered":"<section class=\"l-section wpb_row height_auto\"><div class=\"l-section-h i-cf\"><div class=\"g-cols vc_row via_flex valign_top type_default stacking_default\"><div class=\"vc_col-sm-12 wpb_column vc_column_container\"><div class=\"vc_column-inner\"><div class=\"wpb_wrapper\"><div class=\"wpb_text_column\"><div class=\"wpb_wrapper\"><p><strong>Remko Heater diesel CLK170 sans r\u00e9servoir interne<\/strong><\/p>\n<p>Chauffage diesel industriel haute performance pour le chauffage \u00e0 grande \u00e9chelle<\/p>\n<p>Le Remko CLK170 est un puissant chauffage diesel con\u00e7u pour les applications les plus exigeantes dans les environnements industriels. Avec une capacit\u00e9 de chauffage impressionnante de 155 kW et un d\u00e9bit d&rsquo;air de 10 340 m\u00b3\/heure, cet appareil est id\u00e9al pour chauffer de grands halls, des entrep\u00f4ts, des sites de construction ou des lieux d&rsquo;\u00e9v\u00e9nements. Cette version est d\u00e9pourvue de r\u00e9servoir interne, ce qui permet de la raccorder \u00e0 un syst\u00e8me d&rsquo;alimentation en combustible externe.<\/p>\n<p><strong>Caract\u00e9ristiques principales:l<\/strong><br \/>\n&#8211; Puissance : 155 kW &#8211; pour une production de chaleur puissante \u00e0 grande \u00e9chelle<br \/>\n&#8211; D\u00e9bit d&rsquo;air : 10 340 m\u00b3\/heure &#8211; distribution rapide de l&rsquo;air chaud<br \/>\n&#8211; Tension : 400 V \/ 50 Hz &#8211; alimentation \u00e9lectrique par connexion 5 p\u00f4les 32A<br \/>\n&#8211; Type de carburant : diesel (sans r\u00e9servoir interne) &#8211; convient pour une utilisation externe de longue dur\u00e9e<br \/>\n&#8211; Tuyau de vidange pour le 107.05 (CLK170) diam\u00e8tre 500 mm, \u00e9galement disponible<\/p>\n<p><strong>Applications:l<\/strong><br \/>\nParfait pour chauffer les grandes zones industrielles, les chantiers de construction, les entrep\u00f4ts temporaires ou les sites \u00e9v\u00e9nementiels qui ont besoin d&rsquo;un chauffage puissant et fiable.<\/p>\n<p><strong>Pourquoi choisir Euromat ?<\/strong><br \/>\nAvec Euromat, vous choisissez des solutions de chauffage fiables soutenues par des professionnels exp\u00e9riment\u00e9s. Toujours pr\u00eat \u00e0 l&#8217;emploi, avec les connexions et les accessoires ad\u00e9quats.<br \/>\n\u2714\ufe0f Pr\u00eat \u00e0 l&#8217;emploi<br \/>\n\u2714\ufe0f Conseils et services professionnels<br \/>\n\u2714\ufe0f Des conditions de location flexibles<\/p>\n<\/div><\/div><\/div><\/div><\/div><\/div><\/div><\/section>\n","protected":false},"excerpt":{"rendered":"<p>Remko CLK170 chauffage diesel sans r\u00e9servoir interne, 155 kW de puissance et 10 340 m\u00b3\/h de d\u00e9bit d&rsquo;air. Id\u00e9al pour les applications industrielles, de construction et \u00e9v\u00e9nementielles \u00e0 grande \u00e9chelle avec alimentation externe en carburant.<\/p>\n","protected":false},"featured_media":2240,"template":"","meta":{"_acf_changed":false},"product_brand":[1424],"product_cat":[3051,1380,1374],"product_tag":[],"class_list":{"0":"post-6048","1":"product","2":"type-product","3":"status-publish","4":"has-post-thumbnail","6":"product_brand-remko","7":"product_cat-chauffage-automat","8":"product_cat-chauffage-ventilation-et-secheurs","9":"product_cat-machines-de-chantier","10":"pa_afmetingen-lxbxh-2380x920x1350-mm-fr","11":"pa_gewicht-385-kg-fr","12":"pa_luchtopbrengst-10340-m-h-fr","13":"pa_spanning-v-400-v-50-hz-5p-16a-fr","14":"pa_verbruik-diesel-l-h-155-l-h-fr","15":"pa_verwarmingscapaciteit-kw-155-kw-fr","17":"first","18":"instock","19":"purchasable","20":"product-type-simple"},"acf":[],"_links":{"self":[{"href":"https:\/\/www.euromat.be\/fr\/wp-json\/wp\/v2\/product\/6048","targetHints":{"allow":["GET"]}}],"collection":[{"href":"https:\/\/www.euromat.be\/fr\/wp-json\/wp\/v2\/product"}],"about":[{"href":"https:\/\/www.euromat.be\/fr\/wp-json\/wp\/v2\/types\/product"}],"wp:featuredmedia":[{"embeddable":true,"href":"https:\/\/www.euromat.be\/fr\/wp-json\/wp\/v2\/media\/2240"}],"wp:attachment":[{"href":"https:\/\/www.euromat.be\/fr\/wp-json\/wp\/v2\/media?parent=6048"}],"wp:term":[{"taxonomy":"product_brand","embeddable":true,"href":"https:\/\/www.euromat.be\/fr\/wp-json\/wp\/v2\/product_brand?post=6048"},{"taxonomy":"product_cat","embeddable":true,"href":"https:\/\/www.euromat.be\/fr\/wp-json\/wp\/v2\/product_cat?post=6048"},{"taxonomy":"product_tag","embeddable":true,"href":"https:\/\/www.euromat.be\/fr\/wp-json\/wp\/v2\/product_tag?post=6048"}],"curies":[{"name":"wp","href":"https:\/\/api.w.org\/{rel}","templated":true}]}}