{"id":6049,"date":"2025-09-10T14:06:15","date_gmt":"2025-09-10T12:06:15","guid":{"rendered":"https:\/\/www.euromat.be\/product\/bouwdroger-df400\/"},"modified":"2025-09-29T16:14:50","modified_gmt":"2025-09-29T14:14:50","slug":"deshumidificateur-df400","status":"publish","type":"product","link":"https:\/\/www.euromat.be\/fr\/produit\/deshumidificateur-df400\/","title":{"rendered":"D\u00e9shumidificateur DF400"},"content":{"rendered":"<section class=\"l-section wpb_row height_auto\"><div class=\"l-section-h i-cf\"><div class=\"g-cols vc_row via_flex valign_top type_default stacking_default\"><div class=\"vc_col-sm-12 wpb_column vc_column_container\"><div class=\"vc_column-inner\"><div class=\"wpb_wrapper\"><div class=\"wpb_text_column\"><div class=\"wpb_wrapper\"><p><strong>S\u00e9cheur de chantier Dryfast DF400<\/strong><\/p>\n<p>D\u00e9shumidificateur puissant et compact de grande capacit\u00e9 pour les applications professionnelles<\/p>\n<p>Le Dryfast DF400 est un d\u00e9shumidificateur de chantier robuste dot\u00e9 d&rsquo;une capacit\u00e9 de d\u00e9shumidification \u00e9lev\u00e9e de 75 litres par 24 heures et d&rsquo;un d\u00e9bit d&rsquo;air de 420 m\u00b3\/heure. Avec une puissance de 1,4 kW, cet appareil est particuli\u00e8rement adapt\u00e9 au s\u00e9chage rapide et efficace des pi\u00e8ces pendant les travaux de r\u00e9novation, de peinture ou de pl\u00e2trage. Gr\u00e2ce \u00e0 sa conception compacte et flexible, ce d\u00e9shumidificateur peut facilement \u00eatre utilis\u00e9 dans diverses conditions, tant sur les chantiers de construction qu&rsquo;\u00e0 l&rsquo;int\u00e9rieur des b\u00e2timents. Nos d\u00e9shumidificateurs ont une grande capacit\u00e9 et sont tr\u00e8s flexibles et compacts. Cela acc\u00e9l\u00e8re tous vos processus tels que la peinture et le sablage, ce qui est indispensable si vous louez chez Euromat.<\/p>\n<p><strong>Caract\u00e9ristiques principales :<\/strong><br \/>\n&#8211; Capacit\u00e9 de d\u00e9shumidification : 75 l\/24h &#8211; pour un s\u00e9chage rapide des pi\u00e8ces<br \/>\n&#8211; D\u00e9bit d&rsquo;air : 420 m\u00b3\/h &#8211; pour une circulation optimale de l&rsquo;air<br \/>\n&#8211; Puissance : 1,4 kW &#8211; \u00e9conome en \u00e9nergie et puissant<br \/>\n&#8211; Alimentation \u00e9lectrique : 230 V &#8211; facile \u00e0 brancher<br \/>\n&#8211; Utilisation : Compact et mobile &#8211; convient \u00e0 tous les chantiers<br \/>\n&#8211; Mobile<\/p>\n<p><strong>Applications :<\/strong><br \/>\nId\u00e9al pour la construction et la r\u00e9novation, la peinture, le pl\u00e2trage ou les d\u00e9g\u00e2ts des eaux. R\u00e9duit consid\u00e9rablement le temps de s\u00e9chage et acc\u00e9l\u00e8re l&rsquo;avancement de votre projet.<\/p>\n<p><strong>Pourquoi choisir Euromat ?<\/strong><br \/>\nAvec Euromat, vous choisissez la qualit\u00e9, la rapidit\u00e9 et la fiabilit\u00e9. Nos s\u00e9choirs de chantier sont entretenus par des professionnels et sont toujours en parfait \u00e9tat.<\/p>\n<p>\u2714\ufe0f Acc\u00e9l\u00e8re votre processus de chantier<br \/>\n\u2714\ufe0f Pr\u00eat pour une utilisation imm\u00e9diate<br \/>\n\u2714\ufe0f Support professionnel<\/p>\n<\/div><\/div><\/div><\/div><\/div><\/div><\/div><\/section>\n","protected":false},"excerpt":{"rendered":"<p>S\u00e9choir de chantier Dryfast DF400, capacit\u00e9 de 75 l\/24h et d\u00e9bit d&rsquo;air de 420 m\u00b3\/h. Compact, mobile et \u00e9conome en \u00e9nergie (1,4 kW), il est id\u00e9al pour le s\u00e9chage rapide dans les projets de construction, de r\u00e9novation et de peinture.<\/p>\n","protected":false},"featured_media":2270,"template":"","meta":{"_acf_changed":false},"product_brand":[1403],"product_cat":[1380,3047,1374],"product_tag":[],"class_list":{"0":"post-6049","1":"product","2":"type-product","3":"status-publish","4":"has-post-thumbnail","6":"product_brand-dryfast","7":"product_cat-chauffage-ventilation-et-secheurs","8":"product_cat-deshumidificateurs","9":"product_cat-machines-de-chantier","10":"pa_afmetingen-lxbxh-510x480x854-mm-fr","11":"pa_gewicht-42-kg-fr","12":"pa_luchtverplaatsing-m-h-420-m-h-fr","13":"pa_max-capaciteit-75-l-24h-fr","14":"pa_min-bedrijfstemperatuur-c-0-c-fr","15":"pa_mobiliteit-verrijdbaar-fr","16":"pa_opgenomen-vermogen-kw-14-kw-fr","18":"first","19":"instock","20":"purchasable","21":"product-type-simple"},"acf":[],"_links":{"self":[{"href":"https:\/\/www.euromat.be\/fr\/wp-json\/wp\/v2\/product\/6049","targetHints":{"allow":["GET"]}}],"collection":[{"href":"https:\/\/www.euromat.be\/fr\/wp-json\/wp\/v2\/product"}],"about":[{"href":"https:\/\/www.euromat.be\/fr\/wp-json\/wp\/v2\/types\/product"}],"wp:featuredmedia":[{"embeddable":true,"href":"https:\/\/www.euromat.be\/fr\/wp-json\/wp\/v2\/media\/2270"}],"wp:attachment":[{"href":"https:\/\/www.euromat.be\/fr\/wp-json\/wp\/v2\/media?parent=6049"}],"wp:term":[{"taxonomy":"product_brand","embeddable":true,"href":"https:\/\/www.euromat.be\/fr\/wp-json\/wp\/v2\/product_brand?post=6049"},{"taxonomy":"product_cat","embeddable":true,"href":"https:\/\/www.euromat.be\/fr\/wp-json\/wp\/v2\/product_cat?post=6049"},{"taxonomy":"product_tag","embeddable":true,"href":"https:\/\/www.euromat.be\/fr\/wp-json\/wp\/v2\/product_tag?post=6049"}],"curies":[{"name":"wp","href":"https:\/\/api.w.org\/{rel}","templated":true}]}}