{"id":6050,"date":"2025-09-10T14:06:15","date_gmt":"2025-09-10T12:06:15","guid":{"rendered":"https:\/\/www.euromat.be\/product\/bouwdroger-df800\/"},"modified":"2025-09-29T16:14:50","modified_gmt":"2025-09-29T14:14:50","slug":"deshumidificateur-df800","status":"publish","type":"product","link":"https:\/\/www.euromat.be\/fr\/produit\/deshumidificateur-df800\/","title":{"rendered":"D\u00e9shumidificateur DF800"},"content":{"rendered":"<section class=\"l-section wpb_row height_auto\"><div class=\"l-section-h i-cf\"><div class=\"g-cols vc_row via_flex valign_top type_default stacking_default\"><div class=\"vc_col-sm-12 wpb_column vc_column_container\"><div class=\"vc_column-inner\"><div class=\"wpb_wrapper\"><div class=\"wpb_text_column\"><div class=\"wpb_wrapper\"><p><strong>S\u00e9cheur de chantier Dryfast DF800<\/strong><\/p>\n<p>S\u00e9choir de chantier professionnel puissant et de grande capacit\u00e9 pour un usage intensif<\/p>\n<p>Le Dryfast DF800 est un d\u00e9shydrateur de chantier industriel dot\u00e9 d&rsquo;une impressionnante capacit\u00e9 de d\u00e9shumidification de 150 litres par 24 heures et d&rsquo;un d\u00e9bit d&rsquo;air de 940 m\u00b3\/heure. Avec une puissance de 2,1 kW, ce d\u00e9shydrateur de chantier est parfait pour le s\u00e9chage acc\u00e9l\u00e9r\u00e9 de grandes surfaces lors de travaux de r\u00e9novation, de pl\u00e2trage ou apr\u00e8s un d\u00e9g\u00e2t des eaux. Gr\u00e2ce \u00e0 sa conception compacte, il est facile \u00e0 d\u00e9placer et peut \u00eatre utilis\u00e9 de mani\u00e8re flexible sur n&rsquo;importe quel site. Nos d\u00e9shumidificateurs ont une grande capacit\u00e9 et sont tr\u00e8s flexibles et compacts. Cela permet d&rsquo;acc\u00e9l\u00e9rer tous vos processus tels que la peinture et le sablage, ce qui est indispensable si vous louez chez Euromat.<\/p>\n<p><strong>Caract\u00e9ristiques principales :<\/strong><br \/>\n&#8211; Capacit\u00e9 de d\u00e9shumidification : 150 l\/24h &#8211; pour un s\u00e9chage rapide des grandes pi\u00e8ces<br \/>\n&#8211; D\u00e9bit d&rsquo;air : 940 m\u00b3\/h &#8211; circulation d&rsquo;air puissante<br \/>\n&#8211; Consommation \u00e9lectrique : 2,1 kW &#8211; utilisation efficace de l&rsquo;\u00e9nergie<br \/>\n&#8211; Alimentation \u00e9lectrique : 230 V &#8211; facile \u00e0 brancher<br \/>\n&#8211; Utilisation : compact et mobile &#8211; id\u00e9al pour une utilisation intensive<br \/>\n&#8211; Mobile<\/p>\n<p><strong>Applications :<\/strong><br \/>\nParfait pour la construction, la peinture, le pl\u00e2trage ou le s\u00e9chage apr\u00e8s un d\u00e9g\u00e2t des eaux. R\u00e9duit consid\u00e9rablement le temps de s\u00e9chage et augmente l&rsquo;efficacit\u00e9 sur votre chantier.<\/p>\n<p><strong>Pourquoi choisir Euromat ?<\/strong><br \/>\nChez Euromat, vous ne louez que des machines de qualit\u00e9 sup\u00e9rieure, entretenues par des professionnels. Nous vous aidons \u00e0 avancer rapidement !<\/p>\n<p>\u2714\ufe0f Pour les applications de s\u00e9chage intensif<br \/>\n\u2714\ufe0f Pr\u00eat pour une utilisation imm\u00e9diate sur n&rsquo;importe quel chantier<br \/>\n\u2714\ufe0f Service et conseils rapides<\/p>\n<\/div><\/div><\/div><\/div><\/div><\/div><\/div><\/section>\n","protected":false},"excerpt":{"rendered":"<p>S\u00e9choir de chantier Dryfast DF800, capacit\u00e9 de 150 l\/24h et d\u00e9bit d&rsquo;air de 940 m\u00b3\/h. Puissant, mobile et \u00e9conome en \u00e9nergie (2,1 kW), id\u00e9al pour le s\u00e9chage rapide de grandes surfaces dans les projets de construction, de r\u00e9novation et de d\u00e9g\u00e2ts des eaux.<\/p>\n","protected":false},"featured_media":2266,"template":"","meta":{"_acf_changed":false},"product_brand":[1403],"product_cat":[1380,3047,1374],"product_tag":[],"class_list":{"0":"post-6050","1":"product","2":"type-product","3":"status-publish","4":"has-post-thumbnail","6":"product_brand-dryfast","7":"product_cat-chauffage-ventilation-et-secheurs","8":"product_cat-deshumidificateurs","9":"product_cat-machines-de-chantier","10":"pa_afmetingen-lxbxh-585x630x1020-mm-fr","11":"pa_gewicht-71-kg-fr","12":"pa_luchtverplaatsing-m-h-940-m-h-fr","13":"pa_max-capaciteit-150-l-24h-fr","14":"pa_min-bedrijfstemperatuur-c-0-c-fr","15":"pa_mobiliteit-verrijdbaar-fr","16":"pa_opgenomen-vermogen-kw-21-kw-fr","18":"first","19":"instock","20":"purchasable","21":"product-type-simple"},"acf":[],"_links":{"self":[{"href":"https:\/\/www.euromat.be\/fr\/wp-json\/wp\/v2\/product\/6050","targetHints":{"allow":["GET"]}}],"collection":[{"href":"https:\/\/www.euromat.be\/fr\/wp-json\/wp\/v2\/product"}],"about":[{"href":"https:\/\/www.euromat.be\/fr\/wp-json\/wp\/v2\/types\/product"}],"wp:featuredmedia":[{"embeddable":true,"href":"https:\/\/www.euromat.be\/fr\/wp-json\/wp\/v2\/media\/2266"}],"wp:attachment":[{"href":"https:\/\/www.euromat.be\/fr\/wp-json\/wp\/v2\/media?parent=6050"}],"wp:term":[{"taxonomy":"product_brand","embeddable":true,"href":"https:\/\/www.euromat.be\/fr\/wp-json\/wp\/v2\/product_brand?post=6050"},{"taxonomy":"product_cat","embeddable":true,"href":"https:\/\/www.euromat.be\/fr\/wp-json\/wp\/v2\/product_cat?post=6050"},{"taxonomy":"product_tag","embeddable":true,"href":"https:\/\/www.euromat.be\/fr\/wp-json\/wp\/v2\/product_tag?post=6050"}],"curies":[{"name":"wp","href":"https:\/\/api.w.org\/{rel}","templated":true}]}}