{"id":6051,"date":"2025-09-10T14:05:44","date_gmt":"2025-09-10T12:05:44","guid":{"rendered":"https:\/\/www.euromat.be\/product\/schranklader-op-banden-18-ton-komatsu-sk510-5\/"},"modified":"2025-09-11T11:35:22","modified_gmt":"2025-09-11T09:35:22","slug":"chargeuse-compacte-sure-pneus-18-tonnes-komatsu-sk510-5","status":"publish","type":"product","link":"https:\/\/www.euromat.be\/fr\/produit\/chargeuse-compacte-sure-pneus-18-tonnes-komatsu-sk510-5\/","title":{"rendered":"Chargeuse compacte sure pneus 1,8 tonnes &#8211; Komatsu SK510-5"},"content":{"rendered":"<section class=\"l-section wpb_row height_auto\"><div class=\"l-section-h i-cf\"><div class=\"g-cols vc_row via_flex valign_top type_default stacking_default\"><div class=\"vc_col-sm-12 wpb_column vc_column_container\"><div class=\"vc_column-inner\"><div class=\"wpb_wrapper\"><div class=\"wpb_text_column\"><div class=\"wpb_wrapper\"><p><strong>Komatsu chargeuse compacte sur roues 1,8 tonnes SK510-5<\/strong><\/p>\n<p>Chargeuse compacte maniable pour un travail de pr\u00e9cision sur des sites compacts<\/p>\n<p>La chargeuse compacte sur roues Komatsu SK510-5 est con\u00e7ue pour offrir un maximum de maniabilit\u00e9 et de puissance sur les petits chantiers. Gr\u00e2ce \u00e0 son syst\u00e8me de direction unique, cette machine se d\u00e9place en \u00ab\u00a0\u00a0\u00bbd\u00e9rapant\u00a0\u00bb\u00a0\u00bb sur le sol. La chargeuse compacte est donc tr\u00e8s facile \u00e0 diriger dans les espaces restreints o\u00f9 un faible rayon de braquage est essentiel. Id\u00e9ale pour les travaux en int\u00e9rieur, les cours de ville et autres endroits o\u00f9 l&rsquo;espace de man\u0153uvre est limit\u00e9.<\/p>\n<p><strong>Caract\u00e9ristiques principales :<\/strong><br \/>\n&#8211; Poids : 1855 kg &#8211; performances stables avec des dimensions compactes<br \/>\n&#8211; Capacit\u00e9 de travail nominale : 455 kg &#8211; convient pour d\u00e9placer des charges moyennement lourdes<br \/>\n&#8211; Charge de basculement : 910 kg &#8211; s\u00e9curit\u00e9 et stabilit\u00e9 accrues \u00e0 pleine charge<br \/>\n&#8211; Hauteur de d\u00e9versement maximale : 2710 mm &#8211; id\u00e9al pour le chargement de camions et de conteneurs<br \/>\n&#8211; Dimensions (lxlxh) : 2920x1260x1925 mm &#8211; passe dans les passages \u00e9troits<br \/>\n&#8211; Vitesse : 10 km\/h &#8211; d\u00e9placement rapide sur le site<br \/>\n&#8211; R\u00e9servoir de carburant : 38,5 litres &#8211; travail efficace sans ravitaillement fr\u00e9quent<br \/>\n&#8211; Toutes les machines incluent 8 heures de fonctionnement dans le prix de location, les heures de fonctionnement suppl\u00e9mentaires sont factur\u00e9es en fonction de la consommation.<\/p>\n<p><strong>Applications :<\/strong><br \/>\nLa chargeuse compacte Komatsu SK510-5 est parfaite pour le terrassement, la d\u00e9molition, la pr\u00e9paration de sites et le transport de mat\u00e9riaux dans des espaces restreints. Sa direction agile la rend indispensable dans tout environnement de travail compact.<\/p>\n<p><strong>Pourquoi louer chez Euromat ?<\/strong><\/p>\n<p>\u2714\ufe0f Des machines de haute qualit\u00e9 provenant de marques fiables telles que Komatsu<br \/>\n\u2714\ufe0f Mat\u00e9riel parfaitement entretenu sur le plan technique<br \/>\n\u2714\ufe0f Formules flexibles de location \u00e0 court ou \u00e0 long terme<br \/>\n\u2714\ufe0f Assistance et service sur site<\/p>\n<\/div><\/div><\/div><\/div><\/div><\/div><\/div><\/section>\n","protected":false},"excerpt":{"rendered":"<p>Location d&rsquo;une chargeuse compacte Komatsu SK510-5 ? 1,8 tonne, 455 kg de capacit\u00e9 de travail et seulement 1,26 m de large. Conception maniable \u00e0 virage court pour travailler dans les espaces restreints. Comprend 8 heures de fonctionnement par jour. Id\u00e9ale pour le terrassement, la d\u00e9molition et le transport de mat\u00e9riaux dans des endroits compacts.<\/p>\n","protected":false},"featured_media":2957,"template":"","meta":{"_acf_changed":false},"product_brand":[1417],"product_cat":[3033,1374,1376],"product_tag":[],"class_list":{"0":"post-6051","1":"product","2":"type-product","3":"status-publish","4":"has-post-thumbnail","6":"product_brand-komatsu","7":"product_cat-chargeuses-compactes","8":"product_cat-machines-de-chantier","9":"product_cat-minipelles-chargeurs-et-dumpers","10":"pa_afmetingen-lxbxh-2920x1260x1925-mm-fr","11":"pa_gewicht-1855-kg-fr","12":"pa_inhoud-brandstoftank-385-l-fr","13":"pa_kiplast-910-kg-fr","14":"pa_max-dumphoogte-2710-mm-fr","15":"pa_nom-werkcapaciteit-455-kg-fr","16":"pa_snelheid-10-km-u-fr","18":"first","19":"instock","20":"purchasable","21":"product-type-simple"},"acf":[],"_links":{"self":[{"href":"https:\/\/www.euromat.be\/fr\/wp-json\/wp\/v2\/product\/6051","targetHints":{"allow":["GET"]}}],"collection":[{"href":"https:\/\/www.euromat.be\/fr\/wp-json\/wp\/v2\/product"}],"about":[{"href":"https:\/\/www.euromat.be\/fr\/wp-json\/wp\/v2\/types\/product"}],"wp:featuredmedia":[{"embeddable":true,"href":"https:\/\/www.euromat.be\/fr\/wp-json\/wp\/v2\/media\/2957"}],"wp:attachment":[{"href":"https:\/\/www.euromat.be\/fr\/wp-json\/wp\/v2\/media?parent=6051"}],"wp:term":[{"taxonomy":"product_brand","embeddable":true,"href":"https:\/\/www.euromat.be\/fr\/wp-json\/wp\/v2\/product_brand?post=6051"},{"taxonomy":"product_cat","embeddable":true,"href":"https:\/\/www.euromat.be\/fr\/wp-json\/wp\/v2\/product_cat?post=6051"},{"taxonomy":"product_tag","embeddable":true,"href":"https:\/\/www.euromat.be\/fr\/wp-json\/wp\/v2\/product_tag?post=6051"}],"curies":[{"name":"wp","href":"https:\/\/api.w.org\/{rel}","templated":true}]}}