{"id":6052,"date":"2025-09-10T14:05:44","date_gmt":"2025-09-10T12:05:44","guid":{"rendered":"https:\/\/www.euromat.be\/product\/schranklader-op-banden-19-ton-komatsu-s100\/"},"modified":"2025-10-21T16:56:00","modified_gmt":"2025-10-21T14:56:00","slug":"chargeuse-compacte-sure-pneus-19-tonnes-bobcat-s100","status":"publish","type":"product","link":"https:\/\/www.euromat.be\/fr\/produit\/chargeuse-compacte-sure-pneus-19-tonnes-bobcat-s100\/","title":{"rendered":"Chargeuse compacte sure pneus 1,9 tonnes &#8211; Bobcat S100"},"content":{"rendered":"<section class=\"l-section wpb_row height_auto\"><div class=\"l-section-h i-cf\"><div class=\"g-cols vc_row via_flex valign_top type_default stacking_default\"><div class=\"vc_col-sm-12 wpb_column vc_column_container\"><div class=\"vc_column-inner\"><div class=\"wpb_wrapper\"><div class=\"wpb_text_column\"><div class=\"wpb_wrapper\"><p><strong>Chargeuse compacte sur roues Bobcat 1.9 tonnes S100<\/strong><\/p>\n<p>Une puissance compacte pour une maniabilit\u00e9 optimale<\/p>\n<p>La chargeuse compacte sur roues Bobcat S100 associe des dimensions compactes \u00e0 de puissantes performances. Gr\u00e2ce \u00e0 son syst\u00e8me d&rsquo;entra\u00eenement unique, cette machine se d\u00e9place en \u00ab\u00a0\u00a0\u00bbd\u00e9rapant\u00a0\u00bb\u00a0\u00bb sur le sol. La chargeuse compacte est donc id\u00e9ale pour travailler dans les endroits exigus o\u00f9 un faible rayon de braquage est n\u00e9cessaire. La facilit\u00e9 d&rsquo;utilisation et la pr\u00e9cision des commandes font de cette Bobcat la machine id\u00e9ale pour les chantiers urbains, les travaux en int\u00e9rieur ou les acc\u00e8s limit\u00e9s.<\/p>\n<p><strong>Caract\u00e9ristiques principales :<\/strong><br \/>\n&#8211; Poids : 1860 kg &#8211; robuste mais compact pour les petits chantiers<br \/>\n&#8211; Capacit\u00e9 de travail nominale : 457 kg &#8211; chargement et d\u00e9placement efficaces des mat\u00e9riaux<br \/>\n&#8211; Charge de basculement : 915 kg &#8211; performances stables sous charge<br \/>\n&#8211; Hauteur de d\u00e9versement maximale : 2633 mm &#8211; id\u00e9al pour le d\u00e9chargement dans les camions<br \/>\n&#8211; Dimensions (lxlxh) : 2800x1878x1167 mm &#8211; machine compacte qui s&rsquo;int\u00e8gre partout<br \/>\n&#8211; Vitesse : 8,2 km\/h &#8211; man\u0153uvres en douceur sur le chantier<br \/>\n&#8211; R\u00e9servoir de carburant : 45 litres &#8211; utilisation prolong\u00e9e sans ravitaillement en carburant<br \/>\n&#8211; Le prix de location de toutes les machines comprend 8 heures d&rsquo;utilisation, les heures d&rsquo;utilisation suppl\u00e9mentaires sont factur\u00e9es en fonction de votre consommation.<\/p>\n<p><strong>Applications :<\/strong><br \/>\nLa chargeuse compacte Bobcat S100 convient \u00e0 une grande vari\u00e9t\u00e9 d&rsquo;applications, notamment le terrassement, la d\u00e9molition, le pavage de sites et les t\u00e2ches logistiques dans les espaces confin\u00e9s. Gr\u00e2ce \u00e0 son \u00ab\u00a0\u00a0\u00bbskid steer\u00a0\u00bb\u00a0\u00bb, elle est particuli\u00e8rement adapt\u00e9e aux situations o\u00f9 la pr\u00e9cision et l&rsquo;espace limit\u00e9 vont de pair.<\/p>\n<p><strong>Pourquoi louer chez Euromat ?<\/strong><\/p>\n<p>\u2714\ufe0f Des machines haut de gamme de grandes marques telles que Bobcat<br \/>\n\u2714\ufe0f Un \u00e9quipement toujours techniquement contr\u00f4l\u00e9 et fiable<br \/>\n\u2714\ufe0f Des conditions de location flexibles adapt\u00e9es \u00e0 votre projet<br \/>\n\u2714\ufe0f Un service et une assistance rapides en cas de besoin<\/p>\n<\/div><\/div><\/div><\/div><\/div><\/div><\/div><\/section>\n","protected":false},"excerpt":{"rendered":"<p>Location d&rsquo;une chargeuse compacte Bobcat S100 ? 1,9 tonne, 457 kg de capacit\u00e9 de travail et seulement 1,17 m de haut. Conception \u00ab\u00a0skid-steer\u00a0\u00bb maniable pour un travail de pr\u00e9cision dans les espaces restreints. Comprend 8 heures de fonctionnement par jour. Id\u00e9ale pour les travaux de terrassement, de d\u00e9molition et de logistique sur les petits chantiers.<\/p>\n","protected":false},"featured_media":2965,"template":"","meta":{"_acf_changed":false},"product_brand":[1393],"product_cat":[3033,1374,1376],"product_tag":[],"class_list":{"0":"post-6052","1":"product","2":"type-product","3":"status-publish","4":"has-post-thumbnail","6":"product_brand-bobcat","7":"product_cat-chargeuses-compactes","8":"product_cat-machines-de-chantier","9":"product_cat-minipelles-chargeurs-et-dumpers","10":"pa_afmetingen-lxbxh-2800x1878x1167-mm-fr","11":"pa_gewicht-1860-kg-fr","12":"pa_inhoud-brandstoftank-45-l-fr","13":"pa_kiplast-915-kg-fr","14":"pa_max-dumphoogte-2633-mm-fr","15":"pa_nom-werkcapaciteit-457-kg-fr","16":"pa_snelheid-82-km-u-fr","18":"first","19":"instock","20":"purchasable","21":"product-type-simple"},"acf":[],"_links":{"self":[{"href":"https:\/\/www.euromat.be\/fr\/wp-json\/wp\/v2\/product\/6052","targetHints":{"allow":["GET"]}}],"collection":[{"href":"https:\/\/www.euromat.be\/fr\/wp-json\/wp\/v2\/product"}],"about":[{"href":"https:\/\/www.euromat.be\/fr\/wp-json\/wp\/v2\/types\/product"}],"wp:featuredmedia":[{"embeddable":true,"href":"https:\/\/www.euromat.be\/fr\/wp-json\/wp\/v2\/media\/2965"}],"wp:attachment":[{"href":"https:\/\/www.euromat.be\/fr\/wp-json\/wp\/v2\/media?parent=6052"}],"wp:term":[{"taxonomy":"product_brand","embeddable":true,"href":"https:\/\/www.euromat.be\/fr\/wp-json\/wp\/v2\/product_brand?post=6052"},{"taxonomy":"product_cat","embeddable":true,"href":"https:\/\/www.euromat.be\/fr\/wp-json\/wp\/v2\/product_cat?post=6052"},{"taxonomy":"product_tag","embeddable":true,"href":"https:\/\/www.euromat.be\/fr\/wp-json\/wp\/v2\/product_tag?post=6052"}],"curies":[{"name":"wp","href":"https:\/\/api.w.org\/{rel}","templated":true}]}}