{"id":6053,"date":"2025-09-10T14:05:44","date_gmt":"2025-09-10T12:05:44","guid":{"rendered":"https:\/\/www.euromat.be\/product\/schranklader-op-banden-24-ton-bobcat-s450\/"},"modified":"2025-09-11T15:21:08","modified_gmt":"2025-09-11T13:21:08","slug":"chargeuse-compacte-sure-pneus-24-tonnes-bobcat-s450","status":"publish","type":"product","link":"https:\/\/www.euromat.be\/fr\/produit\/chargeuse-compacte-sure-pneus-24-tonnes-bobcat-s450\/","title":{"rendered":"Chargeuse compacte sure pneus 2,4 tonnes &#8211; Bobcat S450"},"content":{"rendered":"<section class=\"l-section wpb_row height_auto\"><div class=\"l-section-h i-cf\"><div class=\"g-cols vc_row via_flex valign_top type_default stacking_default\"><div class=\"vc_col-sm-12 wpb_column vc_column_container\"><div class=\"vc_column-inner\"><div class=\"wpb_wrapper\"><div class=\"wpb_text_column\"><div class=\"wpb_wrapper\"><p><strong>Chargeuse compacte Bobcat sur pneus 2,4 tonnes S450<\/strong><\/p>\n<p>Chargeuse compacte puissante et maniable pour les travaux exigeants<\/p>\n<p>La chargeuse compacte sur roues Bobcat S450 offre une combinaison parfaite de puissance et de maniabilit\u00e9. La machine est dirig\u00e9e et propuls\u00e9e par \u00ab\u00a0\u00a0\u00bbpatinage\u00a0\u00bb\u00a0\u00bb sur le sol. Cette chargeuse compacte est donc facile \u00e0 contr\u00f4ler dans les espaces restreints o\u00f9 un faible rayon de braquage est n\u00e9cessaire. La Bobcat S450 est donc id\u00e9ale pour diverses applications sur les sites de construction \u00e9troits et les travaux de chantier.<\/p>\n<p><strong>Caract\u00e9ristiques principales :<\/strong><br \/>\n&#8211; Poids : 2436 kg &#8211; solide et stable \u00e0 l&rsquo;usage<br \/>\n&#8211; Capacit\u00e9 de charge nominale : 654 kg &#8211; suffisamment puissante pour les charges lourdes<br \/>\n&#8211; Charge de basculement : 1308 kg &#8211; stabilit\u00e9 optimale lors du basculement<br \/>\n&#8211; Hauteur de d\u00e9versement maximale : 2781 mm &#8211; convient pour un d\u00e9chargement efficace<br \/>\n&#8211; Dimensions (lxlxh) : 3172x1575x1976 mm &#8211; conception compacte pour une plus grande maniabilit\u00e9<br \/>\n&#8211; Vitesse : 11,4 km\/h &#8211; d\u00e9placement rapide sur le chantier<br \/>\n&#8211; R\u00e9servoir de carburant : 53,8 litres &#8211; disponibilit\u00e9 \u00e0 long terme sans interruption<br \/>\n&#8211; Toutes les machines incluent 8 heures de fonctionnement dans le prix de location, les heures de fonctionnement suppl\u00e9mentaires sont factur\u00e9es en fonction de votre consommation.<\/p>\n<p><strong>Applications :<\/strong><br \/>\nLa chargeuse compacte Bobcat S450 est id\u00e9ale pour les travaux de terrassement, de manutention et de construction dans les espaces restreints. La direction \u00ab\u00a0\u00a0\u00bbskid-steer\u00a0\u00bb\u00a0\u00bb unique garantit la pr\u00e9cision et un rayon de braquage court, ce qui est essentiel pour travailler efficacement et en toute s\u00e9curit\u00e9 sur des sites \u00e9troits.<\/p>\n<p><strong>Pourquoi louer chez Euromat ?<\/strong><\/p>\n<p>\u2714\ufe0f Machines de haute qualit\u00e9 de la marque Bobcat<br \/>\n\u2714\ufe0f Professionnellement entretenues et pr\u00eates \u00e0 \u00eatre utilis\u00e9es imm\u00e9diatement<br \/>\n\u2714\ufe0f Des p\u00e9riodes de location flexibles adapt\u00e9es aux besoins de votre projet<br \/>\n\u2714\ufe0f Livraison rapide et assistance technique<\/p>\n<\/div><\/div><\/div><\/div><\/div><\/div><\/div><\/section>\n","protected":false},"excerpt":{"rendered":"<p>Location d&rsquo;une chargeuse compacte Bobcat S450 ? 2,4 tonnes, 654 kg de capacit\u00e9 de travail et seulement 1,58 m de large. Conception \u00ab\u00a0skid-steer\u00a0\u00bb agile pour un travail de pr\u00e9cision sur les chantiers \u00e9troits. Comprend 8 heures de fonctionnement par jour. Id\u00e9ale pour le terrassement, le transport de mat\u00e9riaux et les travaux de chantier dans des espaces restreints.<\/p>\n","protected":false},"featured_media":2973,"template":"","meta":{"_acf_changed":false},"product_brand":[1393],"product_cat":[3033,1374,1376],"product_tag":[],"class_list":{"0":"post-6053","1":"product","2":"type-product","3":"status-publish","4":"has-post-thumbnail","6":"product_brand-bobcat","7":"product_cat-chargeuses-compactes","8":"product_cat-machines-de-chantier","9":"product_cat-minipelles-chargeurs-et-dumpers","10":"pa_afmetingen-lxbxh-3172x1575x1976-mm-fr","11":"pa_gewicht-2436-kg-fr","12":"pa_inhoud-brandstoftank-538-l-fr","13":"pa_kiplast-1308-kg-fr","14":"pa_max-dumphoogte-2781-mm-fr","15":"pa_nom-werkcapaciteit-654-kg-fr","16":"pa_snelheid-114-km-u-fr","18":"first","19":"instock","20":"purchasable","21":"product-type-simple"},"acf":[],"_links":{"self":[{"href":"https:\/\/www.euromat.be\/fr\/wp-json\/wp\/v2\/product\/6053","targetHints":{"allow":["GET"]}}],"collection":[{"href":"https:\/\/www.euromat.be\/fr\/wp-json\/wp\/v2\/product"}],"about":[{"href":"https:\/\/www.euromat.be\/fr\/wp-json\/wp\/v2\/types\/product"}],"wp:featuredmedia":[{"embeddable":true,"href":"https:\/\/www.euromat.be\/fr\/wp-json\/wp\/v2\/media\/2973"}],"wp:attachment":[{"href":"https:\/\/www.euromat.be\/fr\/wp-json\/wp\/v2\/media?parent=6053"}],"wp:term":[{"taxonomy":"product_brand","embeddable":true,"href":"https:\/\/www.euromat.be\/fr\/wp-json\/wp\/v2\/product_brand?post=6053"},{"taxonomy":"product_cat","embeddable":true,"href":"https:\/\/www.euromat.be\/fr\/wp-json\/wp\/v2\/product_cat?post=6053"},{"taxonomy":"product_tag","embeddable":true,"href":"https:\/\/www.euromat.be\/fr\/wp-json\/wp\/v2\/product_tag?post=6053"}],"curies":[{"name":"wp","href":"https:\/\/api.w.org\/{rel}","templated":true}]}}