{"id":6054,"date":"2025-09-10T14:05:44","date_gmt":"2025-09-10T12:05:44","guid":{"rendered":"https:\/\/www.euromat.be\/product\/schranklader-op-banden-25-ton-komatsu-sk714-5\/"},"modified":"2025-09-11T11:35:24","modified_gmt":"2025-09-11T09:35:24","slug":"chargeuse-compacte-sure-pneus-25-tonnes-komatsu-sk714-5","status":"publish","type":"product","link":"https:\/\/www.euromat.be\/fr\/produit\/chargeuse-compacte-sure-pneus-25-tonnes-komatsu-sk714-5\/","title":{"rendered":"Chargeuse compacte sure pneus 2,5 tonnes &#8211; Komatsu SK714-5"},"content":{"rendered":"<section class=\"l-section wpb_row height_auto\"><div class=\"l-section-h i-cf\"><div class=\"g-cols vc_row via_flex valign_top type_default stacking_default\"><div class=\"vc_col-sm-12 wpb_column vc_column_container\"><div class=\"vc_column-inner\"><div class=\"wpb_wrapper\"><div class=\"wpb_text_column\"><div class=\"wpb_wrapper\"><p><strong>Komatsu skid-steer loader sur pneus 2.5 tonnes SK714-5<\/strong><\/p>\n<p>Chargeuse compacte agile et puissante pour les travaux de pr\u00e9cision dans les espaces confin\u00e9s<\/p>\n<p>La chargeuse compacte sur pneus Komatsu SK714-5 est une machine robuste con\u00e7ue pour des performances maximales sur les chantiers compacts. La machine est dirig\u00e9e et propuls\u00e9e en la faisant \u00ab\u00a0\u00a0\u00bbglisser\u00a0\u00bb\u00a0\u00bb sur le sol. Cette direction unique rend la chargeuse compacte facile \u00e0 man\u0153uvrer dans les espaces restreints o\u00f9 un court rayon de braquage est n\u00e9cessaire &#8211; id\u00e9al pour les chantiers urbains ou les zones de travail \u00e9troites.<\/p>\n<p><strong>Caract\u00e9ristiques principales :<\/strong><br \/>\n&#8211; Poids : 2530 kg &#8211; base stable pour une utilisation intensive<br \/>\n&#8211; Capacit\u00e9 de travail nominale : 650 kg &#8211; capacit\u00e9 de levage puissante pour diverses applications<br \/>\n&#8211; Charge de basculement : 1300 kg &#8211; stabilit\u00e9 accrue pour les mouvements de basculement<br \/>\n&#8211; Hauteur de d\u00e9versement maximale : 2850 mm &#8211; id\u00e9al pour le d\u00e9chargement dans des conteneurs ou des camions de grande hauteur<br \/>\n&#8211; Dimensions (lxlxh) : 3200x1550x1960 mm &#8211; conception compacte et efficace<br \/>\n&#8211; Vitesse : 16 km\/h &#8211; vitesse de travail \u00e9lev\u00e9e pour plus d&rsquo;efficacit\u00e9 sur le chantier<br \/>\n&#8211; R\u00e9servoir de carburant : 53 litres &#8211; longue dur\u00e9e d&rsquo;utilisation sans remplissage<br \/>\n&#8211; Toutes les machines incluent 8 heures de fonctionnement dans le prix de location, les heures de fonctionnement suppl\u00e9mentaires sont factur\u00e9es en fonction de votre consommation.<\/p>\n<p><strong>Applications :<\/strong><br \/>\nLa chargeuse compacte Komatsu SK714-5 convient parfaitement aux travaux de terrassement, de chargement et de d\u00e9chargement, ainsi qu&rsquo;\u00e0 d&rsquo;autres t\u00e2ches dans des environnements \u00e9troits ou difficiles d&rsquo;acc\u00e8s. La direction \u00ab\u00a0\u00a0\u00bbskid-steer\u00a0\u00bb\u00a0\u00bb souple assure une man\u0153uvrabilit\u00e9 maximale, tandis que le ch\u00e2ssis robuste et le moteur puissant garantissent des performances fiables.<\/p>\n<p><strong>Pourquoi louer chez Euromat ?<\/strong><\/p>\n<p>\u2714\ufe0f Des machines de qualit\u00e9 sup\u00e9rieure de la marque Komatsu, une marque fiable<br \/>\n\u2714\ufe0f Bien entretenues et facilement disponibles<br \/>\n\u2714\ufe0f Des options de location flexibles adapt\u00e9es \u00e0 votre chantier<br \/>\n\u2714\ufe0f Un service et une assistance rapides<\/p>\n<\/div><\/div><\/div><\/div><\/div><\/div><\/div><\/section>\n","protected":false},"excerpt":{"rendered":"<p>Location d&rsquo;une chargeuse compacte Komatsu SK714-5 ? 2,5 tonnes, 650 kg de capacit\u00e9 de travail et seulement 1,55 m de large. Conception \u00ab\u00a0skid-steer\u00a0\u00bb maniable pour un travail efficace dans les espaces restreints. Comprend 8 heures de fonctionnement par jour. Id\u00e9ale pour le terrassement, le chargement et le d\u00e9chargement sur des chantiers compacts.<\/p>\n","protected":false},"featured_media":2985,"template":"","meta":{"_acf_changed":false},"product_brand":[1417],"product_cat":[1374,1376],"product_tag":[],"class_list":{"0":"post-6054","1":"product","2":"type-product","3":"status-publish","4":"has-post-thumbnail","6":"product_brand-komatsu","7":"product_cat-machines-de-chantier","8":"product_cat-minipelles-chargeurs-et-dumpers","9":"pa_afmetingen-lxbxh-3200x1550x1960-mm-fr","10":"pa_gewicht-2530-kg-fr","11":"pa_inhoud-brandstoftank-53-l-fr","12":"pa_kiplast-1300-kg-fr","13":"pa_max-dumphoogte-2850-mm-fr","14":"pa_nom-werkcapaciteit-650-kg-fr","15":"pa_snelheid-16-km-u-fr","17":"first","18":"instock","19":"purchasable","20":"product-type-simple"},"acf":[],"_links":{"self":[{"href":"https:\/\/www.euromat.be\/fr\/wp-json\/wp\/v2\/product\/6054","targetHints":{"allow":["GET"]}}],"collection":[{"href":"https:\/\/www.euromat.be\/fr\/wp-json\/wp\/v2\/product"}],"about":[{"href":"https:\/\/www.euromat.be\/fr\/wp-json\/wp\/v2\/types\/product"}],"wp:featuredmedia":[{"embeddable":true,"href":"https:\/\/www.euromat.be\/fr\/wp-json\/wp\/v2\/media\/2985"}],"wp:attachment":[{"href":"https:\/\/www.euromat.be\/fr\/wp-json\/wp\/v2\/media?parent=6054"}],"wp:term":[{"taxonomy":"product_brand","embeddable":true,"href":"https:\/\/www.euromat.be\/fr\/wp-json\/wp\/v2\/product_brand?post=6054"},{"taxonomy":"product_cat","embeddable":true,"href":"https:\/\/www.euromat.be\/fr\/wp-json\/wp\/v2\/product_cat?post=6054"},{"taxonomy":"product_tag","embeddable":true,"href":"https:\/\/www.euromat.be\/fr\/wp-json\/wp\/v2\/product_tag?post=6054"}],"curies":[{"name":"wp","href":"https:\/\/api.w.org\/{rel}","templated":true}]}}