{"id":6055,"date":"2025-09-10T14:05:44","date_gmt":"2025-09-10T12:05:44","guid":{"rendered":"https:\/\/www.euromat.be\/product\/schranklader-op-rupsen-29-ton-bobcat-t450\/"},"modified":"2025-09-11T15:19:54","modified_gmt":"2025-09-11T13:19:54","slug":"chargeuse-compacte-sur-chenilles-29-tonnes-bobcat-t450","status":"publish","type":"product","link":"https:\/\/www.euromat.be\/fr\/produit\/chargeuse-compacte-sur-chenilles-29-tonnes-bobcat-t450\/","title":{"rendered":"Chargeuse compacte sur chenilles 2,9 tonnes &#8211; Bobcat T450"},"content":{"rendered":"<section class=\"l-section wpb_row height_auto\"><div class=\"l-section-h i-cf\"><div class=\"g-cols vc_row via_flex valign_top type_default stacking_default\"><div class=\"vc_col-sm-12 wpb_column vc_column_container\"><div class=\"vc_column-inner\"><div class=\"wpb_wrapper\"><div class=\"wpb_text_column\"><div class=\"wpb_wrapper\"><p><strong>Chargeuse compacte Bobcat 2.9 tonnes T450<\/strong><\/p>\n<p>Puissance compacte sur chenilles pour les terrains difficiles<\/p>\n<p>La chargeuse compacte sur chenilles Bobcat T450 associe des performances robustes \u00e0 une maniabilit\u00e9 exceptionnelle. Cette machine est dirig\u00e9e et propuls\u00e9e en la faisant \u00ab\u00a0\u00a0\u00bbglisser\u00a0\u00bb\u00a0\u00bb sur le sol. Cette direction unique rend la chargeuse compacte facile \u00e0 man\u0153uvrer dans les espaces restreints o\u00f9 un faible rayon de braquage est n\u00e9cessaire &#8211; id\u00e9al pour les chantiers urbains, les passages \u00e9troits ou les travaux en int\u00e9rieur.<\/p>\n<p><strong>Caract\u00e9ristiques principales :<\/strong><br \/>\n&#8211; Poids : 2961 kg &#8211; fonctionnement stable sur tous les terrains<br \/>\n&#8211; Capacit\u00e9 de charge nominale : 717 kg &#8211; convient aux travaux de charge moyenne<br \/>\n&#8211; Charge de basculement : 2049 kg &#8211; pour une s\u00e9curit\u00e9 \u00e9lev\u00e9e \u00e0 pleine charge<br \/>\n&#8211; Hauteur de d\u00e9versement maximale : 2781 mm &#8211; id\u00e9ale pour le d\u00e9versement dans des conteneurs ou des camions<br \/>\n&#8211; Dimensions (lxlxh) : 3216x1397x1976 mm &#8211; conception compacte et puissante<br \/>\n&#8211; Vitesse : 10,0 km\/h &#8211; rythme de travail r\u00e9gulier<br \/>\n&#8211; R\u00e9servoir de carburant : 64,9 litres &#8211; fonctionnement prolong\u00e9 sans interruption<br \/>\n&#8211; 8 heures de fonctionnement sont incluses dans le prix de location pour toutes les machines, les heures de fonctionnement suppl\u00e9mentaires sont factur\u00e9es en fonction de votre consommation.<\/p>\n<p><strong>Applications :<\/strong><br \/>\nLa Bobcat T450 est con\u00e7ue pour une utilisation efficace sur des surfaces rugueuses et boueuses gr\u00e2ce \u00e0 ses chenilles. Qu&rsquo;il s&rsquo;agisse de terrassement, de transport de mat\u00e9riaux ou de nivellement du sol, cette chargeuse compacte offre des performances optimales dans les conditions de travail les plus difficiles.<\/p>\n<p><strong>Pourquoi louer chez Euromat ?<\/strong><\/p>\n<p>\u2714\ufe0f Machines de qualit\u00e9 sup\u00e9rieure de la marque Bobcat<br \/>\n\u2714\ufe0f Adapt\u00e9es aux zones de travail \u00e9troites avec un espace de man\u0153uvre limit\u00e9<br \/>\n\u2714\ufe0f Formules de location flexibles et entretien parfait<br \/>\n\u2714\ufe0f Livraison rapide et assistance professionnelle<\/p>\n<\/div><\/div><\/div><\/div><\/div><\/div><\/div><\/section>\n","protected":false},"excerpt":{"rendered":"<p>Location d&rsquo;une chargeuse compacte Bobcat T450 ? 2,9 tonnes, 717 kg de capacit\u00e9 de travail et seulement 1,40 m de large. Chenilles pour des performances optimales sur les terrains accident\u00e9s et boueux. Comprend 8 heures de fonctionnement par jour. Id\u00e9ale pour le terrassement, le transport de mat\u00e9riaux et les travaux de nivellement dans des conditions de travail difficiles.<\/p>\n","protected":false},"featured_media":3001,"template":"","meta":{"_acf_changed":false},"product_brand":[1393],"product_cat":[1374,1376],"product_tag":[],"class_list":{"0":"post-6055","1":"product","2":"type-product","3":"status-publish","4":"has-post-thumbnail","6":"product_brand-bobcat","7":"product_cat-machines-de-chantier","8":"product_cat-minipelles-chargeurs-et-dumpers","9":"pa_afmetingen-lxbxh-3216x1397x1976-mm-fr","10":"pa_gewicht-2961-kg-fr","11":"pa_inhoud-brandstoftank-649-l-fr","12":"pa_kiplast-2049-kg-fr","13":"pa_max-dumphoogte-2781-mm-fr","14":"pa_nom-werkcapaciteit-717-kg-fr","15":"pa_snelheid-10-km-u-fr","17":"first","18":"instock","19":"purchasable","20":"product-type-simple"},"acf":[],"_links":{"self":[{"href":"https:\/\/www.euromat.be\/fr\/wp-json\/wp\/v2\/product\/6055","targetHints":{"allow":["GET"]}}],"collection":[{"href":"https:\/\/www.euromat.be\/fr\/wp-json\/wp\/v2\/product"}],"about":[{"href":"https:\/\/www.euromat.be\/fr\/wp-json\/wp\/v2\/types\/product"}],"wp:featuredmedia":[{"embeddable":true,"href":"https:\/\/www.euromat.be\/fr\/wp-json\/wp\/v2\/media\/3001"}],"wp:attachment":[{"href":"https:\/\/www.euromat.be\/fr\/wp-json\/wp\/v2\/media?parent=6055"}],"wp:term":[{"taxonomy":"product_brand","embeddable":true,"href":"https:\/\/www.euromat.be\/fr\/wp-json\/wp\/v2\/product_brand?post=6055"},{"taxonomy":"product_cat","embeddable":true,"href":"https:\/\/www.euromat.be\/fr\/wp-json\/wp\/v2\/product_cat?post=6055"},{"taxonomy":"product_tag","embeddable":true,"href":"https:\/\/www.euromat.be\/fr\/wp-json\/wp\/v2\/product_tag?post=6055"}],"curies":[{"name":"wp","href":"https:\/\/api.w.org\/{rel}","templated":true}]}}