{"id":6056,"date":"2025-09-10T14:05:44","date_gmt":"2025-09-10T12:05:44","guid":{"rendered":"https:\/\/www.euromat.be\/product\/schranklader-op-rupsen-34-ton-bobcat-t590\/"},"modified":"2025-09-11T15:18:01","modified_gmt":"2025-09-11T13:18:01","slug":"chargeuse-compacte-sur-chenilles-34-tonnes-bobcat-t590","status":"publish","type":"product","link":"https:\/\/www.euromat.be\/fr\/produit\/chargeuse-compacte-sur-chenilles-34-tonnes-bobcat-t590\/","title":{"rendered":"Chargeuse compacte sur chenilles 3,4 tonnes &#8211; Bobcat T590"},"content":{"rendered":"<section class=\"l-section wpb_row height_auto\"><div class=\"l-section-h i-cf\"><div class=\"g-cols vc_row via_flex valign_top type_default stacking_default\"><div class=\"vc_col-sm-12 wpb_column vc_column_container\"><div class=\"vc_column-inner\"><div class=\"wpb_wrapper\"><div class=\"wpb_text_column\"><div class=\"wpb_wrapper\"><p><strong>Bobcat Chargeuse compacte 3,4 tonnes T590<\/strong><\/p>\n<p>Chargeuse compacte puissante et maniable pour les surfaces rugueuses<\/p>\n<p>La chargeuse compacte sur chenilles Bobcat T590 est la solution pour ceux qui recherchent puissance et pr\u00e9cision dans des conditions de travail compactes. La machine est dirig\u00e9e et propuls\u00e9e en la faisant \u00ab\u00a0\u00a0\u00bbglisser\u00a0\u00bb\u00a0\u00bb sur le sol. Gr\u00e2ce \u00e0 cette direction unique, la chargeuse compacte est facile \u00e0 contr\u00f4ler dans les espaces confin\u00e9s o\u00f9 un faible rayon de braquage est n\u00e9cessaire &#8211; id\u00e9al pour les travaux en int\u00e9rieur ou les chantiers \u00e9troits.<\/p>\n<p><strong>Caract\u00e9ristiques principales :<\/strong><br \/>\n&#8211; Poids : 3400 kg &#8211; conception stable et puissante<br \/>\n&#8211; Capacit\u00e9 de travail nominale : 992 kg &#8211; pour les chargements lourds et les travaux d&rsquo;excavation<br \/>\n&#8211; Charge de basculement : 2834 kg &#8211; charge \u00e9lev\u00e9e avec une s\u00e9curit\u00e9 maximale<br \/>\n&#8211; Hauteur de d\u00e9versement maximale : 3023 mm &#8211; convient au chargement de conteneurs ou de camions de grande hauteur<br \/>\n&#8211; Dimensions (lxlxh) : 3378x1704x1972 mm &#8211; taille compacte avec de grandes performances<br \/>\n&#8211; Vitesse : 11,8 km\/h &#8211; rythme de travail souple et efficace<br \/>\n&#8211; R\u00e9servoir de carburant : 93,7 litres &#8211; longue dur\u00e9e d&rsquo;utilisation sans ravitaillement fr\u00e9quent<br \/>\n&#8211; 8 heures de fonctionnement sont incluses dans le prix de location pour toutes les machines, les heures de fonctionnement suppl\u00e9mentaires sont factur\u00e9es en fonction de votre consommation.<\/p>\n<p><strong>Applications :<\/strong><br \/>\nLa Bobcat T590 est parfaitement adapt\u00e9e aux travaux sur des terrains difficiles, tels que la boue, le sable ou les gravats. Gr\u00e2ce \u00e0 son puissant moteur, \u00e0 ses chenilles et \u00e0 sa hauteur de levage impressionnante, cette machine offre des performances optimales pour le terrassement, le nivellement et le d\u00e9placement de mat\u00e9riaux.<\/p>\n<p><strong>Pourquoi louer chez Euromat ?<\/strong><\/p>\n<p>\u2714\ufe0f Machines de haute qualit\u00e9 de la c\u00e9l\u00e8bre marque Bobcat<br \/>\n\u2714\ufe0f Chargeuse compacte maniable, id\u00e9ale pour les zones de travail \u00e9troites<br \/>\n\u2714\ufe0f Mat\u00e9riel parfaitement entretenu, pr\u00eat \u00e0 \u00eatre utilis\u00e9 imm\u00e9diatement<br \/>\n\u2714\ufe0f Des conditions de location flexibles et un service rapide<\/p>\n<\/div><\/div><\/div><\/div><\/div><\/div><\/div><\/section>\n","protected":false},"excerpt":{"rendered":"<p>Location d&rsquo;une chargeuse compacte Bobcat T590 ? 3,4 tonnes, 992 kg de capacit\u00e9 de travail et seulement 1,70 m de large. Sur chenilles pour des performances optimales sur les terrains boueux, sablonneux ou accident\u00e9s. Comprend 8 heures d&rsquo;utilisation par jour. Id\u00e9ale pour le terrassement, le nivellement et le transport de mat\u00e9riaux dans des conditions difficiles.<\/p>\n","protected":false},"featured_media":2995,"template":"","meta":{"_acf_changed":false},"product_brand":[1393],"product_cat":[3033,1374,1376],"product_tag":[],"class_list":{"0":"post-6056","1":"product","2":"type-product","3":"status-publish","4":"has-post-thumbnail","6":"product_brand-bobcat","7":"product_cat-chargeuses-compactes","8":"product_cat-machines-de-chantier","9":"product_cat-minipelles-chargeurs-et-dumpers","10":"pa_afmetingen-lxbxh-3378x1704x1972-mm-fr","11":"pa_gewicht-3400-kg-fr","12":"pa_inhoud-brandstoftank-937-l-fr","13":"pa_kiplast-2834-kg-fr","14":"pa_max-dumphoogte-3023-mm-fr","15":"pa_nom-werkcapaciteit-992-kg-fr","16":"pa_snelheid-118-km-u-fr","18":"first","19":"instock","20":"purchasable","21":"product-type-simple"},"acf":[],"_links":{"self":[{"href":"https:\/\/www.euromat.be\/fr\/wp-json\/wp\/v2\/product\/6056","targetHints":{"allow":["GET"]}}],"collection":[{"href":"https:\/\/www.euromat.be\/fr\/wp-json\/wp\/v2\/product"}],"about":[{"href":"https:\/\/www.euromat.be\/fr\/wp-json\/wp\/v2\/types\/product"}],"wp:featuredmedia":[{"embeddable":true,"href":"https:\/\/www.euromat.be\/fr\/wp-json\/wp\/v2\/media\/2995"}],"wp:attachment":[{"href":"https:\/\/www.euromat.be\/fr\/wp-json\/wp\/v2\/media?parent=6056"}],"wp:term":[{"taxonomy":"product_brand","embeddable":true,"href":"https:\/\/www.euromat.be\/fr\/wp-json\/wp\/v2\/product_brand?post=6056"},{"taxonomy":"product_cat","embeddable":true,"href":"https:\/\/www.euromat.be\/fr\/wp-json\/wp\/v2\/product_cat?post=6056"},{"taxonomy":"product_tag","embeddable":true,"href":"https:\/\/www.euromat.be\/fr\/wp-json\/wp\/v2\/product_tag?post=6056"}],"curies":[{"name":"wp","href":"https:\/\/api.w.org\/{rel}","templated":true}]}}