{"id":6057,"date":"2025-09-10T14:05:44","date_gmt":"2025-09-10T12:05:44","guid":{"rendered":"https:\/\/www.euromat.be\/product\/pelletvork-13-34-ton\/"},"modified":"2025-09-11T11:35:25","modified_gmt":"2025-09-11T09:35:25","slug":"fourches-13-34-tonnes","status":"publish","type":"product","link":"https:\/\/www.euromat.be\/fr\/produit\/fourches-13-34-tonnes\/","title":{"rendered":"Fourches 1,3-3,4 tonnes"},"content":{"rendered":"<section class=\"l-section wpb_row height_auto\"><div class=\"l-section-h i-cf\"><div class=\"g-cols vc_row via_flex valign_top type_default stacking_default\"><div class=\"vc_col-sm-12 wpb_column vc_column_container\"><div class=\"vc_column-inner\"><div class=\"wpb_wrapper\"><div class=\"wpb_text_column\"><div class=\"wpb_wrapper\"><p><strong>Fourche \u00e0 palettes Bobcat<\/strong><\/p>\n<p>D\u00e9placer efficacement les palettes et les mat\u00e9riaux avec un maximum de contr\u00f4le<\/p>\n<p>La fourche \u00e0 palettes Bobcat est un accessoire polyvalent qui s&rsquo;adapte parfaitement \u00e0 diverses machines Bobcat. Cette fourche \u00e0 palettes robuste est con\u00e7ue pour d\u00e9placer en toute s\u00e9curit\u00e9 et avec pr\u00e9cision des palettes, des big bags et d&rsquo;autres charges lourdes sur le site ou dans l&rsquo;entrep\u00f4t. Gr\u00e2ce \u00e0 sa facilit\u00e9 d&rsquo;accouplement et \u00e0 sa compatibilit\u00e9 avec les chargeuses compactes, les chargeuses sur chenilles et les chargeurs t\u00e9lescopiques Bobcat, cette fourche est un outil indispensable pour tout utilisateur professionnel.<\/p>\n<p><strong>Caract\u00e9ristiques principales :<\/strong><br \/>\n&#8211; Marque : Bobcat &#8211; qualit\u00e9 et durabilit\u00e9 fiables<br \/>\n&#8211; Conception robuste : convient \u00e0 une utilisation intensive sur terrain accident\u00e9<br \/>\n&#8211; Largeur de fourche r\u00e9glable : flexible pour diff\u00e9rents types de charge<br \/>\n&#8211; Accouplement rapide : facile \u00e0 connecter aux machines Bobcat<br \/>\n&#8211; Visibilit\u00e9 optimale : visibilit\u00e9 am\u00e9lior\u00e9e des extr\u00e9mit\u00e9s des fourches pour un positionnement pr\u00e9cis<br \/>\n&#8211; Poids : 1,3-3,4 tonnes<\/p>\n<p><strong>Applications :<\/strong><br \/>\nLe transpalette Bobcat est id\u00e9al pour les applications dans la construction, l&rsquo;agriculture, l&rsquo;industrie ou la logistique. Pensez au chargement et au d\u00e9chargement de mat\u00e9riaux, au transport de marchandises palettis\u00e9es ou \u00e0 la mise en place d&rsquo;\u00e9l\u00e9ments de construction.<\/p>\n<p><strong>Pourquoi louer chez Euromat ?<\/strong><\/p>\n<p>\u2714\ufe0f Attachement robuste de la marque Bobcat<br \/>\n\u2714\ufe0f Convient \u00e0 diverses machines Bobcat<br \/>\n\u2714\ufe0f Facile \u00e0 utiliser, m\u00eame dans les endroits exigus<br \/>\n\u2714\ufe0f Options de location flexibles et conseils professionnels<\/p>\n<\/div><\/div><\/div><\/div><\/div><\/div><\/div><\/section>\n","protected":false},"excerpt":{"rendered":"<p>Location de fourches \u00e0 palettes Bobcat ? Robuste, r\u00e9glable et adapt\u00e9e aux chargeuses compactes, chargeuses sur chenilles et chariots t\u00e9lescopiques Bobcat. Id\u00e9ale pour d\u00e9placer en toute s\u00e9curit\u00e9 et avec pr\u00e9cision les palettes, les big bags et les charges lourdes dans les cours, les entrep\u00f4ts ou les exploitations agricoles.<\/p>\n","protected":false},"featured_media":3011,"template":"","meta":{"_acf_changed":false},"product_brand":[],"product_cat":[1378,3044,1374],"product_tag":[],"class_list":{"0":"post-6057","1":"product","2":"type-product","3":"status-publish","4":"has-post-thumbnail","6":"product_cat-accessoires-machines-de-chantier","7":"product_cat-fourches","8":"product_cat-machines-de-chantier","9":"pa_gewicht-13-34-ton-fr","11":"first","12":"instock","13":"purchasable","14":"product-type-simple"},"acf":[],"_links":{"self":[{"href":"https:\/\/www.euromat.be\/fr\/wp-json\/wp\/v2\/product\/6057","targetHints":{"allow":["GET"]}}],"collection":[{"href":"https:\/\/www.euromat.be\/fr\/wp-json\/wp\/v2\/product"}],"about":[{"href":"https:\/\/www.euromat.be\/fr\/wp-json\/wp\/v2\/types\/product"}],"wp:featuredmedia":[{"embeddable":true,"href":"https:\/\/www.euromat.be\/fr\/wp-json\/wp\/v2\/media\/3011"}],"wp:attachment":[{"href":"https:\/\/www.euromat.be\/fr\/wp-json\/wp\/v2\/media?parent=6057"}],"wp:term":[{"taxonomy":"product_brand","embeddable":true,"href":"https:\/\/www.euromat.be\/fr\/wp-json\/wp\/v2\/product_brand?post=6057"},{"taxonomy":"product_cat","embeddable":true,"href":"https:\/\/www.euromat.be\/fr\/wp-json\/wp\/v2\/product_cat?post=6057"},{"taxonomy":"product_tag","embeddable":true,"href":"https:\/\/www.euromat.be\/fr\/wp-json\/wp\/v2\/product_tag?post=6057"}],"curies":[{"name":"wp","href":"https:\/\/api.w.org\/{rel}","templated":true}]}}