{"id":6058,"date":"2025-09-10T14:05:44","date_gmt":"2025-09-10T12:05:44","guid":{"rendered":"https:\/\/www.euromat.be\/product\/veegborstel-13-28-ton\/"},"modified":"2025-09-11T11:35:25","modified_gmt":"2025-09-11T09:35:25","slug":"balayeuse-13-28-tonnes","status":"publish","type":"product","link":"https:\/\/www.euromat.be\/fr\/produit\/balayeuse-13-28-tonnes\/","title":{"rendered":"Balayeuse 1,3-2,8 tonnes"},"content":{"rendered":"<section class=\"l-section wpb_row height_auto\"><div class=\"l-section-h i-cf\"><div class=\"g-cols vc_row via_flex valign_top type_default stacking_default\"><div class=\"vc_col-sm-12 wpb_column vc_column_container\"><div class=\"vc_column-inner\"><div class=\"wpb_wrapper\"><div class=\"wpb_text_column\"><div class=\"wpb_wrapper\"><p><strong>Balayeuse Bobcat 1,3-2,8 tonnes<\/strong><\/p>\n<p>Nettoyage rapide et efficace des chantiers et des surfaces pav\u00e9es<\/p>\n<p>La brosse de balayage Bobcat est un accessoire puissant et polyvalent con\u00e7u pour l&rsquo;\u00e9limination rapide de la salet\u00e9, de la poussi\u00e8re, du gravier et d&rsquo;autres mat\u00e9riaux en vrac. Compatible avec les chargeurs compacts, cette brosse de balayage est id\u00e9ale pour les travaux de nettoyage intensifs sur les chantiers, les locaux d&rsquo;entreprise ou les all\u00e9es.<\/p>\n<p>Pour une performance optimale, cette brosse de balayage est utilis\u00e9e de pr\u00e9f\u00e9rence en combinaison avec la chargeuse compacte Komatsu SK714-5, en raison de la r\u00e9partition id\u00e9ale de son poids pendant l&rsquo;utilisation.<\/p>\n<p><strong>Caract\u00e9ristiques principales :<\/strong><br \/>\n&#8211; Marque : Bobcat &#8211; qualit\u00e9 sup\u00e9rieure et performances fiables<br \/>\n&#8211; Convient aux machines de 1,3 \u00e0 2,8 tonnes<br \/>\n&#8211; Brosse puissante : \u00e9limine efficacement la salet\u00e9 et la poussi\u00e8re<br \/>\n&#8211; Entra\u00eenement hydraulique : pour une vitesse de rotation constante<br \/>\n&#8211; Poils durables : r\u00e9sistent aux conditions de travail difficiles<br \/>\n&#8211; Montage rapide et facile sur les chargeuses compactes Bobcat ou les mod\u00e8les compatibles.<\/p>\n<p><strong>Applications :<\/strong><br \/>\nLa brosse de balayage Bobcat est id\u00e9ale pour nettoyer les rues, les parkings, les sols commerciaux, les chantiers et les entrep\u00f4ts. Gr\u00e2ce \u00e0 sa maniabilit\u00e9 dans les espaces restreints, cet accessoire est parfait pour un nettoyage pr\u00e9cis.<\/p>\n<p><strong>Pourquoi louer chez Euromat ?<\/strong><\/p>\n<p>\u2714\ufe0f Accessoire de qualit\u00e9 Bobcat<br \/>\n\u2714\ufe0f Recommand\u00e9 en combinaison avec Komatsu SK714-5 pour une utilisation optimale<br \/>\n\u2714\ufe0f Parfait pour les machines de petite et moyenne taille<br \/>\n\u2714\ufe0f Pr\u00eat \u00e0 l&#8217;emploi et facile \u00e0 utiliser<br \/>\n\u2714\ufe0f Options de location flexibles et conseils professionnels<\/p>\n<\/div><\/div><\/div><\/div><\/div><\/div><\/div><\/section>\n","protected":false},"excerpt":{"rendered":"<p>Location d&rsquo;une balayeuse Bobcat ? Convient aux machines de 1,3 \u00e0 2,8 tonnes. Actionn\u00e9e hydrauliquement pour un nettoyage puissant et efficace des rues, des cours et des sites industriels. Recommand\u00e9e en combinaison avec la chargeuse compacte Komatsu SK714-5 pour des performances optimales.<\/p>\n","protected":false},"featured_media":3275,"template":"","meta":{"_acf_changed":false},"product_brand":[],"product_cat":[1378,3045,1374],"product_tag":[],"class_list":{"0":"post-6058","1":"product","2":"type-product","3":"status-publish","4":"has-post-thumbnail","6":"product_cat-accessoires-machines-de-chantier","7":"product_cat-balayeuses","8":"product_cat-machines-de-chantier","9":"pa_gewicht-13-28-ton-fr","11":"first","12":"instock","13":"purchasable","14":"product-type-simple"},"acf":[],"_links":{"self":[{"href":"https:\/\/www.euromat.be\/fr\/wp-json\/wp\/v2\/product\/6058","targetHints":{"allow":["GET"]}}],"collection":[{"href":"https:\/\/www.euromat.be\/fr\/wp-json\/wp\/v2\/product"}],"about":[{"href":"https:\/\/www.euromat.be\/fr\/wp-json\/wp\/v2\/types\/product"}],"wp:featuredmedia":[{"embeddable":true,"href":"https:\/\/www.euromat.be\/fr\/wp-json\/wp\/v2\/media\/3275"}],"wp:attachment":[{"href":"https:\/\/www.euromat.be\/fr\/wp-json\/wp\/v2\/media?parent=6058"}],"wp:term":[{"taxonomy":"product_brand","embeddable":true,"href":"https:\/\/www.euromat.be\/fr\/wp-json\/wp\/v2\/product_brand?post=6058"},{"taxonomy":"product_cat","embeddable":true,"href":"https:\/\/www.euromat.be\/fr\/wp-json\/wp\/v2\/product_cat?post=6058"},{"taxonomy":"product_tag","embeddable":true,"href":"https:\/\/www.euromat.be\/fr\/wp-json\/wp\/v2\/product_tag?post=6058"}],"curies":[{"name":"wp","href":"https:\/\/api.w.org\/{rel}","templated":true}]}}