{"id":6059,"date":"2025-09-10T14:05:44","date_gmt":"2025-09-10T12:05:44","guid":{"rendered":"https:\/\/www.euromat.be\/product\/industriegrijper-13-34-ton\/"},"modified":"2025-09-11T11:35:25","modified_gmt":"2025-09-11T09:35:25","slug":"grappin-industriel-13-34-tonnes","status":"publish","type":"product","link":"https:\/\/www.euromat.be\/fr\/produit\/grappin-industriel-13-34-tonnes\/","title":{"rendered":"Grappin industriel 1,3-3,4 tonnes"},"content":{"rendered":"<section class=\"l-section wpb_row height_auto\"><div class=\"l-section-h i-cf\"><div class=\"g-cols vc_row via_flex valign_top type_default stacking_default\"><div class=\"vc_col-sm-12 wpb_column vc_column_container\"><div class=\"vc_column-inner\"><div class=\"wpb_wrapper\"><div class=\"wpb_text_column\"><div class=\"wpb_wrapper\"><p>Le grappin industriel convient aux excavatrices pesant entre 1,3 et 3,4 tonnes. Ce grappin robuste est con\u00e7u pour ramasser, trier et d\u00e9placer efficacement divers mat\u00e9riaux tels que le bois, le m\u00e9tal, les gravats et les d\u00e9chets de construction. Gr\u00e2ce \u00e0 sa construction solide et \u00e0 son fonctionnement hydraulique fiable, il offre des performances \u00e9lev\u00e9es et une grande polyvalence dans les applications industrielles et les travaux de d\u00e9molition.<\/p>\n<\/div><\/div><\/div><\/div><\/div><\/div><\/div><\/section>\n","protected":false},"excerpt":{"rendered":"<p>Grappin industriel compact pour pelles de 1,3 \u00e0 3,4 tonnes, id\u00e9al pour saisir et d\u00e9placer divers mat\u00e9riaux.<\/p>\n","protected":false},"featured_media":2993,"template":"","meta":{"_acf_changed":false},"product_brand":[],"product_cat":[1378,3041,1374],"product_tag":[],"class_list":{"0":"post-6059","1":"product","2":"type-product","3":"status-publish","4":"has-post-thumbnail","6":"product_cat-accessoires-machines-de-chantier","7":"product_cat-grappins-industriels","8":"product_cat-machines-de-chantier","9":"pa_gewicht-13-34-ton-fr","11":"first","12":"instock","13":"purchasable","14":"product-type-simple"},"acf":[],"_links":{"self":[{"href":"https:\/\/www.euromat.be\/fr\/wp-json\/wp\/v2\/product\/6059","targetHints":{"allow":["GET"]}}],"collection":[{"href":"https:\/\/www.euromat.be\/fr\/wp-json\/wp\/v2\/product"}],"about":[{"href":"https:\/\/www.euromat.be\/fr\/wp-json\/wp\/v2\/types\/product"}],"wp:featuredmedia":[{"embeddable":true,"href":"https:\/\/www.euromat.be\/fr\/wp-json\/wp\/v2\/media\/2993"}],"wp:attachment":[{"href":"https:\/\/www.euromat.be\/fr\/wp-json\/wp\/v2\/media?parent=6059"}],"wp:term":[{"taxonomy":"product_brand","embeddable":true,"href":"https:\/\/www.euromat.be\/fr\/wp-json\/wp\/v2\/product_brand?post=6059"},{"taxonomy":"product_cat","embeddable":true,"href":"https:\/\/www.euromat.be\/fr\/wp-json\/wp\/v2\/product_cat?post=6059"},{"taxonomy":"product_tag","embeddable":true,"href":"https:\/\/www.euromat.be\/fr\/wp-json\/wp\/v2\/product_tag?post=6059"}],"curies":[{"name":"wp","href":"https:\/\/api.w.org\/{rel}","templated":true}]}}